{"id":10057,"date":"2022-09-16T12:28:10","date_gmt":"2022-09-16T16:28:10","guid":{"rendered":"https:\/\/www.braintumour.ca\/a-propos\/board\/"},"modified":"2024-06-12T09:18:07","modified_gmt":"2024-06-12T13:18:07","slug":"board","status":"publish","type":"page","link":"https:\/\/www.braintumour.ca\/fr\/a-propos\/board\/","title":{"rendered":"Conseil d&rsquo;administration"},"content":{"rendered":"<h3>2024 &#8211; 2025<\/h3>\n<p>Le conseil d&rsquo;administration est investi de la responsabilit\u00e9 de mener \u00e0 bien la mission de la Fondation canadienne des tumeurs c\u00e9r\u00e9brales et de superviser sa gestion et sa direction. Le conseil est responsable de la planification et des d\u00e9cisions strat\u00e9giques, de la stabilit\u00e9 financi\u00e8re, de la s\u00e9lection et de l&rsquo;\u00e9valuation de la directrice g\u00e9n\u00e9rale ainsi que de l&rsquo;\u00e9valuation et de la v\u00e9rification du travail de la Fondation canadienne des tumeurs c\u00e9r\u00e9brales. Le r\u00f4le principal d&rsquo;un administrateur est de servir les int\u00e9r\u00eats fondamentaux de la Fondation canadienne des tumeurs c\u00e9r\u00e9brales.<\/p>\n","protected":false},"excerpt":{"rendered":"<p>2024 &#8211; 2025 Le conseil d&rsquo;administration est investi de la responsabilit\u00e9 de mener \u00e0 bien la mission de la Fondation [&hellip;]<\/p>\n","protected":false},"author":4,"featured_media":8067,"parent":2279,"menu_order":2,"comment_status":"closed","ping_status":"closed","template":"","meta":{"_acf_changed":false,"footnotes":""},"user_type":[],"class_list":["post-10057","page","type-page","status-publish","has-post-thumbnail","hentry"],"acf":[],"yoast_head":"<!-- This site is optimized with the Yoast SEO Premium plugin v27.0 (Yoast SEO v27.0) - https:\/\/yoast.com\/product\/yoast-seo-premium-wordpress\/ -->\n<title>Conseil d&#039;administration - Fondation canadienne des tumeurs c\u00e9r\u00e9brales<\/title>\n<meta name=\"robots\" content=\"index, follow, max-snippet:-1, max-image-preview:large, max-video-preview:-1\" \/>\n<link rel=\"canonical\" href=\"https:\/\/www.braintumour.ca\/fr\/a-propos\/board\/\" \/>\n<meta property=\"og:locale\" content=\"fr_CA\" \/>\n<meta property=\"og:type\" content=\"article\" \/>\n<meta property=\"og:title\" content=\"Conseil d&#039;administration\" \/>\n<meta property=\"og:description\" content=\"2024 &#8211; 2025 Le conseil d&rsquo;administration est investi de la responsabilit\u00e9 de mener \u00e0 bien la mission de la Fondation [&hellip;]\" \/>\n<meta property=\"og:url\" content=\"https:\/\/www.braintumour.ca\/fr\/a-propos\/board\/\" \/>\n<meta property=\"og:site_name\" content=\"Fondation canadienne des tumeurs c\u00e9r\u00e9brales\" \/>\n<meta property=\"article:modified_time\" content=\"2024-06-12T13:18:07+00:00\" \/>\n<meta property=\"og:image\" content=\"https:\/\/www.braintumour.ca\/wp-content\/uploads\/2021\/09\/BTFC-Screen-Res-RGB-Blue-Orange-Logo-Square-Transparent-PRIMARY.png\" \/>\n\t<meta property=\"og:image:width\" content=\"612\" \/>\n\t<meta property=\"og:image:height\" content=\"612\" \/>\n\t<meta property=\"og:image:type\" content=\"image\/png\" \/>\n<meta name=\"twitter:card\" content=\"summary_large_image\" \/>\n<meta name=\"twitter:label1\" content=\"Estimation du temps de lecture\" \/>\n\t<meta name=\"twitter:data1\" content=\"12 minutes\" \/>\n<script type=\"application\/ld+json\" class=\"yoast-schema-graph\">{\"@context\":\"https:\/\/schema.org\",\"@graph\":[{\"@type\":\"WebPage\",\"@id\":\"https:\/\/www.braintumour.ca\/fr\/a-propos\/board\/\",\"url\":\"https:\/\/www.braintumour.ca\/fr\/a-propos\/board\/\",\"name\":\"Conseil d'administration - Fondation canadienne des tumeurs c\u00e9r\u00e9brales\",\"isPartOf\":{\"@id\":\"https:\/\/www.braintumour.ca\/fr\/#website\"},\"primaryImageOfPage\":{\"@id\":\"https:\/\/www.braintumour.ca\/fr\/a-propos\/board\/#primaryimage\"},\"image\":{\"@id\":\"https:\/\/www.braintumour.ca\/fr\/a-propos\/board\/#primaryimage\"},\"thumbnailUrl\":\"https:\/\/www.braintumour.ca\/wp-content\/uploads\/2021\/09\/BTFC-Screen-Res-RGB-Blue-Orange-Logo-Square-Transparent-PRIMARY.png\",\"datePublished\":\"2022-09-16T16:28:10+00:00\",\"dateModified\":\"2024-06-12T13:18:07+00:00\",\"breadcrumb\":{\"@id\":\"https:\/\/www.braintumour.ca\/fr\/a-propos\/board\/#breadcrumb\"},\"inLanguage\":\"fr-CA\",\"potentialAction\":[{\"@type\":\"ReadAction\",\"target\":[\"https:\/\/www.braintumour.ca\/fr\/a-propos\/board\/\"]}]},{\"@type\":\"ImageObject\",\"inLanguage\":\"fr-CA\",\"@id\":\"https:\/\/www.braintumour.ca\/fr\/a-propos\/board\/#primaryimage\",\"url\":\"https:\/\/www.braintumour.ca\/wp-content\/uploads\/2021\/09\/BTFC-Screen-Res-RGB-Blue-Orange-Logo-Square-Transparent-PRIMARY.png\",\"contentUrl\":\"https:\/\/www.braintumour.ca\/wp-content\/uploads\/2021\/09\/BTFC-Screen-Res-RGB-Blue-Orange-Logo-Square-Transparent-PRIMARY.png\",\"width\":612,\"height\":612},{\"@type\":\"BreadcrumbList\",\"@id\":\"https:\/\/www.braintumour.ca\/fr\/a-propos\/board\/#breadcrumb\",\"itemListElement\":[{\"@type\":\"ListItem\",\"position\":1,\"name\":\"Home\",\"item\":\"https:\/\/www.braintumour.ca\/fr\/\"},{\"@type\":\"ListItem\",\"position\":2,\"name\":\"\u00c0 propos\",\"item\":\"https:\/\/www.braintumour.ca\/fr\/a-propos\/\"},{\"@type\":\"ListItem\",\"position\":3,\"name\":\"Conseil d&#8217;administration\"}]},{\"@type\":\"WebSite\",\"@id\":\"https:\/\/www.braintumour.ca\/fr\/#website\",\"url\":\"https:\/\/www.braintumour.ca\/fr\/\",\"name\":\"Fondation canadienne des tumeurs c\u00e9r\u00e9brales\",\"description\":\"Notre mission est de venir en aide \u00e0 toutes les personnes touch\u00e9es par une tumeur c\u00e9r\u00e9brale au Canada par le biais de nos programmes d\u2019information, de soutien, d\u2019\u00e9ducation et de recherche.\",\"potentialAction\":[{\"@type\":\"SearchAction\",\"target\":{\"@type\":\"EntryPoint\",\"urlTemplate\":\"https:\/\/www.braintumour.ca\/fr\/?s={search_term_string}\"},\"query-input\":{\"@type\":\"PropertyValueSpecification\",\"valueRequired\":true,\"valueName\":\"search_term_string\"}}],\"inLanguage\":\"fr-CA\"}]}<\/script>\n<!-- \/ Yoast SEO Premium plugin. -->","yoast_head_json":{"title":"Conseil d'administration - Fondation canadienne des tumeurs c\u00e9r\u00e9brales","robots":{"index":"index","follow":"follow","max-snippet":"max-snippet:-1","max-image-preview":"max-image-preview:large","max-video-preview":"max-video-preview:-1"},"canonical":"https:\/\/www.braintumour.ca\/fr\/a-propos\/board\/","og_locale":"fr_CA","og_type":"article","og_title":"Conseil d'administration","og_description":"2024 &#8211; 2025 Le conseil d&rsquo;administration est investi de la responsabilit\u00e9 de mener \u00e0 bien la mission de la Fondation [&hellip;]","og_url":"https:\/\/www.braintumour.ca\/fr\/a-propos\/board\/","og_site_name":"Fondation canadienne des tumeurs c\u00e9r\u00e9brales","article_modified_time":"2024-06-12T13:18:07+00:00","og_image":[{"width":612,"height":612,"url":"https:\/\/www.braintumour.ca\/wp-content\/uploads\/2021\/09\/BTFC-Screen-Res-RGB-Blue-Orange-Logo-Square-Transparent-PRIMARY.png","type":"image\/png"}],"twitter_card":"summary_large_image","twitter_misc":{"Estimation du temps de lecture":"12 minutes"},"schema":{"@context":"https:\/\/schema.org","@graph":[{"@type":"WebPage","@id":"https:\/\/www.braintumour.ca\/fr\/a-propos\/board\/","url":"https:\/\/www.braintumour.ca\/fr\/a-propos\/board\/","name":"Conseil d'administration - Fondation canadienne des tumeurs c\u00e9r\u00e9brales","isPartOf":{"@id":"https:\/\/www.braintumour.ca\/fr\/#website"},"primaryImageOfPage":{"@id":"https:\/\/www.braintumour.ca\/fr\/a-propos\/board\/#primaryimage"},"image":{"@id":"https:\/\/www.braintumour.ca\/fr\/a-propos\/board\/#primaryimage"},"thumbnailUrl":"https:\/\/www.braintumour.ca\/wp-content\/uploads\/2021\/09\/BTFC-Screen-Res-RGB-Blue-Orange-Logo-Square-Transparent-PRIMARY.png","datePublished":"2022-09-16T16:28:10+00:00","dateModified":"2024-06-12T13:18:07+00:00","breadcrumb":{"@id":"https:\/\/www.braintumour.ca\/fr\/a-propos\/board\/#breadcrumb"},"inLanguage":"fr-CA","potentialAction":[{"@type":"ReadAction","target":["https:\/\/www.braintumour.ca\/fr\/a-propos\/board\/"]}]},{"@type":"ImageObject","inLanguage":"fr-CA","@id":"https:\/\/www.braintumour.ca\/fr\/a-propos\/board\/#primaryimage","url":"https:\/\/www.braintumour.ca\/wp-content\/uploads\/2021\/09\/BTFC-Screen-Res-RGB-Blue-Orange-Logo-Square-Transparent-PRIMARY.png","contentUrl":"https:\/\/www.braintumour.ca\/wp-content\/uploads\/2021\/09\/BTFC-Screen-Res-RGB-Blue-Orange-Logo-Square-Transparent-PRIMARY.png","width":612,"height":612},{"@type":"BreadcrumbList","@id":"https:\/\/www.braintumour.ca\/fr\/a-propos\/board\/#breadcrumb","itemListElement":[{"@type":"ListItem","position":1,"name":"Home","item":"https:\/\/www.braintumour.ca\/fr\/"},{"@type":"ListItem","position":2,"name":"\u00c0 propos","item":"https:\/\/www.braintumour.ca\/fr\/a-propos\/"},{"@type":"ListItem","position":3,"name":"Conseil d&#8217;administration"}]},{"@type":"WebSite","@id":"https:\/\/www.braintumour.ca\/fr\/#website","url":"https:\/\/www.braintumour.ca\/fr\/","name":"Fondation canadienne des tumeurs c\u00e9r\u00e9brales","description":"Notre mission est de venir en aide \u00e0 toutes les personnes touch\u00e9es par une tumeur c\u00e9r\u00e9brale au Canada par le biais de nos programmes d\u2019information, de soutien, d\u2019\u00e9ducation et de recherche.","potentialAction":[{"@type":"SearchAction","target":{"@type":"EntryPoint","urlTemplate":"https:\/\/www.braintumour.ca\/fr\/?s={search_term_string}"},"query-input":{"@type":"PropertyValueSpecification","valueRequired":true,"valueName":"search_term_string"}}],"inLanguage":"fr-CA"}]}},"_links":{"self":[{"href":"https:\/\/www.braintumour.ca\/fr\/wp-json\/wp\/v2\/pages\/10057","targetHints":{"allow":["GET"]}}],"collection":[{"href":"https:\/\/www.braintumour.ca\/fr\/wp-json\/wp\/v2\/pages"}],"about":[{"href":"https:\/\/www.braintumour.ca\/fr\/wp-json\/wp\/v2\/types\/page"}],"author":[{"embeddable":true,"href":"https:\/\/www.braintumour.ca\/fr\/wp-json\/wp\/v2\/users\/4"}],"replies":[{"embeddable":true,"href":"https:\/\/www.braintumour.ca\/fr\/wp-json\/wp\/v2\/comments?post=10057"}],"version-history":[{"count":0,"href":"https:\/\/www.braintumour.ca\/fr\/wp-json\/wp\/v2\/pages\/10057\/revisions"}],"up":[{"embeddable":true,"href":"https:\/\/www.braintumour.ca\/fr\/wp-json\/wp\/v2\/pages\/2279"}],"wp:featuredmedia":[{"embeddable":true,"href":"https:\/\/www.braintumour.ca\/fr\/wp-json\/wp\/v2\/media\/8067"}],"wp:attachment":[{"href":"https:\/\/www.braintumour.ca\/fr\/wp-json\/wp\/v2\/media?parent=10057"}],"wp:term":[{"taxonomy":"user_type","embeddable":true,"href":"https:\/\/www.braintumour.ca\/fr\/wp-json\/wp\/v2\/user_type?post=10057"}],"curies":[{"name":"wp","href":"https:\/\/api.w.org\/{rel}","templated":true}]}}