{"id":10210,"date":"2022-09-16T12:20:18","date_gmt":"2022-09-16T16:20:18","guid":{"rendered":"https:\/\/www.braintumour.ca\/your-impact\/"},"modified":"2024-07-23T12:53:54","modified_gmt":"2024-07-23T16:53:54","slug":"votre-impact","status":"publish","type":"page","link":"https:\/\/www.braintumour.ca\/fr\/votre-impact\/","title":{"rendered":"Votre Impact"},"content":{"rendered":"<p>D\u00e9couvrez tous les progr\u00e8s r\u00e9alis\u00e9s par notre communaut\u00e9 afin d\u2019aider les 55 000 Canadiens vivant avec une tumeur c\u00e9r\u00e9brale dans notre Rapport d\u2019impact annuel <em>Espoir en Action<\/em>. Vous y trouverez une panoplie d\u2019informations et de statistiques sur :<\/p>\n<ul>\n<li>Les patients et les familles dont la vie s\u2019am\u00e9liore gr\u00e2ce aux donateurs, aux b\u00e9n\u00e9voles et aux autres membres de la communaut\u00e9<\/li>\n<li>L\u2019histoire de donateurs dont l\u2019engagement apporte de l&rsquo;espoir \u00e0 toute la communaut\u00e9 des tumeurs c\u00e9r\u00e9brales<\/li>\n<li>Les finances de la fondation<\/li>\n<\/ul>\n","protected":false},"excerpt":{"rendered":"<p>D\u00e9couvrez tous les progr\u00e8s r\u00e9alis\u00e9s par notre communaut\u00e9 afin d\u2019aider les 55 000 Canadiens vivant avec une tumeur c\u00e9r\u00e9brale dans [&hellip;]<\/p>\n","protected":false},"author":4,"featured_media":8572,"parent":0,"menu_order":0,"comment_status":"closed","ping_status":"closed","template":"","meta":{"_acf_changed":false,"footnotes":""},"user_type":[133,132,137,136,134,135],"class_list":["post-10210","page","type-page","status-publish","has-post-thumbnail","hentry","user_type-patient-fr","user_type-proche-aidant","user_type-benevole","user_type-donateur","user_type-chercheur","user_type-professionnel-de-la-sante"],"acf":[],"yoast_head":"<!-- This site is optimized with the Yoast SEO Premium plugin v27.0 (Yoast SEO v27.0) - https:\/\/yoast.com\/product\/yoast-seo-premium-wordpress\/ -->\n<title>Votre Impact - Fondation canadienne des tumeurs c\u00e9r\u00e9brales<\/title>\n<meta name=\"description\" content=\"Learn about all of the strides being made to support the 55,000 Canadians living with a brain tumour by reading the annual reports, found here.\" \/>\n<meta name=\"robots\" content=\"index, follow, max-snippet:-1, max-image-preview:large, max-video-preview:-1\" \/>\n<link rel=\"canonical\" href=\"https:\/\/www.braintumour.ca\/fr\/votre-impact\/\" \/>\n<meta property=\"og:locale\" content=\"fr_CA\" \/>\n<meta property=\"og:type\" content=\"article\" \/>\n<meta property=\"og:title\" content=\"Votre Impact\" \/>\n<meta property=\"og:description\" content=\"Learn about all of the strides being made to support the 55,000 Canadians living with a brain tumour by reading the annual reports, found here.\" \/>\n<meta property=\"og:url\" content=\"https:\/\/www.braintumour.ca\/fr\/votre-impact\/\" \/>\n<meta property=\"og:site_name\" content=\"Fondation canadienne des tumeurs c\u00e9r\u00e9brales\" \/>\n<meta property=\"article:modified_time\" content=\"2024-07-23T16:53:54+00:00\" \/>\n<meta property=\"og:image\" content=\"https:\/\/www.braintumour.ca\/wp-content\/uploads\/2022\/02\/New-About-Us-Banner.png\" \/>\n\t<meta property=\"og:image:width\" content=\"2000\" \/>\n\t<meta property=\"og:image:height\" content=\"661\" \/>\n\t<meta property=\"og:image:type\" content=\"image\/png\" \/>\n<meta name=\"twitter:card\" content=\"summary_large_image\" \/>\n<meta name=\"twitter:label1\" content=\"Estimation du temps de lecture\" \/>\n\t<meta name=\"twitter:data1\" content=\"4 minutes\" \/>\n<script type=\"application\/ld+json\" class=\"yoast-schema-graph\">{\"@context\":\"https:\/\/schema.org\",\"@graph\":[{\"@type\":\"WebPage\",\"@id\":\"https:\/\/www.braintumour.ca\/fr\/votre-impact\/\",\"url\":\"https:\/\/www.braintumour.ca\/fr\/votre-impact\/\",\"name\":\"Votre Impact - Fondation canadienne des tumeurs c\u00e9r\u00e9brales\",\"isPartOf\":{\"@id\":\"https:\/\/www.braintumour.ca\/fr\/#website\"},\"primaryImageOfPage\":{\"@id\":\"https:\/\/www.braintumour.ca\/fr\/votre-impact\/#primaryimage\"},\"image\":{\"@id\":\"https:\/\/www.braintumour.ca\/fr\/votre-impact\/#primaryimage\"},\"thumbnailUrl\":\"https:\/\/www.braintumour.ca\/wp-content\/uploads\/2022\/02\/New-About-Us-Banner.png\",\"datePublished\":\"2022-09-16T16:20:18+00:00\",\"dateModified\":\"2024-07-23T16:53:54+00:00\",\"description\":\"Learn about all of the strides being made to support the 55,000 Canadians living with a brain tumour by reading the annual reports, found here.\",\"breadcrumb\":{\"@id\":\"https:\/\/www.braintumour.ca\/fr\/votre-impact\/#breadcrumb\"},\"inLanguage\":\"fr-CA\",\"potentialAction\":[{\"@type\":\"ReadAction\",\"target\":[\"https:\/\/www.braintumour.ca\/fr\/votre-impact\/\"]}]},{\"@type\":\"ImageObject\",\"inLanguage\":\"fr-CA\",\"@id\":\"https:\/\/www.braintumour.ca\/fr\/votre-impact\/#primaryimage\",\"url\":\"https:\/\/www.braintumour.ca\/wp-content\/uploads\/2022\/02\/New-About-Us-Banner.png\",\"contentUrl\":\"https:\/\/www.braintumour.ca\/wp-content\/uploads\/2022\/02\/New-About-Us-Banner.png\",\"width\":2000,\"height\":661},{\"@type\":\"BreadcrumbList\",\"@id\":\"https:\/\/www.braintumour.ca\/fr\/votre-impact\/#breadcrumb\",\"itemListElement\":[{\"@type\":\"ListItem\",\"position\":1,\"name\":\"Home\",\"item\":\"https:\/\/www.braintumour.ca\/fr\/\"},{\"@type\":\"ListItem\",\"position\":2,\"name\":\"Votre Impact\"}]},{\"@type\":\"WebSite\",\"@id\":\"https:\/\/www.braintumour.ca\/fr\/#website\",\"url\":\"https:\/\/www.braintumour.ca\/fr\/\",\"name\":\"Fondation canadienne des tumeurs c\u00e9r\u00e9brales\",\"description\":\"Notre mission est de venir en aide \u00e0 toutes les personnes touch\u00e9es par une tumeur c\u00e9r\u00e9brale au Canada par le biais de nos programmes d\u2019information, de soutien, d\u2019\u00e9ducation et de recherche.\",\"potentialAction\":[{\"@type\":\"SearchAction\",\"target\":{\"@type\":\"EntryPoint\",\"urlTemplate\":\"https:\/\/www.braintumour.ca\/fr\/?s={search_term_string}\"},\"query-input\":{\"@type\":\"PropertyValueSpecification\",\"valueRequired\":true,\"valueName\":\"search_term_string\"}}],\"inLanguage\":\"fr-CA\"}]}<\/script>\n<!-- \/ Yoast SEO Premium plugin. -->","yoast_head_json":{"title":"Votre Impact - Fondation canadienne des tumeurs c\u00e9r\u00e9brales","description":"Learn about all of the strides being made to support the 55,000 Canadians living with a brain tumour by reading the annual reports, found here.","robots":{"index":"index","follow":"follow","max-snippet":"max-snippet:-1","max-image-preview":"max-image-preview:large","max-video-preview":"max-video-preview:-1"},"canonical":"https:\/\/www.braintumour.ca\/fr\/votre-impact\/","og_locale":"fr_CA","og_type":"article","og_title":"Votre Impact","og_description":"Learn about all of the strides being made to support the 55,000 Canadians living with a brain tumour by reading the annual reports, found here.","og_url":"https:\/\/www.braintumour.ca\/fr\/votre-impact\/","og_site_name":"Fondation canadienne des tumeurs c\u00e9r\u00e9brales","article_modified_time":"2024-07-23T16:53:54+00:00","og_image":[{"width":2000,"height":661,"url":"https:\/\/www.braintumour.ca\/wp-content\/uploads\/2022\/02\/New-About-Us-Banner.png","type":"image\/png"}],"twitter_card":"summary_large_image","twitter_misc":{"Estimation du temps de lecture":"4 minutes"},"schema":{"@context":"https:\/\/schema.org","@graph":[{"@type":"WebPage","@id":"https:\/\/www.braintumour.ca\/fr\/votre-impact\/","url":"https:\/\/www.braintumour.ca\/fr\/votre-impact\/","name":"Votre Impact - Fondation canadienne des tumeurs c\u00e9r\u00e9brales","isPartOf":{"@id":"https:\/\/www.braintumour.ca\/fr\/#website"},"primaryImageOfPage":{"@id":"https:\/\/www.braintumour.ca\/fr\/votre-impact\/#primaryimage"},"image":{"@id":"https:\/\/www.braintumour.ca\/fr\/votre-impact\/#primaryimage"},"thumbnailUrl":"https:\/\/www.braintumour.ca\/wp-content\/uploads\/2022\/02\/New-About-Us-Banner.png","datePublished":"2022-09-16T16:20:18+00:00","dateModified":"2024-07-23T16:53:54+00:00","description":"Learn about all of the strides being made to support the 55,000 Canadians living with a brain tumour by reading the annual reports, found here.","breadcrumb":{"@id":"https:\/\/www.braintumour.ca\/fr\/votre-impact\/#breadcrumb"},"inLanguage":"fr-CA","potentialAction":[{"@type":"ReadAction","target":["https:\/\/www.braintumour.ca\/fr\/votre-impact\/"]}]},{"@type":"ImageObject","inLanguage":"fr-CA","@id":"https:\/\/www.braintumour.ca\/fr\/votre-impact\/#primaryimage","url":"https:\/\/www.braintumour.ca\/wp-content\/uploads\/2022\/02\/New-About-Us-Banner.png","contentUrl":"https:\/\/www.braintumour.ca\/wp-content\/uploads\/2022\/02\/New-About-Us-Banner.png","width":2000,"height":661},{"@type":"BreadcrumbList","@id":"https:\/\/www.braintumour.ca\/fr\/votre-impact\/#breadcrumb","itemListElement":[{"@type":"ListItem","position":1,"name":"Home","item":"https:\/\/www.braintumour.ca\/fr\/"},{"@type":"ListItem","position":2,"name":"Votre Impact"}]},{"@type":"WebSite","@id":"https:\/\/www.braintumour.ca\/fr\/#website","url":"https:\/\/www.braintumour.ca\/fr\/","name":"Fondation canadienne des tumeurs c\u00e9r\u00e9brales","description":"Notre mission est de venir en aide \u00e0 toutes les personnes touch\u00e9es par une tumeur c\u00e9r\u00e9brale au Canada par le biais de nos programmes d\u2019information, de soutien, d\u2019\u00e9ducation et de recherche.","potentialAction":[{"@type":"SearchAction","target":{"@type":"EntryPoint","urlTemplate":"https:\/\/www.braintumour.ca\/fr\/?s={search_term_string}"},"query-input":{"@type":"PropertyValueSpecification","valueRequired":true,"valueName":"search_term_string"}}],"inLanguage":"fr-CA"}]}},"_links":{"self":[{"href":"https:\/\/www.braintumour.ca\/fr\/wp-json\/wp\/v2\/pages\/10210","targetHints":{"allow":["GET"]}}],"collection":[{"href":"https:\/\/www.braintumour.ca\/fr\/wp-json\/wp\/v2\/pages"}],"about":[{"href":"https:\/\/www.braintumour.ca\/fr\/wp-json\/wp\/v2\/types\/page"}],"author":[{"embeddable":true,"href":"https:\/\/www.braintumour.ca\/fr\/wp-json\/wp\/v2\/users\/4"}],"replies":[{"embeddable":true,"href":"https:\/\/www.braintumour.ca\/fr\/wp-json\/wp\/v2\/comments?post=10210"}],"version-history":[{"count":0,"href":"https:\/\/www.braintumour.ca\/fr\/wp-json\/wp\/v2\/pages\/10210\/revisions"}],"wp:featuredmedia":[{"embeddable":true,"href":"https:\/\/www.braintumour.ca\/fr\/wp-json\/wp\/v2\/media\/8572"}],"wp:attachment":[{"href":"https:\/\/www.braintumour.ca\/fr\/wp-json\/wp\/v2\/media?parent=10210"}],"wp:term":[{"taxonomy":"user_type","embeddable":true,"href":"https:\/\/www.braintumour.ca\/fr\/wp-json\/wp\/v2\/user_type?post=10210"}],"curies":[{"name":"wp","href":"https:\/\/api.w.org\/{rel}","templated":true}]}}