{"id":10857,"date":"2023-02-21T10:25:40","date_gmt":"2023-02-21T15:25:40","guid":{"rendered":"https:\/\/www.braintumour.ca\/relationships\/"},"modified":"2023-03-03T06:56:40","modified_gmt":"2023-03-03T11:56:40","slug":"relationships","status":"publish","type":"page","link":"https:\/\/www.braintumour.ca\/fr\/faire-face-a-une-tumeur-cerebrale\/young-adult\/relationships\/","title":{"rendered":"Relations"},"content":{"rendered":"<p>En tant que jeune adulte ayant re\u00e7u un diagnostic de tumeur c\u00e9r\u00e9brale, vous pouvez \u00e9prouver de la difficult\u00e9 \u00e0 entretenir des relations interpersonnelles ou \u00e0 en nouer de nouvelles. Les jeunes adultes touch\u00e9s par une tumeur c\u00e9r\u00e9brale font face \u00e0 des d\u00e9fis particuliers et peuvent ressentir une amplification des sympt\u00f4mes li\u00e9s \u00e0 la d\u00e9pression, \u00e0 l&rsquo;anxi\u00e9t\u00e9, au stress psychologique et \u00e0 l&rsquo;isolement social. C&rsquo;est pourquoi la Fondation canadienne des tumeurs c\u00e9r\u00e9brales offre des programmes uniques tels que des \u00e9v\u00e9nements et des retraites pour jeunes adultes, afin de cr\u00e9er des occasions de rencontrer d&rsquo;autres personnes qui partagent des exp\u00e9riences similaires, ainsi que de nouer des liens significatifs qui favorisent le d\u00e9veloppement de nouvelles amiti\u00e9s, tout en am\u00e9liorant l&rsquo;estime de soi, le sentiment d&rsquo;efficacit\u00e9 personnelle et le bien-\u00eatre psychologique.<\/p>\n<p>Alors que vous faites face aux nouveaux d\u00e9fis inh\u00e9rents au diagnostic d&rsquo;une tumeur c\u00e9r\u00e9brale, il est important de communiquer et d&rsquo;aborder les probl\u00e8mes qui surviennent dans vos relations interpersonnelles ainsi que de prendre le temps n\u00e9cessaire pour comprendre ce qui se passe et favoriser la gu\u00e9rison.<\/p>\n<p>Veuillez consulter les conseils ci-dessous pour vous aider \u00e0 aborder ces sujets ou adressez-vous \u00e0 votre professionnel de la sant\u00e9 pour obtenir du soutien suppl\u00e9mentaire.<\/p>\n<ul>\n<li>Ayez des discussions ouvertes et honn\u00eates. Il s\u2019agit peut-\u00eatre d\u00e9j\u00e0 d\u2019une de vos forces, mais pour de nombreuses personnes, cela peut demander un peu de pratique.<\/li>\n<li>Des changements dans les r\u00f4les et responsabilit\u00e9s sont courants, et il peut \u00eatre utile de planifier la fa\u00e7on dont vous allez g\u00e9rer certaines t\u00e2ches et activit\u00e9s quotidiennes pour diminuer le stress et encourager une communication ouverte dans la relation.<\/li>\n<li>Tentez d&rsquo;utiliser les m\u00eames strat\u00e9gies d&rsquo;adaptation qui ont d\u00e9j\u00e0 bien fonctionn\u00e9 pour la relation ou cherchez de nouvelles ressources et formes de soutien. <\/li>\n<li>N\u2019h\u00e9sitez pas \u00e0 demander de l&rsquo;aide quand vous en avez besoin. Le fait de parler \u00e0 un professionnel de la sant\u00e9 ou de se joindre \u00e0 un groupe de soutien peut \u00eatre instructif et encourageant. Le fait de chercher de l&rsquo;aide ensemble ou individuellement peut vous aider \u00e0 r\u00e9soudre des probl\u00e8mes et \u00e0 discuter de vos options. Cliquez <a href=\"https:\/\/www.braintumour.ca\/fr\/categorie\/groupes-de-soutien\/\" target=\"_blank\" rel=\"noopener\">ICI<\/a> pour vous inscrire \u00e0 l&rsquo;un de nos groupes de soutien.<\/li>\n<\/ul>\n<p><strong>RESSOURCES<\/strong><\/p>\n<ul>\n<li><a href=\"https:\/\/vivreafond.ca\/\" target=\"_blank\" rel=\"noopener\"> VivreAFond<\/a> <\/li>\n<li><a href=\"https:\/\/telaidemontreal.org\/en\/\" target=\"_blank\" rel=\"noopener\"> TelAide<\/a> <\/li>\n<li><a href=\"https:\/\/fqc.qc.ca\/fr\/besoin-d-aide\/soutien-psychologique\/art-therapie\" target=\"_blank\" rel=\"noopener\"> FQC Art Therapy<\/a><\/li>\n<li><a href=\"https:\/\/www.resilientship.com\/\" target=\"_blank\" rel=\"noopener\"> ResilientShip (en anglais)<\/a> <\/li>\n<li><a href=\"https:\/\/www.pogo.ca\/\" target=\"_blank\" rel=\"noopener\"> S2S Network (en anglais <\/a><\/li>\n<\/ul>\n<p>&nbsp;<\/p>\n","protected":false},"excerpt":{"rendered":"<p>En tant que jeune adulte ayant re\u00e7u un diagnostic de tumeur c\u00e9r\u00e9brale, vous pouvez \u00e9prouver de la difficult\u00e9 \u00e0 entretenir [&hellip;]<\/p>\n","protected":false},"author":4,"featured_media":10829,"parent":10869,"menu_order":1,"comment_status":"closed","ping_status":"closed","template":"","meta":{"_acf_changed":false,"footnotes":""},"user_type":[],"class_list":["post-10857","page","type-page","status-publish","has-post-thumbnail","hentry"],"acf":[],"yoast_head":"<!-- This site is optimized with the Yoast SEO Premium plugin v27.0 (Yoast SEO v27.0) - https:\/\/yoast.com\/product\/yoast-seo-premium-wordpress\/ -->\n<title>Relations - Fondation canadienne des tumeurs c\u00e9r\u00e9brales<\/title>\n<meta name=\"description\" content=\"En tant que jeune adulte ayant re\u00e7u un diagnostic de tumeur c\u00e9r\u00e9brale, vous pouvez \u00e9prouver de la difficult\u00e9 \u00e0 entretenir des relations interpersonnelles ou \u00e0 en nouer de nouvelles.\" \/>\n<meta name=\"robots\" content=\"index, follow, max-snippet:-1, max-image-preview:large, max-video-preview:-1\" \/>\n<link rel=\"canonical\" href=\"https:\/\/www.braintumour.ca\/fr\/faire-face-a-une-tumeur-cerebrale\/young-adult\/relationships\/\" \/>\n<meta property=\"og:locale\" content=\"fr_CA\" \/>\n<meta property=\"og:type\" content=\"article\" \/>\n<meta property=\"og:title\" content=\"Relations\" \/>\n<meta property=\"og:description\" content=\"En tant que jeune adulte ayant re\u00e7u un diagnostic de tumeur c\u00e9r\u00e9brale, vous pouvez \u00e9prouver de la difficult\u00e9 \u00e0 entretenir des relations interpersonnelles ou \u00e0 en nouer de nouvelles.\" \/>\n<meta property=\"og:url\" content=\"https:\/\/www.braintumour.ca\/fr\/faire-face-a-une-tumeur-cerebrale\/young-adult\/relationships\/\" \/>\n<meta property=\"og:site_name\" content=\"Fondation canadienne des tumeurs c\u00e9r\u00e9brales\" \/>\n<meta property=\"article:modified_time\" content=\"2023-03-03T11:56:40+00:00\" \/>\n<meta property=\"og:image\" content=\"https:\/\/www.braintumour.ca\/wp-content\/uploads\/2023\/02\/YA-Relationships-Final.jpg\" \/>\n\t<meta property=\"og:image:width\" content=\"1088\" \/>\n\t<meta property=\"og:image:height\" content=\"600\" \/>\n\t<meta property=\"og:image:type\" content=\"image\/jpeg\" \/>\n<meta name=\"twitter:card\" content=\"summary_large_image\" \/>\n<meta name=\"twitter:label1\" content=\"Estimation du temps de lecture\" \/>\n\t<meta name=\"twitter:data1\" content=\"2 minutes\" \/>\n<script type=\"application\/ld+json\" class=\"yoast-schema-graph\">{\"@context\":\"https:\/\/schema.org\",\"@graph\":[{\"@type\":\"WebPage\",\"@id\":\"https:\/\/www.braintumour.ca\/fr\/faire-face-a-une-tumeur-cerebrale\/young-adult\/relationships\/\",\"url\":\"https:\/\/www.braintumour.ca\/fr\/faire-face-a-une-tumeur-cerebrale\/young-adult\/relationships\/\",\"name\":\"Relations - Fondation canadienne des tumeurs c\u00e9r\u00e9brales\",\"isPartOf\":{\"@id\":\"https:\/\/www.braintumour.ca\/fr\/#website\"},\"primaryImageOfPage\":{\"@id\":\"https:\/\/www.braintumour.ca\/fr\/faire-face-a-une-tumeur-cerebrale\/young-adult\/relationships\/#primaryimage\"},\"image\":{\"@id\":\"https:\/\/www.braintumour.ca\/fr\/faire-face-a-une-tumeur-cerebrale\/young-adult\/relationships\/#primaryimage\"},\"thumbnailUrl\":\"https:\/\/www.braintumour.ca\/wp-content\/uploads\/2023\/02\/YA-Relationships-Final.jpg\",\"datePublished\":\"2023-02-21T15:25:40+00:00\",\"dateModified\":\"2023-03-03T11:56:40+00:00\",\"description\":\"En tant que jeune adulte ayant re\u00e7u un diagnostic de tumeur c\u00e9r\u00e9brale, vous pouvez \u00e9prouver de la difficult\u00e9 \u00e0 entretenir des relations interpersonnelles ou \u00e0 en nouer de nouvelles.\",\"breadcrumb\":{\"@id\":\"https:\/\/www.braintumour.ca\/fr\/faire-face-a-une-tumeur-cerebrale\/young-adult\/relationships\/#breadcrumb\"},\"inLanguage\":\"fr-CA\",\"potentialAction\":[{\"@type\":\"ReadAction\",\"target\":[\"https:\/\/www.braintumour.ca\/fr\/faire-face-a-une-tumeur-cerebrale\/young-adult\/relationships\/\"]}]},{\"@type\":\"ImageObject\",\"inLanguage\":\"fr-CA\",\"@id\":\"https:\/\/www.braintumour.ca\/fr\/faire-face-a-une-tumeur-cerebrale\/young-adult\/relationships\/#primaryimage\",\"url\":\"https:\/\/www.braintumour.ca\/wp-content\/uploads\/2023\/02\/YA-Relationships-Final.jpg\",\"contentUrl\":\"https:\/\/www.braintumour.ca\/wp-content\/uploads\/2023\/02\/YA-Relationships-Final.jpg\",\"width\":1088,\"height\":600},{\"@type\":\"BreadcrumbList\",\"@id\":\"https:\/\/www.braintumour.ca\/fr\/faire-face-a-une-tumeur-cerebrale\/young-adult\/relationships\/#breadcrumb\",\"itemListElement\":[{\"@type\":\"ListItem\",\"position\":1,\"name\":\"Home\",\"item\":\"https:\/\/www.braintumour.ca\/fr\/\"},{\"@type\":\"ListItem\",\"position\":2,\"name\":\"Faire face \u00e0 une tumeur c\u00e9r\u00e9brale\",\"item\":\"https:\/\/www.braintumour.ca\/fr\/faire-face-a-une-tumeur-cerebrale\/\"},{\"@type\":\"ListItem\",\"position\":3,\"name\":\"Jeunes adultes\",\"item\":\"https:\/\/www.braintumour.ca\/fr\/faire-face-a-une-tumeur-cerebrale\/young-adult\/\"},{\"@type\":\"ListItem\",\"position\":4,\"name\":\"Relations\"}]},{\"@type\":\"WebSite\",\"@id\":\"https:\/\/www.braintumour.ca\/fr\/#website\",\"url\":\"https:\/\/www.braintumour.ca\/fr\/\",\"name\":\"Fondation canadienne des tumeurs c\u00e9r\u00e9brales\",\"description\":\"Notre mission est de venir en aide \u00e0 toutes les personnes touch\u00e9es par une tumeur c\u00e9r\u00e9brale au Canada par le biais de nos programmes d\u2019information, de soutien, d\u2019\u00e9ducation et de recherche.\",\"potentialAction\":[{\"@type\":\"SearchAction\",\"target\":{\"@type\":\"EntryPoint\",\"urlTemplate\":\"https:\/\/www.braintumour.ca\/fr\/?s={search_term_string}\"},\"query-input\":{\"@type\":\"PropertyValueSpecification\",\"valueRequired\":true,\"valueName\":\"search_term_string\"}}],\"inLanguage\":\"fr-CA\"}]}<\/script>\n<!-- \/ Yoast SEO Premium plugin. -->","yoast_head_json":{"title":"Relations - Fondation canadienne des tumeurs c\u00e9r\u00e9brales","description":"En tant que jeune adulte ayant re\u00e7u un diagnostic de tumeur c\u00e9r\u00e9brale, vous pouvez \u00e9prouver de la difficult\u00e9 \u00e0 entretenir des relations interpersonnelles ou \u00e0 en nouer de nouvelles.","robots":{"index":"index","follow":"follow","max-snippet":"max-snippet:-1","max-image-preview":"max-image-preview:large","max-video-preview":"max-video-preview:-1"},"canonical":"https:\/\/www.braintumour.ca\/fr\/faire-face-a-une-tumeur-cerebrale\/young-adult\/relationships\/","og_locale":"fr_CA","og_type":"article","og_title":"Relations","og_description":"En tant que jeune adulte ayant re\u00e7u un diagnostic de tumeur c\u00e9r\u00e9brale, vous pouvez \u00e9prouver de la difficult\u00e9 \u00e0 entretenir des relations interpersonnelles ou \u00e0 en nouer de nouvelles.","og_url":"https:\/\/www.braintumour.ca\/fr\/faire-face-a-une-tumeur-cerebrale\/young-adult\/relationships\/","og_site_name":"Fondation canadienne des tumeurs c\u00e9r\u00e9brales","article_modified_time":"2023-03-03T11:56:40+00:00","og_image":[{"width":1088,"height":600,"url":"https:\/\/www.braintumour.ca\/wp-content\/uploads\/2023\/02\/YA-Relationships-Final.jpg","type":"image\/jpeg"}],"twitter_card":"summary_large_image","twitter_misc":{"Estimation du temps de lecture":"2 minutes"},"schema":{"@context":"https:\/\/schema.org","@graph":[{"@type":"WebPage","@id":"https:\/\/www.braintumour.ca\/fr\/faire-face-a-une-tumeur-cerebrale\/young-adult\/relationships\/","url":"https:\/\/www.braintumour.ca\/fr\/faire-face-a-une-tumeur-cerebrale\/young-adult\/relationships\/","name":"Relations - Fondation canadienne des tumeurs c\u00e9r\u00e9brales","isPartOf":{"@id":"https:\/\/www.braintumour.ca\/fr\/#website"},"primaryImageOfPage":{"@id":"https:\/\/www.braintumour.ca\/fr\/faire-face-a-une-tumeur-cerebrale\/young-adult\/relationships\/#primaryimage"},"image":{"@id":"https:\/\/www.braintumour.ca\/fr\/faire-face-a-une-tumeur-cerebrale\/young-adult\/relationships\/#primaryimage"},"thumbnailUrl":"https:\/\/www.braintumour.ca\/wp-content\/uploads\/2023\/02\/YA-Relationships-Final.jpg","datePublished":"2023-02-21T15:25:40+00:00","dateModified":"2023-03-03T11:56:40+00:00","description":"En tant que jeune adulte ayant re\u00e7u un diagnostic de tumeur c\u00e9r\u00e9brale, vous pouvez \u00e9prouver de la difficult\u00e9 \u00e0 entretenir des relations interpersonnelles ou \u00e0 en nouer de nouvelles.","breadcrumb":{"@id":"https:\/\/www.braintumour.ca\/fr\/faire-face-a-une-tumeur-cerebrale\/young-adult\/relationships\/#breadcrumb"},"inLanguage":"fr-CA","potentialAction":[{"@type":"ReadAction","target":["https:\/\/www.braintumour.ca\/fr\/faire-face-a-une-tumeur-cerebrale\/young-adult\/relationships\/"]}]},{"@type":"ImageObject","inLanguage":"fr-CA","@id":"https:\/\/www.braintumour.ca\/fr\/faire-face-a-une-tumeur-cerebrale\/young-adult\/relationships\/#primaryimage","url":"https:\/\/www.braintumour.ca\/wp-content\/uploads\/2023\/02\/YA-Relationships-Final.jpg","contentUrl":"https:\/\/www.braintumour.ca\/wp-content\/uploads\/2023\/02\/YA-Relationships-Final.jpg","width":1088,"height":600},{"@type":"BreadcrumbList","@id":"https:\/\/www.braintumour.ca\/fr\/faire-face-a-une-tumeur-cerebrale\/young-adult\/relationships\/#breadcrumb","itemListElement":[{"@type":"ListItem","position":1,"name":"Home","item":"https:\/\/www.braintumour.ca\/fr\/"},{"@type":"ListItem","position":2,"name":"Faire face \u00e0 une tumeur c\u00e9r\u00e9brale","item":"https:\/\/www.braintumour.ca\/fr\/faire-face-a-une-tumeur-cerebrale\/"},{"@type":"ListItem","position":3,"name":"Jeunes adultes","item":"https:\/\/www.braintumour.ca\/fr\/faire-face-a-une-tumeur-cerebrale\/young-adult\/"},{"@type":"ListItem","position":4,"name":"Relations"}]},{"@type":"WebSite","@id":"https:\/\/www.braintumour.ca\/fr\/#website","url":"https:\/\/www.braintumour.ca\/fr\/","name":"Fondation canadienne des tumeurs c\u00e9r\u00e9brales","description":"Notre mission est de venir en aide \u00e0 toutes les personnes touch\u00e9es par une tumeur c\u00e9r\u00e9brale au Canada par le biais de nos programmes d\u2019information, de soutien, d\u2019\u00e9ducation et de recherche.","potentialAction":[{"@type":"SearchAction","target":{"@type":"EntryPoint","urlTemplate":"https:\/\/www.braintumour.ca\/fr\/?s={search_term_string}"},"query-input":{"@type":"PropertyValueSpecification","valueRequired":true,"valueName":"search_term_string"}}],"inLanguage":"fr-CA"}]}},"_links":{"self":[{"href":"https:\/\/www.braintumour.ca\/fr\/wp-json\/wp\/v2\/pages\/10857","targetHints":{"allow":["GET"]}}],"collection":[{"href":"https:\/\/www.braintumour.ca\/fr\/wp-json\/wp\/v2\/pages"}],"about":[{"href":"https:\/\/www.braintumour.ca\/fr\/wp-json\/wp\/v2\/types\/page"}],"author":[{"embeddable":true,"href":"https:\/\/www.braintumour.ca\/fr\/wp-json\/wp\/v2\/users\/4"}],"replies":[{"embeddable":true,"href":"https:\/\/www.braintumour.ca\/fr\/wp-json\/wp\/v2\/comments?post=10857"}],"version-history":[{"count":0,"href":"https:\/\/www.braintumour.ca\/fr\/wp-json\/wp\/v2\/pages\/10857\/revisions"}],"up":[{"embeddable":true,"href":"https:\/\/www.braintumour.ca\/fr\/wp-json\/wp\/v2\/pages\/10869"}],"wp:featuredmedia":[{"embeddable":true,"href":"https:\/\/www.braintumour.ca\/fr\/wp-json\/wp\/v2\/media\/10829"}],"wp:attachment":[{"href":"https:\/\/www.braintumour.ca\/fr\/wp-json\/wp\/v2\/media?parent=10857"}],"wp:term":[{"taxonomy":"user_type","embeddable":true,"href":"https:\/\/www.braintumour.ca\/fr\/wp-json\/wp\/v2\/user_type?post=10857"}],"curies":[{"name":"wp","href":"https:\/\/api.w.org\/{rel}","templated":true}]}}