{"id":10860,"date":"2023-02-21T10:36:59","date_gmt":"2023-02-21T15:36:59","guid":{"rendered":"https:\/\/www.braintumour.ca\/intimacy\/"},"modified":"2023-03-03T06:57:16","modified_gmt":"2023-03-03T11:57:16","slug":"intimacy","status":"publish","type":"page","link":"https:\/\/www.braintumour.ca\/fr\/faire-face-a-une-tumeur-cerebrale\/young-adult\/intimacy\/","title":{"rendered":"Intimit\u00e9"},"content":{"rendered":"<p>Pour de nombreuses personnes, le d\u00e9but de l&rsquo;\u00e2ge adulte est l&rsquo;occasion d&rsquo;explorer sa sexualit\u00e9. Cependant, cela peut \u00eatre difficile pour les jeunes adultes qui sont atteints d&rsquo;une tumeur c\u00e9r\u00e9brale. Suivre des traitements intenses, g\u00e9rer les effets secondaires li\u00e9s \u00e0 la tumeur et passer plus de temps \u00e0 l&rsquo;h\u00f4pital (et moins de temps \u00e0 explorer les relations) ne sont que quelques-uns des d\u00e9fis auxquels sont confront\u00e9s les jeunes adultes. Parmi les effets ind\u00e9sirables qui peuvent survenir, citons une image corporelle n\u00e9gative et un discours int\u00e9rieur n\u00e9faste, une impression de ne pas \u00eatre attirant, une diminution du d\u00e9sir sexuel, ainsi que des changements dans la sensibilit\u00e9 sexuelle. Veuillez consulter les conseils ci-dessous pour vous aider \u00e0 aborder ces sujets ou adressez-vous \u00e0 votre professionnel de la sant\u00e9 pour obtenir du soutien suppl\u00e9mentaire.<\/p>\n<ul>\n<li>Accordez la priorit\u00e9 aux habitudes de soins personnels, tant pour vous que pour votre partenaire. \u00c9coutez votre corps et accordez-vous ce dont vous avez besoin.<\/li>\n<li>Invitez votre partenaire \u00e0 communiquer ouvertement et honn\u00eatement avec vous. Abordez vos pr\u00e9occupations en mati\u00e8re de sant\u00e9 sexuelle \u00e0 un moment o\u00f9 vous \u00eates tous deux pr\u00eats et dispos\u00e9s \u00e0 discuter.<\/li>\n<li>Normalisez le fait de parler de sexualit\u00e9 pour accro\u00eetre l&rsquo;intimit\u00e9 et le plaisir. Si vous vous sentez g\u00ean\u00e9 ou mal \u00e0 l&rsquo;aise, envisagez d&rsquo;en discuter avec votre partenaire ou un professionnel de la sant\u00e9. <\/li>\n<li>Pr\u00e9voyez des \u00ab\u2009moments ensemble\u2009\u00bb avec votre partenaire. R\u00e9duisez autant que possible les distractions et accordez \u00e0 l&rsquo;autre toute votre attention.<\/li>\n<li>Misez sur l&rsquo;humour! Commencer la conversation sur une note plus l\u00e9g\u00e8re peut aider \u00e0 att\u00e9nuer les ins\u00e9curit\u00e9s li\u00e9es \u00e0 une discussion sur la sexualit\u00e9 et l&rsquo;intimit\u00e9.<\/li>\n<li>Discutez de strat\u00e9gies pratiques pour d\u00e9velopper une nouvelle mani\u00e8re de vivre l&rsquo;intimit\u00e9 en couple. Il n&rsquo;y a pas de bonne ou de mauvaise fa\u00e7on de s&rsquo;y prendre!<\/li>\n<\/ul>\n<p>&nbsp;<\/p>\n","protected":false},"excerpt":{"rendered":"<p>Pour de nombreuses personnes, le d\u00e9but de l&rsquo;\u00e2ge adulte est l&rsquo;occasion d&rsquo;explorer sa sexualit\u00e9. Cependant, cela peut \u00eatre difficile pour [&hellip;]<\/p>\n","protected":false},"author":4,"featured_media":10827,"parent":10869,"menu_order":2,"comment_status":"closed","ping_status":"closed","template":"","meta":{"_acf_changed":false,"footnotes":""},"user_type":[133],"class_list":["post-10860","page","type-page","status-publish","has-post-thumbnail","hentry","user_type-patient-fr"],"acf":[],"yoast_head":"<!-- This site is optimized with the Yoast SEO Premium plugin v27.0 (Yoast SEO v27.0) - https:\/\/yoast.com\/product\/yoast-seo-premium-wordpress\/ -->\n<title>Intimit\u00e9 - Fondation canadienne des tumeurs c\u00e9r\u00e9brales<\/title>\n<meta name=\"description\" content=\"Pour de nombreuses personnes, le d\u00e9but de l&#039;\u00e2ge adulte est l&#039;occasion d&#039;explorer sa sexualit\u00e9. Cependant, cela peut \u00eatre difficile pour les jeunes adultes qui sont atteints d&#039;une tumeur c\u00e9r\u00e9brale.\" \/>\n<meta name=\"robots\" content=\"index, follow, max-snippet:-1, max-image-preview:large, max-video-preview:-1\" \/>\n<link rel=\"canonical\" href=\"https:\/\/www.braintumour.ca\/fr\/faire-face-a-une-tumeur-cerebrale\/young-adult\/intimacy\/\" \/>\n<meta property=\"og:locale\" content=\"fr_CA\" \/>\n<meta property=\"og:type\" content=\"article\" \/>\n<meta property=\"og:title\" content=\"Intimit\u00e9\" \/>\n<meta property=\"og:description\" content=\"Pour de nombreuses personnes, le d\u00e9but de l&#039;\u00e2ge adulte est l&#039;occasion d&#039;explorer sa sexualit\u00e9. Cependant, cela peut \u00eatre difficile pour les jeunes adultes qui sont atteints d&#039;une tumeur c\u00e9r\u00e9brale.\" \/>\n<meta property=\"og:url\" content=\"https:\/\/www.braintumour.ca\/fr\/faire-face-a-une-tumeur-cerebrale\/young-adult\/intimacy\/\" \/>\n<meta property=\"og:site_name\" content=\"Fondation canadienne des tumeurs c\u00e9r\u00e9brales\" \/>\n<meta property=\"article:modified_time\" content=\"2023-03-03T11:57:16+00:00\" \/>\n<meta property=\"og:image\" content=\"https:\/\/www.braintumour.ca\/wp-content\/uploads\/2023\/02\/YA-Intimacy-Final.png\" \/>\n\t<meta property=\"og:image:width\" content=\"1120\" \/>\n\t<meta property=\"og:image:height\" content=\"601\" \/>\n\t<meta property=\"og:image:type\" content=\"image\/png\" \/>\n<meta name=\"twitter:card\" content=\"summary_large_image\" \/>\n<meta name=\"twitter:label1\" content=\"Estimation du temps de lecture\" \/>\n\t<meta name=\"twitter:data1\" content=\"2 minutes\" \/>\n<script type=\"application\/ld+json\" class=\"yoast-schema-graph\">{\"@context\":\"https:\/\/schema.org\",\"@graph\":[{\"@type\":\"WebPage\",\"@id\":\"https:\/\/www.braintumour.ca\/fr\/faire-face-a-une-tumeur-cerebrale\/young-adult\/intimacy\/\",\"url\":\"https:\/\/www.braintumour.ca\/fr\/faire-face-a-une-tumeur-cerebrale\/young-adult\/intimacy\/\",\"name\":\"Intimit\u00e9 - Fondation canadienne des tumeurs c\u00e9r\u00e9brales\",\"isPartOf\":{\"@id\":\"https:\/\/www.braintumour.ca\/fr\/#website\"},\"primaryImageOfPage\":{\"@id\":\"https:\/\/www.braintumour.ca\/fr\/faire-face-a-une-tumeur-cerebrale\/young-adult\/intimacy\/#primaryimage\"},\"image\":{\"@id\":\"https:\/\/www.braintumour.ca\/fr\/faire-face-a-une-tumeur-cerebrale\/young-adult\/intimacy\/#primaryimage\"},\"thumbnailUrl\":\"https:\/\/www.braintumour.ca\/wp-content\/uploads\/2023\/02\/YA-Intimacy-Final.png\",\"datePublished\":\"2023-02-21T15:36:59+00:00\",\"dateModified\":\"2023-03-03T11:57:16+00:00\",\"description\":\"Pour de nombreuses personnes, le d\u00e9but de l'\u00e2ge adulte est l'occasion d'explorer sa sexualit\u00e9. Cependant, cela peut \u00eatre difficile pour les jeunes adultes qui sont atteints d'une tumeur c\u00e9r\u00e9brale.\",\"breadcrumb\":{\"@id\":\"https:\/\/www.braintumour.ca\/fr\/faire-face-a-une-tumeur-cerebrale\/young-adult\/intimacy\/#breadcrumb\"},\"inLanguage\":\"fr-CA\",\"potentialAction\":[{\"@type\":\"ReadAction\",\"target\":[\"https:\/\/www.braintumour.ca\/fr\/faire-face-a-une-tumeur-cerebrale\/young-adult\/intimacy\/\"]}]},{\"@type\":\"ImageObject\",\"inLanguage\":\"fr-CA\",\"@id\":\"https:\/\/www.braintumour.ca\/fr\/faire-face-a-une-tumeur-cerebrale\/young-adult\/intimacy\/#primaryimage\",\"url\":\"https:\/\/www.braintumour.ca\/wp-content\/uploads\/2023\/02\/YA-Intimacy-Final.png\",\"contentUrl\":\"https:\/\/www.braintumour.ca\/wp-content\/uploads\/2023\/02\/YA-Intimacy-Final.png\",\"width\":1120,\"height\":601},{\"@type\":\"BreadcrumbList\",\"@id\":\"https:\/\/www.braintumour.ca\/fr\/faire-face-a-une-tumeur-cerebrale\/young-adult\/intimacy\/#breadcrumb\",\"itemListElement\":[{\"@type\":\"ListItem\",\"position\":1,\"name\":\"Home\",\"item\":\"https:\/\/www.braintumour.ca\/fr\/\"},{\"@type\":\"ListItem\",\"position\":2,\"name\":\"Faire face \u00e0 une tumeur c\u00e9r\u00e9brale\",\"item\":\"https:\/\/www.braintumour.ca\/fr\/faire-face-a-une-tumeur-cerebrale\/\"},{\"@type\":\"ListItem\",\"position\":3,\"name\":\"Jeunes adultes\",\"item\":\"https:\/\/www.braintumour.ca\/fr\/faire-face-a-une-tumeur-cerebrale\/young-adult\/\"},{\"@type\":\"ListItem\",\"position\":4,\"name\":\"Intimit\u00e9\"}]},{\"@type\":\"WebSite\",\"@id\":\"https:\/\/www.braintumour.ca\/fr\/#website\",\"url\":\"https:\/\/www.braintumour.ca\/fr\/\",\"name\":\"Fondation canadienne des tumeurs c\u00e9r\u00e9brales\",\"description\":\"Notre mission est de venir en aide \u00e0 toutes les personnes touch\u00e9es par une tumeur c\u00e9r\u00e9brale au Canada par le biais de nos programmes d\u2019information, de soutien, d\u2019\u00e9ducation et de recherche.\",\"potentialAction\":[{\"@type\":\"SearchAction\",\"target\":{\"@type\":\"EntryPoint\",\"urlTemplate\":\"https:\/\/www.braintumour.ca\/fr\/?s={search_term_string}\"},\"query-input\":{\"@type\":\"PropertyValueSpecification\",\"valueRequired\":true,\"valueName\":\"search_term_string\"}}],\"inLanguage\":\"fr-CA\"}]}<\/script>\n<!-- \/ Yoast SEO Premium plugin. -->","yoast_head_json":{"title":"Intimit\u00e9 - Fondation canadienne des tumeurs c\u00e9r\u00e9brales","description":"Pour de nombreuses personnes, le d\u00e9but de l'\u00e2ge adulte est l'occasion d'explorer sa sexualit\u00e9. Cependant, cela peut \u00eatre difficile pour les jeunes adultes qui sont atteints d'une tumeur c\u00e9r\u00e9brale.","robots":{"index":"index","follow":"follow","max-snippet":"max-snippet:-1","max-image-preview":"max-image-preview:large","max-video-preview":"max-video-preview:-1"},"canonical":"https:\/\/www.braintumour.ca\/fr\/faire-face-a-une-tumeur-cerebrale\/young-adult\/intimacy\/","og_locale":"fr_CA","og_type":"article","og_title":"Intimit\u00e9","og_description":"Pour de nombreuses personnes, le d\u00e9but de l'\u00e2ge adulte est l'occasion d'explorer sa sexualit\u00e9. Cependant, cela peut \u00eatre difficile pour les jeunes adultes qui sont atteints d'une tumeur c\u00e9r\u00e9brale.","og_url":"https:\/\/www.braintumour.ca\/fr\/faire-face-a-une-tumeur-cerebrale\/young-adult\/intimacy\/","og_site_name":"Fondation canadienne des tumeurs c\u00e9r\u00e9brales","article_modified_time":"2023-03-03T11:57:16+00:00","og_image":[{"width":1120,"height":601,"url":"https:\/\/www.braintumour.ca\/wp-content\/uploads\/2023\/02\/YA-Intimacy-Final.png","type":"image\/png"}],"twitter_card":"summary_large_image","twitter_misc":{"Estimation du temps de lecture":"2 minutes"},"schema":{"@context":"https:\/\/schema.org","@graph":[{"@type":"WebPage","@id":"https:\/\/www.braintumour.ca\/fr\/faire-face-a-une-tumeur-cerebrale\/young-adult\/intimacy\/","url":"https:\/\/www.braintumour.ca\/fr\/faire-face-a-une-tumeur-cerebrale\/young-adult\/intimacy\/","name":"Intimit\u00e9 - Fondation canadienne des tumeurs c\u00e9r\u00e9brales","isPartOf":{"@id":"https:\/\/www.braintumour.ca\/fr\/#website"},"primaryImageOfPage":{"@id":"https:\/\/www.braintumour.ca\/fr\/faire-face-a-une-tumeur-cerebrale\/young-adult\/intimacy\/#primaryimage"},"image":{"@id":"https:\/\/www.braintumour.ca\/fr\/faire-face-a-une-tumeur-cerebrale\/young-adult\/intimacy\/#primaryimage"},"thumbnailUrl":"https:\/\/www.braintumour.ca\/wp-content\/uploads\/2023\/02\/YA-Intimacy-Final.png","datePublished":"2023-02-21T15:36:59+00:00","dateModified":"2023-03-03T11:57:16+00:00","description":"Pour de nombreuses personnes, le d\u00e9but de l'\u00e2ge adulte est l'occasion d'explorer sa sexualit\u00e9. Cependant, cela peut \u00eatre difficile pour les jeunes adultes qui sont atteints d'une tumeur c\u00e9r\u00e9brale.","breadcrumb":{"@id":"https:\/\/www.braintumour.ca\/fr\/faire-face-a-une-tumeur-cerebrale\/young-adult\/intimacy\/#breadcrumb"},"inLanguage":"fr-CA","potentialAction":[{"@type":"ReadAction","target":["https:\/\/www.braintumour.ca\/fr\/faire-face-a-une-tumeur-cerebrale\/young-adult\/intimacy\/"]}]},{"@type":"ImageObject","inLanguage":"fr-CA","@id":"https:\/\/www.braintumour.ca\/fr\/faire-face-a-une-tumeur-cerebrale\/young-adult\/intimacy\/#primaryimage","url":"https:\/\/www.braintumour.ca\/wp-content\/uploads\/2023\/02\/YA-Intimacy-Final.png","contentUrl":"https:\/\/www.braintumour.ca\/wp-content\/uploads\/2023\/02\/YA-Intimacy-Final.png","width":1120,"height":601},{"@type":"BreadcrumbList","@id":"https:\/\/www.braintumour.ca\/fr\/faire-face-a-une-tumeur-cerebrale\/young-adult\/intimacy\/#breadcrumb","itemListElement":[{"@type":"ListItem","position":1,"name":"Home","item":"https:\/\/www.braintumour.ca\/fr\/"},{"@type":"ListItem","position":2,"name":"Faire face \u00e0 une tumeur c\u00e9r\u00e9brale","item":"https:\/\/www.braintumour.ca\/fr\/faire-face-a-une-tumeur-cerebrale\/"},{"@type":"ListItem","position":3,"name":"Jeunes adultes","item":"https:\/\/www.braintumour.ca\/fr\/faire-face-a-une-tumeur-cerebrale\/young-adult\/"},{"@type":"ListItem","position":4,"name":"Intimit\u00e9"}]},{"@type":"WebSite","@id":"https:\/\/www.braintumour.ca\/fr\/#website","url":"https:\/\/www.braintumour.ca\/fr\/","name":"Fondation canadienne des tumeurs c\u00e9r\u00e9brales","description":"Notre mission est de venir en aide \u00e0 toutes les personnes touch\u00e9es par une tumeur c\u00e9r\u00e9brale au Canada par le biais de nos programmes d\u2019information, de soutien, d\u2019\u00e9ducation et de recherche.","potentialAction":[{"@type":"SearchAction","target":{"@type":"EntryPoint","urlTemplate":"https:\/\/www.braintumour.ca\/fr\/?s={search_term_string}"},"query-input":{"@type":"PropertyValueSpecification","valueRequired":true,"valueName":"search_term_string"}}],"inLanguage":"fr-CA"}]}},"_links":{"self":[{"href":"https:\/\/www.braintumour.ca\/fr\/wp-json\/wp\/v2\/pages\/10860","targetHints":{"allow":["GET"]}}],"collection":[{"href":"https:\/\/www.braintumour.ca\/fr\/wp-json\/wp\/v2\/pages"}],"about":[{"href":"https:\/\/www.braintumour.ca\/fr\/wp-json\/wp\/v2\/types\/page"}],"author":[{"embeddable":true,"href":"https:\/\/www.braintumour.ca\/fr\/wp-json\/wp\/v2\/users\/4"}],"replies":[{"embeddable":true,"href":"https:\/\/www.braintumour.ca\/fr\/wp-json\/wp\/v2\/comments?post=10860"}],"version-history":[{"count":0,"href":"https:\/\/www.braintumour.ca\/fr\/wp-json\/wp\/v2\/pages\/10860\/revisions"}],"up":[{"embeddable":true,"href":"https:\/\/www.braintumour.ca\/fr\/wp-json\/wp\/v2\/pages\/10869"}],"wp:featuredmedia":[{"embeddable":true,"href":"https:\/\/www.braintumour.ca\/fr\/wp-json\/wp\/v2\/media\/10827"}],"wp:attachment":[{"href":"https:\/\/www.braintumour.ca\/fr\/wp-json\/wp\/v2\/media?parent=10860"}],"wp:term":[{"taxonomy":"user_type","embeddable":true,"href":"https:\/\/www.braintumour.ca\/fr\/wp-json\/wp\/v2\/user_type?post=10860"}],"curies":[{"name":"wp","href":"https:\/\/api.w.org\/{rel}","templated":true}]}}