{"id":10863,"date":"2023-02-21T10:47:52","date_gmt":"2023-02-21T15:47:52","guid":{"rendered":"https:\/\/www.braintumour.ca\/fertility\/"},"modified":"2023-03-03T06:57:49","modified_gmt":"2023-03-03T11:57:49","slug":"fertility","status":"publish","type":"page","link":"https:\/\/www.braintumour.ca\/fr\/faire-face-a-une-tumeur-cerebrale\/young-adult\/fertility\/","title":{"rendered":"Fertilit\u00e9"},"content":{"rendered":"<p>La pr\u00e9servation de la fertilit\u00e9 chez les jeunes adultes atteints d&rsquo;une tumeur c\u00e9r\u00e9brale est un sujet qui n&rsquo;est souvent pas bien abord\u00e9 avant et pendant les traitements. Les traitements contre le cancer, tels que la chimioth\u00e9rapie et la radioth\u00e9rapie, peuvent avoir un effet sur la fertilit\u00e9 d&rsquo;une personne. Vous trouverez ici des ressources et des informations sur la fertilit\u00e9 et les tumeurs c\u00e9r\u00e9brales, ce qui vous permettra de mieux d\u00e9fendre vos droits en mati\u00e8re de fertilit\u00e9, quel que soit votre programme de traitement. Vous trouverez ci-dessous quelques options et possibilit\u00e9s de pr\u00e9servation de la fertilit\u00e9 qui peuvent \u00eatre accessibles avant ou apr\u00e8s le d\u00e9but du traitement des jeunes adultes qui pourraient \u00eatre confront\u00e9s \u00e0 des atteintes \u00e0 leur fertilit\u00e9 en raison de leur traitement :<\/p>\n<p><strong>La conservation des ovules et autres options:<\/strong>\u202f <\/p>\n<ul>\n<li>Cryoconservation d&#8217;embryons et d&rsquo;ovules\u2009: lorsque des ovules f\u00e9cond\u00e9s ou non f\u00e9cond\u00e9s sont congel\u00e9s pour une utilisation ult\u00e9rieure. <\/li>\n<li>Blindage : protection externe des ovaires contre l&rsquo;exposition aux radiations. <\/li>\n<li>Don d&rsquo;ovules : utilisation des ovules d&rsquo;une donneuse pour la f\u00e9condation et la gestation. <\/li>\n<li>Don d&#8217;embryon : assurer la gestation des ovules f\u00e9cond\u00e9s d&rsquo;une donneuse. <\/li>\n<li>Porteuse gestationnelle : une porteuse gestationnelle est un autre terme pour d\u00e9signer une m\u00e8re porteuse. Au Canada, les lois entourant la maternit\u00e9 de substitution diff\u00e8rent d&rsquo;une province \u00e0 l&rsquo;autre. Il est recommand\u00e9 de consulter un prestataire de services juridiques avant d&rsquo;aller de l&rsquo;avant. <\/li>\n<li>Adoption. <\/li>\n<\/ul>\n<p><strong>La conservation des spermatozo\u00efdes et autres options:<\/strong>\u202f <\/p>\n<ul>\n<li>Cryoconservation des spermatozo\u00efdes : un \u00e9chantillon de spermatozo\u00efdes est congel\u00e9 pour une utilisation ult\u00e9rieure. <\/li>\n<li>Blindage : cette proc\u00e9dure prot\u00e8ge les testicules de mani\u00e8re externe contre l&rsquo;exposition aux radiations.\u202f\u202f <\/li>\n<li>Extraction de spermatozo\u00efdes testiculaires : dans cette proc\u00e9dure, les spermatozo\u00efdes viables sont localis\u00e9s dans une partie du tissu testiculaire, extraits chirurgicalement, puis conserv\u00e9s cryog\u00e9niquement pour une utilisation ult\u00e9rieure lors de la f\u00e9condation.\u202f\u202f<\/li>\n<\/ul>\n<p>Pour plus d&rsquo;informations sur vos options de pr\u00e9servation de la fertilit\u00e9, veuillez vous adresser \u00e0 votre prestataire de soins de sant\u00e9.<\/p>\n<p><strong>RESSOURCES<\/strong> <\/p>\n<ul>\n<li><a href=\"https:\/\/fertilefuture.ca\/\" target=\"_blank\" rel=\"noopener\"> Fertile Future (excluant le Qu\u00e9bec) (en anglais)<\/a><\/li>\n<li><a href=\"http:\/\/www.isfp-fertility.org\/\" target=\"_blank\" rel=\"noopener\"> ISFP (International Society for Fertility Preservation); Adh\u00e9sion requise (en anglais) <\/a><\/li>\n<li><a href=\"https:\/\/fertilitymatters.ca\/\" target=\"_blank\" rel=\"noopener\"> Fertility Matters Canada (en anglais)<\/a><\/li>\n<\/ul>\n<p>&nbsp;<\/p>\n","protected":false},"excerpt":{"rendered":"<p>La pr\u00e9servation de la fertilit\u00e9 chez les jeunes adultes atteints d&rsquo;une tumeur c\u00e9r\u00e9brale est un sujet qui n&rsquo;est souvent pas [&hellip;]<\/p>\n","protected":false},"author":4,"featured_media":10825,"parent":10869,"menu_order":2,"comment_status":"closed","ping_status":"closed","template":"","meta":{"_acf_changed":false,"footnotes":""},"user_type":[133],"class_list":["post-10863","page","type-page","status-publish","has-post-thumbnail","hentry","user_type-patient-fr"],"acf":[],"yoast_head":"<!-- This site is optimized with the Yoast SEO Premium plugin v27.0 (Yoast SEO v27.0) - https:\/\/yoast.com\/product\/yoast-seo-premium-wordpress\/ -->\n<title>Fertilit\u00e9 - Fondation canadienne des tumeurs c\u00e9r\u00e9brales<\/title>\n<meta name=\"description\" content=\"La pr\u00e9servation de la fertilit\u00e9 chez les jeunes adultes atteints d&#039;une tumeur c\u00e9r\u00e9brale est un sujet qui n&#039;est souvent pas bien abord\u00e9 avant et pendant les traitements.\" \/>\n<meta name=\"robots\" content=\"index, follow, max-snippet:-1, max-image-preview:large, max-video-preview:-1\" \/>\n<link rel=\"canonical\" href=\"https:\/\/www.braintumour.ca\/fr\/faire-face-a-une-tumeur-cerebrale\/young-adult\/fertility\/\" \/>\n<meta property=\"og:locale\" content=\"fr_CA\" \/>\n<meta property=\"og:type\" content=\"article\" \/>\n<meta property=\"og:title\" content=\"Fertilit\u00e9\" \/>\n<meta property=\"og:description\" content=\"La pr\u00e9servation de la fertilit\u00e9 chez les jeunes adultes atteints d&#039;une tumeur c\u00e9r\u00e9brale est un sujet qui n&#039;est souvent pas bien abord\u00e9 avant et pendant les traitements.\" \/>\n<meta property=\"og:url\" content=\"https:\/\/www.braintumour.ca\/fr\/faire-face-a-une-tumeur-cerebrale\/young-adult\/fertility\/\" \/>\n<meta property=\"og:site_name\" content=\"Fondation canadienne des tumeurs c\u00e9r\u00e9brales\" \/>\n<meta property=\"article:modified_time\" content=\"2023-03-03T11:57:49+00:00\" \/>\n<meta property=\"og:image\" content=\"https:\/\/www.braintumour.ca\/wp-content\/uploads\/2023\/02\/YA-Fertility-Final.png\" \/>\n\t<meta property=\"og:image:width\" content=\"1142\" \/>\n\t<meta property=\"og:image:height\" content=\"696\" \/>\n\t<meta property=\"og:image:type\" content=\"image\/png\" \/>\n<meta name=\"twitter:card\" content=\"summary_large_image\" \/>\n<meta name=\"twitter:label1\" content=\"Estimation du temps de lecture\" \/>\n\t<meta name=\"twitter:data1\" content=\"2 minutes\" \/>\n<script type=\"application\/ld+json\" class=\"yoast-schema-graph\">{\"@context\":\"https:\/\/schema.org\",\"@graph\":[{\"@type\":\"WebPage\",\"@id\":\"https:\/\/www.braintumour.ca\/fr\/faire-face-a-une-tumeur-cerebrale\/young-adult\/fertility\/\",\"url\":\"https:\/\/www.braintumour.ca\/fr\/faire-face-a-une-tumeur-cerebrale\/young-adult\/fertility\/\",\"name\":\"Fertilit\u00e9 - Fondation canadienne des tumeurs c\u00e9r\u00e9brales\",\"isPartOf\":{\"@id\":\"https:\/\/www.braintumour.ca\/fr\/#website\"},\"primaryImageOfPage\":{\"@id\":\"https:\/\/www.braintumour.ca\/fr\/faire-face-a-une-tumeur-cerebrale\/young-adult\/fertility\/#primaryimage\"},\"image\":{\"@id\":\"https:\/\/www.braintumour.ca\/fr\/faire-face-a-une-tumeur-cerebrale\/young-adult\/fertility\/#primaryimage\"},\"thumbnailUrl\":\"https:\/\/www.braintumour.ca\/wp-content\/uploads\/2023\/02\/YA-Fertility-Final.png\",\"datePublished\":\"2023-02-21T15:47:52+00:00\",\"dateModified\":\"2023-03-03T11:57:49+00:00\",\"description\":\"La pr\u00e9servation de la fertilit\u00e9 chez les jeunes adultes atteints d'une tumeur c\u00e9r\u00e9brale est un sujet qui n'est souvent pas bien abord\u00e9 avant et pendant les traitements.\",\"breadcrumb\":{\"@id\":\"https:\/\/www.braintumour.ca\/fr\/faire-face-a-une-tumeur-cerebrale\/young-adult\/fertility\/#breadcrumb\"},\"inLanguage\":\"fr-CA\",\"potentialAction\":[{\"@type\":\"ReadAction\",\"target\":[\"https:\/\/www.braintumour.ca\/fr\/faire-face-a-une-tumeur-cerebrale\/young-adult\/fertility\/\"]}]},{\"@type\":\"ImageObject\",\"inLanguage\":\"fr-CA\",\"@id\":\"https:\/\/www.braintumour.ca\/fr\/faire-face-a-une-tumeur-cerebrale\/young-adult\/fertility\/#primaryimage\",\"url\":\"https:\/\/www.braintumour.ca\/wp-content\/uploads\/2023\/02\/YA-Fertility-Final.png\",\"contentUrl\":\"https:\/\/www.braintumour.ca\/wp-content\/uploads\/2023\/02\/YA-Fertility-Final.png\",\"width\":1142,\"height\":696},{\"@type\":\"BreadcrumbList\",\"@id\":\"https:\/\/www.braintumour.ca\/fr\/faire-face-a-une-tumeur-cerebrale\/young-adult\/fertility\/#breadcrumb\",\"itemListElement\":[{\"@type\":\"ListItem\",\"position\":1,\"name\":\"Home\",\"item\":\"https:\/\/www.braintumour.ca\/fr\/\"},{\"@type\":\"ListItem\",\"position\":2,\"name\":\"Faire face \u00e0 une tumeur c\u00e9r\u00e9brale\",\"item\":\"https:\/\/www.braintumour.ca\/fr\/faire-face-a-une-tumeur-cerebrale\/\"},{\"@type\":\"ListItem\",\"position\":3,\"name\":\"Jeunes adultes\",\"item\":\"https:\/\/www.braintumour.ca\/fr\/faire-face-a-une-tumeur-cerebrale\/young-adult\/\"},{\"@type\":\"ListItem\",\"position\":4,\"name\":\"Fertilit\u00e9\"}]},{\"@type\":\"WebSite\",\"@id\":\"https:\/\/www.braintumour.ca\/fr\/#website\",\"url\":\"https:\/\/www.braintumour.ca\/fr\/\",\"name\":\"Fondation canadienne des tumeurs c\u00e9r\u00e9brales\",\"description\":\"Notre mission est de venir en aide \u00e0 toutes les personnes touch\u00e9es par une tumeur c\u00e9r\u00e9brale au Canada par le biais de nos programmes d\u2019information, de soutien, d\u2019\u00e9ducation et de recherche.\",\"potentialAction\":[{\"@type\":\"SearchAction\",\"target\":{\"@type\":\"EntryPoint\",\"urlTemplate\":\"https:\/\/www.braintumour.ca\/fr\/?s={search_term_string}\"},\"query-input\":{\"@type\":\"PropertyValueSpecification\",\"valueRequired\":true,\"valueName\":\"search_term_string\"}}],\"inLanguage\":\"fr-CA\"}]}<\/script>\n<!-- \/ Yoast SEO Premium plugin. -->","yoast_head_json":{"title":"Fertilit\u00e9 - Fondation canadienne des tumeurs c\u00e9r\u00e9brales","description":"La pr\u00e9servation de la fertilit\u00e9 chez les jeunes adultes atteints d'une tumeur c\u00e9r\u00e9brale est un sujet qui n'est souvent pas bien abord\u00e9 avant et pendant les traitements.","robots":{"index":"index","follow":"follow","max-snippet":"max-snippet:-1","max-image-preview":"max-image-preview:large","max-video-preview":"max-video-preview:-1"},"canonical":"https:\/\/www.braintumour.ca\/fr\/faire-face-a-une-tumeur-cerebrale\/young-adult\/fertility\/","og_locale":"fr_CA","og_type":"article","og_title":"Fertilit\u00e9","og_description":"La pr\u00e9servation de la fertilit\u00e9 chez les jeunes adultes atteints d'une tumeur c\u00e9r\u00e9brale est un sujet qui n'est souvent pas bien abord\u00e9 avant et pendant les traitements.","og_url":"https:\/\/www.braintumour.ca\/fr\/faire-face-a-une-tumeur-cerebrale\/young-adult\/fertility\/","og_site_name":"Fondation canadienne des tumeurs c\u00e9r\u00e9brales","article_modified_time":"2023-03-03T11:57:49+00:00","og_image":[{"width":1142,"height":696,"url":"https:\/\/www.braintumour.ca\/wp-content\/uploads\/2023\/02\/YA-Fertility-Final.png","type":"image\/png"}],"twitter_card":"summary_large_image","twitter_misc":{"Estimation du temps de lecture":"2 minutes"},"schema":{"@context":"https:\/\/schema.org","@graph":[{"@type":"WebPage","@id":"https:\/\/www.braintumour.ca\/fr\/faire-face-a-une-tumeur-cerebrale\/young-adult\/fertility\/","url":"https:\/\/www.braintumour.ca\/fr\/faire-face-a-une-tumeur-cerebrale\/young-adult\/fertility\/","name":"Fertilit\u00e9 - Fondation canadienne des tumeurs c\u00e9r\u00e9brales","isPartOf":{"@id":"https:\/\/www.braintumour.ca\/fr\/#website"},"primaryImageOfPage":{"@id":"https:\/\/www.braintumour.ca\/fr\/faire-face-a-une-tumeur-cerebrale\/young-adult\/fertility\/#primaryimage"},"image":{"@id":"https:\/\/www.braintumour.ca\/fr\/faire-face-a-une-tumeur-cerebrale\/young-adult\/fertility\/#primaryimage"},"thumbnailUrl":"https:\/\/www.braintumour.ca\/wp-content\/uploads\/2023\/02\/YA-Fertility-Final.png","datePublished":"2023-02-21T15:47:52+00:00","dateModified":"2023-03-03T11:57:49+00:00","description":"La pr\u00e9servation de la fertilit\u00e9 chez les jeunes adultes atteints d'une tumeur c\u00e9r\u00e9brale est un sujet qui n'est souvent pas bien abord\u00e9 avant et pendant les traitements.","breadcrumb":{"@id":"https:\/\/www.braintumour.ca\/fr\/faire-face-a-une-tumeur-cerebrale\/young-adult\/fertility\/#breadcrumb"},"inLanguage":"fr-CA","potentialAction":[{"@type":"ReadAction","target":["https:\/\/www.braintumour.ca\/fr\/faire-face-a-une-tumeur-cerebrale\/young-adult\/fertility\/"]}]},{"@type":"ImageObject","inLanguage":"fr-CA","@id":"https:\/\/www.braintumour.ca\/fr\/faire-face-a-une-tumeur-cerebrale\/young-adult\/fertility\/#primaryimage","url":"https:\/\/www.braintumour.ca\/wp-content\/uploads\/2023\/02\/YA-Fertility-Final.png","contentUrl":"https:\/\/www.braintumour.ca\/wp-content\/uploads\/2023\/02\/YA-Fertility-Final.png","width":1142,"height":696},{"@type":"BreadcrumbList","@id":"https:\/\/www.braintumour.ca\/fr\/faire-face-a-une-tumeur-cerebrale\/young-adult\/fertility\/#breadcrumb","itemListElement":[{"@type":"ListItem","position":1,"name":"Home","item":"https:\/\/www.braintumour.ca\/fr\/"},{"@type":"ListItem","position":2,"name":"Faire face \u00e0 une tumeur c\u00e9r\u00e9brale","item":"https:\/\/www.braintumour.ca\/fr\/faire-face-a-une-tumeur-cerebrale\/"},{"@type":"ListItem","position":3,"name":"Jeunes adultes","item":"https:\/\/www.braintumour.ca\/fr\/faire-face-a-une-tumeur-cerebrale\/young-adult\/"},{"@type":"ListItem","position":4,"name":"Fertilit\u00e9"}]},{"@type":"WebSite","@id":"https:\/\/www.braintumour.ca\/fr\/#website","url":"https:\/\/www.braintumour.ca\/fr\/","name":"Fondation canadienne des tumeurs c\u00e9r\u00e9brales","description":"Notre mission est de venir en aide \u00e0 toutes les personnes touch\u00e9es par une tumeur c\u00e9r\u00e9brale au Canada par le biais de nos programmes d\u2019information, de soutien, d\u2019\u00e9ducation et de recherche.","potentialAction":[{"@type":"SearchAction","target":{"@type":"EntryPoint","urlTemplate":"https:\/\/www.braintumour.ca\/fr\/?s={search_term_string}"},"query-input":{"@type":"PropertyValueSpecification","valueRequired":true,"valueName":"search_term_string"}}],"inLanguage":"fr-CA"}]}},"_links":{"self":[{"href":"https:\/\/www.braintumour.ca\/fr\/wp-json\/wp\/v2\/pages\/10863","targetHints":{"allow":["GET"]}}],"collection":[{"href":"https:\/\/www.braintumour.ca\/fr\/wp-json\/wp\/v2\/pages"}],"about":[{"href":"https:\/\/www.braintumour.ca\/fr\/wp-json\/wp\/v2\/types\/page"}],"author":[{"embeddable":true,"href":"https:\/\/www.braintumour.ca\/fr\/wp-json\/wp\/v2\/users\/4"}],"replies":[{"embeddable":true,"href":"https:\/\/www.braintumour.ca\/fr\/wp-json\/wp\/v2\/comments?post=10863"}],"version-history":[{"count":0,"href":"https:\/\/www.braintumour.ca\/fr\/wp-json\/wp\/v2\/pages\/10863\/revisions"}],"up":[{"embeddable":true,"href":"https:\/\/www.braintumour.ca\/fr\/wp-json\/wp\/v2\/pages\/10869"}],"wp:featuredmedia":[{"embeddable":true,"href":"https:\/\/www.braintumour.ca\/fr\/wp-json\/wp\/v2\/media\/10825"}],"wp:attachment":[{"href":"https:\/\/www.braintumour.ca\/fr\/wp-json\/wp\/v2\/media?parent=10863"}],"wp:term":[{"taxonomy":"user_type","embeddable":true,"href":"https:\/\/www.braintumour.ca\/fr\/wp-json\/wp\/v2\/user_type?post=10863"}],"curies":[{"name":"wp","href":"https:\/\/api.w.org\/{rel}","templated":true}]}}