{"id":10866,"date":"2023-02-21T10:51:18","date_gmt":"2023-02-21T15:51:18","guid":{"rendered":"https:\/\/www.braintumour.ca\/learning-and-development\/"},"modified":"2023-03-03T06:58:29","modified_gmt":"2023-03-03T11:58:29","slug":"learning-and-development","status":"publish","type":"page","link":"https:\/\/www.braintumour.ca\/fr\/faire-face-a-une-tumeur-cerebrale\/young-adult\/learning-and-development\/","title":{"rendered":"Apprentissage et d\u00e9veloppement"},"content":{"rendered":"<p>Les jeunes adultes qui subissent des traitements de chimioth\u00e9rapie ou d&rsquo;autres traitements intensifs contre le cancer peuvent \u00e9prouver des effets secondaires \u00e0 vie. La m\u00e9moire, la vitesse de traitement et la capacit\u00e9 d&rsquo;attention peuvent \u00eatre affect\u00e9es, ce qui implique qu&rsquo;il est difficile de traiter les informations et d&rsquo;apprendre au m\u00eame rythme qu&rsquo;avant le diagnostic. L&rsquo;exp\u00e9rience d&rsquo;apprentissage de chaque personne est diff\u00e9rente, et il est important d&rsquo;identifier les nouvelles techniques d&rsquo;apprentissage qui fonctionnent le mieux pour vous afin de continuer \u00e0 atteindre vos objectifs.<\/p>\n<p>Personne ne vous comprend mieux que vous. Essayez de d\u00e9fendre vos droits dans la mesure du possible et expliquez aux personnes qui vous soutiennent ce qui fonctionne le mieux pour vous. En gardant tout le monde sur la m\u00eame longueur d&rsquo;onde, vous vous assurez que les soins que vous recevez sont ceux qui vous conviennent. R\u00e9f\u00e9rez-vous aux programmes et services locaux ou visitez le site <a href=\"https:\/\/211.ca\/\" target=\"_blank\" rel=\"noopener\">211.ca<\/a> pour obtenir du soutien suppl\u00e9mentaire en mati\u00e8re d&rsquo;apprentissage et de d\u00e9veloppement pour les jeunes adultes.<\/p>\n","protected":false},"excerpt":{"rendered":"<p>Les jeunes adultes qui subissent des traitements de chimioth\u00e9rapie ou d&rsquo;autres traitements intensifs contre le cancer peuvent \u00e9prouver des effets [&hellip;]<\/p>\n","protected":false},"author":4,"featured_media":10820,"parent":10869,"menu_order":4,"comment_status":"closed","ping_status":"closed","template":"","meta":{"_acf_changed":false,"footnotes":""},"user_type":[133],"class_list":["post-10866","page","type-page","status-publish","has-post-thumbnail","hentry","user_type-patient-fr"],"acf":[],"yoast_head":"<!-- This site is optimized with the Yoast SEO Premium plugin v27.0 (Yoast SEO v27.0) - https:\/\/yoast.com\/product\/yoast-seo-premium-wordpress\/ -->\n<title>Apprentissage et d\u00e9veloppement - Fondation canadienne des tumeurs c\u00e9r\u00e9brales<\/title>\n<meta name=\"description\" content=\"Les jeunes adultes qui subissent des traitements de chimioth\u00e9rapie ou d&#039;autres traitements intensifs contre le cancer peuvent \u00e9prouver des effets secondaires \u00e0 vie.\" \/>\n<meta name=\"robots\" content=\"index, follow, max-snippet:-1, max-image-preview:large, max-video-preview:-1\" \/>\n<link rel=\"canonical\" href=\"https:\/\/www.braintumour.ca\/fr\/faire-face-a-une-tumeur-cerebrale\/young-adult\/learning-and-development\/\" \/>\n<meta property=\"og:locale\" content=\"fr_CA\" \/>\n<meta property=\"og:type\" content=\"article\" \/>\n<meta property=\"og:title\" content=\"Apprentissage et d\u00e9veloppement\" \/>\n<meta property=\"og:description\" content=\"Les jeunes adultes qui subissent des traitements de chimioth\u00e9rapie ou d&#039;autres traitements intensifs contre le cancer peuvent \u00e9prouver des effets secondaires \u00e0 vie.\" \/>\n<meta property=\"og:url\" content=\"https:\/\/www.braintumour.ca\/fr\/faire-face-a-une-tumeur-cerebrale\/young-adult\/learning-and-development\/\" \/>\n<meta property=\"og:site_name\" content=\"Fondation canadienne des tumeurs c\u00e9r\u00e9brales\" \/>\n<meta property=\"article:modified_time\" content=\"2023-03-03T11:58:29+00:00\" \/>\n<meta property=\"og:image\" content=\"https:\/\/www.braintumour.ca\/wp-content\/uploads\/2023\/02\/YA-Learning-and-Development.jpg\" \/>\n\t<meta property=\"og:image:width\" content=\"1158\" \/>\n\t<meta property=\"og:image:height\" content=\"681\" \/>\n\t<meta property=\"og:image:type\" content=\"image\/jpeg\" \/>\n<meta name=\"twitter:card\" content=\"summary_large_image\" \/>\n<meta name=\"twitter:label1\" content=\"Estimation du temps de lecture\" \/>\n\t<meta name=\"twitter:data1\" content=\"1 minute\" \/>\n<script type=\"application\/ld+json\" class=\"yoast-schema-graph\">{\"@context\":\"https:\/\/schema.org\",\"@graph\":[{\"@type\":\"WebPage\",\"@id\":\"https:\/\/www.braintumour.ca\/fr\/faire-face-a-une-tumeur-cerebrale\/young-adult\/learning-and-development\/\",\"url\":\"https:\/\/www.braintumour.ca\/fr\/faire-face-a-une-tumeur-cerebrale\/young-adult\/learning-and-development\/\",\"name\":\"Apprentissage et d\u00e9veloppement - Fondation canadienne des tumeurs c\u00e9r\u00e9brales\",\"isPartOf\":{\"@id\":\"https:\/\/www.braintumour.ca\/fr\/#website\"},\"primaryImageOfPage\":{\"@id\":\"https:\/\/www.braintumour.ca\/fr\/faire-face-a-une-tumeur-cerebrale\/young-adult\/learning-and-development\/#primaryimage\"},\"image\":{\"@id\":\"https:\/\/www.braintumour.ca\/fr\/faire-face-a-une-tumeur-cerebrale\/young-adult\/learning-and-development\/#primaryimage\"},\"thumbnailUrl\":\"https:\/\/www.braintumour.ca\/wp-content\/uploads\/2023\/02\/YA-Learning-and-Development.jpg\",\"datePublished\":\"2023-02-21T15:51:18+00:00\",\"dateModified\":\"2023-03-03T11:58:29+00:00\",\"description\":\"Les jeunes adultes qui subissent des traitements de chimioth\u00e9rapie ou d'autres traitements intensifs contre le cancer peuvent \u00e9prouver des effets secondaires \u00e0 vie.\",\"breadcrumb\":{\"@id\":\"https:\/\/www.braintumour.ca\/fr\/faire-face-a-une-tumeur-cerebrale\/young-adult\/learning-and-development\/#breadcrumb\"},\"inLanguage\":\"fr-CA\",\"potentialAction\":[{\"@type\":\"ReadAction\",\"target\":[\"https:\/\/www.braintumour.ca\/fr\/faire-face-a-une-tumeur-cerebrale\/young-adult\/learning-and-development\/\"]}]},{\"@type\":\"ImageObject\",\"inLanguage\":\"fr-CA\",\"@id\":\"https:\/\/www.braintumour.ca\/fr\/faire-face-a-une-tumeur-cerebrale\/young-adult\/learning-and-development\/#primaryimage\",\"url\":\"https:\/\/www.braintumour.ca\/wp-content\/uploads\/2023\/02\/YA-Learning-and-Development.jpg\",\"contentUrl\":\"https:\/\/www.braintumour.ca\/wp-content\/uploads\/2023\/02\/YA-Learning-and-Development.jpg\",\"width\":1158,\"height\":681},{\"@type\":\"BreadcrumbList\",\"@id\":\"https:\/\/www.braintumour.ca\/fr\/faire-face-a-une-tumeur-cerebrale\/young-adult\/learning-and-development\/#breadcrumb\",\"itemListElement\":[{\"@type\":\"ListItem\",\"position\":1,\"name\":\"Home\",\"item\":\"https:\/\/www.braintumour.ca\/fr\/\"},{\"@type\":\"ListItem\",\"position\":2,\"name\":\"Faire face \u00e0 une tumeur c\u00e9r\u00e9brale\",\"item\":\"https:\/\/www.braintumour.ca\/fr\/faire-face-a-une-tumeur-cerebrale\/\"},{\"@type\":\"ListItem\",\"position\":3,\"name\":\"Jeunes adultes\",\"item\":\"https:\/\/www.braintumour.ca\/fr\/faire-face-a-une-tumeur-cerebrale\/young-adult\/\"},{\"@type\":\"ListItem\",\"position\":4,\"name\":\"Apprentissage et d\u00e9veloppement\"}]},{\"@type\":\"WebSite\",\"@id\":\"https:\/\/www.braintumour.ca\/fr\/#website\",\"url\":\"https:\/\/www.braintumour.ca\/fr\/\",\"name\":\"Fondation canadienne des tumeurs c\u00e9r\u00e9brales\",\"description\":\"Notre mission est de venir en aide \u00e0 toutes les personnes touch\u00e9es par une tumeur c\u00e9r\u00e9brale au Canada par le biais de nos programmes d\u2019information, de soutien, d\u2019\u00e9ducation et de recherche.\",\"potentialAction\":[{\"@type\":\"SearchAction\",\"target\":{\"@type\":\"EntryPoint\",\"urlTemplate\":\"https:\/\/www.braintumour.ca\/fr\/?s={search_term_string}\"},\"query-input\":{\"@type\":\"PropertyValueSpecification\",\"valueRequired\":true,\"valueName\":\"search_term_string\"}}],\"inLanguage\":\"fr-CA\"}]}<\/script>\n<!-- \/ Yoast SEO Premium plugin. -->","yoast_head_json":{"title":"Apprentissage et d\u00e9veloppement - Fondation canadienne des tumeurs c\u00e9r\u00e9brales","description":"Les jeunes adultes qui subissent des traitements de chimioth\u00e9rapie ou d'autres traitements intensifs contre le cancer peuvent \u00e9prouver des effets secondaires \u00e0 vie.","robots":{"index":"index","follow":"follow","max-snippet":"max-snippet:-1","max-image-preview":"max-image-preview:large","max-video-preview":"max-video-preview:-1"},"canonical":"https:\/\/www.braintumour.ca\/fr\/faire-face-a-une-tumeur-cerebrale\/young-adult\/learning-and-development\/","og_locale":"fr_CA","og_type":"article","og_title":"Apprentissage et d\u00e9veloppement","og_description":"Les jeunes adultes qui subissent des traitements de chimioth\u00e9rapie ou d'autres traitements intensifs contre le cancer peuvent \u00e9prouver des effets secondaires \u00e0 vie.","og_url":"https:\/\/www.braintumour.ca\/fr\/faire-face-a-une-tumeur-cerebrale\/young-adult\/learning-and-development\/","og_site_name":"Fondation canadienne des tumeurs c\u00e9r\u00e9brales","article_modified_time":"2023-03-03T11:58:29+00:00","og_image":[{"width":1158,"height":681,"url":"https:\/\/www.braintumour.ca\/wp-content\/uploads\/2023\/02\/YA-Learning-and-Development.jpg","type":"image\/jpeg"}],"twitter_card":"summary_large_image","twitter_misc":{"Estimation du temps de lecture":"1 minute"},"schema":{"@context":"https:\/\/schema.org","@graph":[{"@type":"WebPage","@id":"https:\/\/www.braintumour.ca\/fr\/faire-face-a-une-tumeur-cerebrale\/young-adult\/learning-and-development\/","url":"https:\/\/www.braintumour.ca\/fr\/faire-face-a-une-tumeur-cerebrale\/young-adult\/learning-and-development\/","name":"Apprentissage et d\u00e9veloppement - Fondation canadienne des tumeurs c\u00e9r\u00e9brales","isPartOf":{"@id":"https:\/\/www.braintumour.ca\/fr\/#website"},"primaryImageOfPage":{"@id":"https:\/\/www.braintumour.ca\/fr\/faire-face-a-une-tumeur-cerebrale\/young-adult\/learning-and-development\/#primaryimage"},"image":{"@id":"https:\/\/www.braintumour.ca\/fr\/faire-face-a-une-tumeur-cerebrale\/young-adult\/learning-and-development\/#primaryimage"},"thumbnailUrl":"https:\/\/www.braintumour.ca\/wp-content\/uploads\/2023\/02\/YA-Learning-and-Development.jpg","datePublished":"2023-02-21T15:51:18+00:00","dateModified":"2023-03-03T11:58:29+00:00","description":"Les jeunes adultes qui subissent des traitements de chimioth\u00e9rapie ou d'autres traitements intensifs contre le cancer peuvent \u00e9prouver des effets secondaires \u00e0 vie.","breadcrumb":{"@id":"https:\/\/www.braintumour.ca\/fr\/faire-face-a-une-tumeur-cerebrale\/young-adult\/learning-and-development\/#breadcrumb"},"inLanguage":"fr-CA","potentialAction":[{"@type":"ReadAction","target":["https:\/\/www.braintumour.ca\/fr\/faire-face-a-une-tumeur-cerebrale\/young-adult\/learning-and-development\/"]}]},{"@type":"ImageObject","inLanguage":"fr-CA","@id":"https:\/\/www.braintumour.ca\/fr\/faire-face-a-une-tumeur-cerebrale\/young-adult\/learning-and-development\/#primaryimage","url":"https:\/\/www.braintumour.ca\/wp-content\/uploads\/2023\/02\/YA-Learning-and-Development.jpg","contentUrl":"https:\/\/www.braintumour.ca\/wp-content\/uploads\/2023\/02\/YA-Learning-and-Development.jpg","width":1158,"height":681},{"@type":"BreadcrumbList","@id":"https:\/\/www.braintumour.ca\/fr\/faire-face-a-une-tumeur-cerebrale\/young-adult\/learning-and-development\/#breadcrumb","itemListElement":[{"@type":"ListItem","position":1,"name":"Home","item":"https:\/\/www.braintumour.ca\/fr\/"},{"@type":"ListItem","position":2,"name":"Faire face \u00e0 une tumeur c\u00e9r\u00e9brale","item":"https:\/\/www.braintumour.ca\/fr\/faire-face-a-une-tumeur-cerebrale\/"},{"@type":"ListItem","position":3,"name":"Jeunes adultes","item":"https:\/\/www.braintumour.ca\/fr\/faire-face-a-une-tumeur-cerebrale\/young-adult\/"},{"@type":"ListItem","position":4,"name":"Apprentissage et d\u00e9veloppement"}]},{"@type":"WebSite","@id":"https:\/\/www.braintumour.ca\/fr\/#website","url":"https:\/\/www.braintumour.ca\/fr\/","name":"Fondation canadienne des tumeurs c\u00e9r\u00e9brales","description":"Notre mission est de venir en aide \u00e0 toutes les personnes touch\u00e9es par une tumeur c\u00e9r\u00e9brale au Canada par le biais de nos programmes d\u2019information, de soutien, d\u2019\u00e9ducation et de recherche.","potentialAction":[{"@type":"SearchAction","target":{"@type":"EntryPoint","urlTemplate":"https:\/\/www.braintumour.ca\/fr\/?s={search_term_string}"},"query-input":{"@type":"PropertyValueSpecification","valueRequired":true,"valueName":"search_term_string"}}],"inLanguage":"fr-CA"}]}},"_links":{"self":[{"href":"https:\/\/www.braintumour.ca\/fr\/wp-json\/wp\/v2\/pages\/10866","targetHints":{"allow":["GET"]}}],"collection":[{"href":"https:\/\/www.braintumour.ca\/fr\/wp-json\/wp\/v2\/pages"}],"about":[{"href":"https:\/\/www.braintumour.ca\/fr\/wp-json\/wp\/v2\/types\/page"}],"author":[{"embeddable":true,"href":"https:\/\/www.braintumour.ca\/fr\/wp-json\/wp\/v2\/users\/4"}],"replies":[{"embeddable":true,"href":"https:\/\/www.braintumour.ca\/fr\/wp-json\/wp\/v2\/comments?post=10866"}],"version-history":[{"count":0,"href":"https:\/\/www.braintumour.ca\/fr\/wp-json\/wp\/v2\/pages\/10866\/revisions"}],"up":[{"embeddable":true,"href":"https:\/\/www.braintumour.ca\/fr\/wp-json\/wp\/v2\/pages\/10869"}],"wp:featuredmedia":[{"embeddable":true,"href":"https:\/\/www.braintumour.ca\/fr\/wp-json\/wp\/v2\/media\/10820"}],"wp:attachment":[{"href":"https:\/\/www.braintumour.ca\/fr\/wp-json\/wp\/v2\/media?parent=10866"}],"wp:term":[{"taxonomy":"user_type","embeddable":true,"href":"https:\/\/www.braintumour.ca\/fr\/wp-json\/wp\/v2\/user_type?post=10866"}],"curies":[{"name":"wp","href":"https:\/\/api.w.org\/{rel}","templated":true}]}}