{"id":10869,"date":"2023-02-21T10:22:57","date_gmt":"2023-02-21T15:22:57","guid":{"rendered":"https:\/\/www.braintumour.ca\/faire-face-a-une-tumeur-cerebrale\/young-adult\/"},"modified":"2023-03-03T06:55:10","modified_gmt":"2023-03-03T11:55:10","slug":"young-adult","status":"publish","type":"page","link":"https:\/\/www.braintumour.ca\/fr\/faire-face-a-une-tumeur-cerebrale\/young-adult\/","title":{"rendered":"Jeunes adultes"},"content":{"rendered":"<p>Les jeunes adultes qui ont re\u00e7u un diagnostic de tumeur c\u00e9r\u00e9brale sont confront\u00e9s \u00e0 des d\u00e9fis inimaginables et poss\u00e8dent une force hors du commun. Le personnel et les b\u00e9n\u00e9voles de la Fondation canadienne des tumeurs c\u00e9r\u00e9brales sont l\u00e0 pour offrir du soutien, de l&rsquo;information et de l&rsquo;\u00e9ducation, et pour aider \u00e0 cr\u00e9er des liens, non seulement avec ces jeunes adultes, mais aussi avec leurs proches et leurs aidants.<\/p>\n<p>Ces ressources ont \u00e9t\u00e9 \u00e9labor\u00e9es en collaboration avec les \u00e9tudiants et \u00e9tudiantes de l&rsquo;\u00c9cole des sciences infirmi\u00e8res Ingram de l&rsquo;Universit\u00e9 McGill.<\/p>\n","protected":false},"excerpt":{"rendered":"<p>Les jeunes adultes qui ont re\u00e7u un diagnostic de tumeur c\u00e9r\u00e9brale sont confront\u00e9s \u00e0 des d\u00e9fis inimaginables et poss\u00e8dent une [&hellip;]<\/p>\n","protected":false},"author":4,"featured_media":10835,"parent":2524,"menu_order":3,"comment_status":"closed","ping_status":"closed","template":"page-templates\/parent--grid.php","meta":{"_acf_changed":false,"footnotes":""},"user_type":[133],"class_list":["post-10869","page","type-page","status-publish","has-post-thumbnail","hentry","user_type-patient-fr"],"acf":[],"yoast_head":"<!-- This site is optimized with the Yoast SEO Premium plugin v27.0 (Yoast SEO v27.0) - https:\/\/yoast.com\/product\/yoast-seo-premium-wordpress\/ -->\n<title>Jeunes adultes - Fondation canadienne des tumeurs c\u00e9r\u00e9brales<\/title>\n<meta name=\"description\" content=\"Les jeunes adultes qui ont re\u00e7u un diagnostic de tumeur c\u00e9r\u00e9brale sont confront\u00e9s \u00e0 des d\u00e9fis inimaginables et poss\u00e8dent une force hors du commun.\" \/>\n<meta name=\"robots\" content=\"index, follow, max-snippet:-1, max-image-preview:large, max-video-preview:-1\" \/>\n<link rel=\"canonical\" href=\"https:\/\/www.braintumour.ca\/fr\/faire-face-a-une-tumeur-cerebrale\/young-adult\/\" \/>\n<meta property=\"og:locale\" content=\"fr_CA\" \/>\n<meta property=\"og:type\" content=\"article\" \/>\n<meta property=\"og:title\" content=\"Jeunes adultes\" \/>\n<meta property=\"og:description\" content=\"Les jeunes adultes qui ont re\u00e7u un diagnostic de tumeur c\u00e9r\u00e9brale sont confront\u00e9s \u00e0 des d\u00e9fis inimaginables et poss\u00e8dent une force hors du commun.\" \/>\n<meta property=\"og:url\" content=\"https:\/\/www.braintumour.ca\/fr\/faire-face-a-une-tumeur-cerebrale\/young-adult\/\" \/>\n<meta property=\"og:site_name\" content=\"Fondation canadienne des tumeurs c\u00e9r\u00e9brales\" \/>\n<meta property=\"article:modified_time\" content=\"2023-03-03T11:55:10+00:00\" \/>\n<meta property=\"og:image\" content=\"https:\/\/www.braintumour.ca\/wp-content\/uploads\/2023\/02\/YA-Main-Home-Page-Banner.jpg\" \/>\n\t<meta property=\"og:image:width\" content=\"1441\" \/>\n\t<meta property=\"og:image:height\" content=\"594\" \/>\n\t<meta property=\"og:image:type\" content=\"image\/jpeg\" \/>\n<meta name=\"twitter:card\" content=\"summary_large_image\" \/>\n<meta name=\"twitter:label1\" content=\"Estimation du temps de lecture\" \/>\n\t<meta name=\"twitter:data1\" content=\"1 minute\" \/>\n<script type=\"application\/ld+json\" class=\"yoast-schema-graph\">{\"@context\":\"https:\/\/schema.org\",\"@graph\":[{\"@type\":\"WebPage\",\"@id\":\"https:\/\/www.braintumour.ca\/fr\/faire-face-a-une-tumeur-cerebrale\/young-adult\/\",\"url\":\"https:\/\/www.braintumour.ca\/fr\/faire-face-a-une-tumeur-cerebrale\/young-adult\/\",\"name\":\"Jeunes adultes - Fondation canadienne des tumeurs c\u00e9r\u00e9brales\",\"isPartOf\":{\"@id\":\"https:\/\/www.braintumour.ca\/fr\/#website\"},\"primaryImageOfPage\":{\"@id\":\"https:\/\/www.braintumour.ca\/fr\/faire-face-a-une-tumeur-cerebrale\/young-adult\/#primaryimage\"},\"image\":{\"@id\":\"https:\/\/www.braintumour.ca\/fr\/faire-face-a-une-tumeur-cerebrale\/young-adult\/#primaryimage\"},\"thumbnailUrl\":\"https:\/\/www.braintumour.ca\/wp-content\/uploads\/2023\/02\/YA-Main-Home-Page-Banner.jpg\",\"datePublished\":\"2023-02-21T15:22:57+00:00\",\"dateModified\":\"2023-03-03T11:55:10+00:00\",\"description\":\"Les jeunes adultes qui ont re\u00e7u un diagnostic de tumeur c\u00e9r\u00e9brale sont confront\u00e9s \u00e0 des d\u00e9fis inimaginables et poss\u00e8dent une force hors du commun.\",\"breadcrumb\":{\"@id\":\"https:\/\/www.braintumour.ca\/fr\/faire-face-a-une-tumeur-cerebrale\/young-adult\/#breadcrumb\"},\"inLanguage\":\"fr-CA\",\"potentialAction\":[{\"@type\":\"ReadAction\",\"target\":[\"https:\/\/www.braintumour.ca\/fr\/faire-face-a-une-tumeur-cerebrale\/young-adult\/\"]}]},{\"@type\":\"ImageObject\",\"inLanguage\":\"fr-CA\",\"@id\":\"https:\/\/www.braintumour.ca\/fr\/faire-face-a-une-tumeur-cerebrale\/young-adult\/#primaryimage\",\"url\":\"https:\/\/www.braintumour.ca\/wp-content\/uploads\/2023\/02\/YA-Main-Home-Page-Banner.jpg\",\"contentUrl\":\"https:\/\/www.braintumour.ca\/wp-content\/uploads\/2023\/02\/YA-Main-Home-Page-Banner.jpg\",\"width\":1441,\"height\":594},{\"@type\":\"BreadcrumbList\",\"@id\":\"https:\/\/www.braintumour.ca\/fr\/faire-face-a-une-tumeur-cerebrale\/young-adult\/#breadcrumb\",\"itemListElement\":[{\"@type\":\"ListItem\",\"position\":1,\"name\":\"Home\",\"item\":\"https:\/\/www.braintumour.ca\/fr\/\"},{\"@type\":\"ListItem\",\"position\":2,\"name\":\"Faire face \u00e0 une tumeur c\u00e9r\u00e9brale\",\"item\":\"https:\/\/www.braintumour.ca\/fr\/faire-face-a-une-tumeur-cerebrale\/\"},{\"@type\":\"ListItem\",\"position\":3,\"name\":\"Jeunes adultes\"}]},{\"@type\":\"WebSite\",\"@id\":\"https:\/\/www.braintumour.ca\/fr\/#website\",\"url\":\"https:\/\/www.braintumour.ca\/fr\/\",\"name\":\"Fondation canadienne des tumeurs c\u00e9r\u00e9brales\",\"description\":\"Notre mission est de venir en aide \u00e0 toutes les personnes touch\u00e9es par une tumeur c\u00e9r\u00e9brale au Canada par le biais de nos programmes d\u2019information, de soutien, d\u2019\u00e9ducation et de recherche.\",\"potentialAction\":[{\"@type\":\"SearchAction\",\"target\":{\"@type\":\"EntryPoint\",\"urlTemplate\":\"https:\/\/www.braintumour.ca\/fr\/?s={search_term_string}\"},\"query-input\":{\"@type\":\"PropertyValueSpecification\",\"valueRequired\":true,\"valueName\":\"search_term_string\"}}],\"inLanguage\":\"fr-CA\"}]}<\/script>\n<!-- \/ Yoast SEO Premium plugin. -->","yoast_head_json":{"title":"Jeunes adultes - Fondation canadienne des tumeurs c\u00e9r\u00e9brales","description":"Les jeunes adultes qui ont re\u00e7u un diagnostic de tumeur c\u00e9r\u00e9brale sont confront\u00e9s \u00e0 des d\u00e9fis inimaginables et poss\u00e8dent une force hors du commun.","robots":{"index":"index","follow":"follow","max-snippet":"max-snippet:-1","max-image-preview":"max-image-preview:large","max-video-preview":"max-video-preview:-1"},"canonical":"https:\/\/www.braintumour.ca\/fr\/faire-face-a-une-tumeur-cerebrale\/young-adult\/","og_locale":"fr_CA","og_type":"article","og_title":"Jeunes adultes","og_description":"Les jeunes adultes qui ont re\u00e7u un diagnostic de tumeur c\u00e9r\u00e9brale sont confront\u00e9s \u00e0 des d\u00e9fis inimaginables et poss\u00e8dent une force hors du commun.","og_url":"https:\/\/www.braintumour.ca\/fr\/faire-face-a-une-tumeur-cerebrale\/young-adult\/","og_site_name":"Fondation canadienne des tumeurs c\u00e9r\u00e9brales","article_modified_time":"2023-03-03T11:55:10+00:00","og_image":[{"width":1441,"height":594,"url":"https:\/\/www.braintumour.ca\/wp-content\/uploads\/2023\/02\/YA-Main-Home-Page-Banner.jpg","type":"image\/jpeg"}],"twitter_card":"summary_large_image","twitter_misc":{"Estimation du temps de lecture":"1 minute"},"schema":{"@context":"https:\/\/schema.org","@graph":[{"@type":"WebPage","@id":"https:\/\/www.braintumour.ca\/fr\/faire-face-a-une-tumeur-cerebrale\/young-adult\/","url":"https:\/\/www.braintumour.ca\/fr\/faire-face-a-une-tumeur-cerebrale\/young-adult\/","name":"Jeunes adultes - Fondation canadienne des tumeurs c\u00e9r\u00e9brales","isPartOf":{"@id":"https:\/\/www.braintumour.ca\/fr\/#website"},"primaryImageOfPage":{"@id":"https:\/\/www.braintumour.ca\/fr\/faire-face-a-une-tumeur-cerebrale\/young-adult\/#primaryimage"},"image":{"@id":"https:\/\/www.braintumour.ca\/fr\/faire-face-a-une-tumeur-cerebrale\/young-adult\/#primaryimage"},"thumbnailUrl":"https:\/\/www.braintumour.ca\/wp-content\/uploads\/2023\/02\/YA-Main-Home-Page-Banner.jpg","datePublished":"2023-02-21T15:22:57+00:00","dateModified":"2023-03-03T11:55:10+00:00","description":"Les jeunes adultes qui ont re\u00e7u un diagnostic de tumeur c\u00e9r\u00e9brale sont confront\u00e9s \u00e0 des d\u00e9fis inimaginables et poss\u00e8dent une force hors du commun.","breadcrumb":{"@id":"https:\/\/www.braintumour.ca\/fr\/faire-face-a-une-tumeur-cerebrale\/young-adult\/#breadcrumb"},"inLanguage":"fr-CA","potentialAction":[{"@type":"ReadAction","target":["https:\/\/www.braintumour.ca\/fr\/faire-face-a-une-tumeur-cerebrale\/young-adult\/"]}]},{"@type":"ImageObject","inLanguage":"fr-CA","@id":"https:\/\/www.braintumour.ca\/fr\/faire-face-a-une-tumeur-cerebrale\/young-adult\/#primaryimage","url":"https:\/\/www.braintumour.ca\/wp-content\/uploads\/2023\/02\/YA-Main-Home-Page-Banner.jpg","contentUrl":"https:\/\/www.braintumour.ca\/wp-content\/uploads\/2023\/02\/YA-Main-Home-Page-Banner.jpg","width":1441,"height":594},{"@type":"BreadcrumbList","@id":"https:\/\/www.braintumour.ca\/fr\/faire-face-a-une-tumeur-cerebrale\/young-adult\/#breadcrumb","itemListElement":[{"@type":"ListItem","position":1,"name":"Home","item":"https:\/\/www.braintumour.ca\/fr\/"},{"@type":"ListItem","position":2,"name":"Faire face \u00e0 une tumeur c\u00e9r\u00e9brale","item":"https:\/\/www.braintumour.ca\/fr\/faire-face-a-une-tumeur-cerebrale\/"},{"@type":"ListItem","position":3,"name":"Jeunes adultes"}]},{"@type":"WebSite","@id":"https:\/\/www.braintumour.ca\/fr\/#website","url":"https:\/\/www.braintumour.ca\/fr\/","name":"Fondation canadienne des tumeurs c\u00e9r\u00e9brales","description":"Notre mission est de venir en aide \u00e0 toutes les personnes touch\u00e9es par une tumeur c\u00e9r\u00e9brale au Canada par le biais de nos programmes d\u2019information, de soutien, d\u2019\u00e9ducation et de recherche.","potentialAction":[{"@type":"SearchAction","target":{"@type":"EntryPoint","urlTemplate":"https:\/\/www.braintumour.ca\/fr\/?s={search_term_string}"},"query-input":{"@type":"PropertyValueSpecification","valueRequired":true,"valueName":"search_term_string"}}],"inLanguage":"fr-CA"}]}},"_links":{"self":[{"href":"https:\/\/www.braintumour.ca\/fr\/wp-json\/wp\/v2\/pages\/10869","targetHints":{"allow":["GET"]}}],"collection":[{"href":"https:\/\/www.braintumour.ca\/fr\/wp-json\/wp\/v2\/pages"}],"about":[{"href":"https:\/\/www.braintumour.ca\/fr\/wp-json\/wp\/v2\/types\/page"}],"author":[{"embeddable":true,"href":"https:\/\/www.braintumour.ca\/fr\/wp-json\/wp\/v2\/users\/4"}],"replies":[{"embeddable":true,"href":"https:\/\/www.braintumour.ca\/fr\/wp-json\/wp\/v2\/comments?post=10869"}],"version-history":[{"count":0,"href":"https:\/\/www.braintumour.ca\/fr\/wp-json\/wp\/v2\/pages\/10869\/revisions"}],"up":[{"embeddable":true,"href":"https:\/\/www.braintumour.ca\/fr\/wp-json\/wp\/v2\/pages\/2524"}],"wp:featuredmedia":[{"embeddable":true,"href":"https:\/\/www.braintumour.ca\/fr\/wp-json\/wp\/v2\/media\/10835"}],"wp:attachment":[{"href":"https:\/\/www.braintumour.ca\/fr\/wp-json\/wp\/v2\/media?parent=10869"}],"wp:term":[{"taxonomy":"user_type","embeddable":true,"href":"https:\/\/www.braintumour.ca\/fr\/wp-json\/wp\/v2\/user_type?post=10869"}],"curies":[{"name":"wp","href":"https:\/\/api.w.org\/{rel}","templated":true}]}}