{"id":11212,"date":"2023-06-08T08:22:12","date_gmt":"2023-06-08T12:22:12","guid":{"rendered":"https:\/\/www.braintumour.ca\/in-person-walk-cancellations\/"},"modified":"2024-11-04T19:23:17","modified_gmt":"2024-11-05T00:23:17","slug":"in-person-walk-cancellations","status":"publish","type":"page","link":"https:\/\/www.braintumour.ca\/fr\/in-person-walk-cancellations\/","title":{"rendered":"Annulation de marche(s) <br>en personne"},"content":{"rendered":"","protected":false},"excerpt":{"rendered":"","protected":false},"author":4,"featured_media":10683,"parent":0,"menu_order":0,"comment_status":"closed","ping_status":"closed","template":"","meta":{"_acf_changed":false,"footnotes":""},"user_type":[],"class_list":["post-11212","page","type-page","status-publish","has-post-thumbnail","hentry"],"acf":[],"yoast_head":"<!-- This site is optimized with the Yoast SEO Premium plugin v27.0 (Yoast SEO v27.0) - https:\/\/yoast.com\/product\/yoast-seo-premium-wordpress\/ -->\n<title>Annulation de marche(s) en personne - Fondation canadienne des tumeurs c\u00e9r\u00e9brales<\/title>\n<meta name=\"description\" content=\"Nous surveillons attentivement l&#039;\u00e9volution de la situation en ce qui concerne les incendies et les pr\u00e9occupations li\u00e9es \u00e0 la qualit\u00e9 de l&#039;air \u00e0 travers le pays.\" \/>\n<meta name=\"robots\" content=\"index, follow, max-snippet:-1, max-image-preview:large, max-video-preview:-1\" \/>\n<link rel=\"canonical\" href=\"https:\/\/www.braintumour.ca\/fr\/in-person-walk-cancellations\/\" \/>\n<meta property=\"og:locale\" content=\"fr_CA\" \/>\n<meta property=\"og:type\" content=\"article\" \/>\n<meta property=\"og:title\" content=\"Annulation de marche(s) en personne\" \/>\n<meta property=\"og:description\" content=\"Nous surveillons attentivement l&#039;\u00e9volution de la situation en ce qui concerne les incendies et les pr\u00e9occupations li\u00e9es \u00e0 la qualit\u00e9 de l&#039;air \u00e0 travers le pays.\" \/>\n<meta property=\"og:url\" content=\"https:\/\/www.braintumour.ca\/fr\/in-person-walk-cancellations\/\" \/>\n<meta property=\"og:site_name\" content=\"Fondation canadienne des tumeurs c\u00e9r\u00e9brales\" \/>\n<meta property=\"article:modified_time\" content=\"2024-11-05T00:23:17+00:00\" \/>\n<meta property=\"og:image\" content=\"https:\/\/www.braintumour.ca\/wp-content\/uploads\/2023\/01\/Home-Page-Banner-2023.png\" \/>\n\t<meta property=\"og:image:width\" content=\"1800\" \/>\n\t<meta property=\"og:image:height\" content=\"644\" \/>\n\t<meta property=\"og:image:type\" content=\"image\/png\" \/>\n<meta name=\"twitter:card\" content=\"summary_large_image\" \/>\n<meta name=\"twitter:label1\" content=\"Estimation du temps de lecture\" \/>\n\t<meta name=\"twitter:data1\" content=\"3 minutes\" \/>\n<script type=\"application\/ld+json\" class=\"yoast-schema-graph\">{\"@context\":\"https:\/\/schema.org\",\"@graph\":[{\"@type\":\"WebPage\",\"@id\":\"https:\/\/www.braintumour.ca\/fr\/in-person-walk-cancellations\/\",\"url\":\"https:\/\/www.braintumour.ca\/fr\/in-person-walk-cancellations\/\",\"name\":\"Annulation de marche(s) en personne - Fondation canadienne des tumeurs c\u00e9r\u00e9brales\",\"isPartOf\":{\"@id\":\"https:\/\/www.braintumour.ca\/fr\/#website\"},\"primaryImageOfPage\":{\"@id\":\"https:\/\/www.braintumour.ca\/fr\/in-person-walk-cancellations\/#primaryimage\"},\"image\":{\"@id\":\"https:\/\/www.braintumour.ca\/fr\/in-person-walk-cancellations\/#primaryimage\"},\"thumbnailUrl\":\"https:\/\/www.braintumour.ca\/wp-content\/uploads\/2023\/01\/Home-Page-Banner-2023.png\",\"datePublished\":\"2023-06-08T12:22:12+00:00\",\"dateModified\":\"2024-11-05T00:23:17+00:00\",\"description\":\"Nous surveillons attentivement l'\u00e9volution de la situation en ce qui concerne les incendies et les pr\u00e9occupations li\u00e9es \u00e0 la qualit\u00e9 de l'air \u00e0 travers le pays.\",\"breadcrumb\":{\"@id\":\"https:\/\/www.braintumour.ca\/fr\/in-person-walk-cancellations\/#breadcrumb\"},\"inLanguage\":\"fr-CA\",\"potentialAction\":[{\"@type\":\"ReadAction\",\"target\":[\"https:\/\/www.braintumour.ca\/fr\/in-person-walk-cancellations\/\"]}]},{\"@type\":\"ImageObject\",\"inLanguage\":\"fr-CA\",\"@id\":\"https:\/\/www.braintumour.ca\/fr\/in-person-walk-cancellations\/#primaryimage\",\"url\":\"https:\/\/www.braintumour.ca\/wp-content\/uploads\/2023\/01\/Home-Page-Banner-2023.png\",\"contentUrl\":\"https:\/\/www.braintumour.ca\/wp-content\/uploads\/2023\/01\/Home-Page-Banner-2023.png\",\"width\":1800,\"height\":644},{\"@type\":\"BreadcrumbList\",\"@id\":\"https:\/\/www.braintumour.ca\/fr\/in-person-walk-cancellations\/#breadcrumb\",\"itemListElement\":[{\"@type\":\"ListItem\",\"position\":1,\"name\":\"Home\",\"item\":\"https:\/\/www.braintumour.ca\/fr\/\"},{\"@type\":\"ListItem\",\"position\":2,\"name\":\"Annulation de marche(s) en personne\"}]},{\"@type\":\"WebSite\",\"@id\":\"https:\/\/www.braintumour.ca\/fr\/#website\",\"url\":\"https:\/\/www.braintumour.ca\/fr\/\",\"name\":\"Fondation canadienne des tumeurs c\u00e9r\u00e9brales\",\"description\":\"Notre mission est de venir en aide \u00e0 toutes les personnes touch\u00e9es par une tumeur c\u00e9r\u00e9brale au Canada par le biais de nos programmes d\u2019information, de soutien, d\u2019\u00e9ducation et de recherche.\",\"potentialAction\":[{\"@type\":\"SearchAction\",\"target\":{\"@type\":\"EntryPoint\",\"urlTemplate\":\"https:\/\/www.braintumour.ca\/fr\/?s={search_term_string}\"},\"query-input\":{\"@type\":\"PropertyValueSpecification\",\"valueRequired\":true,\"valueName\":\"search_term_string\"}}],\"inLanguage\":\"fr-CA\"}]}<\/script>\n<!-- \/ Yoast SEO Premium plugin. -->","yoast_head_json":{"title":"Annulation de marche(s) en personne - Fondation canadienne des tumeurs c\u00e9r\u00e9brales","description":"Nous surveillons attentivement l'\u00e9volution de la situation en ce qui concerne les incendies et les pr\u00e9occupations li\u00e9es \u00e0 la qualit\u00e9 de l'air \u00e0 travers le pays.","robots":{"index":"index","follow":"follow","max-snippet":"max-snippet:-1","max-image-preview":"max-image-preview:large","max-video-preview":"max-video-preview:-1"},"canonical":"https:\/\/www.braintumour.ca\/fr\/in-person-walk-cancellations\/","og_locale":"fr_CA","og_type":"article","og_title":"Annulation de marche(s) en personne","og_description":"Nous surveillons attentivement l'\u00e9volution de la situation en ce qui concerne les incendies et les pr\u00e9occupations li\u00e9es \u00e0 la qualit\u00e9 de l'air \u00e0 travers le pays.","og_url":"https:\/\/www.braintumour.ca\/fr\/in-person-walk-cancellations\/","og_site_name":"Fondation canadienne des tumeurs c\u00e9r\u00e9brales","article_modified_time":"2024-11-05T00:23:17+00:00","og_image":[{"width":1800,"height":644,"url":"https:\/\/www.braintumour.ca\/wp-content\/uploads\/2023\/01\/Home-Page-Banner-2023.png","type":"image\/png"}],"twitter_card":"summary_large_image","twitter_misc":{"Estimation du temps de lecture":"3 minutes"},"schema":{"@context":"https:\/\/schema.org","@graph":[{"@type":"WebPage","@id":"https:\/\/www.braintumour.ca\/fr\/in-person-walk-cancellations\/","url":"https:\/\/www.braintumour.ca\/fr\/in-person-walk-cancellations\/","name":"Annulation de marche(s) en personne - Fondation canadienne des tumeurs c\u00e9r\u00e9brales","isPartOf":{"@id":"https:\/\/www.braintumour.ca\/fr\/#website"},"primaryImageOfPage":{"@id":"https:\/\/www.braintumour.ca\/fr\/in-person-walk-cancellations\/#primaryimage"},"image":{"@id":"https:\/\/www.braintumour.ca\/fr\/in-person-walk-cancellations\/#primaryimage"},"thumbnailUrl":"https:\/\/www.braintumour.ca\/wp-content\/uploads\/2023\/01\/Home-Page-Banner-2023.png","datePublished":"2023-06-08T12:22:12+00:00","dateModified":"2024-11-05T00:23:17+00:00","description":"Nous surveillons attentivement l'\u00e9volution de la situation en ce qui concerne les incendies et les pr\u00e9occupations li\u00e9es \u00e0 la qualit\u00e9 de l'air \u00e0 travers le pays.","breadcrumb":{"@id":"https:\/\/www.braintumour.ca\/fr\/in-person-walk-cancellations\/#breadcrumb"},"inLanguage":"fr-CA","potentialAction":[{"@type":"ReadAction","target":["https:\/\/www.braintumour.ca\/fr\/in-person-walk-cancellations\/"]}]},{"@type":"ImageObject","inLanguage":"fr-CA","@id":"https:\/\/www.braintumour.ca\/fr\/in-person-walk-cancellations\/#primaryimage","url":"https:\/\/www.braintumour.ca\/wp-content\/uploads\/2023\/01\/Home-Page-Banner-2023.png","contentUrl":"https:\/\/www.braintumour.ca\/wp-content\/uploads\/2023\/01\/Home-Page-Banner-2023.png","width":1800,"height":644},{"@type":"BreadcrumbList","@id":"https:\/\/www.braintumour.ca\/fr\/in-person-walk-cancellations\/#breadcrumb","itemListElement":[{"@type":"ListItem","position":1,"name":"Home","item":"https:\/\/www.braintumour.ca\/fr\/"},{"@type":"ListItem","position":2,"name":"Annulation de marche(s) en personne"}]},{"@type":"WebSite","@id":"https:\/\/www.braintumour.ca\/fr\/#website","url":"https:\/\/www.braintumour.ca\/fr\/","name":"Fondation canadienne des tumeurs c\u00e9r\u00e9brales","description":"Notre mission est de venir en aide \u00e0 toutes les personnes touch\u00e9es par une tumeur c\u00e9r\u00e9brale au Canada par le biais de nos programmes d\u2019information, de soutien, d\u2019\u00e9ducation et de recherche.","potentialAction":[{"@type":"SearchAction","target":{"@type":"EntryPoint","urlTemplate":"https:\/\/www.braintumour.ca\/fr\/?s={search_term_string}"},"query-input":{"@type":"PropertyValueSpecification","valueRequired":true,"valueName":"search_term_string"}}],"inLanguage":"fr-CA"}]}},"_links":{"self":[{"href":"https:\/\/www.braintumour.ca\/fr\/wp-json\/wp\/v2\/pages\/11212","targetHints":{"allow":["GET"]}}],"collection":[{"href":"https:\/\/www.braintumour.ca\/fr\/wp-json\/wp\/v2\/pages"}],"about":[{"href":"https:\/\/www.braintumour.ca\/fr\/wp-json\/wp\/v2\/types\/page"}],"author":[{"embeddable":true,"href":"https:\/\/www.braintumour.ca\/fr\/wp-json\/wp\/v2\/users\/4"}],"replies":[{"embeddable":true,"href":"https:\/\/www.braintumour.ca\/fr\/wp-json\/wp\/v2\/comments?post=11212"}],"version-history":[{"count":0,"href":"https:\/\/www.braintumour.ca\/fr\/wp-json\/wp\/v2\/pages\/11212\/revisions"}],"wp:featuredmedia":[{"embeddable":true,"href":"https:\/\/www.braintumour.ca\/fr\/wp-json\/wp\/v2\/media\/10683"}],"wp:attachment":[{"href":"https:\/\/www.braintumour.ca\/fr\/wp-json\/wp\/v2\/media?parent=11212"}],"wp:term":[{"taxonomy":"user_type","embeddable":true,"href":"https:\/\/www.braintumour.ca\/fr\/wp-json\/wp\/v2\/user_type?post=11212"}],"curies":[{"name":"wp","href":"https:\/\/api.w.org\/{rel}","templated":true}]}}