{"id":11325,"date":"2023-08-24T11:59:25","date_gmt":"2023-08-24T15:59:25","guid":{"rendered":"https:\/\/www.braintumour.ca\/?page_id=11325"},"modified":"2023-08-24T11:59:25","modified_gmt":"2023-08-24T15:59:25","slug":"formulaire-de-dons-les-tuques-pour-lespoir-2023","status":"publish","type":"page","link":"https:\/\/www.braintumour.ca\/fr\/formulaire-de-dons-les-tuques-pour-lespoir-2023\/","title":{"rendered":"Formulaire de dons les Tuques pour l&rsquo;espoir 2023"},"content":{"rendered":"<div id=\"bbox-root\">\n<p>Merci de faire un don \u00e0 la campagne les Tuques pour l&rsquo;espoir. Gr\u00e2ce \u00e0 votre soutien, vous permettez de sensibiliser la population au cancer du cerveau et aux tumeurs c\u00e9r\u00e9brales.<\/p>\n<p>C&rsquo;est \u00e9galement gr\u00e2ce \u00e0 votre g\u00e9n\u00e9rosit\u00e9 que la Fondation canadienne des tumeurs c\u00e9r\u00e9brales peut continuer \u00e0 financer la recherche, le soutien et les programmes \u00e9ducatifs qui donnent de l&rsquo;espoir \u00e0 la communaut\u00e9 des tumeurs c\u00e9r\u00e9brales.<\/p>\n<p style=\"color: white;\">.<\/p>\n<\/div>\n<div>\n<div id=\"bbox-root\"><\/div>\n<p><script type=\"text\/javascript\">\n       window.bboxInit = function () {\n           bbox.showForm('5d97c8f3-14a8-4205-98ed-39b86d1a27b3');\n       };\n       (function () {\n           var e = document.createElement('script'); e.async = true;\n           e.src = 'https:\/\/bbox.blackbaudhosting.com\/webforms\/bbox-min.js';\n           document.getElementsByTagName('head')[0].appendChild(e);\n       } ());\n<\/script><br \/>\n<script>var SmartDONORCOVEROLXSettings = {\"product\":\"SmartDONORCOVEROLX\",\"prompt\":\"I wish to cover transaction fees for Brain Tumour Foundation of Canada (increase my donation to accomplish this) \/ Je souhaite couvrir les frais de transaction de la Fondation canadienne des tumeurs c\u00e9r\u00e9brales (s.v.p. augmentez le montant de mon don pour y parvenir).  \",\"summary\":\"[fee] transaction fees will be added to your donation amount \/ en frais de transaction seront ajout\u00e9s au montant total de votre don.\",\"hideOther\":false,\"flatFeeMode\":false,\"defaulton\":true,\"variable\":2.598,\"fixed\":0.26,\"client\":\"equigg@braintumour.ca\"}<\/script><!--  (c) 2020 The SmartTHING Limited File smartdonorcoverolx-display provided under license to equigg@braintumour.ca Last updated 11\/12\/2020 01:15:18 pm --> <script src=\"https:\/\/www.smartthing2.com\/download\/file.php?jsformat=1&#038;olx=1&#038;f=-js.html&#038;c=equigg@braintumour.ca&#038;k=DON200192\"><\/script><script src=\"https:\/\/doublethedonation.com\/api\/js\/ddplugin.js\"><\/script> <link href=\"https:\/\/doublethedonation.com\/api\/css\/ddplugin.css\" rel=\"stylesheet\"\/> <script> var DDCONF = {API_KEY: \"v0t13A9yEExoA68t\", campaign: document.title, dd_input_label_text: \"Check to see if your employer offers a matching gift program! \/ V\u00e9rifiez si votre employeur offre un programme de jumelage de dons!\"}; doublethedonation.integrations.embed.onlineexpress.v1.init(); <\/script><\/p>\n<\/div>\n<\/div>\n","protected":false},"excerpt":{"rendered":"<p>Merci de faire un don \u00e0 la campagne les Tuques pour l&rsquo;espoir. Gr\u00e2ce \u00e0 votre soutien, vous permettez de sensibiliser [&hellip;]<\/p>\n","protected":false},"author":4,"featured_media":7890,"parent":0,"menu_order":37,"comment_status":"closed","ping_status":"closed","template":"","meta":{"_acf_changed":false,"footnotes":""},"user_type":[],"class_list":["post-11325","page","type-page","status-publish","has-post-thumbnail","hentry"],"acf":[],"yoast_head":"<!-- This site is optimized with the Yoast SEO Premium plugin v27.0 (Yoast SEO v27.0) - https:\/\/yoast.com\/product\/yoast-seo-premium-wordpress\/ -->\n<title>Formulaire de dons les Tuques pour l&#039;espoir 2023 - Fondation canadienne des tumeurs c\u00e9r\u00e9brales<\/title>\n<meta name=\"description\" content=\"La campagne les Tuques pour l&#039;espoir permet de sensibiliser la population aux tumeurs c\u00e9r\u00e9brales.\" \/>\n<meta name=\"robots\" content=\"index, follow, max-snippet:-1, max-image-preview:large, max-video-preview:-1\" \/>\n<link rel=\"canonical\" href=\"https:\/\/www.braintumour.ca\/fr\/formulaire-de-dons-les-tuques-pour-lespoir-2023\/\" \/>\n<meta property=\"og:locale\" content=\"fr_CA\" \/>\n<meta property=\"og:type\" content=\"article\" \/>\n<meta property=\"og:title\" content=\"Formulaire de dons les Tuques pour l&#039;espoir 2023\" \/>\n<meta property=\"og:description\" content=\"La campagne les Tuques pour l&#039;espoir permet de sensibiliser la population aux tumeurs c\u00e9r\u00e9brales.\" \/>\n<meta property=\"og:url\" content=\"https:\/\/www.braintumour.ca\/fr\/formulaire-de-dons-les-tuques-pour-lespoir-2023\/\" \/>\n<meta property=\"og:site_name\" content=\"Fondation canadienne des tumeurs c\u00e9r\u00e9brales\" \/>\n<meta property=\"og:image\" content=\"https:\/\/www.braintumour.ca\/wp-content\/uploads\/2021\/08\/Toque-Collage-Feature-Image-2-1024x1024.jpg\" \/>\n\t<meta property=\"og:image:width\" content=\"1024\" \/>\n\t<meta property=\"og:image:height\" content=\"1024\" \/>\n\t<meta property=\"og:image:type\" content=\"image\/jpeg\" \/>\n<meta name=\"twitter:card\" content=\"summary_large_image\" \/>\n<meta name=\"twitter:label1\" content=\"Estimation du temps de lecture\" \/>\n\t<meta name=\"twitter:data1\" content=\"1 minute\" \/>\n<script type=\"application\/ld+json\" class=\"yoast-schema-graph\">{\"@context\":\"https:\/\/schema.org\",\"@graph\":[{\"@type\":\"WebPage\",\"@id\":\"https:\/\/www.braintumour.ca\/fr\/formulaire-de-dons-les-tuques-pour-lespoir-2023\/\",\"url\":\"https:\/\/www.braintumour.ca\/fr\/formulaire-de-dons-les-tuques-pour-lespoir-2023\/\",\"name\":\"Formulaire de dons les Tuques pour l'espoir 2023 - Fondation canadienne des tumeurs c\u00e9r\u00e9brales\",\"isPartOf\":{\"@id\":\"https:\/\/www.braintumour.ca\/fr\/#website\"},\"primaryImageOfPage\":{\"@id\":\"https:\/\/www.braintumour.ca\/fr\/formulaire-de-dons-les-tuques-pour-lespoir-2023\/#primaryimage\"},\"image\":{\"@id\":\"https:\/\/www.braintumour.ca\/fr\/formulaire-de-dons-les-tuques-pour-lespoir-2023\/#primaryimage\"},\"thumbnailUrl\":\"https:\/\/www.braintumour.ca\/wp-content\/uploads\/2021\/08\/Toque-Collage-Feature-Image-2.jpg\",\"datePublished\":\"2023-08-24T15:59:25+00:00\",\"description\":\"La campagne les Tuques pour l'espoir permet de sensibiliser la population aux tumeurs c\u00e9r\u00e9brales.\",\"breadcrumb\":{\"@id\":\"https:\/\/www.braintumour.ca\/fr\/formulaire-de-dons-les-tuques-pour-lespoir-2023\/#breadcrumb\"},\"inLanguage\":\"fr-CA\",\"potentialAction\":[{\"@type\":\"ReadAction\",\"target\":[\"https:\/\/www.braintumour.ca\/fr\/formulaire-de-dons-les-tuques-pour-lespoir-2023\/\"]}]},{\"@type\":\"ImageObject\",\"inLanguage\":\"fr-CA\",\"@id\":\"https:\/\/www.braintumour.ca\/fr\/formulaire-de-dons-les-tuques-pour-lespoir-2023\/#primaryimage\",\"url\":\"https:\/\/www.braintumour.ca\/wp-content\/uploads\/2021\/08\/Toque-Collage-Feature-Image-2.jpg\",\"contentUrl\":\"https:\/\/www.braintumour.ca\/wp-content\/uploads\/2021\/08\/Toque-Collage-Feature-Image-2.jpg\",\"width\":2400,\"height\":2400,\"caption\":\"Hats for Hope Donation Banner\"},{\"@type\":\"BreadcrumbList\",\"@id\":\"https:\/\/www.braintumour.ca\/fr\/formulaire-de-dons-les-tuques-pour-lespoir-2023\/#breadcrumb\",\"itemListElement\":[{\"@type\":\"ListItem\",\"position\":1,\"name\":\"Home\",\"item\":\"https:\/\/www.braintumour.ca\/fr\/\"},{\"@type\":\"ListItem\",\"position\":2,\"name\":\"Formulaire de dons les Tuques pour l&#8217;espoir 2023\"}]},{\"@type\":\"WebSite\",\"@id\":\"https:\/\/www.braintumour.ca\/fr\/#website\",\"url\":\"https:\/\/www.braintumour.ca\/fr\/\",\"name\":\"Fondation canadienne des tumeurs c\u00e9r\u00e9brales\",\"description\":\"Notre mission est de venir en aide \u00e0 toutes les personnes touch\u00e9es par une tumeur c\u00e9r\u00e9brale au Canada par le biais de nos programmes d\u2019information, de soutien, d\u2019\u00e9ducation et de recherche.\",\"potentialAction\":[{\"@type\":\"SearchAction\",\"target\":{\"@type\":\"EntryPoint\",\"urlTemplate\":\"https:\/\/www.braintumour.ca\/fr\/?s={search_term_string}\"},\"query-input\":{\"@type\":\"PropertyValueSpecification\",\"valueRequired\":true,\"valueName\":\"search_term_string\"}}],\"inLanguage\":\"fr-CA\"}]}<\/script>\n<!-- \/ Yoast SEO Premium plugin. -->","yoast_head_json":{"title":"Formulaire de dons les Tuques pour l'espoir 2023 - Fondation canadienne des tumeurs c\u00e9r\u00e9brales","description":"La campagne les Tuques pour l'espoir permet de sensibiliser la population aux tumeurs c\u00e9r\u00e9brales.","robots":{"index":"index","follow":"follow","max-snippet":"max-snippet:-1","max-image-preview":"max-image-preview:large","max-video-preview":"max-video-preview:-1"},"canonical":"https:\/\/www.braintumour.ca\/fr\/formulaire-de-dons-les-tuques-pour-lespoir-2023\/","og_locale":"fr_CA","og_type":"article","og_title":"Formulaire de dons les Tuques pour l'espoir 2023","og_description":"La campagne les Tuques pour l'espoir permet de sensibiliser la population aux tumeurs c\u00e9r\u00e9brales.","og_url":"https:\/\/www.braintumour.ca\/fr\/formulaire-de-dons-les-tuques-pour-lespoir-2023\/","og_site_name":"Fondation canadienne des tumeurs c\u00e9r\u00e9brales","og_image":[{"width":1024,"height":1024,"url":"https:\/\/www.braintumour.ca\/wp-content\/uploads\/2021\/08\/Toque-Collage-Feature-Image-2-1024x1024.jpg","type":"image\/jpeg"}],"twitter_card":"summary_large_image","twitter_misc":{"Estimation du temps de lecture":"1 minute"},"schema":{"@context":"https:\/\/schema.org","@graph":[{"@type":"WebPage","@id":"https:\/\/www.braintumour.ca\/fr\/formulaire-de-dons-les-tuques-pour-lespoir-2023\/","url":"https:\/\/www.braintumour.ca\/fr\/formulaire-de-dons-les-tuques-pour-lespoir-2023\/","name":"Formulaire de dons les Tuques pour l'espoir 2023 - Fondation canadienne des tumeurs c\u00e9r\u00e9brales","isPartOf":{"@id":"https:\/\/www.braintumour.ca\/fr\/#website"},"primaryImageOfPage":{"@id":"https:\/\/www.braintumour.ca\/fr\/formulaire-de-dons-les-tuques-pour-lespoir-2023\/#primaryimage"},"image":{"@id":"https:\/\/www.braintumour.ca\/fr\/formulaire-de-dons-les-tuques-pour-lespoir-2023\/#primaryimage"},"thumbnailUrl":"https:\/\/www.braintumour.ca\/wp-content\/uploads\/2021\/08\/Toque-Collage-Feature-Image-2.jpg","datePublished":"2023-08-24T15:59:25+00:00","description":"La campagne les Tuques pour l'espoir permet de sensibiliser la population aux tumeurs c\u00e9r\u00e9brales.","breadcrumb":{"@id":"https:\/\/www.braintumour.ca\/fr\/formulaire-de-dons-les-tuques-pour-lespoir-2023\/#breadcrumb"},"inLanguage":"fr-CA","potentialAction":[{"@type":"ReadAction","target":["https:\/\/www.braintumour.ca\/fr\/formulaire-de-dons-les-tuques-pour-lespoir-2023\/"]}]},{"@type":"ImageObject","inLanguage":"fr-CA","@id":"https:\/\/www.braintumour.ca\/fr\/formulaire-de-dons-les-tuques-pour-lespoir-2023\/#primaryimage","url":"https:\/\/www.braintumour.ca\/wp-content\/uploads\/2021\/08\/Toque-Collage-Feature-Image-2.jpg","contentUrl":"https:\/\/www.braintumour.ca\/wp-content\/uploads\/2021\/08\/Toque-Collage-Feature-Image-2.jpg","width":2400,"height":2400,"caption":"Hats for Hope Donation Banner"},{"@type":"BreadcrumbList","@id":"https:\/\/www.braintumour.ca\/fr\/formulaire-de-dons-les-tuques-pour-lespoir-2023\/#breadcrumb","itemListElement":[{"@type":"ListItem","position":1,"name":"Home","item":"https:\/\/www.braintumour.ca\/fr\/"},{"@type":"ListItem","position":2,"name":"Formulaire de dons les Tuques pour l&#8217;espoir 2023"}]},{"@type":"WebSite","@id":"https:\/\/www.braintumour.ca\/fr\/#website","url":"https:\/\/www.braintumour.ca\/fr\/","name":"Fondation canadienne des tumeurs c\u00e9r\u00e9brales","description":"Notre mission est de venir en aide \u00e0 toutes les personnes touch\u00e9es par une tumeur c\u00e9r\u00e9brale au Canada par le biais de nos programmes d\u2019information, de soutien, d\u2019\u00e9ducation et de recherche.","potentialAction":[{"@type":"SearchAction","target":{"@type":"EntryPoint","urlTemplate":"https:\/\/www.braintumour.ca\/fr\/?s={search_term_string}"},"query-input":{"@type":"PropertyValueSpecification","valueRequired":true,"valueName":"search_term_string"}}],"inLanguage":"fr-CA"}]}},"_links":{"self":[{"href":"https:\/\/www.braintumour.ca\/fr\/wp-json\/wp\/v2\/pages\/11325","targetHints":{"allow":["GET"]}}],"collection":[{"href":"https:\/\/www.braintumour.ca\/fr\/wp-json\/wp\/v2\/pages"}],"about":[{"href":"https:\/\/www.braintumour.ca\/fr\/wp-json\/wp\/v2\/types\/page"}],"author":[{"embeddable":true,"href":"https:\/\/www.braintumour.ca\/fr\/wp-json\/wp\/v2\/users\/4"}],"replies":[{"embeddable":true,"href":"https:\/\/www.braintumour.ca\/fr\/wp-json\/wp\/v2\/comments?post=11325"}],"version-history":[{"count":0,"href":"https:\/\/www.braintumour.ca\/fr\/wp-json\/wp\/v2\/pages\/11325\/revisions"}],"wp:featuredmedia":[{"embeddable":true,"href":"https:\/\/www.braintumour.ca\/fr\/wp-json\/wp\/v2\/media\/7890"}],"wp:attachment":[{"href":"https:\/\/www.braintumour.ca\/fr\/wp-json\/wp\/v2\/media?parent=11325"}],"wp:term":[{"taxonomy":"user_type","embeddable":true,"href":"https:\/\/www.braintumour.ca\/fr\/wp-json\/wp\/v2\/user_type?post=11325"}],"curies":[{"name":"wp","href":"https:\/\/api.w.org\/{rel}","templated":true}]}}