{"id":11643,"date":"2023-11-24T07:36:11","date_gmt":"2023-11-24T12:36:11","guid":{"rendered":"https:\/\/www.braintumour.ca\/stories-of-hope\/"},"modified":"2026-01-05T14:42:09","modified_gmt":"2026-01-05T19:42:09","slug":"messages-despoir","status":"publish","type":"page","link":"https:\/\/www.braintumour.ca\/fr\/facons-de-donner\/messages-despoir\/","title":{"rendered":"Messages d&rsquo;espoir"},"content":{"rendered":"","protected":false},"excerpt":{"rendered":"","protected":false},"author":4,"featured_media":12508,"parent":3055,"menu_order":4,"comment_status":"closed","ping_status":"closed","template":"","meta":{"_acf_changed":false,"footnotes":""},"user_type":[],"class_list":["post-11643","page","type-page","status-publish","has-post-thumbnail","hentry"],"acf":[],"yoast_head":"<!-- This site is optimized with the Yoast SEO Premium plugin v27.0 (Yoast SEO v27.0) - https:\/\/yoast.com\/product\/yoast-seo-premium-wordpress\/ -->\n<title>Messages d&#039;espoir - Fondation canadienne des tumeurs c\u00e9r\u00e9brales<\/title>\n<meta name=\"description\" content=\"D\u00e9diez un don \u00e0 un \u00eatre cher et aidez-nous \u00e0 financer la recherche essentielle, le soutien empreint de compassion, des informations fiables et le travail de d\u00e9fense des droits.\" \/>\n<meta name=\"robots\" content=\"index, follow, max-snippet:-1, max-image-preview:large, max-video-preview:-1\" \/>\n<link rel=\"canonical\" href=\"https:\/\/www.braintumour.ca\/fr\/facons-de-donner\/messages-despoir\/\" \/>\n<meta property=\"og:locale\" content=\"fr_CA\" \/>\n<meta property=\"og:type\" content=\"article\" \/>\n<meta property=\"og:title\" content=\"Messages d&#039;espoir\" \/>\n<meta property=\"og:description\" content=\"D\u00e9diez un don \u00e0 un \u00eatre cher et aidez-nous \u00e0 financer la recherche essentielle, le soutien empreint de compassion, des informations fiables et le travail de d\u00e9fense des droits.\" \/>\n<meta property=\"og:url\" content=\"https:\/\/www.braintumour.ca\/fr\/facons-de-donner\/messages-despoir\/\" \/>\n<meta property=\"og:site_name\" content=\"Fondation canadienne des tumeurs c\u00e9r\u00e9brales\" \/>\n<meta property=\"article:modified_time\" content=\"2026-01-05T19:42:09+00:00\" \/>\n<meta property=\"og:image\" content=\"https:\/\/www.braintumour.ca\/wp-content\/uploads\/2024\/10\/Donate-and-Share-Tile.png\" \/>\n\t<meta property=\"og:image:width\" content=\"940\" \/>\n\t<meta property=\"og:image:height\" content=\"788\" \/>\n\t<meta property=\"og:image:type\" content=\"image\/png\" \/>\n<meta name=\"twitter:card\" content=\"summary_large_image\" \/>\n<meta name=\"twitter:label1\" content=\"Estimation du temps de lecture\" \/>\n\t<meta name=\"twitter:data1\" content=\"50 minutes\" \/>\n<script type=\"application\/ld+json\" class=\"yoast-schema-graph\">{\"@context\":\"https:\/\/schema.org\",\"@graph\":[{\"@type\":\"WebPage\",\"@id\":\"https:\/\/www.braintumour.ca\/fr\/facons-de-donner\/messages-despoir\/\",\"url\":\"https:\/\/www.braintumour.ca\/fr\/facons-de-donner\/messages-despoir\/\",\"name\":\"Messages d'espoir - Fondation canadienne des tumeurs c\u00e9r\u00e9brales\",\"isPartOf\":{\"@id\":\"https:\/\/www.braintumour.ca\/fr\/#website\"},\"primaryImageOfPage\":{\"@id\":\"https:\/\/www.braintumour.ca\/fr\/facons-de-donner\/messages-despoir\/#primaryimage\"},\"image\":{\"@id\":\"https:\/\/www.braintumour.ca\/fr\/facons-de-donner\/messages-despoir\/#primaryimage\"},\"thumbnailUrl\":\"https:\/\/www.braintumour.ca\/wp-content\/uploads\/2024\/10\/Donate-and-Share-Tile.png\",\"datePublished\":\"2023-11-24T12:36:11+00:00\",\"dateModified\":\"2026-01-05T19:42:09+00:00\",\"description\":\"D\u00e9diez un don \u00e0 un \u00eatre cher et aidez-nous \u00e0 financer la recherche essentielle, le soutien empreint de compassion, des informations fiables et le travail de d\u00e9fense des droits.\",\"breadcrumb\":{\"@id\":\"https:\/\/www.braintumour.ca\/fr\/facons-de-donner\/messages-despoir\/#breadcrumb\"},\"inLanguage\":\"fr-CA\",\"potentialAction\":[{\"@type\":\"ReadAction\",\"target\":[\"https:\/\/www.braintumour.ca\/fr\/facons-de-donner\/messages-despoir\/\"]}]},{\"@type\":\"ImageObject\",\"inLanguage\":\"fr-CA\",\"@id\":\"https:\/\/www.braintumour.ca\/fr\/facons-de-donner\/messages-despoir\/#primaryimage\",\"url\":\"https:\/\/www.braintumour.ca\/wp-content\/uploads\/2024\/10\/Donate-and-Share-Tile.png\",\"contentUrl\":\"https:\/\/www.braintumour.ca\/wp-content\/uploads\/2024\/10\/Donate-and-Share-Tile.png\",\"width\":940,\"height\":788},{\"@type\":\"BreadcrumbList\",\"@id\":\"https:\/\/www.braintumour.ca\/fr\/facons-de-donner\/messages-despoir\/#breadcrumb\",\"itemListElement\":[{\"@type\":\"ListItem\",\"position\":1,\"name\":\"Home\",\"item\":\"https:\/\/www.braintumour.ca\/fr\/\"},{\"@type\":\"ListItem\",\"position\":2,\"name\":\"Fa\u00e7ons de donner\",\"item\":\"https:\/\/www.braintumour.ca\/fr\/facons-de-donner\/\"},{\"@type\":\"ListItem\",\"position\":3,\"name\":\"Messages d&#8217;espoir\"}]},{\"@type\":\"WebSite\",\"@id\":\"https:\/\/www.braintumour.ca\/fr\/#website\",\"url\":\"https:\/\/www.braintumour.ca\/fr\/\",\"name\":\"Fondation canadienne des tumeurs c\u00e9r\u00e9brales\",\"description\":\"Notre mission est de venir en aide \u00e0 toutes les personnes touch\u00e9es par une tumeur c\u00e9r\u00e9brale au Canada par le biais de nos programmes d\u2019information, de soutien, d\u2019\u00e9ducation et de recherche.\",\"potentialAction\":[{\"@type\":\"SearchAction\",\"target\":{\"@type\":\"EntryPoint\",\"urlTemplate\":\"https:\/\/www.braintumour.ca\/fr\/?s={search_term_string}\"},\"query-input\":{\"@type\":\"PropertyValueSpecification\",\"valueRequired\":true,\"valueName\":\"search_term_string\"}}],\"inLanguage\":\"fr-CA\"}]}<\/script>\n<!-- \/ Yoast SEO Premium plugin. -->","yoast_head_json":{"title":"Messages d'espoir - Fondation canadienne des tumeurs c\u00e9r\u00e9brales","description":"D\u00e9diez un don \u00e0 un \u00eatre cher et aidez-nous \u00e0 financer la recherche essentielle, le soutien empreint de compassion, des informations fiables et le travail de d\u00e9fense des droits.","robots":{"index":"index","follow":"follow","max-snippet":"max-snippet:-1","max-image-preview":"max-image-preview:large","max-video-preview":"max-video-preview:-1"},"canonical":"https:\/\/www.braintumour.ca\/fr\/facons-de-donner\/messages-despoir\/","og_locale":"fr_CA","og_type":"article","og_title":"Messages d'espoir","og_description":"D\u00e9diez un don \u00e0 un \u00eatre cher et aidez-nous \u00e0 financer la recherche essentielle, le soutien empreint de compassion, des informations fiables et le travail de d\u00e9fense des droits.","og_url":"https:\/\/www.braintumour.ca\/fr\/facons-de-donner\/messages-despoir\/","og_site_name":"Fondation canadienne des tumeurs c\u00e9r\u00e9brales","article_modified_time":"2026-01-05T19:42:09+00:00","og_image":[{"width":940,"height":788,"url":"https:\/\/www.braintumour.ca\/wp-content\/uploads\/2024\/10\/Donate-and-Share-Tile.png","type":"image\/png"}],"twitter_card":"summary_large_image","twitter_misc":{"Estimation du temps de lecture":"50 minutes"},"schema":{"@context":"https:\/\/schema.org","@graph":[{"@type":"WebPage","@id":"https:\/\/www.braintumour.ca\/fr\/facons-de-donner\/messages-despoir\/","url":"https:\/\/www.braintumour.ca\/fr\/facons-de-donner\/messages-despoir\/","name":"Messages d'espoir - Fondation canadienne des tumeurs c\u00e9r\u00e9brales","isPartOf":{"@id":"https:\/\/www.braintumour.ca\/fr\/#website"},"primaryImageOfPage":{"@id":"https:\/\/www.braintumour.ca\/fr\/facons-de-donner\/messages-despoir\/#primaryimage"},"image":{"@id":"https:\/\/www.braintumour.ca\/fr\/facons-de-donner\/messages-despoir\/#primaryimage"},"thumbnailUrl":"https:\/\/www.braintumour.ca\/wp-content\/uploads\/2024\/10\/Donate-and-Share-Tile.png","datePublished":"2023-11-24T12:36:11+00:00","dateModified":"2026-01-05T19:42:09+00:00","description":"D\u00e9diez un don \u00e0 un \u00eatre cher et aidez-nous \u00e0 financer la recherche essentielle, le soutien empreint de compassion, des informations fiables et le travail de d\u00e9fense des droits.","breadcrumb":{"@id":"https:\/\/www.braintumour.ca\/fr\/facons-de-donner\/messages-despoir\/#breadcrumb"},"inLanguage":"fr-CA","potentialAction":[{"@type":"ReadAction","target":["https:\/\/www.braintumour.ca\/fr\/facons-de-donner\/messages-despoir\/"]}]},{"@type":"ImageObject","inLanguage":"fr-CA","@id":"https:\/\/www.braintumour.ca\/fr\/facons-de-donner\/messages-despoir\/#primaryimage","url":"https:\/\/www.braintumour.ca\/wp-content\/uploads\/2024\/10\/Donate-and-Share-Tile.png","contentUrl":"https:\/\/www.braintumour.ca\/wp-content\/uploads\/2024\/10\/Donate-and-Share-Tile.png","width":940,"height":788},{"@type":"BreadcrumbList","@id":"https:\/\/www.braintumour.ca\/fr\/facons-de-donner\/messages-despoir\/#breadcrumb","itemListElement":[{"@type":"ListItem","position":1,"name":"Home","item":"https:\/\/www.braintumour.ca\/fr\/"},{"@type":"ListItem","position":2,"name":"Fa\u00e7ons de donner","item":"https:\/\/www.braintumour.ca\/fr\/facons-de-donner\/"},{"@type":"ListItem","position":3,"name":"Messages d&#8217;espoir"}]},{"@type":"WebSite","@id":"https:\/\/www.braintumour.ca\/fr\/#website","url":"https:\/\/www.braintumour.ca\/fr\/","name":"Fondation canadienne des tumeurs c\u00e9r\u00e9brales","description":"Notre mission est de venir en aide \u00e0 toutes les personnes touch\u00e9es par une tumeur c\u00e9r\u00e9brale au Canada par le biais de nos programmes d\u2019information, de soutien, d\u2019\u00e9ducation et de recherche.","potentialAction":[{"@type":"SearchAction","target":{"@type":"EntryPoint","urlTemplate":"https:\/\/www.braintumour.ca\/fr\/?s={search_term_string}"},"query-input":{"@type":"PropertyValueSpecification","valueRequired":true,"valueName":"search_term_string"}}],"inLanguage":"fr-CA"}]}},"_links":{"self":[{"href":"https:\/\/www.braintumour.ca\/fr\/wp-json\/wp\/v2\/pages\/11643","targetHints":{"allow":["GET"]}}],"collection":[{"href":"https:\/\/www.braintumour.ca\/fr\/wp-json\/wp\/v2\/pages"}],"about":[{"href":"https:\/\/www.braintumour.ca\/fr\/wp-json\/wp\/v2\/types\/page"}],"author":[{"embeddable":true,"href":"https:\/\/www.braintumour.ca\/fr\/wp-json\/wp\/v2\/users\/4"}],"replies":[{"embeddable":true,"href":"https:\/\/www.braintumour.ca\/fr\/wp-json\/wp\/v2\/comments?post=11643"}],"version-history":[{"count":0,"href":"https:\/\/www.braintumour.ca\/fr\/wp-json\/wp\/v2\/pages\/11643\/revisions"}],"up":[{"embeddable":true,"href":"https:\/\/www.braintumour.ca\/fr\/wp-json\/wp\/v2\/pages\/3055"}],"wp:featuredmedia":[{"embeddable":true,"href":"https:\/\/www.braintumour.ca\/fr\/wp-json\/wp\/v2\/media\/12508"}],"wp:attachment":[{"href":"https:\/\/www.braintumour.ca\/fr\/wp-json\/wp\/v2\/media?parent=11643"}],"wp:term":[{"taxonomy":"user_type","embeddable":true,"href":"https:\/\/www.braintumour.ca\/fr\/wp-json\/wp\/v2\/user_type?post=11643"}],"curies":[{"name":"wp","href":"https:\/\/api.w.org\/{rel}","templated":true}]}}