{"id":12526,"date":"2024-10-17T09:15:45","date_gmt":"2024-10-17T13:15:45","guid":{"rendered":"https:\/\/www.braintumour.ca\/?page_id=12526"},"modified":"2026-04-01T12:36:16","modified_gmt":"2026-04-01T16:36:16","slug":"groupes-de-soutien","status":"publish","type":"page","link":"https:\/\/www.braintumour.ca\/fr\/groupes-de-soutien\/","title":{"rendered":"Groupes de soutien"},"content":{"rendered":"","protected":false},"excerpt":{"rendered":"","protected":false},"author":4,"featured_media":765,"parent":0,"menu_order":0,"comment_status":"closed","ping_status":"closed","template":"","meta":{"_acf_changed":false,"footnotes":""},"user_type":[],"class_list":["post-12526","page","type-page","status-publish","has-post-thumbnail","hentry"],"acf":[],"yoast_head":"<!-- This site is optimized with the Yoast SEO Premium plugin v27.0 (Yoast SEO v27.0) - https:\/\/yoast.com\/product\/yoast-seo-premium-wordpress\/ -->\n<title>Groupes de soutien - Fondation canadienne des tumeurs c\u00e9r\u00e9brales<\/title>\n<meta name=\"description\" content=\"Lors des r\u00e9unions mensuelles de nos groupes de soutien pour adultes atteints de tumeurs c\u00e9r\u00e9brales, vous pouvez partager votre exp\u00e9rience, transmettre des connaissances et b\u00e9n\u00e9ficier du soutien de vos pairs dans une atmosph\u00e8re d\u00e9tendue et de mani\u00e8re confidentielle.\" \/>\n<meta name=\"robots\" content=\"index, follow, max-snippet:-1, max-image-preview:large, max-video-preview:-1\" \/>\n<link rel=\"canonical\" href=\"https:\/\/www.braintumour.ca\/fr\/groupes-de-soutien\/\" \/>\n<meta property=\"og:locale\" content=\"fr_CA\" \/>\n<meta property=\"og:type\" content=\"article\" \/>\n<meta property=\"og:title\" content=\"Groupes de soutien\" \/>\n<meta property=\"og:description\" content=\"Lors des r\u00e9unions mensuelles de nos groupes de soutien pour adultes atteints de tumeurs c\u00e9r\u00e9brales, vous pouvez partager votre exp\u00e9rience, transmettre des connaissances et b\u00e9n\u00e9ficier du soutien de vos pairs dans une atmosph\u00e8re d\u00e9tendue et de mani\u00e8re confidentielle.\" \/>\n<meta property=\"og:url\" content=\"https:\/\/www.braintumour.ca\/fr\/groupes-de-soutien\/\" \/>\n<meta property=\"og:site_name\" content=\"Fondation canadienne des tumeurs c\u00e9r\u00e9brales\" \/>\n<meta property=\"article:modified_time\" content=\"2026-04-01T16:36:16+00:00\" \/>\n<meta property=\"og:image\" content=\"https:\/\/www.braintumour.ca\/wp-content\/uploads\/2019\/09\/1-49.jpg\" \/>\n\t<meta property=\"og:image:width\" content=\"6016\" \/>\n\t<meta property=\"og:image:height\" content=\"4016\" \/>\n\t<meta property=\"og:image:type\" content=\"image\/jpeg\" \/>\n<meta name=\"twitter:card\" content=\"summary_large_image\" \/>\n<meta name=\"twitter:label1\" content=\"Estimation du temps de lecture\" \/>\n\t<meta name=\"twitter:data1\" content=\"3 minutes\" \/>\n<script type=\"application\/ld+json\" class=\"yoast-schema-graph\">{\"@context\":\"https:\/\/schema.org\",\"@graph\":[{\"@type\":\"WebPage\",\"@id\":\"https:\/\/www.braintumour.ca\/fr\/groupes-de-soutien\/\",\"url\":\"https:\/\/www.braintumour.ca\/fr\/groupes-de-soutien\/\",\"name\":\"Groupes de soutien - Fondation canadienne des tumeurs c\u00e9r\u00e9brales\",\"isPartOf\":{\"@id\":\"https:\/\/www.braintumour.ca\/fr\/#website\"},\"primaryImageOfPage\":{\"@id\":\"https:\/\/www.braintumour.ca\/fr\/groupes-de-soutien\/#primaryimage\"},\"image\":{\"@id\":\"https:\/\/www.braintumour.ca\/fr\/groupes-de-soutien\/#primaryimage\"},\"thumbnailUrl\":\"https:\/\/www.braintumour.ca\/wp-content\/uploads\/2019\/09\/1-49.jpg\",\"datePublished\":\"2024-10-17T13:15:45+00:00\",\"dateModified\":\"2026-04-01T16:36:16+00:00\",\"description\":\"Lors des r\u00e9unions mensuelles de nos groupes de soutien pour adultes atteints de tumeurs c\u00e9r\u00e9brales, vous pouvez partager votre exp\u00e9rience, transmettre des connaissances et b\u00e9n\u00e9ficier du soutien de vos pairs dans une atmosph\u00e8re d\u00e9tendue et de mani\u00e8re confidentielle.\",\"breadcrumb\":{\"@id\":\"https:\/\/www.braintumour.ca\/fr\/groupes-de-soutien\/#breadcrumb\"},\"inLanguage\":\"fr-CA\",\"potentialAction\":[{\"@type\":\"ReadAction\",\"target\":[\"https:\/\/www.braintumour.ca\/fr\/groupes-de-soutien\/\"]}]},{\"@type\":\"ImageObject\",\"inLanguage\":\"fr-CA\",\"@id\":\"https:\/\/www.braintumour.ca\/fr\/groupes-de-soutien\/#primaryimage\",\"url\":\"https:\/\/www.braintumour.ca\/wp-content\/uploads\/2019\/09\/1-49.jpg\",\"contentUrl\":\"https:\/\/www.braintumour.ca\/wp-content\/uploads\/2019\/09\/1-49.jpg\",\"width\":6016,\"height\":4016,\"caption\":\"Wear grey\"},{\"@type\":\"BreadcrumbList\",\"@id\":\"https:\/\/www.braintumour.ca\/fr\/groupes-de-soutien\/#breadcrumb\",\"itemListElement\":[{\"@type\":\"ListItem\",\"position\":1,\"name\":\"Home\",\"item\":\"https:\/\/www.braintumour.ca\/fr\/\"},{\"@type\":\"ListItem\",\"position\":2,\"name\":\"Groupes de soutien\"}]},{\"@type\":\"WebSite\",\"@id\":\"https:\/\/www.braintumour.ca\/fr\/#website\",\"url\":\"https:\/\/www.braintumour.ca\/fr\/\",\"name\":\"Fondation canadienne des tumeurs c\u00e9r\u00e9brales\",\"description\":\"Notre mission est de venir en aide \u00e0 toutes les personnes touch\u00e9es par une tumeur c\u00e9r\u00e9brale au Canada par le biais de nos programmes d\u2019information, de soutien, d\u2019\u00e9ducation et de recherche.\",\"potentialAction\":[{\"@type\":\"SearchAction\",\"target\":{\"@type\":\"EntryPoint\",\"urlTemplate\":\"https:\/\/www.braintumour.ca\/fr\/?s={search_term_string}\"},\"query-input\":{\"@type\":\"PropertyValueSpecification\",\"valueRequired\":true,\"valueName\":\"search_term_string\"}}],\"inLanguage\":\"fr-CA\"}]}<\/script>\n<!-- \/ Yoast SEO Premium plugin. -->","yoast_head_json":{"title":"Groupes de soutien - Fondation canadienne des tumeurs c\u00e9r\u00e9brales","description":"Lors des r\u00e9unions mensuelles de nos groupes de soutien pour adultes atteints de tumeurs c\u00e9r\u00e9brales, vous pouvez partager votre exp\u00e9rience, transmettre des connaissances et b\u00e9n\u00e9ficier du soutien de vos pairs dans une atmosph\u00e8re d\u00e9tendue et de mani\u00e8re confidentielle.","robots":{"index":"index","follow":"follow","max-snippet":"max-snippet:-1","max-image-preview":"max-image-preview:large","max-video-preview":"max-video-preview:-1"},"canonical":"https:\/\/www.braintumour.ca\/fr\/groupes-de-soutien\/","og_locale":"fr_CA","og_type":"article","og_title":"Groupes de soutien","og_description":"Lors des r\u00e9unions mensuelles de nos groupes de soutien pour adultes atteints de tumeurs c\u00e9r\u00e9brales, vous pouvez partager votre exp\u00e9rience, transmettre des connaissances et b\u00e9n\u00e9ficier du soutien de vos pairs dans une atmosph\u00e8re d\u00e9tendue et de mani\u00e8re confidentielle.","og_url":"https:\/\/www.braintumour.ca\/fr\/groupes-de-soutien\/","og_site_name":"Fondation canadienne des tumeurs c\u00e9r\u00e9brales","article_modified_time":"2026-04-01T16:36:16+00:00","og_image":[{"width":6016,"height":4016,"url":"https:\/\/www.braintumour.ca\/wp-content\/uploads\/2019\/09\/1-49.jpg","type":"image\/jpeg"}],"twitter_card":"summary_large_image","twitter_misc":{"Estimation du temps de lecture":"3 minutes"},"schema":{"@context":"https:\/\/schema.org","@graph":[{"@type":"WebPage","@id":"https:\/\/www.braintumour.ca\/fr\/groupes-de-soutien\/","url":"https:\/\/www.braintumour.ca\/fr\/groupes-de-soutien\/","name":"Groupes de soutien - Fondation canadienne des tumeurs c\u00e9r\u00e9brales","isPartOf":{"@id":"https:\/\/www.braintumour.ca\/fr\/#website"},"primaryImageOfPage":{"@id":"https:\/\/www.braintumour.ca\/fr\/groupes-de-soutien\/#primaryimage"},"image":{"@id":"https:\/\/www.braintumour.ca\/fr\/groupes-de-soutien\/#primaryimage"},"thumbnailUrl":"https:\/\/www.braintumour.ca\/wp-content\/uploads\/2019\/09\/1-49.jpg","datePublished":"2024-10-17T13:15:45+00:00","dateModified":"2026-04-01T16:36:16+00:00","description":"Lors des r\u00e9unions mensuelles de nos groupes de soutien pour adultes atteints de tumeurs c\u00e9r\u00e9brales, vous pouvez partager votre exp\u00e9rience, transmettre des connaissances et b\u00e9n\u00e9ficier du soutien de vos pairs dans une atmosph\u00e8re d\u00e9tendue et de mani\u00e8re confidentielle.","breadcrumb":{"@id":"https:\/\/www.braintumour.ca\/fr\/groupes-de-soutien\/#breadcrumb"},"inLanguage":"fr-CA","potentialAction":[{"@type":"ReadAction","target":["https:\/\/www.braintumour.ca\/fr\/groupes-de-soutien\/"]}]},{"@type":"ImageObject","inLanguage":"fr-CA","@id":"https:\/\/www.braintumour.ca\/fr\/groupes-de-soutien\/#primaryimage","url":"https:\/\/www.braintumour.ca\/wp-content\/uploads\/2019\/09\/1-49.jpg","contentUrl":"https:\/\/www.braintumour.ca\/wp-content\/uploads\/2019\/09\/1-49.jpg","width":6016,"height":4016,"caption":"Wear grey"},{"@type":"BreadcrumbList","@id":"https:\/\/www.braintumour.ca\/fr\/groupes-de-soutien\/#breadcrumb","itemListElement":[{"@type":"ListItem","position":1,"name":"Home","item":"https:\/\/www.braintumour.ca\/fr\/"},{"@type":"ListItem","position":2,"name":"Groupes de soutien"}]},{"@type":"WebSite","@id":"https:\/\/www.braintumour.ca\/fr\/#website","url":"https:\/\/www.braintumour.ca\/fr\/","name":"Fondation canadienne des tumeurs c\u00e9r\u00e9brales","description":"Notre mission est de venir en aide \u00e0 toutes les personnes touch\u00e9es par une tumeur c\u00e9r\u00e9brale au Canada par le biais de nos programmes d\u2019information, de soutien, d\u2019\u00e9ducation et de recherche.","potentialAction":[{"@type":"SearchAction","target":{"@type":"EntryPoint","urlTemplate":"https:\/\/www.braintumour.ca\/fr\/?s={search_term_string}"},"query-input":{"@type":"PropertyValueSpecification","valueRequired":true,"valueName":"search_term_string"}}],"inLanguage":"fr-CA"}]}},"_links":{"self":[{"href":"https:\/\/www.braintumour.ca\/fr\/wp-json\/wp\/v2\/pages\/12526","targetHints":{"allow":["GET"]}}],"collection":[{"href":"https:\/\/www.braintumour.ca\/fr\/wp-json\/wp\/v2\/pages"}],"about":[{"href":"https:\/\/www.braintumour.ca\/fr\/wp-json\/wp\/v2\/types\/page"}],"author":[{"embeddable":true,"href":"https:\/\/www.braintumour.ca\/fr\/wp-json\/wp\/v2\/users\/4"}],"replies":[{"embeddable":true,"href":"https:\/\/www.braintumour.ca\/fr\/wp-json\/wp\/v2\/comments?post=12526"}],"version-history":[{"count":0,"href":"https:\/\/www.braintumour.ca\/fr\/wp-json\/wp\/v2\/pages\/12526\/revisions"}],"wp:featuredmedia":[{"embeddable":true,"href":"https:\/\/www.braintumour.ca\/fr\/wp-json\/wp\/v2\/media\/765"}],"wp:attachment":[{"href":"https:\/\/www.braintumour.ca\/fr\/wp-json\/wp\/v2\/media?parent=12526"}],"wp:term":[{"taxonomy":"user_type","embeddable":true,"href":"https:\/\/www.braintumour.ca\/fr\/wp-json\/wp\/v2\/user_type?post=12526"}],"curies":[{"name":"wp","href":"https:\/\/api.w.org\/{rel}","templated":true}]}}