{"id":13392,"date":"2025-05-09T10:13:57","date_gmt":"2025-05-09T14:13:57","guid":{"rendered":"https:\/\/www.braintumour.ca\/feedback-form\/"},"modified":"2025-05-12T11:29:53","modified_gmt":"2025-05-12T15:29:53","slug":"feedback-form","status":"publish","type":"page","link":"https:\/\/www.braintumour.ca\/fr\/feedback-form\/","title":{"rendered":"Formulaire de commentaires"},"content":{"rendered":"","protected":false},"excerpt":{"rendered":"","protected":false},"author":4,"featured_media":13369,"parent":0,"menu_order":2,"comment_status":"closed","ping_status":"closed","template":"","meta":{"_acf_changed":false,"footnotes":""},"user_type":[],"class_list":["post-13392","page","type-page","status-publish","has-post-thumbnail","hentry"],"acf":[],"yoast_head":"<!-- This site is optimized with the Yoast SEO Premium plugin v27.0 (Yoast SEO v27.0) - https:\/\/yoast.com\/product\/yoast-seo-premium-wordpress\/ -->\n<title>Formulaire de commentaires - Fondation canadienne des tumeurs c\u00e9r\u00e9brales<\/title>\n<meta name=\"description\" content=\"Dans le cadre de notre planification strat\u00e9gique, nous invitons notre communaut\u00e9 \u00e0 transmettre ses commentaires libreement via notre formulaire en ligne. Aucun format requis \u2013 dites-nous simplement ce que vous avez en t\u00eate.\" \/>\n<meta name=\"robots\" content=\"index, follow, max-snippet:-1, max-image-preview:large, max-video-preview:-1\" \/>\n<link rel=\"canonical\" href=\"https:\/\/www.braintumour.ca\/fr\/feedback-form\/\" \/>\n<meta property=\"og:locale\" content=\"fr_CA\" \/>\n<meta property=\"og:type\" content=\"article\" \/>\n<meta property=\"og:title\" content=\"Formulaire de commentaires\" \/>\n<meta property=\"og:description\" content=\"Dans le cadre de notre planification strat\u00e9gique, nous invitons notre communaut\u00e9 \u00e0 transmettre ses commentaires libreement via notre formulaire en ligne. Aucun format requis \u2013 dites-nous simplement ce que vous avez en t\u00eate.\" \/>\n<meta property=\"og:url\" content=\"https:\/\/www.braintumour.ca\/fr\/feedback-form\/\" \/>\n<meta property=\"og:site_name\" content=\"Fondation canadienne des tumeurs c\u00e9r\u00e9brales\" \/>\n<meta property=\"article:modified_time\" content=\"2025-05-12T15:29:53+00:00\" \/>\n<meta property=\"og:image\" content=\"https:\/\/www.braintumour.ca\/wp-content\/uploads\/2025\/05\/feedback-banner-1.png\" \/>\n\t<meta property=\"og:image:width\" content=\"1440\" \/>\n\t<meta property=\"og:image:height\" content=\"600\" \/>\n\t<meta property=\"og:image:type\" content=\"image\/png\" \/>\n<meta name=\"twitter:card\" content=\"summary_large_image\" \/>\n<meta name=\"twitter:label1\" content=\"Estimation du temps de lecture\" \/>\n\t<meta name=\"twitter:data1\" content=\"1 minute\" \/>\n<script type=\"application\/ld+json\" class=\"yoast-schema-graph\">{\"@context\":\"https:\/\/schema.org\",\"@graph\":[{\"@type\":\"WebPage\",\"@id\":\"https:\/\/www.braintumour.ca\/fr\/feedback-form\/\",\"url\":\"https:\/\/www.braintumour.ca\/fr\/feedback-form\/\",\"name\":\"Formulaire de commentaires - Fondation canadienne des tumeurs c\u00e9r\u00e9brales\",\"isPartOf\":{\"@id\":\"https:\/\/www.braintumour.ca\/fr\/#website\"},\"primaryImageOfPage\":{\"@id\":\"https:\/\/www.braintumour.ca\/fr\/feedback-form\/#primaryimage\"},\"image\":{\"@id\":\"https:\/\/www.braintumour.ca\/fr\/feedback-form\/#primaryimage\"},\"thumbnailUrl\":\"https:\/\/www.braintumour.ca\/wp-content\/uploads\/2025\/05\/feedback-banner-1.png\",\"datePublished\":\"2025-05-09T14:13:57+00:00\",\"dateModified\":\"2025-05-12T15:29:53+00:00\",\"description\":\"Dans le cadre de notre planification strat\u00e9gique, nous invitons notre communaut\u00e9 \u00e0 transmettre ses commentaires libreement via notre formulaire en ligne. Aucun format requis \u2013 dites-nous simplement ce que vous avez en t\u00eate.\",\"breadcrumb\":{\"@id\":\"https:\/\/www.braintumour.ca\/fr\/feedback-form\/#breadcrumb\"},\"inLanguage\":\"fr-CA\",\"potentialAction\":[{\"@type\":\"ReadAction\",\"target\":[\"https:\/\/www.braintumour.ca\/fr\/feedback-form\/\"]}]},{\"@type\":\"ImageObject\",\"inLanguage\":\"fr-CA\",\"@id\":\"https:\/\/www.braintumour.ca\/fr\/feedback-form\/#primaryimage\",\"url\":\"https:\/\/www.braintumour.ca\/wp-content\/uploads\/2025\/05\/feedback-banner-1.png\",\"contentUrl\":\"https:\/\/www.braintumour.ca\/wp-content\/uploads\/2025\/05\/feedback-banner-1.png\",\"width\":1440,\"height\":600},{\"@type\":\"BreadcrumbList\",\"@id\":\"https:\/\/www.braintumour.ca\/fr\/feedback-form\/#breadcrumb\",\"itemListElement\":[{\"@type\":\"ListItem\",\"position\":1,\"name\":\"Home\",\"item\":\"https:\/\/www.braintumour.ca\/fr\/\"},{\"@type\":\"ListItem\",\"position\":2,\"name\":\"Formulaire de commentaires\"}]},{\"@type\":\"WebSite\",\"@id\":\"https:\/\/www.braintumour.ca\/fr\/#website\",\"url\":\"https:\/\/www.braintumour.ca\/fr\/\",\"name\":\"Fondation canadienne des tumeurs c\u00e9r\u00e9brales\",\"description\":\"Notre mission est de venir en aide \u00e0 toutes les personnes touch\u00e9es par une tumeur c\u00e9r\u00e9brale au Canada par le biais de nos programmes d\u2019information, de soutien, d\u2019\u00e9ducation et de recherche.\",\"potentialAction\":[{\"@type\":\"SearchAction\",\"target\":{\"@type\":\"EntryPoint\",\"urlTemplate\":\"https:\/\/www.braintumour.ca\/fr\/?s={search_term_string}\"},\"query-input\":{\"@type\":\"PropertyValueSpecification\",\"valueRequired\":true,\"valueName\":\"search_term_string\"}}],\"inLanguage\":\"fr-CA\"}]}<\/script>\n<!-- \/ Yoast SEO Premium plugin. -->","yoast_head_json":{"title":"Formulaire de commentaires - Fondation canadienne des tumeurs c\u00e9r\u00e9brales","description":"Dans le cadre de notre planification strat\u00e9gique, nous invitons notre communaut\u00e9 \u00e0 transmettre ses commentaires libreement via notre formulaire en ligne. Aucun format requis \u2013 dites-nous simplement ce que vous avez en t\u00eate.","robots":{"index":"index","follow":"follow","max-snippet":"max-snippet:-1","max-image-preview":"max-image-preview:large","max-video-preview":"max-video-preview:-1"},"canonical":"https:\/\/www.braintumour.ca\/fr\/feedback-form\/","og_locale":"fr_CA","og_type":"article","og_title":"Formulaire de commentaires","og_description":"Dans le cadre de notre planification strat\u00e9gique, nous invitons notre communaut\u00e9 \u00e0 transmettre ses commentaires libreement via notre formulaire en ligne. Aucun format requis \u2013 dites-nous simplement ce que vous avez en t\u00eate.","og_url":"https:\/\/www.braintumour.ca\/fr\/feedback-form\/","og_site_name":"Fondation canadienne des tumeurs c\u00e9r\u00e9brales","article_modified_time":"2025-05-12T15:29:53+00:00","og_image":[{"width":1440,"height":600,"url":"https:\/\/www.braintumour.ca\/wp-content\/uploads\/2025\/05\/feedback-banner-1.png","type":"image\/png"}],"twitter_card":"summary_large_image","twitter_misc":{"Estimation du temps de lecture":"1 minute"},"schema":{"@context":"https:\/\/schema.org","@graph":[{"@type":"WebPage","@id":"https:\/\/www.braintumour.ca\/fr\/feedback-form\/","url":"https:\/\/www.braintumour.ca\/fr\/feedback-form\/","name":"Formulaire de commentaires - Fondation canadienne des tumeurs c\u00e9r\u00e9brales","isPartOf":{"@id":"https:\/\/www.braintumour.ca\/fr\/#website"},"primaryImageOfPage":{"@id":"https:\/\/www.braintumour.ca\/fr\/feedback-form\/#primaryimage"},"image":{"@id":"https:\/\/www.braintumour.ca\/fr\/feedback-form\/#primaryimage"},"thumbnailUrl":"https:\/\/www.braintumour.ca\/wp-content\/uploads\/2025\/05\/feedback-banner-1.png","datePublished":"2025-05-09T14:13:57+00:00","dateModified":"2025-05-12T15:29:53+00:00","description":"Dans le cadre de notre planification strat\u00e9gique, nous invitons notre communaut\u00e9 \u00e0 transmettre ses commentaires libreement via notre formulaire en ligne. Aucun format requis \u2013 dites-nous simplement ce que vous avez en t\u00eate.","breadcrumb":{"@id":"https:\/\/www.braintumour.ca\/fr\/feedback-form\/#breadcrumb"},"inLanguage":"fr-CA","potentialAction":[{"@type":"ReadAction","target":["https:\/\/www.braintumour.ca\/fr\/feedback-form\/"]}]},{"@type":"ImageObject","inLanguage":"fr-CA","@id":"https:\/\/www.braintumour.ca\/fr\/feedback-form\/#primaryimage","url":"https:\/\/www.braintumour.ca\/wp-content\/uploads\/2025\/05\/feedback-banner-1.png","contentUrl":"https:\/\/www.braintumour.ca\/wp-content\/uploads\/2025\/05\/feedback-banner-1.png","width":1440,"height":600},{"@type":"BreadcrumbList","@id":"https:\/\/www.braintumour.ca\/fr\/feedback-form\/#breadcrumb","itemListElement":[{"@type":"ListItem","position":1,"name":"Home","item":"https:\/\/www.braintumour.ca\/fr\/"},{"@type":"ListItem","position":2,"name":"Formulaire de commentaires"}]},{"@type":"WebSite","@id":"https:\/\/www.braintumour.ca\/fr\/#website","url":"https:\/\/www.braintumour.ca\/fr\/","name":"Fondation canadienne des tumeurs c\u00e9r\u00e9brales","description":"Notre mission est de venir en aide \u00e0 toutes les personnes touch\u00e9es par une tumeur c\u00e9r\u00e9brale au Canada par le biais de nos programmes d\u2019information, de soutien, d\u2019\u00e9ducation et de recherche.","potentialAction":[{"@type":"SearchAction","target":{"@type":"EntryPoint","urlTemplate":"https:\/\/www.braintumour.ca\/fr\/?s={search_term_string}"},"query-input":{"@type":"PropertyValueSpecification","valueRequired":true,"valueName":"search_term_string"}}],"inLanguage":"fr-CA"}]}},"_links":{"self":[{"href":"https:\/\/www.braintumour.ca\/fr\/wp-json\/wp\/v2\/pages\/13392","targetHints":{"allow":["GET"]}}],"collection":[{"href":"https:\/\/www.braintumour.ca\/fr\/wp-json\/wp\/v2\/pages"}],"about":[{"href":"https:\/\/www.braintumour.ca\/fr\/wp-json\/wp\/v2\/types\/page"}],"author":[{"embeddable":true,"href":"https:\/\/www.braintumour.ca\/fr\/wp-json\/wp\/v2\/users\/4"}],"replies":[{"embeddable":true,"href":"https:\/\/www.braintumour.ca\/fr\/wp-json\/wp\/v2\/comments?post=13392"}],"version-history":[{"count":0,"href":"https:\/\/www.braintumour.ca\/fr\/wp-json\/wp\/v2\/pages\/13392\/revisions"}],"wp:featuredmedia":[{"embeddable":true,"href":"https:\/\/www.braintumour.ca\/fr\/wp-json\/wp\/v2\/media\/13369"}],"wp:attachment":[{"href":"https:\/\/www.braintumour.ca\/fr\/wp-json\/wp\/v2\/media?parent=13392"}],"wp:term":[{"taxonomy":"user_type","embeddable":true,"href":"https:\/\/www.braintumour.ca\/fr\/wp-json\/wp\/v2\/user_type?post=13392"}],"curies":[{"name":"wp","href":"https:\/\/api.w.org\/{rel}","templated":true}]}}