{"id":13435,"date":"2025-05-23T11:06:32","date_gmt":"2025-05-23T15:06:32","guid":{"rendered":"https:\/\/www.braintumour.ca\/?page_id=13435"},"modified":"2025-05-30T06:24:41","modified_gmt":"2025-05-30T10:24:41","slug":"sondage-sur-la-defense-des-droits-des-patients","status":"publish","type":"page","link":"https:\/\/www.braintumour.ca\/fr\/surveys\/sondage-sur-la-defense-des-droits-des-patients\/","title":{"rendered":"Sondage sur la d\u00e9fense des droits des patients"},"content":{"rendered":"","protected":false},"excerpt":{"rendered":"","protected":false},"author":4,"featured_media":13433,"parent":13390,"menu_order":4,"comment_status":"closed","ping_status":"closed","template":"","meta":{"_acf_changed":false,"footnotes":""},"user_type":[],"class_list":["post-13435","page","type-page","status-publish","has-post-thumbnail","hentry"],"acf":[],"yoast_head":"<!-- This site is optimized with the Yoast SEO Premium plugin v27.0 (Yoast SEO v27.0) - https:\/\/yoast.com\/product\/yoast-seo-premium-wordpress\/ -->\n<title>Sondage sur la d\u00e9fense des droits des patients - Fondation canadienne des tumeurs c\u00e9r\u00e9brales<\/title>\n<meta name=\"description\" content=\"\u00c0 la Fondation canadienne des tumeurs c\u00e9r\u00e9brales, nous croyons que la d\u00e9fense des droits des patients est un puissant moteur de changement et que ce changement commence par l\u2019\u00e9coute des personnes directement touch\u00e9es.\" \/>\n<meta name=\"robots\" content=\"index, follow, max-snippet:-1, max-image-preview:large, max-video-preview:-1\" \/>\n<link rel=\"canonical\" href=\"https:\/\/www.braintumour.ca\/fr\/surveys\/sondage-sur-la-defense-des-droits-des-patients\/\" \/>\n<meta property=\"og:locale\" content=\"fr_CA\" \/>\n<meta property=\"og:type\" content=\"article\" \/>\n<meta property=\"og:title\" content=\"Sondage sur la d\u00e9fense des droits des patients\" \/>\n<meta property=\"og:description\" content=\"\u00c0 la Fondation canadienne des tumeurs c\u00e9r\u00e9brales, nous croyons que la d\u00e9fense des droits des patients est un puissant moteur de changement et que ce changement commence par l\u2019\u00e9coute des personnes directement touch\u00e9es.\" \/>\n<meta property=\"og:url\" content=\"https:\/\/www.braintumour.ca\/fr\/surveys\/sondage-sur-la-defense-des-droits-des-patients\/\" \/>\n<meta property=\"og:site_name\" content=\"Fondation canadienne des tumeurs c\u00e9r\u00e9brales\" \/>\n<meta property=\"article:modified_time\" content=\"2025-05-30T10:24:41+00:00\" \/>\n<meta property=\"og:image\" content=\"https:\/\/www.braintumour.ca\/wp-content\/uploads\/2025\/05\/Advocacy-survey-tile.png\" \/>\n\t<meta property=\"og:image:width\" content=\"1080\" \/>\n\t<meta property=\"og:image:height\" content=\"1080\" \/>\n\t<meta property=\"og:image:type\" content=\"image\/png\" \/>\n<meta name=\"twitter:card\" content=\"summary_large_image\" \/>\n<meta name=\"twitter:label1\" content=\"Estimation du temps de lecture\" \/>\n\t<meta name=\"twitter:data1\" content=\"2 minutes\" \/>\n<script type=\"application\/ld+json\" class=\"yoast-schema-graph\">{\"@context\":\"https:\/\/schema.org\",\"@graph\":[{\"@type\":\"WebPage\",\"@id\":\"https:\/\/www.braintumour.ca\/fr\/surveys\/sondage-sur-la-defense-des-droits-des-patients\/\",\"url\":\"https:\/\/www.braintumour.ca\/fr\/surveys\/sondage-sur-la-defense-des-droits-des-patients\/\",\"name\":\"Sondage sur la d\u00e9fense des droits des patients - Fondation canadienne des tumeurs c\u00e9r\u00e9brales\",\"isPartOf\":{\"@id\":\"https:\/\/www.braintumour.ca\/fr\/#website\"},\"primaryImageOfPage\":{\"@id\":\"https:\/\/www.braintumour.ca\/fr\/surveys\/sondage-sur-la-defense-des-droits-des-patients\/#primaryimage\"},\"image\":{\"@id\":\"https:\/\/www.braintumour.ca\/fr\/surveys\/sondage-sur-la-defense-des-droits-des-patients\/#primaryimage\"},\"thumbnailUrl\":\"https:\/\/www.braintumour.ca\/wp-content\/uploads\/2025\/05\/Advocacy-survey-tile.png\",\"datePublished\":\"2025-05-23T15:06:32+00:00\",\"dateModified\":\"2025-05-30T10:24:41+00:00\",\"description\":\"\u00c0 la Fondation canadienne des tumeurs c\u00e9r\u00e9brales, nous croyons que la d\u00e9fense des droits des patients est un puissant moteur de changement et que ce changement commence par l\u2019\u00e9coute des personnes directement touch\u00e9es.\",\"breadcrumb\":{\"@id\":\"https:\/\/www.braintumour.ca\/fr\/surveys\/sondage-sur-la-defense-des-droits-des-patients\/#breadcrumb\"},\"inLanguage\":\"fr-CA\",\"potentialAction\":[{\"@type\":\"ReadAction\",\"target\":[\"https:\/\/www.braintumour.ca\/fr\/surveys\/sondage-sur-la-defense-des-droits-des-patients\/\"]}]},{\"@type\":\"ImageObject\",\"inLanguage\":\"fr-CA\",\"@id\":\"https:\/\/www.braintumour.ca\/fr\/surveys\/sondage-sur-la-defense-des-droits-des-patients\/#primaryimage\",\"url\":\"https:\/\/www.braintumour.ca\/wp-content\/uploads\/2025\/05\/Advocacy-survey-tile.png\",\"contentUrl\":\"https:\/\/www.braintumour.ca\/wp-content\/uploads\/2025\/05\/Advocacy-survey-tile.png\",\"width\":1080,\"height\":1080},{\"@type\":\"BreadcrumbList\",\"@id\":\"https:\/\/www.braintumour.ca\/fr\/surveys\/sondage-sur-la-defense-des-droits-des-patients\/#breadcrumb\",\"itemListElement\":[{\"@type\":\"ListItem\",\"position\":1,\"name\":\"Home\",\"item\":\"https:\/\/www.braintumour.ca\/fr\/\"},{\"@type\":\"ListItem\",\"position\":2,\"name\":\"Sondages\",\"item\":\"https:\/\/www.braintumour.ca\/fr\/surveys\/\"},{\"@type\":\"ListItem\",\"position\":3,\"name\":\"Sondage sur la d\u00e9fense des droits des patients\"}]},{\"@type\":\"WebSite\",\"@id\":\"https:\/\/www.braintumour.ca\/fr\/#website\",\"url\":\"https:\/\/www.braintumour.ca\/fr\/\",\"name\":\"Fondation canadienne des tumeurs c\u00e9r\u00e9brales\",\"description\":\"Notre mission est de venir en aide \u00e0 toutes les personnes touch\u00e9es par une tumeur c\u00e9r\u00e9brale au Canada par le biais de nos programmes d\u2019information, de soutien, d\u2019\u00e9ducation et de recherche.\",\"potentialAction\":[{\"@type\":\"SearchAction\",\"target\":{\"@type\":\"EntryPoint\",\"urlTemplate\":\"https:\/\/www.braintumour.ca\/fr\/?s={search_term_string}\"},\"query-input\":{\"@type\":\"PropertyValueSpecification\",\"valueRequired\":true,\"valueName\":\"search_term_string\"}}],\"inLanguage\":\"fr-CA\"}]}<\/script>\n<!-- \/ Yoast SEO Premium plugin. -->","yoast_head_json":{"title":"Sondage sur la d\u00e9fense des droits des patients - Fondation canadienne des tumeurs c\u00e9r\u00e9brales","description":"\u00c0 la Fondation canadienne des tumeurs c\u00e9r\u00e9brales, nous croyons que la d\u00e9fense des droits des patients est un puissant moteur de changement et que ce changement commence par l\u2019\u00e9coute des personnes directement touch\u00e9es.","robots":{"index":"index","follow":"follow","max-snippet":"max-snippet:-1","max-image-preview":"max-image-preview:large","max-video-preview":"max-video-preview:-1"},"canonical":"https:\/\/www.braintumour.ca\/fr\/surveys\/sondage-sur-la-defense-des-droits-des-patients\/","og_locale":"fr_CA","og_type":"article","og_title":"Sondage sur la d\u00e9fense des droits des patients","og_description":"\u00c0 la Fondation canadienne des tumeurs c\u00e9r\u00e9brales, nous croyons que la d\u00e9fense des droits des patients est un puissant moteur de changement et que ce changement commence par l\u2019\u00e9coute des personnes directement touch\u00e9es.","og_url":"https:\/\/www.braintumour.ca\/fr\/surveys\/sondage-sur-la-defense-des-droits-des-patients\/","og_site_name":"Fondation canadienne des tumeurs c\u00e9r\u00e9brales","article_modified_time":"2025-05-30T10:24:41+00:00","og_image":[{"width":1080,"height":1080,"url":"https:\/\/www.braintumour.ca\/wp-content\/uploads\/2025\/05\/Advocacy-survey-tile.png","type":"image\/png"}],"twitter_card":"summary_large_image","twitter_misc":{"Estimation du temps de lecture":"2 minutes"},"schema":{"@context":"https:\/\/schema.org","@graph":[{"@type":"WebPage","@id":"https:\/\/www.braintumour.ca\/fr\/surveys\/sondage-sur-la-defense-des-droits-des-patients\/","url":"https:\/\/www.braintumour.ca\/fr\/surveys\/sondage-sur-la-defense-des-droits-des-patients\/","name":"Sondage sur la d\u00e9fense des droits des patients - Fondation canadienne des tumeurs c\u00e9r\u00e9brales","isPartOf":{"@id":"https:\/\/www.braintumour.ca\/fr\/#website"},"primaryImageOfPage":{"@id":"https:\/\/www.braintumour.ca\/fr\/surveys\/sondage-sur-la-defense-des-droits-des-patients\/#primaryimage"},"image":{"@id":"https:\/\/www.braintumour.ca\/fr\/surveys\/sondage-sur-la-defense-des-droits-des-patients\/#primaryimage"},"thumbnailUrl":"https:\/\/www.braintumour.ca\/wp-content\/uploads\/2025\/05\/Advocacy-survey-tile.png","datePublished":"2025-05-23T15:06:32+00:00","dateModified":"2025-05-30T10:24:41+00:00","description":"\u00c0 la Fondation canadienne des tumeurs c\u00e9r\u00e9brales, nous croyons que la d\u00e9fense des droits des patients est un puissant moteur de changement et que ce changement commence par l\u2019\u00e9coute des personnes directement touch\u00e9es.","breadcrumb":{"@id":"https:\/\/www.braintumour.ca\/fr\/surveys\/sondage-sur-la-defense-des-droits-des-patients\/#breadcrumb"},"inLanguage":"fr-CA","potentialAction":[{"@type":"ReadAction","target":["https:\/\/www.braintumour.ca\/fr\/surveys\/sondage-sur-la-defense-des-droits-des-patients\/"]}]},{"@type":"ImageObject","inLanguage":"fr-CA","@id":"https:\/\/www.braintumour.ca\/fr\/surveys\/sondage-sur-la-defense-des-droits-des-patients\/#primaryimage","url":"https:\/\/www.braintumour.ca\/wp-content\/uploads\/2025\/05\/Advocacy-survey-tile.png","contentUrl":"https:\/\/www.braintumour.ca\/wp-content\/uploads\/2025\/05\/Advocacy-survey-tile.png","width":1080,"height":1080},{"@type":"BreadcrumbList","@id":"https:\/\/www.braintumour.ca\/fr\/surveys\/sondage-sur-la-defense-des-droits-des-patients\/#breadcrumb","itemListElement":[{"@type":"ListItem","position":1,"name":"Home","item":"https:\/\/www.braintumour.ca\/fr\/"},{"@type":"ListItem","position":2,"name":"Sondages","item":"https:\/\/www.braintumour.ca\/fr\/surveys\/"},{"@type":"ListItem","position":3,"name":"Sondage sur la d\u00e9fense des droits des patients"}]},{"@type":"WebSite","@id":"https:\/\/www.braintumour.ca\/fr\/#website","url":"https:\/\/www.braintumour.ca\/fr\/","name":"Fondation canadienne des tumeurs c\u00e9r\u00e9brales","description":"Notre mission est de venir en aide \u00e0 toutes les personnes touch\u00e9es par une tumeur c\u00e9r\u00e9brale au Canada par le biais de nos programmes d\u2019information, de soutien, d\u2019\u00e9ducation et de recherche.","potentialAction":[{"@type":"SearchAction","target":{"@type":"EntryPoint","urlTemplate":"https:\/\/www.braintumour.ca\/fr\/?s={search_term_string}"},"query-input":{"@type":"PropertyValueSpecification","valueRequired":true,"valueName":"search_term_string"}}],"inLanguage":"fr-CA"}]}},"_links":{"self":[{"href":"https:\/\/www.braintumour.ca\/fr\/wp-json\/wp\/v2\/pages\/13435","targetHints":{"allow":["GET"]}}],"collection":[{"href":"https:\/\/www.braintumour.ca\/fr\/wp-json\/wp\/v2\/pages"}],"about":[{"href":"https:\/\/www.braintumour.ca\/fr\/wp-json\/wp\/v2\/types\/page"}],"author":[{"embeddable":true,"href":"https:\/\/www.braintumour.ca\/fr\/wp-json\/wp\/v2\/users\/4"}],"replies":[{"embeddable":true,"href":"https:\/\/www.braintumour.ca\/fr\/wp-json\/wp\/v2\/comments?post=13435"}],"version-history":[{"count":0,"href":"https:\/\/www.braintumour.ca\/fr\/wp-json\/wp\/v2\/pages\/13435\/revisions"}],"up":[{"embeddable":true,"href":"https:\/\/www.braintumour.ca\/fr\/wp-json\/wp\/v2\/pages\/13390"}],"wp:featuredmedia":[{"embeddable":true,"href":"https:\/\/www.braintumour.ca\/fr\/wp-json\/wp\/v2\/media\/13433"}],"wp:attachment":[{"href":"https:\/\/www.braintumour.ca\/fr\/wp-json\/wp\/v2\/media?parent=13435"}],"wp:term":[{"taxonomy":"user_type","embeddable":true,"href":"https:\/\/www.braintumour.ca\/fr\/wp-json\/wp\/v2\/user_type?post=13435"}],"curies":[{"name":"wp","href":"https:\/\/api.w.org\/{rel}","templated":true}]}}