{"id":13523,"date":"2025-06-03T16:04:31","date_gmt":"2025-06-03T20:04:31","guid":{"rendered":"https:\/\/www.braintumour.ca\/alex-djukic-calgary-brain-tumour-walk-ambassador\/"},"modified":"2025-06-04T12:15:44","modified_gmt":"2025-06-04T16:15:44","slug":"alex-djukic-calgary-brain-tumour-walk-ambassador","status":"publish","type":"page","link":"https:\/\/www.braintumour.ca\/fr\/alex-djukic-calgary-brain-tumour-walk-ambassador\/","title":{"rendered":"Ambassadeur de la Marche des tumeurs c\u00e9r\u00e9brales de Calgary"},"content":{"rendered":"","protected":false},"excerpt":{"rendered":"","protected":false},"author":4,"featured_media":13519,"parent":0,"menu_order":0,"comment_status":"closed","ping_status":"closed","template":"","meta":{"_acf_changed":false,"footnotes":""},"user_type":[],"class_list":["post-13523","page","type-page","status-publish","has-post-thumbnail","hentry"],"acf":[],"yoast_head":"<!-- This site is optimized with the Yoast SEO Premium plugin v27.0 (Yoast SEO v27.0) - https:\/\/yoast.com\/product\/yoast-seo-premium-wordpress\/ -->\n<title>Ambassadeur de la Marche des tumeurs c\u00e9r\u00e9brales de Calgary - Fondation canadienne des tumeurs c\u00e9r\u00e9brales<\/title>\n<meta name=\"description\" content=\"Mon p\u00e8re a re\u00e7u un diagnostic de glioblastome. Avant cela, les tumeurs c\u00e9r\u00e9brales n\u2019\u00e9taient pas quelque chose auquel je pensais vraiment.\" \/>\n<meta name=\"robots\" content=\"index, follow, max-snippet:-1, max-image-preview:large, max-video-preview:-1\" \/>\n<link rel=\"canonical\" href=\"https:\/\/www.braintumour.ca\/fr\/alex-djukic-calgary-brain-tumour-walk-ambassador\/\" \/>\n<meta property=\"og:locale\" content=\"fr_CA\" \/>\n<meta property=\"og:type\" content=\"article\" \/>\n<meta property=\"og:title\" content=\"Ambassadeur de la Marche des tumeurs c\u00e9r\u00e9brales de Calgary\" \/>\n<meta property=\"og:description\" content=\"Mon p\u00e8re a re\u00e7u un diagnostic de glioblastome. Avant cela, les tumeurs c\u00e9r\u00e9brales n\u2019\u00e9taient pas quelque chose auquel je pensais vraiment.\" \/>\n<meta property=\"og:url\" content=\"https:\/\/www.braintumour.ca\/fr\/alex-djukic-calgary-brain-tumour-walk-ambassador\/\" \/>\n<meta property=\"og:site_name\" content=\"Fondation canadienne des tumeurs c\u00e9r\u00e9brales\" \/>\n<meta property=\"article:modified_time\" content=\"2025-06-04T16:15:44+00:00\" \/>\n<meta property=\"og:image\" content=\"https:\/\/www.braintumour.ca\/wp-content\/uploads\/2025\/06\/calgary.png\" \/>\n\t<meta property=\"og:image:width\" content=\"1440\" \/>\n\t<meta property=\"og:image:height\" content=\"400\" \/>\n\t<meta property=\"og:image:type\" content=\"image\/png\" \/>\n<meta name=\"twitter:card\" content=\"summary_large_image\" \/>\n<meta name=\"twitter:label1\" content=\"Estimation du temps de lecture\" \/>\n\t<meta name=\"twitter:data1\" content=\"2 minutes\" \/>\n<script type=\"application\/ld+json\" class=\"yoast-schema-graph\">{\"@context\":\"https:\/\/schema.org\",\"@graph\":[{\"@type\":\"WebPage\",\"@id\":\"https:\/\/www.braintumour.ca\/fr\/alex-djukic-calgary-brain-tumour-walk-ambassador\/\",\"url\":\"https:\/\/www.braintumour.ca\/fr\/alex-djukic-calgary-brain-tumour-walk-ambassador\/\",\"name\":\"Ambassadeur de la Marche des tumeurs c\u00e9r\u00e9brales de Calgary - Fondation canadienne des tumeurs c\u00e9r\u00e9brales\",\"isPartOf\":{\"@id\":\"https:\/\/www.braintumour.ca\/fr\/#website\"},\"primaryImageOfPage\":{\"@id\":\"https:\/\/www.braintumour.ca\/fr\/alex-djukic-calgary-brain-tumour-walk-ambassador\/#primaryimage\"},\"image\":{\"@id\":\"https:\/\/www.braintumour.ca\/fr\/alex-djukic-calgary-brain-tumour-walk-ambassador\/#primaryimage\"},\"thumbnailUrl\":\"https:\/\/www.braintumour.ca\/wp-content\/uploads\/2025\/06\/calgary.png\",\"datePublished\":\"2025-06-03T20:04:31+00:00\",\"dateModified\":\"2025-06-04T16:15:44+00:00\",\"description\":\"Mon p\u00e8re a re\u00e7u un diagnostic de glioblastome. Avant cela, les tumeurs c\u00e9r\u00e9brales n\u2019\u00e9taient pas quelque chose auquel je pensais vraiment.\",\"breadcrumb\":{\"@id\":\"https:\/\/www.braintumour.ca\/fr\/alex-djukic-calgary-brain-tumour-walk-ambassador\/#breadcrumb\"},\"inLanguage\":\"fr-CA\",\"potentialAction\":[{\"@type\":\"ReadAction\",\"target\":[\"https:\/\/www.braintumour.ca\/fr\/alex-djukic-calgary-brain-tumour-walk-ambassador\/\"]}]},{\"@type\":\"ImageObject\",\"inLanguage\":\"fr-CA\",\"@id\":\"https:\/\/www.braintumour.ca\/fr\/alex-djukic-calgary-brain-tumour-walk-ambassador\/#primaryimage\",\"url\":\"https:\/\/www.braintumour.ca\/wp-content\/uploads\/2025\/06\/calgary.png\",\"contentUrl\":\"https:\/\/www.braintumour.ca\/wp-content\/uploads\/2025\/06\/calgary.png\",\"width\":1440,\"height\":400},{\"@type\":\"BreadcrumbList\",\"@id\":\"https:\/\/www.braintumour.ca\/fr\/alex-djukic-calgary-brain-tumour-walk-ambassador\/#breadcrumb\",\"itemListElement\":[{\"@type\":\"ListItem\",\"position\":1,\"name\":\"Home\",\"item\":\"https:\/\/www.braintumour.ca\/fr\/\"},{\"@type\":\"ListItem\",\"position\":2,\"name\":\"Ambassadeur de la Marche des tumeurs c\u00e9r\u00e9brales de Calgary\"}]},{\"@type\":\"WebSite\",\"@id\":\"https:\/\/www.braintumour.ca\/fr\/#website\",\"url\":\"https:\/\/www.braintumour.ca\/fr\/\",\"name\":\"Fondation canadienne des tumeurs c\u00e9r\u00e9brales\",\"description\":\"Notre mission est de venir en aide \u00e0 toutes les personnes touch\u00e9es par une tumeur c\u00e9r\u00e9brale au Canada par le biais de nos programmes d\u2019information, de soutien, d\u2019\u00e9ducation et de recherche.\",\"potentialAction\":[{\"@type\":\"SearchAction\",\"target\":{\"@type\":\"EntryPoint\",\"urlTemplate\":\"https:\/\/www.braintumour.ca\/fr\/?s={search_term_string}\"},\"query-input\":{\"@type\":\"PropertyValueSpecification\",\"valueRequired\":true,\"valueName\":\"search_term_string\"}}],\"inLanguage\":\"fr-CA\"}]}<\/script>\n<!-- \/ Yoast SEO Premium plugin. -->","yoast_head_json":{"title":"Ambassadeur de la Marche des tumeurs c\u00e9r\u00e9brales de Calgary - Fondation canadienne des tumeurs c\u00e9r\u00e9brales","description":"Mon p\u00e8re a re\u00e7u un diagnostic de glioblastome. Avant cela, les tumeurs c\u00e9r\u00e9brales n\u2019\u00e9taient pas quelque chose auquel je pensais vraiment.","robots":{"index":"index","follow":"follow","max-snippet":"max-snippet:-1","max-image-preview":"max-image-preview:large","max-video-preview":"max-video-preview:-1"},"canonical":"https:\/\/www.braintumour.ca\/fr\/alex-djukic-calgary-brain-tumour-walk-ambassador\/","og_locale":"fr_CA","og_type":"article","og_title":"Ambassadeur de la Marche des tumeurs c\u00e9r\u00e9brales de Calgary","og_description":"Mon p\u00e8re a re\u00e7u un diagnostic de glioblastome. Avant cela, les tumeurs c\u00e9r\u00e9brales n\u2019\u00e9taient pas quelque chose auquel je pensais vraiment.","og_url":"https:\/\/www.braintumour.ca\/fr\/alex-djukic-calgary-brain-tumour-walk-ambassador\/","og_site_name":"Fondation canadienne des tumeurs c\u00e9r\u00e9brales","article_modified_time":"2025-06-04T16:15:44+00:00","og_image":[{"width":1440,"height":400,"url":"https:\/\/www.braintumour.ca\/wp-content\/uploads\/2025\/06\/calgary.png","type":"image\/png"}],"twitter_card":"summary_large_image","twitter_misc":{"Estimation du temps de lecture":"2 minutes"},"schema":{"@context":"https:\/\/schema.org","@graph":[{"@type":"WebPage","@id":"https:\/\/www.braintumour.ca\/fr\/alex-djukic-calgary-brain-tumour-walk-ambassador\/","url":"https:\/\/www.braintumour.ca\/fr\/alex-djukic-calgary-brain-tumour-walk-ambassador\/","name":"Ambassadeur de la Marche des tumeurs c\u00e9r\u00e9brales de Calgary - Fondation canadienne des tumeurs c\u00e9r\u00e9brales","isPartOf":{"@id":"https:\/\/www.braintumour.ca\/fr\/#website"},"primaryImageOfPage":{"@id":"https:\/\/www.braintumour.ca\/fr\/alex-djukic-calgary-brain-tumour-walk-ambassador\/#primaryimage"},"image":{"@id":"https:\/\/www.braintumour.ca\/fr\/alex-djukic-calgary-brain-tumour-walk-ambassador\/#primaryimage"},"thumbnailUrl":"https:\/\/www.braintumour.ca\/wp-content\/uploads\/2025\/06\/calgary.png","datePublished":"2025-06-03T20:04:31+00:00","dateModified":"2025-06-04T16:15:44+00:00","description":"Mon p\u00e8re a re\u00e7u un diagnostic de glioblastome. Avant cela, les tumeurs c\u00e9r\u00e9brales n\u2019\u00e9taient pas quelque chose auquel je pensais vraiment.","breadcrumb":{"@id":"https:\/\/www.braintumour.ca\/fr\/alex-djukic-calgary-brain-tumour-walk-ambassador\/#breadcrumb"},"inLanguage":"fr-CA","potentialAction":[{"@type":"ReadAction","target":["https:\/\/www.braintumour.ca\/fr\/alex-djukic-calgary-brain-tumour-walk-ambassador\/"]}]},{"@type":"ImageObject","inLanguage":"fr-CA","@id":"https:\/\/www.braintumour.ca\/fr\/alex-djukic-calgary-brain-tumour-walk-ambassador\/#primaryimage","url":"https:\/\/www.braintumour.ca\/wp-content\/uploads\/2025\/06\/calgary.png","contentUrl":"https:\/\/www.braintumour.ca\/wp-content\/uploads\/2025\/06\/calgary.png","width":1440,"height":400},{"@type":"BreadcrumbList","@id":"https:\/\/www.braintumour.ca\/fr\/alex-djukic-calgary-brain-tumour-walk-ambassador\/#breadcrumb","itemListElement":[{"@type":"ListItem","position":1,"name":"Home","item":"https:\/\/www.braintumour.ca\/fr\/"},{"@type":"ListItem","position":2,"name":"Ambassadeur de la Marche des tumeurs c\u00e9r\u00e9brales de Calgary"}]},{"@type":"WebSite","@id":"https:\/\/www.braintumour.ca\/fr\/#website","url":"https:\/\/www.braintumour.ca\/fr\/","name":"Fondation canadienne des tumeurs c\u00e9r\u00e9brales","description":"Notre mission est de venir en aide \u00e0 toutes les personnes touch\u00e9es par une tumeur c\u00e9r\u00e9brale au Canada par le biais de nos programmes d\u2019information, de soutien, d\u2019\u00e9ducation et de recherche.","potentialAction":[{"@type":"SearchAction","target":{"@type":"EntryPoint","urlTemplate":"https:\/\/www.braintumour.ca\/fr\/?s={search_term_string}"},"query-input":{"@type":"PropertyValueSpecification","valueRequired":true,"valueName":"search_term_string"}}],"inLanguage":"fr-CA"}]}},"_links":{"self":[{"href":"https:\/\/www.braintumour.ca\/fr\/wp-json\/wp\/v2\/pages\/13523","targetHints":{"allow":["GET"]}}],"collection":[{"href":"https:\/\/www.braintumour.ca\/fr\/wp-json\/wp\/v2\/pages"}],"about":[{"href":"https:\/\/www.braintumour.ca\/fr\/wp-json\/wp\/v2\/types\/page"}],"author":[{"embeddable":true,"href":"https:\/\/www.braintumour.ca\/fr\/wp-json\/wp\/v2\/users\/4"}],"replies":[{"embeddable":true,"href":"https:\/\/www.braintumour.ca\/fr\/wp-json\/wp\/v2\/comments?post=13523"}],"version-history":[{"count":0,"href":"https:\/\/www.braintumour.ca\/fr\/wp-json\/wp\/v2\/pages\/13523\/revisions"}],"wp:featuredmedia":[{"embeddable":true,"href":"https:\/\/www.braintumour.ca\/fr\/wp-json\/wp\/v2\/media\/13519"}],"wp:attachment":[{"href":"https:\/\/www.braintumour.ca\/fr\/wp-json\/wp\/v2\/media?parent=13523"}],"wp:term":[{"taxonomy":"user_type","embeddable":true,"href":"https:\/\/www.braintumour.ca\/fr\/wp-json\/wp\/v2\/user_type?post=13523"}],"curies":[{"name":"wp","href":"https:\/\/api.w.org\/{rel}","templated":true}]}}