{"id":13531,"date":"2025-06-04T12:12:35","date_gmt":"2025-06-04T16:12:35","guid":{"rendered":"https:\/\/www.braintumour.ca\/?page_id=13531"},"modified":"2025-06-04T12:12:35","modified_gmt":"2025-06-04T16:12:35","slug":"ambassadrice-de-la-marche-de-sudbury-et-des-marches-communautaires","status":"publish","type":"page","link":"https:\/\/www.braintumour.ca\/fr\/ambassadrice-de-la-marche-de-sudbury-et-des-marches-communautaires\/","title":{"rendered":"Ambassadrice de la Marche de Sudbury et des Marches communautaires"},"content":{"rendered":"","protected":false},"excerpt":{"rendered":"","protected":false},"author":4,"featured_media":13527,"parent":0,"menu_order":0,"comment_status":"closed","ping_status":"closed","template":"","meta":{"_acf_changed":false,"footnotes":""},"user_type":[],"class_list":["post-13531","page","type-page","status-publish","has-post-thumbnail","hentry"],"acf":[],"yoast_head":"<!-- This site is optimized with the Yoast SEO Premium plugin v27.0 (Yoast SEO v27.0) - https:\/\/yoast.com\/product\/yoast-seo-premium-wordpress\/ -->\n<title>Ambassadrice de la Marche de Sudbury et des Marches communautaires - Fondation canadienne des tumeurs c\u00e9r\u00e9brales<\/title>\n<meta name=\"description\" content=\"J\u2019ai re\u00e7u un diagnostic de craniopharyngiome \u00e0 l\u2019\u00e2ge de huit mois, ce qui a entra\u00een\u00e9 une basse vision permanente et des maladies chroniques.\" \/>\n<meta name=\"robots\" content=\"index, follow, max-snippet:-1, max-image-preview:large, max-video-preview:-1\" \/>\n<link rel=\"canonical\" href=\"https:\/\/www.braintumour.ca\/fr\/ambassadrice-de-la-marche-de-sudbury-et-des-marches-communautaires\/\" \/>\n<meta property=\"og:locale\" content=\"fr_CA\" \/>\n<meta property=\"og:type\" content=\"article\" \/>\n<meta property=\"og:title\" content=\"Ambassadrice de la Marche de Sudbury et des Marches communautaires\" \/>\n<meta property=\"og:description\" content=\"J\u2019ai re\u00e7u un diagnostic de craniopharyngiome \u00e0 l\u2019\u00e2ge de huit mois, ce qui a entra\u00een\u00e9 une basse vision permanente et des maladies chroniques.\" \/>\n<meta property=\"og:url\" content=\"https:\/\/www.braintumour.ca\/fr\/ambassadrice-de-la-marche-de-sudbury-et-des-marches-communautaires\/\" \/>\n<meta property=\"og:site_name\" content=\"Fondation canadienne des tumeurs c\u00e9r\u00e9brales\" \/>\n<meta property=\"og:image\" content=\"https:\/\/www.braintumour.ca\/wp-content\/uploads\/2025\/06\/Sudbury-banner.png\" \/>\n\t<meta property=\"og:image:width\" content=\"1240\" \/>\n\t<meta property=\"og:image:height\" content=\"540\" \/>\n\t<meta property=\"og:image:type\" content=\"image\/png\" \/>\n<meta name=\"twitter:card\" content=\"summary_large_image\" \/>\n<meta name=\"twitter:label1\" content=\"Estimation du temps de lecture\" \/>\n\t<meta name=\"twitter:data1\" content=\"3 minutes\" \/>\n<script type=\"application\/ld+json\" class=\"yoast-schema-graph\">{\"@context\":\"https:\/\/schema.org\",\"@graph\":[{\"@type\":\"WebPage\",\"@id\":\"https:\/\/www.braintumour.ca\/fr\/ambassadrice-de-la-marche-de-sudbury-et-des-marches-communautaires\/\",\"url\":\"https:\/\/www.braintumour.ca\/fr\/ambassadrice-de-la-marche-de-sudbury-et-des-marches-communautaires\/\",\"name\":\"Ambassadrice de la Marche de Sudbury et des Marches communautaires - Fondation canadienne des tumeurs c\u00e9r\u00e9brales\",\"isPartOf\":{\"@id\":\"https:\/\/www.braintumour.ca\/fr\/#website\"},\"primaryImageOfPage\":{\"@id\":\"https:\/\/www.braintumour.ca\/fr\/ambassadrice-de-la-marche-de-sudbury-et-des-marches-communautaires\/#primaryimage\"},\"image\":{\"@id\":\"https:\/\/www.braintumour.ca\/fr\/ambassadrice-de-la-marche-de-sudbury-et-des-marches-communautaires\/#primaryimage\"},\"thumbnailUrl\":\"https:\/\/www.braintumour.ca\/wp-content\/uploads\/2025\/06\/Sudbury-banner.png\",\"datePublished\":\"2025-06-04T16:12:35+00:00\",\"description\":\"J\u2019ai re\u00e7u un diagnostic de craniopharyngiome \u00e0 l\u2019\u00e2ge de huit mois, ce qui a entra\u00een\u00e9 une basse vision permanente et des maladies chroniques.\",\"breadcrumb\":{\"@id\":\"https:\/\/www.braintumour.ca\/fr\/ambassadrice-de-la-marche-de-sudbury-et-des-marches-communautaires\/#breadcrumb\"},\"inLanguage\":\"fr-CA\",\"potentialAction\":[{\"@type\":\"ReadAction\",\"target\":[\"https:\/\/www.braintumour.ca\/fr\/ambassadrice-de-la-marche-de-sudbury-et-des-marches-communautaires\/\"]}]},{\"@type\":\"ImageObject\",\"inLanguage\":\"fr-CA\",\"@id\":\"https:\/\/www.braintumour.ca\/fr\/ambassadrice-de-la-marche-de-sudbury-et-des-marches-communautaires\/#primaryimage\",\"url\":\"https:\/\/www.braintumour.ca\/wp-content\/uploads\/2025\/06\/Sudbury-banner.png\",\"contentUrl\":\"https:\/\/www.braintumour.ca\/wp-content\/uploads\/2025\/06\/Sudbury-banner.png\",\"width\":1240,\"height\":540},{\"@type\":\"BreadcrumbList\",\"@id\":\"https:\/\/www.braintumour.ca\/fr\/ambassadrice-de-la-marche-de-sudbury-et-des-marches-communautaires\/#breadcrumb\",\"itemListElement\":[{\"@type\":\"ListItem\",\"position\":1,\"name\":\"Home\",\"item\":\"https:\/\/www.braintumour.ca\/fr\/\"},{\"@type\":\"ListItem\",\"position\":2,\"name\":\"Ambassadrice de la Marche de Sudbury et des Marches communautaires\"}]},{\"@type\":\"WebSite\",\"@id\":\"https:\/\/www.braintumour.ca\/fr\/#website\",\"url\":\"https:\/\/www.braintumour.ca\/fr\/\",\"name\":\"Fondation canadienne des tumeurs c\u00e9r\u00e9brales\",\"description\":\"Notre mission est de venir en aide \u00e0 toutes les personnes touch\u00e9es par une tumeur c\u00e9r\u00e9brale au Canada par le biais de nos programmes d\u2019information, de soutien, d\u2019\u00e9ducation et de recherche.\",\"potentialAction\":[{\"@type\":\"SearchAction\",\"target\":{\"@type\":\"EntryPoint\",\"urlTemplate\":\"https:\/\/www.braintumour.ca\/fr\/?s={search_term_string}\"},\"query-input\":{\"@type\":\"PropertyValueSpecification\",\"valueRequired\":true,\"valueName\":\"search_term_string\"}}],\"inLanguage\":\"fr-CA\"}]}<\/script>\n<!-- \/ Yoast SEO Premium plugin. -->","yoast_head_json":{"title":"Ambassadrice de la Marche de Sudbury et des Marches communautaires - Fondation canadienne des tumeurs c\u00e9r\u00e9brales","description":"J\u2019ai re\u00e7u un diagnostic de craniopharyngiome \u00e0 l\u2019\u00e2ge de huit mois, ce qui a entra\u00een\u00e9 une basse vision permanente et des maladies chroniques.","robots":{"index":"index","follow":"follow","max-snippet":"max-snippet:-1","max-image-preview":"max-image-preview:large","max-video-preview":"max-video-preview:-1"},"canonical":"https:\/\/www.braintumour.ca\/fr\/ambassadrice-de-la-marche-de-sudbury-et-des-marches-communautaires\/","og_locale":"fr_CA","og_type":"article","og_title":"Ambassadrice de la Marche de Sudbury et des Marches communautaires","og_description":"J\u2019ai re\u00e7u un diagnostic de craniopharyngiome \u00e0 l\u2019\u00e2ge de huit mois, ce qui a entra\u00een\u00e9 une basse vision permanente et des maladies chroniques.","og_url":"https:\/\/www.braintumour.ca\/fr\/ambassadrice-de-la-marche-de-sudbury-et-des-marches-communautaires\/","og_site_name":"Fondation canadienne des tumeurs c\u00e9r\u00e9brales","og_image":[{"width":1240,"height":540,"url":"https:\/\/www.braintumour.ca\/wp-content\/uploads\/2025\/06\/Sudbury-banner.png","type":"image\/png"}],"twitter_card":"summary_large_image","twitter_misc":{"Estimation du temps de lecture":"3 minutes"},"schema":{"@context":"https:\/\/schema.org","@graph":[{"@type":"WebPage","@id":"https:\/\/www.braintumour.ca\/fr\/ambassadrice-de-la-marche-de-sudbury-et-des-marches-communautaires\/","url":"https:\/\/www.braintumour.ca\/fr\/ambassadrice-de-la-marche-de-sudbury-et-des-marches-communautaires\/","name":"Ambassadrice de la Marche de Sudbury et des Marches communautaires - Fondation canadienne des tumeurs c\u00e9r\u00e9brales","isPartOf":{"@id":"https:\/\/www.braintumour.ca\/fr\/#website"},"primaryImageOfPage":{"@id":"https:\/\/www.braintumour.ca\/fr\/ambassadrice-de-la-marche-de-sudbury-et-des-marches-communautaires\/#primaryimage"},"image":{"@id":"https:\/\/www.braintumour.ca\/fr\/ambassadrice-de-la-marche-de-sudbury-et-des-marches-communautaires\/#primaryimage"},"thumbnailUrl":"https:\/\/www.braintumour.ca\/wp-content\/uploads\/2025\/06\/Sudbury-banner.png","datePublished":"2025-06-04T16:12:35+00:00","description":"J\u2019ai re\u00e7u un diagnostic de craniopharyngiome \u00e0 l\u2019\u00e2ge de huit mois, ce qui a entra\u00een\u00e9 une basse vision permanente et des maladies chroniques.","breadcrumb":{"@id":"https:\/\/www.braintumour.ca\/fr\/ambassadrice-de-la-marche-de-sudbury-et-des-marches-communautaires\/#breadcrumb"},"inLanguage":"fr-CA","potentialAction":[{"@type":"ReadAction","target":["https:\/\/www.braintumour.ca\/fr\/ambassadrice-de-la-marche-de-sudbury-et-des-marches-communautaires\/"]}]},{"@type":"ImageObject","inLanguage":"fr-CA","@id":"https:\/\/www.braintumour.ca\/fr\/ambassadrice-de-la-marche-de-sudbury-et-des-marches-communautaires\/#primaryimage","url":"https:\/\/www.braintumour.ca\/wp-content\/uploads\/2025\/06\/Sudbury-banner.png","contentUrl":"https:\/\/www.braintumour.ca\/wp-content\/uploads\/2025\/06\/Sudbury-banner.png","width":1240,"height":540},{"@type":"BreadcrumbList","@id":"https:\/\/www.braintumour.ca\/fr\/ambassadrice-de-la-marche-de-sudbury-et-des-marches-communautaires\/#breadcrumb","itemListElement":[{"@type":"ListItem","position":1,"name":"Home","item":"https:\/\/www.braintumour.ca\/fr\/"},{"@type":"ListItem","position":2,"name":"Ambassadrice de la Marche de Sudbury et des Marches communautaires"}]},{"@type":"WebSite","@id":"https:\/\/www.braintumour.ca\/fr\/#website","url":"https:\/\/www.braintumour.ca\/fr\/","name":"Fondation canadienne des tumeurs c\u00e9r\u00e9brales","description":"Notre mission est de venir en aide \u00e0 toutes les personnes touch\u00e9es par une tumeur c\u00e9r\u00e9brale au Canada par le biais de nos programmes d\u2019information, de soutien, d\u2019\u00e9ducation et de recherche.","potentialAction":[{"@type":"SearchAction","target":{"@type":"EntryPoint","urlTemplate":"https:\/\/www.braintumour.ca\/fr\/?s={search_term_string}"},"query-input":{"@type":"PropertyValueSpecification","valueRequired":true,"valueName":"search_term_string"}}],"inLanguage":"fr-CA"}]}},"_links":{"self":[{"href":"https:\/\/www.braintumour.ca\/fr\/wp-json\/wp\/v2\/pages\/13531","targetHints":{"allow":["GET"]}}],"collection":[{"href":"https:\/\/www.braintumour.ca\/fr\/wp-json\/wp\/v2\/pages"}],"about":[{"href":"https:\/\/www.braintumour.ca\/fr\/wp-json\/wp\/v2\/types\/page"}],"author":[{"embeddable":true,"href":"https:\/\/www.braintumour.ca\/fr\/wp-json\/wp\/v2\/users\/4"}],"replies":[{"embeddable":true,"href":"https:\/\/www.braintumour.ca\/fr\/wp-json\/wp\/v2\/comments?post=13531"}],"version-history":[{"count":0,"href":"https:\/\/www.braintumour.ca\/fr\/wp-json\/wp\/v2\/pages\/13531\/revisions"}],"wp:featuredmedia":[{"embeddable":true,"href":"https:\/\/www.braintumour.ca\/fr\/wp-json\/wp\/v2\/media\/13527"}],"wp:attachment":[{"href":"https:\/\/www.braintumour.ca\/fr\/wp-json\/wp\/v2\/media?parent=13531"}],"wp:term":[{"taxonomy":"user_type","embeddable":true,"href":"https:\/\/www.braintumour.ca\/fr\/wp-json\/wp\/v2\/user_type?post=13531"}],"curies":[{"name":"wp","href":"https:\/\/api.w.org\/{rel}","templated":true}]}}