{"id":13539,"date":"2025-06-04T12:36:55","date_gmt":"2025-06-04T16:36:55","guid":{"rendered":"https:\/\/www.braintumour.ca\/?page_id=13539"},"modified":"2025-06-04T12:36:55","modified_gmt":"2025-06-04T16:36:55","slug":"ambassadrice-de-la-marche-des-tumeurs-cerebrales-de-winnipeg","status":"publish","type":"page","link":"https:\/\/www.braintumour.ca\/fr\/ambassadrice-de-la-marche-des-tumeurs-cerebrales-de-winnipeg\/","title":{"rendered":"Ambassadrice de la Marche des tumeurs c\u00e9r\u00e9brales de Winnipeg"},"content":{"rendered":"","protected":false},"excerpt":{"rendered":"","protected":false},"author":4,"featured_media":13535,"parent":0,"menu_order":0,"comment_status":"closed","ping_status":"closed","template":"","meta":{"_acf_changed":false,"footnotes":""},"user_type":[],"class_list":["post-13539","page","type-page","status-publish","has-post-thumbnail","hentry"],"acf":[],"yoast_head":"<!-- This site is optimized with the Yoast SEO Premium plugin v27.0 (Yoast SEO v27.0) - https:\/\/yoast.com\/product\/yoast-seo-premium-wordpress\/ -->\n<title>Ambassadrice de la Marche des tumeurs c\u00e9r\u00e9brales de Winnipeg - Fondation canadienne des tumeurs c\u00e9r\u00e9brales<\/title>\n<meta name=\"description\" content=\"Cela a \u00e9t\u00e9 toute une montagne russe sur le plan \u00e9motionnel, et j\u2019ai d\u00fb apprendre \u00e0 composer avec une nouvelle normalit\u00e9.\" \/>\n<meta name=\"robots\" content=\"index, follow, max-snippet:-1, max-image-preview:large, max-video-preview:-1\" \/>\n<link rel=\"canonical\" href=\"https:\/\/www.braintumour.ca\/fr\/ambassadrice-de-la-marche-des-tumeurs-cerebrales-de-winnipeg\/\" \/>\n<meta property=\"og:locale\" content=\"fr_CA\" \/>\n<meta property=\"og:type\" content=\"article\" \/>\n<meta property=\"og:title\" content=\"Ambassadrice de la Marche des tumeurs c\u00e9r\u00e9brales de Winnipeg\" \/>\n<meta property=\"og:description\" content=\"Cela a \u00e9t\u00e9 toute une montagne russe sur le plan \u00e9motionnel, et j\u2019ai d\u00fb apprendre \u00e0 composer avec une nouvelle normalit\u00e9.\" \/>\n<meta property=\"og:url\" content=\"https:\/\/www.braintumour.ca\/fr\/ambassadrice-de-la-marche-des-tumeurs-cerebrales-de-winnipeg\/\" \/>\n<meta property=\"og:site_name\" content=\"Fondation canadienne des tumeurs c\u00e9r\u00e9brales\" \/>\n<meta property=\"og:image\" content=\"https:\/\/www.braintumour.ca\/wp-content\/uploads\/2025\/06\/winnipeg.png\" \/>\n\t<meta property=\"og:image:width\" content=\"1440\" \/>\n\t<meta property=\"og:image:height\" content=\"400\" \/>\n\t<meta property=\"og:image:type\" content=\"image\/png\" \/>\n<meta name=\"twitter:card\" content=\"summary_large_image\" \/>\n<meta name=\"twitter:label1\" content=\"Estimation du temps de lecture\" \/>\n\t<meta name=\"twitter:data1\" content=\"2 minutes\" \/>\n<script type=\"application\/ld+json\" class=\"yoast-schema-graph\">{\"@context\":\"https:\/\/schema.org\",\"@graph\":[{\"@type\":\"WebPage\",\"@id\":\"https:\/\/www.braintumour.ca\/fr\/ambassadrice-de-la-marche-des-tumeurs-cerebrales-de-winnipeg\/\",\"url\":\"https:\/\/www.braintumour.ca\/fr\/ambassadrice-de-la-marche-des-tumeurs-cerebrales-de-winnipeg\/\",\"name\":\"Ambassadrice de la Marche des tumeurs c\u00e9r\u00e9brales de Winnipeg - Fondation canadienne des tumeurs c\u00e9r\u00e9brales\",\"isPartOf\":{\"@id\":\"https:\/\/www.braintumour.ca\/fr\/#website\"},\"primaryImageOfPage\":{\"@id\":\"https:\/\/www.braintumour.ca\/fr\/ambassadrice-de-la-marche-des-tumeurs-cerebrales-de-winnipeg\/#primaryimage\"},\"image\":{\"@id\":\"https:\/\/www.braintumour.ca\/fr\/ambassadrice-de-la-marche-des-tumeurs-cerebrales-de-winnipeg\/#primaryimage\"},\"thumbnailUrl\":\"https:\/\/www.braintumour.ca\/wp-content\/uploads\/2025\/06\/winnipeg.png\",\"datePublished\":\"2025-06-04T16:36:55+00:00\",\"description\":\"Cela a \u00e9t\u00e9 toute une montagne russe sur le plan \u00e9motionnel, et j\u2019ai d\u00fb apprendre \u00e0 composer avec une nouvelle normalit\u00e9.\",\"breadcrumb\":{\"@id\":\"https:\/\/www.braintumour.ca\/fr\/ambassadrice-de-la-marche-des-tumeurs-cerebrales-de-winnipeg\/#breadcrumb\"},\"inLanguage\":\"fr-CA\",\"potentialAction\":[{\"@type\":\"ReadAction\",\"target\":[\"https:\/\/www.braintumour.ca\/fr\/ambassadrice-de-la-marche-des-tumeurs-cerebrales-de-winnipeg\/\"]}]},{\"@type\":\"ImageObject\",\"inLanguage\":\"fr-CA\",\"@id\":\"https:\/\/www.braintumour.ca\/fr\/ambassadrice-de-la-marche-des-tumeurs-cerebrales-de-winnipeg\/#primaryimage\",\"url\":\"https:\/\/www.braintumour.ca\/wp-content\/uploads\/2025\/06\/winnipeg.png\",\"contentUrl\":\"https:\/\/www.braintumour.ca\/wp-content\/uploads\/2025\/06\/winnipeg.png\",\"width\":1440,\"height\":400},{\"@type\":\"BreadcrumbList\",\"@id\":\"https:\/\/www.braintumour.ca\/fr\/ambassadrice-de-la-marche-des-tumeurs-cerebrales-de-winnipeg\/#breadcrumb\",\"itemListElement\":[{\"@type\":\"ListItem\",\"position\":1,\"name\":\"Home\",\"item\":\"https:\/\/www.braintumour.ca\/fr\/\"},{\"@type\":\"ListItem\",\"position\":2,\"name\":\"Ambassadrice de la Marche des tumeurs c\u00e9r\u00e9brales de Winnipeg\"}]},{\"@type\":\"WebSite\",\"@id\":\"https:\/\/www.braintumour.ca\/fr\/#website\",\"url\":\"https:\/\/www.braintumour.ca\/fr\/\",\"name\":\"Fondation canadienne des tumeurs c\u00e9r\u00e9brales\",\"description\":\"Notre mission est de venir en aide \u00e0 toutes les personnes touch\u00e9es par une tumeur c\u00e9r\u00e9brale au Canada par le biais de nos programmes d\u2019information, de soutien, d\u2019\u00e9ducation et de recherche.\",\"potentialAction\":[{\"@type\":\"SearchAction\",\"target\":{\"@type\":\"EntryPoint\",\"urlTemplate\":\"https:\/\/www.braintumour.ca\/fr\/?s={search_term_string}\"},\"query-input\":{\"@type\":\"PropertyValueSpecification\",\"valueRequired\":true,\"valueName\":\"search_term_string\"}}],\"inLanguage\":\"fr-CA\"}]}<\/script>\n<!-- \/ Yoast SEO Premium plugin. -->","yoast_head_json":{"title":"Ambassadrice de la Marche des tumeurs c\u00e9r\u00e9brales de Winnipeg - Fondation canadienne des tumeurs c\u00e9r\u00e9brales","description":"Cela a \u00e9t\u00e9 toute une montagne russe sur le plan \u00e9motionnel, et j\u2019ai d\u00fb apprendre \u00e0 composer avec une nouvelle normalit\u00e9.","robots":{"index":"index","follow":"follow","max-snippet":"max-snippet:-1","max-image-preview":"max-image-preview:large","max-video-preview":"max-video-preview:-1"},"canonical":"https:\/\/www.braintumour.ca\/fr\/ambassadrice-de-la-marche-des-tumeurs-cerebrales-de-winnipeg\/","og_locale":"fr_CA","og_type":"article","og_title":"Ambassadrice de la Marche des tumeurs c\u00e9r\u00e9brales de Winnipeg","og_description":"Cela a \u00e9t\u00e9 toute une montagne russe sur le plan \u00e9motionnel, et j\u2019ai d\u00fb apprendre \u00e0 composer avec une nouvelle normalit\u00e9.","og_url":"https:\/\/www.braintumour.ca\/fr\/ambassadrice-de-la-marche-des-tumeurs-cerebrales-de-winnipeg\/","og_site_name":"Fondation canadienne des tumeurs c\u00e9r\u00e9brales","og_image":[{"width":1440,"height":400,"url":"https:\/\/www.braintumour.ca\/wp-content\/uploads\/2025\/06\/winnipeg.png","type":"image\/png"}],"twitter_card":"summary_large_image","twitter_misc":{"Estimation du temps de lecture":"2 minutes"},"schema":{"@context":"https:\/\/schema.org","@graph":[{"@type":"WebPage","@id":"https:\/\/www.braintumour.ca\/fr\/ambassadrice-de-la-marche-des-tumeurs-cerebrales-de-winnipeg\/","url":"https:\/\/www.braintumour.ca\/fr\/ambassadrice-de-la-marche-des-tumeurs-cerebrales-de-winnipeg\/","name":"Ambassadrice de la Marche des tumeurs c\u00e9r\u00e9brales de Winnipeg - Fondation canadienne des tumeurs c\u00e9r\u00e9brales","isPartOf":{"@id":"https:\/\/www.braintumour.ca\/fr\/#website"},"primaryImageOfPage":{"@id":"https:\/\/www.braintumour.ca\/fr\/ambassadrice-de-la-marche-des-tumeurs-cerebrales-de-winnipeg\/#primaryimage"},"image":{"@id":"https:\/\/www.braintumour.ca\/fr\/ambassadrice-de-la-marche-des-tumeurs-cerebrales-de-winnipeg\/#primaryimage"},"thumbnailUrl":"https:\/\/www.braintumour.ca\/wp-content\/uploads\/2025\/06\/winnipeg.png","datePublished":"2025-06-04T16:36:55+00:00","description":"Cela a \u00e9t\u00e9 toute une montagne russe sur le plan \u00e9motionnel, et j\u2019ai d\u00fb apprendre \u00e0 composer avec une nouvelle normalit\u00e9.","breadcrumb":{"@id":"https:\/\/www.braintumour.ca\/fr\/ambassadrice-de-la-marche-des-tumeurs-cerebrales-de-winnipeg\/#breadcrumb"},"inLanguage":"fr-CA","potentialAction":[{"@type":"ReadAction","target":["https:\/\/www.braintumour.ca\/fr\/ambassadrice-de-la-marche-des-tumeurs-cerebrales-de-winnipeg\/"]}]},{"@type":"ImageObject","inLanguage":"fr-CA","@id":"https:\/\/www.braintumour.ca\/fr\/ambassadrice-de-la-marche-des-tumeurs-cerebrales-de-winnipeg\/#primaryimage","url":"https:\/\/www.braintumour.ca\/wp-content\/uploads\/2025\/06\/winnipeg.png","contentUrl":"https:\/\/www.braintumour.ca\/wp-content\/uploads\/2025\/06\/winnipeg.png","width":1440,"height":400},{"@type":"BreadcrumbList","@id":"https:\/\/www.braintumour.ca\/fr\/ambassadrice-de-la-marche-des-tumeurs-cerebrales-de-winnipeg\/#breadcrumb","itemListElement":[{"@type":"ListItem","position":1,"name":"Home","item":"https:\/\/www.braintumour.ca\/fr\/"},{"@type":"ListItem","position":2,"name":"Ambassadrice de la Marche des tumeurs c\u00e9r\u00e9brales de Winnipeg"}]},{"@type":"WebSite","@id":"https:\/\/www.braintumour.ca\/fr\/#website","url":"https:\/\/www.braintumour.ca\/fr\/","name":"Fondation canadienne des tumeurs c\u00e9r\u00e9brales","description":"Notre mission est de venir en aide \u00e0 toutes les personnes touch\u00e9es par une tumeur c\u00e9r\u00e9brale au Canada par le biais de nos programmes d\u2019information, de soutien, d\u2019\u00e9ducation et de recherche.","potentialAction":[{"@type":"SearchAction","target":{"@type":"EntryPoint","urlTemplate":"https:\/\/www.braintumour.ca\/fr\/?s={search_term_string}"},"query-input":{"@type":"PropertyValueSpecification","valueRequired":true,"valueName":"search_term_string"}}],"inLanguage":"fr-CA"}]}},"_links":{"self":[{"href":"https:\/\/www.braintumour.ca\/fr\/wp-json\/wp\/v2\/pages\/13539","targetHints":{"allow":["GET"]}}],"collection":[{"href":"https:\/\/www.braintumour.ca\/fr\/wp-json\/wp\/v2\/pages"}],"about":[{"href":"https:\/\/www.braintumour.ca\/fr\/wp-json\/wp\/v2\/types\/page"}],"author":[{"embeddable":true,"href":"https:\/\/www.braintumour.ca\/fr\/wp-json\/wp\/v2\/users\/4"}],"replies":[{"embeddable":true,"href":"https:\/\/www.braintumour.ca\/fr\/wp-json\/wp\/v2\/comments?post=13539"}],"version-history":[{"count":0,"href":"https:\/\/www.braintumour.ca\/fr\/wp-json\/wp\/v2\/pages\/13539\/revisions"}],"wp:featuredmedia":[{"embeddable":true,"href":"https:\/\/www.braintumour.ca\/fr\/wp-json\/wp\/v2\/media\/13535"}],"wp:attachment":[{"href":"https:\/\/www.braintumour.ca\/fr\/wp-json\/wp\/v2\/media?parent=13539"}],"wp:term":[{"taxonomy":"user_type","embeddable":true,"href":"https:\/\/www.braintumour.ca\/fr\/wp-json\/wp\/v2\/user_type?post=13539"}],"curies":[{"name":"wp","href":"https:\/\/api.w.org\/{rel}","templated":true}]}}