{"id":13551,"date":"2025-06-04T18:41:16","date_gmt":"2025-06-04T22:41:16","guid":{"rendered":"https:\/\/www.braintumour.ca\/?page_id=13551"},"modified":"2025-06-04T18:41:16","modified_gmt":"2025-06-04T22:41:16","slug":"ambassadrice-de-la-marche-des-tumeurs-cerebrales-dedmonton","status":"publish","type":"page","link":"https:\/\/www.braintumour.ca\/fr\/ambassadrice-de-la-marche-des-tumeurs-cerebrales-dedmonton\/","title":{"rendered":"Ambassadrice de la Marche des tumeurs c\u00e9r\u00e9brales d\u2019Edmonton"},"content":{"rendered":"","protected":false},"excerpt":{"rendered":"","protected":false},"author":4,"featured_media":13547,"parent":0,"menu_order":0,"comment_status":"closed","ping_status":"closed","template":"","meta":{"_acf_changed":false,"footnotes":""},"user_type":[],"class_list":["post-13551","page","type-page","status-publish","has-post-thumbnail","hentry"],"acf":[],"yoast_head":"<!-- This site is optimized with the Yoast SEO Premium plugin v27.0 (Yoast SEO v27.0) - https:\/\/yoast.com\/product\/yoast-seo-premium-wordpress\/ -->\n<title>Ambassadrice de la Marche des tumeurs c\u00e9r\u00e9brales d\u2019Edmonton - Fondation canadienne des tumeurs c\u00e9r\u00e9brales<\/title>\n<meta name=\"description\" content=\"En 2014, j\u2019\u00e9tais en vacances avec une amie au Panama lorsque j\u2019ai subi une crise tonico-clonique (grand mal). C\u2019est l\u00e0-bas que j\u2019ai entendu pour la premi\u00e8re fois les mots : \u00ab Vous avez une tumeur au cerveau. \u00bb\" \/>\n<meta name=\"robots\" content=\"index, follow, max-snippet:-1, max-image-preview:large, max-video-preview:-1\" \/>\n<link rel=\"canonical\" href=\"https:\/\/www.braintumour.ca\/fr\/ambassadrice-de-la-marche-des-tumeurs-cerebrales-dedmonton\/\" \/>\n<meta property=\"og:locale\" content=\"fr_CA\" \/>\n<meta property=\"og:type\" content=\"article\" \/>\n<meta property=\"og:title\" content=\"Ambassadrice de la Marche des tumeurs c\u00e9r\u00e9brales d\u2019Edmonton\" \/>\n<meta property=\"og:description\" content=\"En 2014, j\u2019\u00e9tais en vacances avec une amie au Panama lorsque j\u2019ai subi une crise tonico-clonique (grand mal). C\u2019est l\u00e0-bas que j\u2019ai entendu pour la premi\u00e8re fois les mots : \u00ab Vous avez une tumeur au cerveau. \u00bb\" \/>\n<meta property=\"og:url\" content=\"https:\/\/www.braintumour.ca\/fr\/ambassadrice-de-la-marche-des-tumeurs-cerebrales-dedmonton\/\" \/>\n<meta property=\"og:site_name\" content=\"Fondation canadienne des tumeurs c\u00e9r\u00e9brales\" \/>\n<meta property=\"og:image\" content=\"https:\/\/www.braintumour.ca\/wp-content\/uploads\/2025\/06\/edmonton.png\" \/>\n\t<meta property=\"og:image:width\" content=\"1440\" \/>\n\t<meta property=\"og:image:height\" content=\"400\" \/>\n\t<meta property=\"og:image:type\" content=\"image\/png\" \/>\n<meta name=\"twitter:card\" content=\"summary_large_image\" \/>\n<meta name=\"twitter:label1\" content=\"Estimation du temps de lecture\" \/>\n\t<meta name=\"twitter:data1\" content=\"3 minutes\" \/>\n<script type=\"application\/ld+json\" class=\"yoast-schema-graph\">{\"@context\":\"https:\/\/schema.org\",\"@graph\":[{\"@type\":\"WebPage\",\"@id\":\"https:\/\/www.braintumour.ca\/fr\/ambassadrice-de-la-marche-des-tumeurs-cerebrales-dedmonton\/\",\"url\":\"https:\/\/www.braintumour.ca\/fr\/ambassadrice-de-la-marche-des-tumeurs-cerebrales-dedmonton\/\",\"name\":\"Ambassadrice de la Marche des tumeurs c\u00e9r\u00e9brales d\u2019Edmonton - Fondation canadienne des tumeurs c\u00e9r\u00e9brales\",\"isPartOf\":{\"@id\":\"https:\/\/www.braintumour.ca\/fr\/#website\"},\"primaryImageOfPage\":{\"@id\":\"https:\/\/www.braintumour.ca\/fr\/ambassadrice-de-la-marche-des-tumeurs-cerebrales-dedmonton\/#primaryimage\"},\"image\":{\"@id\":\"https:\/\/www.braintumour.ca\/fr\/ambassadrice-de-la-marche-des-tumeurs-cerebrales-dedmonton\/#primaryimage\"},\"thumbnailUrl\":\"https:\/\/www.braintumour.ca\/wp-content\/uploads\/2025\/06\/edmonton.png\",\"datePublished\":\"2025-06-04T22:41:16+00:00\",\"description\":\"En 2014, j\u2019\u00e9tais en vacances avec une amie au Panama lorsque j\u2019ai subi une crise tonico-clonique (grand mal). C\u2019est l\u00e0-bas que j\u2019ai entendu pour la premi\u00e8re fois les mots : \u00ab Vous avez une tumeur au cerveau. \u00bb\",\"breadcrumb\":{\"@id\":\"https:\/\/www.braintumour.ca\/fr\/ambassadrice-de-la-marche-des-tumeurs-cerebrales-dedmonton\/#breadcrumb\"},\"inLanguage\":\"fr-CA\",\"potentialAction\":[{\"@type\":\"ReadAction\",\"target\":[\"https:\/\/www.braintumour.ca\/fr\/ambassadrice-de-la-marche-des-tumeurs-cerebrales-dedmonton\/\"]}]},{\"@type\":\"ImageObject\",\"inLanguage\":\"fr-CA\",\"@id\":\"https:\/\/www.braintumour.ca\/fr\/ambassadrice-de-la-marche-des-tumeurs-cerebrales-dedmonton\/#primaryimage\",\"url\":\"https:\/\/www.braintumour.ca\/wp-content\/uploads\/2025\/06\/edmonton.png\",\"contentUrl\":\"https:\/\/www.braintumour.ca\/wp-content\/uploads\/2025\/06\/edmonton.png\",\"width\":1440,\"height\":400},{\"@type\":\"BreadcrumbList\",\"@id\":\"https:\/\/www.braintumour.ca\/fr\/ambassadrice-de-la-marche-des-tumeurs-cerebrales-dedmonton\/#breadcrumb\",\"itemListElement\":[{\"@type\":\"ListItem\",\"position\":1,\"name\":\"Home\",\"item\":\"https:\/\/www.braintumour.ca\/fr\/\"},{\"@type\":\"ListItem\",\"position\":2,\"name\":\"Ambassadrice de la Marche des tumeurs c\u00e9r\u00e9brales d\u2019Edmonton\"}]},{\"@type\":\"WebSite\",\"@id\":\"https:\/\/www.braintumour.ca\/fr\/#website\",\"url\":\"https:\/\/www.braintumour.ca\/fr\/\",\"name\":\"Fondation canadienne des tumeurs c\u00e9r\u00e9brales\",\"description\":\"Notre mission est de venir en aide \u00e0 toutes les personnes touch\u00e9es par une tumeur c\u00e9r\u00e9brale au Canada par le biais de nos programmes d\u2019information, de soutien, d\u2019\u00e9ducation et de recherche.\",\"potentialAction\":[{\"@type\":\"SearchAction\",\"target\":{\"@type\":\"EntryPoint\",\"urlTemplate\":\"https:\/\/www.braintumour.ca\/fr\/?s={search_term_string}\"},\"query-input\":{\"@type\":\"PropertyValueSpecification\",\"valueRequired\":true,\"valueName\":\"search_term_string\"}}],\"inLanguage\":\"fr-CA\"}]}<\/script>\n<!-- \/ Yoast SEO Premium plugin. -->","yoast_head_json":{"title":"Ambassadrice de la Marche des tumeurs c\u00e9r\u00e9brales d\u2019Edmonton - Fondation canadienne des tumeurs c\u00e9r\u00e9brales","description":"En 2014, j\u2019\u00e9tais en vacances avec une amie au Panama lorsque j\u2019ai subi une crise tonico-clonique (grand mal). C\u2019est l\u00e0-bas que j\u2019ai entendu pour la premi\u00e8re fois les mots : \u00ab Vous avez une tumeur au cerveau. \u00bb","robots":{"index":"index","follow":"follow","max-snippet":"max-snippet:-1","max-image-preview":"max-image-preview:large","max-video-preview":"max-video-preview:-1"},"canonical":"https:\/\/www.braintumour.ca\/fr\/ambassadrice-de-la-marche-des-tumeurs-cerebrales-dedmonton\/","og_locale":"fr_CA","og_type":"article","og_title":"Ambassadrice de la Marche des tumeurs c\u00e9r\u00e9brales d\u2019Edmonton","og_description":"En 2014, j\u2019\u00e9tais en vacances avec une amie au Panama lorsque j\u2019ai subi une crise tonico-clonique (grand mal). C\u2019est l\u00e0-bas que j\u2019ai entendu pour la premi\u00e8re fois les mots : \u00ab Vous avez une tumeur au cerveau. \u00bb","og_url":"https:\/\/www.braintumour.ca\/fr\/ambassadrice-de-la-marche-des-tumeurs-cerebrales-dedmonton\/","og_site_name":"Fondation canadienne des tumeurs c\u00e9r\u00e9brales","og_image":[{"width":1440,"height":400,"url":"https:\/\/www.braintumour.ca\/wp-content\/uploads\/2025\/06\/edmonton.png","type":"image\/png"}],"twitter_card":"summary_large_image","twitter_misc":{"Estimation du temps de lecture":"3 minutes"},"schema":{"@context":"https:\/\/schema.org","@graph":[{"@type":"WebPage","@id":"https:\/\/www.braintumour.ca\/fr\/ambassadrice-de-la-marche-des-tumeurs-cerebrales-dedmonton\/","url":"https:\/\/www.braintumour.ca\/fr\/ambassadrice-de-la-marche-des-tumeurs-cerebrales-dedmonton\/","name":"Ambassadrice de la Marche des tumeurs c\u00e9r\u00e9brales d\u2019Edmonton - Fondation canadienne des tumeurs c\u00e9r\u00e9brales","isPartOf":{"@id":"https:\/\/www.braintumour.ca\/fr\/#website"},"primaryImageOfPage":{"@id":"https:\/\/www.braintumour.ca\/fr\/ambassadrice-de-la-marche-des-tumeurs-cerebrales-dedmonton\/#primaryimage"},"image":{"@id":"https:\/\/www.braintumour.ca\/fr\/ambassadrice-de-la-marche-des-tumeurs-cerebrales-dedmonton\/#primaryimage"},"thumbnailUrl":"https:\/\/www.braintumour.ca\/wp-content\/uploads\/2025\/06\/edmonton.png","datePublished":"2025-06-04T22:41:16+00:00","description":"En 2014, j\u2019\u00e9tais en vacances avec une amie au Panama lorsque j\u2019ai subi une crise tonico-clonique (grand mal). C\u2019est l\u00e0-bas que j\u2019ai entendu pour la premi\u00e8re fois les mots : \u00ab Vous avez une tumeur au cerveau. \u00bb","breadcrumb":{"@id":"https:\/\/www.braintumour.ca\/fr\/ambassadrice-de-la-marche-des-tumeurs-cerebrales-dedmonton\/#breadcrumb"},"inLanguage":"fr-CA","potentialAction":[{"@type":"ReadAction","target":["https:\/\/www.braintumour.ca\/fr\/ambassadrice-de-la-marche-des-tumeurs-cerebrales-dedmonton\/"]}]},{"@type":"ImageObject","inLanguage":"fr-CA","@id":"https:\/\/www.braintumour.ca\/fr\/ambassadrice-de-la-marche-des-tumeurs-cerebrales-dedmonton\/#primaryimage","url":"https:\/\/www.braintumour.ca\/wp-content\/uploads\/2025\/06\/edmonton.png","contentUrl":"https:\/\/www.braintumour.ca\/wp-content\/uploads\/2025\/06\/edmonton.png","width":1440,"height":400},{"@type":"BreadcrumbList","@id":"https:\/\/www.braintumour.ca\/fr\/ambassadrice-de-la-marche-des-tumeurs-cerebrales-dedmonton\/#breadcrumb","itemListElement":[{"@type":"ListItem","position":1,"name":"Home","item":"https:\/\/www.braintumour.ca\/fr\/"},{"@type":"ListItem","position":2,"name":"Ambassadrice de la Marche des tumeurs c\u00e9r\u00e9brales d\u2019Edmonton"}]},{"@type":"WebSite","@id":"https:\/\/www.braintumour.ca\/fr\/#website","url":"https:\/\/www.braintumour.ca\/fr\/","name":"Fondation canadienne des tumeurs c\u00e9r\u00e9brales","description":"Notre mission est de venir en aide \u00e0 toutes les personnes touch\u00e9es par une tumeur c\u00e9r\u00e9brale au Canada par le biais de nos programmes d\u2019information, de soutien, d\u2019\u00e9ducation et de recherche.","potentialAction":[{"@type":"SearchAction","target":{"@type":"EntryPoint","urlTemplate":"https:\/\/www.braintumour.ca\/fr\/?s={search_term_string}"},"query-input":{"@type":"PropertyValueSpecification","valueRequired":true,"valueName":"search_term_string"}}],"inLanguage":"fr-CA"}]}},"_links":{"self":[{"href":"https:\/\/www.braintumour.ca\/fr\/wp-json\/wp\/v2\/pages\/13551","targetHints":{"allow":["GET"]}}],"collection":[{"href":"https:\/\/www.braintumour.ca\/fr\/wp-json\/wp\/v2\/pages"}],"about":[{"href":"https:\/\/www.braintumour.ca\/fr\/wp-json\/wp\/v2\/types\/page"}],"author":[{"embeddable":true,"href":"https:\/\/www.braintumour.ca\/fr\/wp-json\/wp\/v2\/users\/4"}],"replies":[{"embeddable":true,"href":"https:\/\/www.braintumour.ca\/fr\/wp-json\/wp\/v2\/comments?post=13551"}],"version-history":[{"count":0,"href":"https:\/\/www.braintumour.ca\/fr\/wp-json\/wp\/v2\/pages\/13551\/revisions"}],"wp:featuredmedia":[{"embeddable":true,"href":"https:\/\/www.braintumour.ca\/fr\/wp-json\/wp\/v2\/media\/13547"}],"wp:attachment":[{"href":"https:\/\/www.braintumour.ca\/fr\/wp-json\/wp\/v2\/media?parent=13551"}],"wp:term":[{"taxonomy":"user_type","embeddable":true,"href":"https:\/\/www.braintumour.ca\/fr\/wp-json\/wp\/v2\/user_type?post=13551"}],"curies":[{"name":"wp","href":"https:\/\/api.w.org\/{rel}","templated":true}]}}