{"id":13558,"date":"2025-06-04T19:38:41","date_gmt":"2025-06-04T23:38:41","guid":{"rendered":"https:\/\/www.braintumour.ca\/?page_id=13558"},"modified":"2025-06-04T19:38:41","modified_gmt":"2025-06-04T23:38:41","slug":"ambassadeur-de-la-marche-des-tumeurs-cerebrales-de-london","status":"publish","type":"page","link":"https:\/\/www.braintumour.ca\/fr\/ambassadeur-de-la-marche-des-tumeurs-cerebrales-de-london\/","title":{"rendered":"Ambassadeur de la Marche des tumeurs c\u00e9r\u00e9brales de London"},"content":{"rendered":"","protected":false},"excerpt":{"rendered":"","protected":false},"author":4,"featured_media":13554,"parent":0,"menu_order":0,"comment_status":"closed","ping_status":"closed","template":"","meta":{"_acf_changed":false,"footnotes":""},"user_type":[],"class_list":["post-13558","page","type-page","status-publish","has-post-thumbnail","hentry"],"acf":[],"yoast_head":"<!-- This site is optimized with the Yoast SEO Premium plugin v27.0 (Yoast SEO v27.0) - https:\/\/yoast.com\/product\/yoast-seo-premium-wordpress\/ -->\n<title>Ambassadeur de la Marche des tumeurs c\u00e9r\u00e9brales de London - Fondation canadienne des tumeurs c\u00e9r\u00e9brales<\/title>\n<meta name=\"description\" content=\"En 2018, \u00e0 l\u2019\u00e2ge de 26 ans, j\u2019ai re\u00e7u un diagnostic de tumeur c\u00e9r\u00e9brale apr\u00e8s avoir subi une crise d\u2019\u00e9pilepsie.\" \/>\n<meta name=\"robots\" content=\"index, follow, max-snippet:-1, max-image-preview:large, max-video-preview:-1\" \/>\n<link rel=\"canonical\" href=\"https:\/\/www.braintumour.ca\/fr\/ambassadeur-de-la-marche-des-tumeurs-cerebrales-de-london\/\" \/>\n<meta property=\"og:locale\" content=\"fr_CA\" \/>\n<meta property=\"og:type\" content=\"article\" \/>\n<meta property=\"og:title\" content=\"Ambassadeur de la Marche des tumeurs c\u00e9r\u00e9brales de London\" \/>\n<meta property=\"og:description\" content=\"En 2018, \u00e0 l\u2019\u00e2ge de 26 ans, j\u2019ai re\u00e7u un diagnostic de tumeur c\u00e9r\u00e9brale apr\u00e8s avoir subi une crise d\u2019\u00e9pilepsie.\" \/>\n<meta property=\"og:url\" content=\"https:\/\/www.braintumour.ca\/fr\/ambassadeur-de-la-marche-des-tumeurs-cerebrales-de-london\/\" \/>\n<meta property=\"og:site_name\" content=\"Fondation canadienne des tumeurs c\u00e9r\u00e9brales\" \/>\n<meta property=\"og:image\" content=\"https:\/\/www.braintumour.ca\/wp-content\/uploads\/2025\/06\/London.png\" \/>\n\t<meta property=\"og:image:width\" content=\"1440\" \/>\n\t<meta property=\"og:image:height\" content=\"400\" \/>\n\t<meta property=\"og:image:type\" content=\"image\/png\" \/>\n<meta name=\"twitter:card\" content=\"summary_large_image\" \/>\n<meta name=\"twitter:label1\" content=\"Estimation du temps de lecture\" \/>\n\t<meta name=\"twitter:data1\" content=\"4 minutes\" \/>\n<script type=\"application\/ld+json\" class=\"yoast-schema-graph\">{\"@context\":\"https:\/\/schema.org\",\"@graph\":[{\"@type\":\"WebPage\",\"@id\":\"https:\/\/www.braintumour.ca\/fr\/ambassadeur-de-la-marche-des-tumeurs-cerebrales-de-london\/\",\"url\":\"https:\/\/www.braintumour.ca\/fr\/ambassadeur-de-la-marche-des-tumeurs-cerebrales-de-london\/\",\"name\":\"Ambassadeur de la Marche des tumeurs c\u00e9r\u00e9brales de London - Fondation canadienne des tumeurs c\u00e9r\u00e9brales\",\"isPartOf\":{\"@id\":\"https:\/\/www.braintumour.ca\/fr\/#website\"},\"primaryImageOfPage\":{\"@id\":\"https:\/\/www.braintumour.ca\/fr\/ambassadeur-de-la-marche-des-tumeurs-cerebrales-de-london\/#primaryimage\"},\"image\":{\"@id\":\"https:\/\/www.braintumour.ca\/fr\/ambassadeur-de-la-marche-des-tumeurs-cerebrales-de-london\/#primaryimage\"},\"thumbnailUrl\":\"https:\/\/www.braintumour.ca\/wp-content\/uploads\/2025\/06\/London.png\",\"datePublished\":\"2025-06-04T23:38:41+00:00\",\"description\":\"En 2018, \u00e0 l\u2019\u00e2ge de 26 ans, j\u2019ai re\u00e7u un diagnostic de tumeur c\u00e9r\u00e9brale apr\u00e8s avoir subi une crise d\u2019\u00e9pilepsie.\",\"breadcrumb\":{\"@id\":\"https:\/\/www.braintumour.ca\/fr\/ambassadeur-de-la-marche-des-tumeurs-cerebrales-de-london\/#breadcrumb\"},\"inLanguage\":\"fr-CA\",\"potentialAction\":[{\"@type\":\"ReadAction\",\"target\":[\"https:\/\/www.braintumour.ca\/fr\/ambassadeur-de-la-marche-des-tumeurs-cerebrales-de-london\/\"]}]},{\"@type\":\"ImageObject\",\"inLanguage\":\"fr-CA\",\"@id\":\"https:\/\/www.braintumour.ca\/fr\/ambassadeur-de-la-marche-des-tumeurs-cerebrales-de-london\/#primaryimage\",\"url\":\"https:\/\/www.braintumour.ca\/wp-content\/uploads\/2025\/06\/London.png\",\"contentUrl\":\"https:\/\/www.braintumour.ca\/wp-content\/uploads\/2025\/06\/London.png\",\"width\":1440,\"height\":400},{\"@type\":\"BreadcrumbList\",\"@id\":\"https:\/\/www.braintumour.ca\/fr\/ambassadeur-de-la-marche-des-tumeurs-cerebrales-de-london\/#breadcrumb\",\"itemListElement\":[{\"@type\":\"ListItem\",\"position\":1,\"name\":\"Home\",\"item\":\"https:\/\/www.braintumour.ca\/fr\/\"},{\"@type\":\"ListItem\",\"position\":2,\"name\":\"Ambassadeur de la Marche des tumeurs c\u00e9r\u00e9brales de London\"}]},{\"@type\":\"WebSite\",\"@id\":\"https:\/\/www.braintumour.ca\/fr\/#website\",\"url\":\"https:\/\/www.braintumour.ca\/fr\/\",\"name\":\"Fondation canadienne des tumeurs c\u00e9r\u00e9brales\",\"description\":\"Notre mission est de venir en aide \u00e0 toutes les personnes touch\u00e9es par une tumeur c\u00e9r\u00e9brale au Canada par le biais de nos programmes d\u2019information, de soutien, d\u2019\u00e9ducation et de recherche.\",\"potentialAction\":[{\"@type\":\"SearchAction\",\"target\":{\"@type\":\"EntryPoint\",\"urlTemplate\":\"https:\/\/www.braintumour.ca\/fr\/?s={search_term_string}\"},\"query-input\":{\"@type\":\"PropertyValueSpecification\",\"valueRequired\":true,\"valueName\":\"search_term_string\"}}],\"inLanguage\":\"fr-CA\"}]}<\/script>\n<!-- \/ Yoast SEO Premium plugin. -->","yoast_head_json":{"title":"Ambassadeur de la Marche des tumeurs c\u00e9r\u00e9brales de London - Fondation canadienne des tumeurs c\u00e9r\u00e9brales","description":"En 2018, \u00e0 l\u2019\u00e2ge de 26 ans, j\u2019ai re\u00e7u un diagnostic de tumeur c\u00e9r\u00e9brale apr\u00e8s avoir subi une crise d\u2019\u00e9pilepsie.","robots":{"index":"index","follow":"follow","max-snippet":"max-snippet:-1","max-image-preview":"max-image-preview:large","max-video-preview":"max-video-preview:-1"},"canonical":"https:\/\/www.braintumour.ca\/fr\/ambassadeur-de-la-marche-des-tumeurs-cerebrales-de-london\/","og_locale":"fr_CA","og_type":"article","og_title":"Ambassadeur de la Marche des tumeurs c\u00e9r\u00e9brales de London","og_description":"En 2018, \u00e0 l\u2019\u00e2ge de 26 ans, j\u2019ai re\u00e7u un diagnostic de tumeur c\u00e9r\u00e9brale apr\u00e8s avoir subi une crise d\u2019\u00e9pilepsie.","og_url":"https:\/\/www.braintumour.ca\/fr\/ambassadeur-de-la-marche-des-tumeurs-cerebrales-de-london\/","og_site_name":"Fondation canadienne des tumeurs c\u00e9r\u00e9brales","og_image":[{"width":1440,"height":400,"url":"https:\/\/www.braintumour.ca\/wp-content\/uploads\/2025\/06\/London.png","type":"image\/png"}],"twitter_card":"summary_large_image","twitter_misc":{"Estimation du temps de lecture":"4 minutes"},"schema":{"@context":"https:\/\/schema.org","@graph":[{"@type":"WebPage","@id":"https:\/\/www.braintumour.ca\/fr\/ambassadeur-de-la-marche-des-tumeurs-cerebrales-de-london\/","url":"https:\/\/www.braintumour.ca\/fr\/ambassadeur-de-la-marche-des-tumeurs-cerebrales-de-london\/","name":"Ambassadeur de la Marche des tumeurs c\u00e9r\u00e9brales de London - Fondation canadienne des tumeurs c\u00e9r\u00e9brales","isPartOf":{"@id":"https:\/\/www.braintumour.ca\/fr\/#website"},"primaryImageOfPage":{"@id":"https:\/\/www.braintumour.ca\/fr\/ambassadeur-de-la-marche-des-tumeurs-cerebrales-de-london\/#primaryimage"},"image":{"@id":"https:\/\/www.braintumour.ca\/fr\/ambassadeur-de-la-marche-des-tumeurs-cerebrales-de-london\/#primaryimage"},"thumbnailUrl":"https:\/\/www.braintumour.ca\/wp-content\/uploads\/2025\/06\/London.png","datePublished":"2025-06-04T23:38:41+00:00","description":"En 2018, \u00e0 l\u2019\u00e2ge de 26 ans, j\u2019ai re\u00e7u un diagnostic de tumeur c\u00e9r\u00e9brale apr\u00e8s avoir subi une crise d\u2019\u00e9pilepsie.","breadcrumb":{"@id":"https:\/\/www.braintumour.ca\/fr\/ambassadeur-de-la-marche-des-tumeurs-cerebrales-de-london\/#breadcrumb"},"inLanguage":"fr-CA","potentialAction":[{"@type":"ReadAction","target":["https:\/\/www.braintumour.ca\/fr\/ambassadeur-de-la-marche-des-tumeurs-cerebrales-de-london\/"]}]},{"@type":"ImageObject","inLanguage":"fr-CA","@id":"https:\/\/www.braintumour.ca\/fr\/ambassadeur-de-la-marche-des-tumeurs-cerebrales-de-london\/#primaryimage","url":"https:\/\/www.braintumour.ca\/wp-content\/uploads\/2025\/06\/London.png","contentUrl":"https:\/\/www.braintumour.ca\/wp-content\/uploads\/2025\/06\/London.png","width":1440,"height":400},{"@type":"BreadcrumbList","@id":"https:\/\/www.braintumour.ca\/fr\/ambassadeur-de-la-marche-des-tumeurs-cerebrales-de-london\/#breadcrumb","itemListElement":[{"@type":"ListItem","position":1,"name":"Home","item":"https:\/\/www.braintumour.ca\/fr\/"},{"@type":"ListItem","position":2,"name":"Ambassadeur de la Marche des tumeurs c\u00e9r\u00e9brales de London"}]},{"@type":"WebSite","@id":"https:\/\/www.braintumour.ca\/fr\/#website","url":"https:\/\/www.braintumour.ca\/fr\/","name":"Fondation canadienne des tumeurs c\u00e9r\u00e9brales","description":"Notre mission est de venir en aide \u00e0 toutes les personnes touch\u00e9es par une tumeur c\u00e9r\u00e9brale au Canada par le biais de nos programmes d\u2019information, de soutien, d\u2019\u00e9ducation et de recherche.","potentialAction":[{"@type":"SearchAction","target":{"@type":"EntryPoint","urlTemplate":"https:\/\/www.braintumour.ca\/fr\/?s={search_term_string}"},"query-input":{"@type":"PropertyValueSpecification","valueRequired":true,"valueName":"search_term_string"}}],"inLanguage":"fr-CA"}]}},"_links":{"self":[{"href":"https:\/\/www.braintumour.ca\/fr\/wp-json\/wp\/v2\/pages\/13558","targetHints":{"allow":["GET"]}}],"collection":[{"href":"https:\/\/www.braintumour.ca\/fr\/wp-json\/wp\/v2\/pages"}],"about":[{"href":"https:\/\/www.braintumour.ca\/fr\/wp-json\/wp\/v2\/types\/page"}],"author":[{"embeddable":true,"href":"https:\/\/www.braintumour.ca\/fr\/wp-json\/wp\/v2\/users\/4"}],"replies":[{"embeddable":true,"href":"https:\/\/www.braintumour.ca\/fr\/wp-json\/wp\/v2\/comments?post=13558"}],"version-history":[{"count":0,"href":"https:\/\/www.braintumour.ca\/fr\/wp-json\/wp\/v2\/pages\/13558\/revisions"}],"wp:featuredmedia":[{"embeddable":true,"href":"https:\/\/www.braintumour.ca\/fr\/wp-json\/wp\/v2\/media\/13554"}],"wp:attachment":[{"href":"https:\/\/www.braintumour.ca\/fr\/wp-json\/wp\/v2\/media?parent=13558"}],"wp:term":[{"taxonomy":"user_type","embeddable":true,"href":"https:\/\/www.braintumour.ca\/fr\/wp-json\/wp\/v2\/user_type?post=13558"}],"curies":[{"name":"wp","href":"https:\/\/api.w.org\/{rel}","templated":true}]}}