{"id":13563,"date":"2025-06-04T19:59:16","date_gmt":"2025-06-04T23:59:16","guid":{"rendered":"https:\/\/www.braintumour.ca\/?page_id=13563"},"modified":"2025-06-04T19:59:16","modified_gmt":"2025-06-04T23:59:16","slug":"ambassadrice-de-la-marche-des-tumeurs-cerebrales-de-toronto-gta","status":"publish","type":"page","link":"https:\/\/www.braintumour.ca\/fr\/ambassadrice-de-la-marche-des-tumeurs-cerebrales-de-toronto-gta\/","title":{"rendered":"Ambassadrice de la Marche des tumeurs c\u00e9r\u00e9brales de Toronto\/GTA"},"content":{"rendered":"","protected":false},"excerpt":{"rendered":"","protected":false},"author":4,"featured_media":13561,"parent":0,"menu_order":0,"comment_status":"closed","ping_status":"closed","template":"","meta":{"_acf_changed":false,"footnotes":""},"user_type":[],"class_list":["post-13563","page","type-page","status-publish","has-post-thumbnail","hentry"],"acf":[],"yoast_head":"<!-- This site is optimized with the Yoast SEO Premium plugin v27.0 (Yoast SEO v27.0) - https:\/\/yoast.com\/product\/yoast-seo-premium-wordpress\/ -->\n<title>Ambassadrice de la Marche des tumeurs c\u00e9r\u00e9brales de Toronto\/GTA - Fondation canadienne des tumeurs c\u00e9r\u00e9brales<\/title>\n<meta name=\"description\" content=\"Les tumeurs c\u00e9r\u00e9brales ont eu un impact consid\u00e9rable sur ma vie, \u00e0 plusieurs niveaux.\" \/>\n<meta name=\"robots\" content=\"index, follow, max-snippet:-1, max-image-preview:large, max-video-preview:-1\" \/>\n<link rel=\"canonical\" href=\"https:\/\/www.braintumour.ca\/fr\/ambassadrice-de-la-marche-des-tumeurs-cerebrales-de-toronto-gta\/\" \/>\n<meta property=\"og:locale\" content=\"fr_CA\" \/>\n<meta property=\"og:type\" content=\"article\" \/>\n<meta property=\"og:title\" content=\"Ambassadrice de la Marche des tumeurs c\u00e9r\u00e9brales de Toronto\/GTA\" \/>\n<meta property=\"og:description\" content=\"Les tumeurs c\u00e9r\u00e9brales ont eu un impact consid\u00e9rable sur ma vie, \u00e0 plusieurs niveaux.\" \/>\n<meta property=\"og:url\" content=\"https:\/\/www.braintumour.ca\/fr\/ambassadrice-de-la-marche-des-tumeurs-cerebrales-de-toronto-gta\/\" \/>\n<meta property=\"og:site_name\" content=\"Fondation canadienne des tumeurs c\u00e9r\u00e9brales\" \/>\n<meta property=\"og:image\" content=\"https:\/\/www.braintumour.ca\/wp-content\/uploads\/2025\/06\/toronto.png\" \/>\n\t<meta property=\"og:image:width\" content=\"1440\" \/>\n\t<meta property=\"og:image:height\" content=\"400\" \/>\n\t<meta property=\"og:image:type\" content=\"image\/png\" \/>\n<meta name=\"twitter:card\" content=\"summary_large_image\" \/>\n<meta name=\"twitter:label1\" content=\"Estimation du temps de lecture\" \/>\n\t<meta name=\"twitter:data1\" content=\"3 minutes\" \/>\n<script type=\"application\/ld+json\" class=\"yoast-schema-graph\">{\"@context\":\"https:\/\/schema.org\",\"@graph\":[{\"@type\":\"WebPage\",\"@id\":\"https:\/\/www.braintumour.ca\/fr\/ambassadrice-de-la-marche-des-tumeurs-cerebrales-de-toronto-gta\/\",\"url\":\"https:\/\/www.braintumour.ca\/fr\/ambassadrice-de-la-marche-des-tumeurs-cerebrales-de-toronto-gta\/\",\"name\":\"Ambassadrice de la Marche des tumeurs c\u00e9r\u00e9brales de Toronto\/GTA - Fondation canadienne des tumeurs c\u00e9r\u00e9brales\",\"isPartOf\":{\"@id\":\"https:\/\/www.braintumour.ca\/fr\/#website\"},\"primaryImageOfPage\":{\"@id\":\"https:\/\/www.braintumour.ca\/fr\/ambassadrice-de-la-marche-des-tumeurs-cerebrales-de-toronto-gta\/#primaryimage\"},\"image\":{\"@id\":\"https:\/\/www.braintumour.ca\/fr\/ambassadrice-de-la-marche-des-tumeurs-cerebrales-de-toronto-gta\/#primaryimage\"},\"thumbnailUrl\":\"https:\/\/www.braintumour.ca\/wp-content\/uploads\/2025\/06\/toronto.png\",\"datePublished\":\"2025-06-04T23:59:16+00:00\",\"description\":\"Les tumeurs c\u00e9r\u00e9brales ont eu un impact consid\u00e9rable sur ma vie, \u00e0 plusieurs niveaux.\",\"breadcrumb\":{\"@id\":\"https:\/\/www.braintumour.ca\/fr\/ambassadrice-de-la-marche-des-tumeurs-cerebrales-de-toronto-gta\/#breadcrumb\"},\"inLanguage\":\"fr-CA\",\"potentialAction\":[{\"@type\":\"ReadAction\",\"target\":[\"https:\/\/www.braintumour.ca\/fr\/ambassadrice-de-la-marche-des-tumeurs-cerebrales-de-toronto-gta\/\"]}]},{\"@type\":\"ImageObject\",\"inLanguage\":\"fr-CA\",\"@id\":\"https:\/\/www.braintumour.ca\/fr\/ambassadrice-de-la-marche-des-tumeurs-cerebrales-de-toronto-gta\/#primaryimage\",\"url\":\"https:\/\/www.braintumour.ca\/wp-content\/uploads\/2025\/06\/toronto.png\",\"contentUrl\":\"https:\/\/www.braintumour.ca\/wp-content\/uploads\/2025\/06\/toronto.png\",\"width\":1440,\"height\":400},{\"@type\":\"BreadcrumbList\",\"@id\":\"https:\/\/www.braintumour.ca\/fr\/ambassadrice-de-la-marche-des-tumeurs-cerebrales-de-toronto-gta\/#breadcrumb\",\"itemListElement\":[{\"@type\":\"ListItem\",\"position\":1,\"name\":\"Home\",\"item\":\"https:\/\/www.braintumour.ca\/fr\/\"},{\"@type\":\"ListItem\",\"position\":2,\"name\":\"Ambassadrice de la Marche des tumeurs c\u00e9r\u00e9brales de Toronto\/GTA\"}]},{\"@type\":\"WebSite\",\"@id\":\"https:\/\/www.braintumour.ca\/fr\/#website\",\"url\":\"https:\/\/www.braintumour.ca\/fr\/\",\"name\":\"Fondation canadienne des tumeurs c\u00e9r\u00e9brales\",\"description\":\"Notre mission est de venir en aide \u00e0 toutes les personnes touch\u00e9es par une tumeur c\u00e9r\u00e9brale au Canada par le biais de nos programmes d\u2019information, de soutien, d\u2019\u00e9ducation et de recherche.\",\"potentialAction\":[{\"@type\":\"SearchAction\",\"target\":{\"@type\":\"EntryPoint\",\"urlTemplate\":\"https:\/\/www.braintumour.ca\/fr\/?s={search_term_string}\"},\"query-input\":{\"@type\":\"PropertyValueSpecification\",\"valueRequired\":true,\"valueName\":\"search_term_string\"}}],\"inLanguage\":\"fr-CA\"}]}<\/script>\n<!-- \/ Yoast SEO Premium plugin. -->","yoast_head_json":{"title":"Ambassadrice de la Marche des tumeurs c\u00e9r\u00e9brales de Toronto\/GTA - Fondation canadienne des tumeurs c\u00e9r\u00e9brales","description":"Les tumeurs c\u00e9r\u00e9brales ont eu un impact consid\u00e9rable sur ma vie, \u00e0 plusieurs niveaux.","robots":{"index":"index","follow":"follow","max-snippet":"max-snippet:-1","max-image-preview":"max-image-preview:large","max-video-preview":"max-video-preview:-1"},"canonical":"https:\/\/www.braintumour.ca\/fr\/ambassadrice-de-la-marche-des-tumeurs-cerebrales-de-toronto-gta\/","og_locale":"fr_CA","og_type":"article","og_title":"Ambassadrice de la Marche des tumeurs c\u00e9r\u00e9brales de Toronto\/GTA","og_description":"Les tumeurs c\u00e9r\u00e9brales ont eu un impact consid\u00e9rable sur ma vie, \u00e0 plusieurs niveaux.","og_url":"https:\/\/www.braintumour.ca\/fr\/ambassadrice-de-la-marche-des-tumeurs-cerebrales-de-toronto-gta\/","og_site_name":"Fondation canadienne des tumeurs c\u00e9r\u00e9brales","og_image":[{"width":1440,"height":400,"url":"https:\/\/www.braintumour.ca\/wp-content\/uploads\/2025\/06\/toronto.png","type":"image\/png"}],"twitter_card":"summary_large_image","twitter_misc":{"Estimation du temps de lecture":"3 minutes"},"schema":{"@context":"https:\/\/schema.org","@graph":[{"@type":"WebPage","@id":"https:\/\/www.braintumour.ca\/fr\/ambassadrice-de-la-marche-des-tumeurs-cerebrales-de-toronto-gta\/","url":"https:\/\/www.braintumour.ca\/fr\/ambassadrice-de-la-marche-des-tumeurs-cerebrales-de-toronto-gta\/","name":"Ambassadrice de la Marche des tumeurs c\u00e9r\u00e9brales de Toronto\/GTA - Fondation canadienne des tumeurs c\u00e9r\u00e9brales","isPartOf":{"@id":"https:\/\/www.braintumour.ca\/fr\/#website"},"primaryImageOfPage":{"@id":"https:\/\/www.braintumour.ca\/fr\/ambassadrice-de-la-marche-des-tumeurs-cerebrales-de-toronto-gta\/#primaryimage"},"image":{"@id":"https:\/\/www.braintumour.ca\/fr\/ambassadrice-de-la-marche-des-tumeurs-cerebrales-de-toronto-gta\/#primaryimage"},"thumbnailUrl":"https:\/\/www.braintumour.ca\/wp-content\/uploads\/2025\/06\/toronto.png","datePublished":"2025-06-04T23:59:16+00:00","description":"Les tumeurs c\u00e9r\u00e9brales ont eu un impact consid\u00e9rable sur ma vie, \u00e0 plusieurs niveaux.","breadcrumb":{"@id":"https:\/\/www.braintumour.ca\/fr\/ambassadrice-de-la-marche-des-tumeurs-cerebrales-de-toronto-gta\/#breadcrumb"},"inLanguage":"fr-CA","potentialAction":[{"@type":"ReadAction","target":["https:\/\/www.braintumour.ca\/fr\/ambassadrice-de-la-marche-des-tumeurs-cerebrales-de-toronto-gta\/"]}]},{"@type":"ImageObject","inLanguage":"fr-CA","@id":"https:\/\/www.braintumour.ca\/fr\/ambassadrice-de-la-marche-des-tumeurs-cerebrales-de-toronto-gta\/#primaryimage","url":"https:\/\/www.braintumour.ca\/wp-content\/uploads\/2025\/06\/toronto.png","contentUrl":"https:\/\/www.braintumour.ca\/wp-content\/uploads\/2025\/06\/toronto.png","width":1440,"height":400},{"@type":"BreadcrumbList","@id":"https:\/\/www.braintumour.ca\/fr\/ambassadrice-de-la-marche-des-tumeurs-cerebrales-de-toronto-gta\/#breadcrumb","itemListElement":[{"@type":"ListItem","position":1,"name":"Home","item":"https:\/\/www.braintumour.ca\/fr\/"},{"@type":"ListItem","position":2,"name":"Ambassadrice de la Marche des tumeurs c\u00e9r\u00e9brales de Toronto\/GTA"}]},{"@type":"WebSite","@id":"https:\/\/www.braintumour.ca\/fr\/#website","url":"https:\/\/www.braintumour.ca\/fr\/","name":"Fondation canadienne des tumeurs c\u00e9r\u00e9brales","description":"Notre mission est de venir en aide \u00e0 toutes les personnes touch\u00e9es par une tumeur c\u00e9r\u00e9brale au Canada par le biais de nos programmes d\u2019information, de soutien, d\u2019\u00e9ducation et de recherche.","potentialAction":[{"@type":"SearchAction","target":{"@type":"EntryPoint","urlTemplate":"https:\/\/www.braintumour.ca\/fr\/?s={search_term_string}"},"query-input":{"@type":"PropertyValueSpecification","valueRequired":true,"valueName":"search_term_string"}}],"inLanguage":"fr-CA"}]}},"_links":{"self":[{"href":"https:\/\/www.braintumour.ca\/fr\/wp-json\/wp\/v2\/pages\/13563","targetHints":{"allow":["GET"]}}],"collection":[{"href":"https:\/\/www.braintumour.ca\/fr\/wp-json\/wp\/v2\/pages"}],"about":[{"href":"https:\/\/www.braintumour.ca\/fr\/wp-json\/wp\/v2\/types\/page"}],"author":[{"embeddable":true,"href":"https:\/\/www.braintumour.ca\/fr\/wp-json\/wp\/v2\/users\/4"}],"replies":[{"embeddable":true,"href":"https:\/\/www.braintumour.ca\/fr\/wp-json\/wp\/v2\/comments?post=13563"}],"version-history":[{"count":0,"href":"https:\/\/www.braintumour.ca\/fr\/wp-json\/wp\/v2\/pages\/13563\/revisions"}],"wp:featuredmedia":[{"embeddable":true,"href":"https:\/\/www.braintumour.ca\/fr\/wp-json\/wp\/v2\/media\/13561"}],"wp:attachment":[{"href":"https:\/\/www.braintumour.ca\/fr\/wp-json\/wp\/v2\/media?parent=13563"}],"wp:term":[{"taxonomy":"user_type","embeddable":true,"href":"https:\/\/www.braintumour.ca\/fr\/wp-json\/wp\/v2\/user_type?post=13563"}],"curies":[{"name":"wp","href":"https:\/\/api.w.org\/{rel}","templated":true}]}}