{"id":14026,"date":"2025-09-18T05:52:20","date_gmt":"2025-09-18T09:52:20","guid":{"rendered":"https:\/\/www.braintumour.ca\/donate-to-hats-for-hope-2025\/"},"modified":"2025-09-18T07:11:59","modified_gmt":"2025-09-18T11:11:59","slug":"donate-to-hats-for-hope-2025","status":"publish","type":"page","link":"https:\/\/www.braintumour.ca\/fr\/donate-to-hats-for-hope-2025\/","title":{"rendered":"Les tuques pour l\u2019espoir 2025"},"content":{"rendered":"<div id=\"bbox-root\">Merci de soutenir la campagne Les tuques pour l\u2019espoir et de contribuer \u00e0 sensibiliser la population au cancer du cerveau et aux tumeurs c\u00e9r\u00e9brales au Canada.<\/p>\n<p>Gr\u00e2ce \u00e0 votre appui, la Fondation canadienne des tumeurs c\u00e9r\u00e9brales peut poursuivre le financement de la recherche, offrir du soutien et d\u00e9velopper des programmes \u00e9ducatifs qui apportent de l\u2019espoir aux membres de la communaut\u00e9 touch\u00e9s par une tumeur c\u00e9r\u00e9brale.<\/p>\n<\/div>\n<div>\n<div id=\"bbox-root\"><\/div>\n<p><script type=\"text\/javascript\">\n       window.bboxInit = function () {\n           bbox.showForm('19c171bd-04ee-4513-b580-e112d55adab3');\n       };\n       (function () {\n           var e = document.createElement('script'); e.async = true;\n           e.src = 'https:\/\/bbox.blackbaudhosting.com\/webforms\/bbox-min.js';\n           document.getElementsByTagName('head')[0].appendChild(e);\n       } ());\n<\/script><br \/>\n<script>var SmartDONORCOVEROLXSettings = {\"product\":\"SmartDONORCOVEROLX\",\"prompt\":\"I wish to cover transaction fees for Brain Tumour Foundation of Canada (increase my donation to accomplish this) \/ Je souhaite couvrir les frais de transaction de la Fondation canadienne des tumeurs c\u00e9r\u00e9brales (s.v.p. augmentez le montant de mon don pour y parvenir).  \",\"summary\":\"[fee] transaction fees will be added to your donation amount \/ en frais de transaction seront ajout\u00e9s au montant total de votre don.\",\"hideOther\":false,\"flatFeeMode\":false,\"defaulton\":true,\"variable\":2.598,\"fixed\":0.26,\"client\":\"equigg@braintumour.ca\"}<\/script><!--  (c) 2020 The SmartTHING Limited File smartdonorcoverolx-display provided under license to equigg@braintumour.ca Last updated 11\/12\/2020 01:15:18 pm --> <script src=\"https:\/\/www.smartthing2.com\/download\/file.php?jsformat=1&#038;olx=1&#038;f=-js.html&#038;c=equigg@braintumour.ca&#038;k=DON200192\"><\/script>\n<\/div>\n","protected":false},"excerpt":{"rendered":"<p>Merci de soutenir la campagne Les tuques pour l\u2019espoir et de contribuer \u00e0 sensibiliser la population au cancer du cerveau [&hellip;]<\/p>\n","protected":false},"author":4,"featured_media":12416,"parent":0,"menu_order":37,"comment_status":"closed","ping_status":"closed","template":"","meta":{"_acf_changed":false,"footnotes":""},"user_type":[],"class_list":["post-14026","page","type-page","status-publish","has-post-thumbnail","hentry"],"acf":[],"yoast_head":"<!-- This site is optimized with the Yoast SEO Premium plugin v27.0 (Yoast SEO v27.0) - https:\/\/yoast.com\/product\/yoast-seo-premium-wordpress\/ -->\n<title>Les tuques pour l\u2019espoir 2025 - Fondation canadienne des tumeurs c\u00e9r\u00e9brales<\/title>\n<meta name=\"description\" content=\"Hats for Hope is a movement to raise awareness for brain cancer in Canada.\" \/>\n<meta name=\"robots\" content=\"index, follow, max-snippet:-1, max-image-preview:large, max-video-preview:-1\" \/>\n<link rel=\"canonical\" href=\"https:\/\/www.braintumour.ca\/fr\/donate-to-hats-for-hope-2025\/\" \/>\n<meta property=\"og:locale\" content=\"fr_CA\" \/>\n<meta property=\"og:type\" content=\"article\" \/>\n<meta property=\"og:title\" content=\"Les tuques pour l\u2019espoir 2025\" \/>\n<meta property=\"og:description\" content=\"Hats for Hope is a movement to raise awareness for brain cancer in Canada.\" \/>\n<meta property=\"og:url\" content=\"https:\/\/www.braintumour.ca\/fr\/donate-to-hats-for-hope-2025\/\" \/>\n<meta property=\"og:site_name\" content=\"Fondation canadienne des tumeurs c\u00e9r\u00e9brales\" \/>\n<meta property=\"article:modified_time\" content=\"2025-09-18T11:11:59+00:00\" \/>\n<meta property=\"og:image\" content=\"https:\/\/www.braintumour.ca\/wp-content\/uploads\/2024\/09\/Hats-For-Hope-Donation-Page-2024-1440x600-1.png\" \/>\n\t<meta property=\"og:image:width\" content=\"1440\" \/>\n\t<meta property=\"og:image:height\" content=\"600\" \/>\n\t<meta property=\"og:image:type\" content=\"image\/png\" \/>\n<meta name=\"twitter:card\" content=\"summary_large_image\" \/>\n<meta name=\"twitter:label1\" content=\"Estimation du temps de lecture\" \/>\n\t<meta name=\"twitter:data1\" content=\"1 minute\" \/>\n<script type=\"application\/ld+json\" class=\"yoast-schema-graph\">{\"@context\":\"https:\/\/schema.org\",\"@graph\":[{\"@type\":\"WebPage\",\"@id\":\"https:\/\/www.braintumour.ca\/fr\/donate-to-hats-for-hope-2025\/\",\"url\":\"https:\/\/www.braintumour.ca\/fr\/donate-to-hats-for-hope-2025\/\",\"name\":\"Les tuques pour l\u2019espoir 2025 - Fondation canadienne des tumeurs c\u00e9r\u00e9brales\",\"isPartOf\":{\"@id\":\"https:\/\/www.braintumour.ca\/fr\/#website\"},\"primaryImageOfPage\":{\"@id\":\"https:\/\/www.braintumour.ca\/fr\/donate-to-hats-for-hope-2025\/#primaryimage\"},\"image\":{\"@id\":\"https:\/\/www.braintumour.ca\/fr\/donate-to-hats-for-hope-2025\/#primaryimage\"},\"thumbnailUrl\":\"https:\/\/www.braintumour.ca\/wp-content\/uploads\/2024\/09\/Hats-For-Hope-Donation-Page-2024-1440x600-1.png\",\"datePublished\":\"2025-09-18T09:52:20+00:00\",\"dateModified\":\"2025-09-18T11:11:59+00:00\",\"description\":\"Hats for Hope is a movement to raise awareness for brain cancer in Canada.\",\"breadcrumb\":{\"@id\":\"https:\/\/www.braintumour.ca\/fr\/donate-to-hats-for-hope-2025\/#breadcrumb\"},\"inLanguage\":\"fr-CA\",\"potentialAction\":[{\"@type\":\"ReadAction\",\"target\":[\"https:\/\/www.braintumour.ca\/fr\/donate-to-hats-for-hope-2025\/\"]}]},{\"@type\":\"ImageObject\",\"inLanguage\":\"fr-CA\",\"@id\":\"https:\/\/www.braintumour.ca\/fr\/donate-to-hats-for-hope-2025\/#primaryimage\",\"url\":\"https:\/\/www.braintumour.ca\/wp-content\/uploads\/2024\/09\/Hats-For-Hope-Donation-Page-2024-1440x600-1.png\",\"contentUrl\":\"https:\/\/www.braintumour.ca\/wp-content\/uploads\/2024\/09\/Hats-For-Hope-Donation-Page-2024-1440x600-1.png\",\"width\":1440,\"height\":600},{\"@type\":\"BreadcrumbList\",\"@id\":\"https:\/\/www.braintumour.ca\/fr\/donate-to-hats-for-hope-2025\/#breadcrumb\",\"itemListElement\":[{\"@type\":\"ListItem\",\"position\":1,\"name\":\"Home\",\"item\":\"https:\/\/www.braintumour.ca\/fr\/\"},{\"@type\":\"ListItem\",\"position\":2,\"name\":\"Les tuques pour l\u2019espoir 2025\"}]},{\"@type\":\"WebSite\",\"@id\":\"https:\/\/www.braintumour.ca\/fr\/#website\",\"url\":\"https:\/\/www.braintumour.ca\/fr\/\",\"name\":\"Fondation canadienne des tumeurs c\u00e9r\u00e9brales\",\"description\":\"Notre mission est de venir en aide \u00e0 toutes les personnes touch\u00e9es par une tumeur c\u00e9r\u00e9brale au Canada par le biais de nos programmes d\u2019information, de soutien, d\u2019\u00e9ducation et de recherche.\",\"potentialAction\":[{\"@type\":\"SearchAction\",\"target\":{\"@type\":\"EntryPoint\",\"urlTemplate\":\"https:\/\/www.braintumour.ca\/fr\/?s={search_term_string}\"},\"query-input\":{\"@type\":\"PropertyValueSpecification\",\"valueRequired\":true,\"valueName\":\"search_term_string\"}}],\"inLanguage\":\"fr-CA\"}]}<\/script>\n<!-- \/ Yoast SEO Premium plugin. -->","yoast_head_json":{"title":"Les tuques pour l\u2019espoir 2025 - Fondation canadienne des tumeurs c\u00e9r\u00e9brales","description":"Hats for Hope is a movement to raise awareness for brain cancer in Canada.","robots":{"index":"index","follow":"follow","max-snippet":"max-snippet:-1","max-image-preview":"max-image-preview:large","max-video-preview":"max-video-preview:-1"},"canonical":"https:\/\/www.braintumour.ca\/fr\/donate-to-hats-for-hope-2025\/","og_locale":"fr_CA","og_type":"article","og_title":"Les tuques pour l\u2019espoir 2025","og_description":"Hats for Hope is a movement to raise awareness for brain cancer in Canada.","og_url":"https:\/\/www.braintumour.ca\/fr\/donate-to-hats-for-hope-2025\/","og_site_name":"Fondation canadienne des tumeurs c\u00e9r\u00e9brales","article_modified_time":"2025-09-18T11:11:59+00:00","og_image":[{"width":1440,"height":600,"url":"https:\/\/www.braintumour.ca\/wp-content\/uploads\/2024\/09\/Hats-For-Hope-Donation-Page-2024-1440x600-1.png","type":"image\/png"}],"twitter_card":"summary_large_image","twitter_misc":{"Estimation du temps de lecture":"1 minute"},"schema":{"@context":"https:\/\/schema.org","@graph":[{"@type":"WebPage","@id":"https:\/\/www.braintumour.ca\/fr\/donate-to-hats-for-hope-2025\/","url":"https:\/\/www.braintumour.ca\/fr\/donate-to-hats-for-hope-2025\/","name":"Les tuques pour l\u2019espoir 2025 - Fondation canadienne des tumeurs c\u00e9r\u00e9brales","isPartOf":{"@id":"https:\/\/www.braintumour.ca\/fr\/#website"},"primaryImageOfPage":{"@id":"https:\/\/www.braintumour.ca\/fr\/donate-to-hats-for-hope-2025\/#primaryimage"},"image":{"@id":"https:\/\/www.braintumour.ca\/fr\/donate-to-hats-for-hope-2025\/#primaryimage"},"thumbnailUrl":"https:\/\/www.braintumour.ca\/wp-content\/uploads\/2024\/09\/Hats-For-Hope-Donation-Page-2024-1440x600-1.png","datePublished":"2025-09-18T09:52:20+00:00","dateModified":"2025-09-18T11:11:59+00:00","description":"Hats for Hope is a movement to raise awareness for brain cancer in Canada.","breadcrumb":{"@id":"https:\/\/www.braintumour.ca\/fr\/donate-to-hats-for-hope-2025\/#breadcrumb"},"inLanguage":"fr-CA","potentialAction":[{"@type":"ReadAction","target":["https:\/\/www.braintumour.ca\/fr\/donate-to-hats-for-hope-2025\/"]}]},{"@type":"ImageObject","inLanguage":"fr-CA","@id":"https:\/\/www.braintumour.ca\/fr\/donate-to-hats-for-hope-2025\/#primaryimage","url":"https:\/\/www.braintumour.ca\/wp-content\/uploads\/2024\/09\/Hats-For-Hope-Donation-Page-2024-1440x600-1.png","contentUrl":"https:\/\/www.braintumour.ca\/wp-content\/uploads\/2024\/09\/Hats-For-Hope-Donation-Page-2024-1440x600-1.png","width":1440,"height":600},{"@type":"BreadcrumbList","@id":"https:\/\/www.braintumour.ca\/fr\/donate-to-hats-for-hope-2025\/#breadcrumb","itemListElement":[{"@type":"ListItem","position":1,"name":"Home","item":"https:\/\/www.braintumour.ca\/fr\/"},{"@type":"ListItem","position":2,"name":"Les tuques pour l\u2019espoir 2025"}]},{"@type":"WebSite","@id":"https:\/\/www.braintumour.ca\/fr\/#website","url":"https:\/\/www.braintumour.ca\/fr\/","name":"Fondation canadienne des tumeurs c\u00e9r\u00e9brales","description":"Notre mission est de venir en aide \u00e0 toutes les personnes touch\u00e9es par une tumeur c\u00e9r\u00e9brale au Canada par le biais de nos programmes d\u2019information, de soutien, d\u2019\u00e9ducation et de recherche.","potentialAction":[{"@type":"SearchAction","target":{"@type":"EntryPoint","urlTemplate":"https:\/\/www.braintumour.ca\/fr\/?s={search_term_string}"},"query-input":{"@type":"PropertyValueSpecification","valueRequired":true,"valueName":"search_term_string"}}],"inLanguage":"fr-CA"}]}},"_links":{"self":[{"href":"https:\/\/www.braintumour.ca\/fr\/wp-json\/wp\/v2\/pages\/14026","targetHints":{"allow":["GET"]}}],"collection":[{"href":"https:\/\/www.braintumour.ca\/fr\/wp-json\/wp\/v2\/pages"}],"about":[{"href":"https:\/\/www.braintumour.ca\/fr\/wp-json\/wp\/v2\/types\/page"}],"author":[{"embeddable":true,"href":"https:\/\/www.braintumour.ca\/fr\/wp-json\/wp\/v2\/users\/4"}],"replies":[{"embeddable":true,"href":"https:\/\/www.braintumour.ca\/fr\/wp-json\/wp\/v2\/comments?post=14026"}],"version-history":[{"count":0,"href":"https:\/\/www.braintumour.ca\/fr\/wp-json\/wp\/v2\/pages\/14026\/revisions"}],"wp:featuredmedia":[{"embeddable":true,"href":"https:\/\/www.braintumour.ca\/fr\/wp-json\/wp\/v2\/media\/12416"}],"wp:attachment":[{"href":"https:\/\/www.braintumour.ca\/fr\/wp-json\/wp\/v2\/media?parent=14026"}],"wp:term":[{"taxonomy":"user_type","embeddable":true,"href":"https:\/\/www.braintumour.ca\/fr\/wp-json\/wp\/v2\/user_type?post=14026"}],"curies":[{"name":"wp","href":"https:\/\/api.w.org\/{rel}","templated":true}]}}