{"id":15512,"date":"2026-04-22T11:26:26","date_gmt":"2026-04-22T15:26:26","guid":{"rendered":"https:\/\/www.braintumour.ca\/?page_id=15512"},"modified":"2026-04-22T11:58:53","modified_gmt":"2026-04-22T15:58:53","slug":"benevolat","status":"publish","type":"page","link":"https:\/\/www.braintumour.ca\/fr\/benevolat\/","title":{"rendered":"B\u00e9n\u00e9volat"},"content":{"rendered":"","protected":false},"excerpt":{"rendered":"","protected":false},"author":30,"featured_media":9069,"parent":0,"menu_order":0,"comment_status":"closed","ping_status":"closed","template":"","meta":{"_acf_changed":false,"footnotes":""},"user_type":[],"class_list":["post-15512","page","type-page","status-publish","has-post-thumbnail","hentry"],"acf":[],"yoast_head":"<!-- This site is optimized with the Yoast SEO Premium plugin v27.0 (Yoast SEO v27.0) - https:\/\/yoast.com\/product\/yoast-seo-premium-wordpress\/ -->\n<title>B\u00e9n\u00e9volat - Fondation canadienne des tumeurs c\u00e9r\u00e9brales<\/title>\n<meta name=\"description\" content=\"Le b\u00e9n\u00e9volat est au c\u0153ur de la Fondation canadienne des tumeurs c\u00e9r\u00e9brales. Partout au pays, des b\u00e9n\u00e9voles engag\u00e9s contribuent \u00e0 offrir du soutien, \u00e0 cr\u00e9er des liens et \u00e0 faire avancer notre mission : faire en sorte que personne n\u2019ait \u00e0 faire face \u00e0 une tumeur c\u00e9r\u00e9brale seul.\" \/>\n<meta name=\"robots\" content=\"index, follow, max-snippet:-1, max-image-preview:large, max-video-preview:-1\" \/>\n<link rel=\"canonical\" href=\"https:\/\/www.braintumour.ca\/fr\/benevolat\/\" \/>\n<meta property=\"og:locale\" content=\"fr_CA\" \/>\n<meta property=\"og:type\" content=\"article\" \/>\n<meta property=\"og:title\" content=\"B\u00e9n\u00e9volat\" \/>\n<meta property=\"og:description\" content=\"Le b\u00e9n\u00e9volat est au c\u0153ur de la Fondation canadienne des tumeurs c\u00e9r\u00e9brales. Partout au pays, des b\u00e9n\u00e9voles engag\u00e9s contribuent \u00e0 offrir du soutien, \u00e0 cr\u00e9er des liens et \u00e0 faire avancer notre mission : faire en sorte que personne n\u2019ait \u00e0 faire face \u00e0 une tumeur c\u00e9r\u00e9brale seul.\" \/>\n<meta property=\"og:url\" content=\"https:\/\/www.braintumour.ca\/fr\/benevolat\/\" \/>\n<meta property=\"og:site_name\" content=\"Fondation canadienne des tumeurs c\u00e9r\u00e9brales\" \/>\n<meta property=\"article:modified_time\" content=\"2026-04-22T15:58:53+00:00\" \/>\n<meta property=\"og:image\" content=\"https:\/\/www.braintumour.ca\/wp-content\/uploads\/2022\/04\/volunteers-group-walk.png\" \/>\n\t<meta property=\"og:image:width\" content=\"1440\" \/>\n\t<meta property=\"og:image:height\" content=\"640\" \/>\n\t<meta property=\"og:image:type\" content=\"image\/png\" \/>\n<meta name=\"twitter:card\" content=\"summary_large_image\" \/>\n<meta name=\"twitter:label1\" content=\"Estimation du temps de lecture\" \/>\n\t<meta name=\"twitter:data1\" content=\"2 minutes\" \/>\n<script type=\"application\/ld+json\" class=\"yoast-schema-graph\">{\"@context\":\"https:\/\/schema.org\",\"@graph\":[{\"@type\":\"WebPage\",\"@id\":\"https:\/\/www.braintumour.ca\/fr\/benevolat\/\",\"url\":\"https:\/\/www.braintumour.ca\/fr\/benevolat\/\",\"name\":\"B\u00e9n\u00e9volat - Fondation canadienne des tumeurs c\u00e9r\u00e9brales\",\"isPartOf\":{\"@id\":\"https:\/\/www.braintumour.ca\/fr\/#website\"},\"primaryImageOfPage\":{\"@id\":\"https:\/\/www.braintumour.ca\/fr\/benevolat\/#primaryimage\"},\"image\":{\"@id\":\"https:\/\/www.braintumour.ca\/fr\/benevolat\/#primaryimage\"},\"thumbnailUrl\":\"https:\/\/www.braintumour.ca\/wp-content\/uploads\/2022\/04\/volunteers-group-walk.png\",\"datePublished\":\"2026-04-22T15:26:26+00:00\",\"dateModified\":\"2026-04-22T15:58:53+00:00\",\"description\":\"Le b\u00e9n\u00e9volat est au c\u0153ur de la Fondation canadienne des tumeurs c\u00e9r\u00e9brales. Partout au pays, des b\u00e9n\u00e9voles engag\u00e9s contribuent \u00e0 offrir du soutien, \u00e0 cr\u00e9er des liens et \u00e0 faire avancer notre mission : faire en sorte que personne n\u2019ait \u00e0 faire face \u00e0 une tumeur c\u00e9r\u00e9brale seul.\",\"breadcrumb\":{\"@id\":\"https:\/\/www.braintumour.ca\/fr\/benevolat\/#breadcrumb\"},\"inLanguage\":\"fr-CA\",\"potentialAction\":[{\"@type\":\"ReadAction\",\"target\":[\"https:\/\/www.braintumour.ca\/fr\/benevolat\/\"]}]},{\"@type\":\"ImageObject\",\"inLanguage\":\"fr-CA\",\"@id\":\"https:\/\/www.braintumour.ca\/fr\/benevolat\/#primaryimage\",\"url\":\"https:\/\/www.braintumour.ca\/wp-content\/uploads\/2022\/04\/volunteers-group-walk.png\",\"contentUrl\":\"https:\/\/www.braintumour.ca\/wp-content\/uploads\/2022\/04\/volunteers-group-walk.png\",\"width\":1440,\"height\":640},{\"@type\":\"BreadcrumbList\",\"@id\":\"https:\/\/www.braintumour.ca\/fr\/benevolat\/#breadcrumb\",\"itemListElement\":[{\"@type\":\"ListItem\",\"position\":1,\"name\":\"Home\",\"item\":\"https:\/\/www.braintumour.ca\/fr\/\"},{\"@type\":\"ListItem\",\"position\":2,\"name\":\"B\u00e9n\u00e9volat\"}]},{\"@type\":\"WebSite\",\"@id\":\"https:\/\/www.braintumour.ca\/fr\/#website\",\"url\":\"https:\/\/www.braintumour.ca\/fr\/\",\"name\":\"Fondation canadienne des tumeurs c\u00e9r\u00e9brales\",\"description\":\"Notre mission est de venir en aide \u00e0 toutes les personnes touch\u00e9es par une tumeur c\u00e9r\u00e9brale au Canada par le biais de nos programmes d\u2019information, de soutien, d\u2019\u00e9ducation et de recherche.\",\"potentialAction\":[{\"@type\":\"SearchAction\",\"target\":{\"@type\":\"EntryPoint\",\"urlTemplate\":\"https:\/\/www.braintumour.ca\/fr\/?s={search_term_string}\"},\"query-input\":{\"@type\":\"PropertyValueSpecification\",\"valueRequired\":true,\"valueName\":\"search_term_string\"}}],\"inLanguage\":\"fr-CA\"}]}<\/script>\n<!-- \/ Yoast SEO Premium plugin. -->","yoast_head_json":{"title":"B\u00e9n\u00e9volat - Fondation canadienne des tumeurs c\u00e9r\u00e9brales","description":"Le b\u00e9n\u00e9volat est au c\u0153ur de la Fondation canadienne des tumeurs c\u00e9r\u00e9brales. Partout au pays, des b\u00e9n\u00e9voles engag\u00e9s contribuent \u00e0 offrir du soutien, \u00e0 cr\u00e9er des liens et \u00e0 faire avancer notre mission : faire en sorte que personne n\u2019ait \u00e0 faire face \u00e0 une tumeur c\u00e9r\u00e9brale seul.","robots":{"index":"index","follow":"follow","max-snippet":"max-snippet:-1","max-image-preview":"max-image-preview:large","max-video-preview":"max-video-preview:-1"},"canonical":"https:\/\/www.braintumour.ca\/fr\/benevolat\/","og_locale":"fr_CA","og_type":"article","og_title":"B\u00e9n\u00e9volat","og_description":"Le b\u00e9n\u00e9volat est au c\u0153ur de la Fondation canadienne des tumeurs c\u00e9r\u00e9brales. Partout au pays, des b\u00e9n\u00e9voles engag\u00e9s contribuent \u00e0 offrir du soutien, \u00e0 cr\u00e9er des liens et \u00e0 faire avancer notre mission : faire en sorte que personne n\u2019ait \u00e0 faire face \u00e0 une tumeur c\u00e9r\u00e9brale seul.","og_url":"https:\/\/www.braintumour.ca\/fr\/benevolat\/","og_site_name":"Fondation canadienne des tumeurs c\u00e9r\u00e9brales","article_modified_time":"2026-04-22T15:58:53+00:00","og_image":[{"width":1440,"height":640,"url":"https:\/\/www.braintumour.ca\/wp-content\/uploads\/2022\/04\/volunteers-group-walk.png","type":"image\/png"}],"twitter_card":"summary_large_image","twitter_misc":{"Estimation du temps de lecture":"2 minutes"},"schema":{"@context":"https:\/\/schema.org","@graph":[{"@type":"WebPage","@id":"https:\/\/www.braintumour.ca\/fr\/benevolat\/","url":"https:\/\/www.braintumour.ca\/fr\/benevolat\/","name":"B\u00e9n\u00e9volat - Fondation canadienne des tumeurs c\u00e9r\u00e9brales","isPartOf":{"@id":"https:\/\/www.braintumour.ca\/fr\/#website"},"primaryImageOfPage":{"@id":"https:\/\/www.braintumour.ca\/fr\/benevolat\/#primaryimage"},"image":{"@id":"https:\/\/www.braintumour.ca\/fr\/benevolat\/#primaryimage"},"thumbnailUrl":"https:\/\/www.braintumour.ca\/wp-content\/uploads\/2022\/04\/volunteers-group-walk.png","datePublished":"2026-04-22T15:26:26+00:00","dateModified":"2026-04-22T15:58:53+00:00","description":"Le b\u00e9n\u00e9volat est au c\u0153ur de la Fondation canadienne des tumeurs c\u00e9r\u00e9brales. Partout au pays, des b\u00e9n\u00e9voles engag\u00e9s contribuent \u00e0 offrir du soutien, \u00e0 cr\u00e9er des liens et \u00e0 faire avancer notre mission : faire en sorte que personne n\u2019ait \u00e0 faire face \u00e0 une tumeur c\u00e9r\u00e9brale seul.","breadcrumb":{"@id":"https:\/\/www.braintumour.ca\/fr\/benevolat\/#breadcrumb"},"inLanguage":"fr-CA","potentialAction":[{"@type":"ReadAction","target":["https:\/\/www.braintumour.ca\/fr\/benevolat\/"]}]},{"@type":"ImageObject","inLanguage":"fr-CA","@id":"https:\/\/www.braintumour.ca\/fr\/benevolat\/#primaryimage","url":"https:\/\/www.braintumour.ca\/wp-content\/uploads\/2022\/04\/volunteers-group-walk.png","contentUrl":"https:\/\/www.braintumour.ca\/wp-content\/uploads\/2022\/04\/volunteers-group-walk.png","width":1440,"height":640},{"@type":"BreadcrumbList","@id":"https:\/\/www.braintumour.ca\/fr\/benevolat\/#breadcrumb","itemListElement":[{"@type":"ListItem","position":1,"name":"Home","item":"https:\/\/www.braintumour.ca\/fr\/"},{"@type":"ListItem","position":2,"name":"B\u00e9n\u00e9volat"}]},{"@type":"WebSite","@id":"https:\/\/www.braintumour.ca\/fr\/#website","url":"https:\/\/www.braintumour.ca\/fr\/","name":"Fondation canadienne des tumeurs c\u00e9r\u00e9brales","description":"Notre mission est de venir en aide \u00e0 toutes les personnes touch\u00e9es par une tumeur c\u00e9r\u00e9brale au Canada par le biais de nos programmes d\u2019information, de soutien, d\u2019\u00e9ducation et de recherche.","potentialAction":[{"@type":"SearchAction","target":{"@type":"EntryPoint","urlTemplate":"https:\/\/www.braintumour.ca\/fr\/?s={search_term_string}"},"query-input":{"@type":"PropertyValueSpecification","valueRequired":true,"valueName":"search_term_string"}}],"inLanguage":"fr-CA"}]}},"_links":{"self":[{"href":"https:\/\/www.braintumour.ca\/fr\/wp-json\/wp\/v2\/pages\/15512","targetHints":{"allow":["GET"]}}],"collection":[{"href":"https:\/\/www.braintumour.ca\/fr\/wp-json\/wp\/v2\/pages"}],"about":[{"href":"https:\/\/www.braintumour.ca\/fr\/wp-json\/wp\/v2\/types\/page"}],"author":[{"embeddable":true,"href":"https:\/\/www.braintumour.ca\/fr\/wp-json\/wp\/v2\/users\/30"}],"replies":[{"embeddable":true,"href":"https:\/\/www.braintumour.ca\/fr\/wp-json\/wp\/v2\/comments?post=15512"}],"version-history":[{"count":0,"href":"https:\/\/www.braintumour.ca\/fr\/wp-json\/wp\/v2\/pages\/15512\/revisions"}],"wp:featuredmedia":[{"embeddable":true,"href":"https:\/\/www.braintumour.ca\/fr\/wp-json\/wp\/v2\/media\/9069"}],"wp:attachment":[{"href":"https:\/\/www.braintumour.ca\/fr\/wp-json\/wp\/v2\/media?parent=15512"}],"wp:term":[{"taxonomy":"user_type","embeddable":true,"href":"https:\/\/www.braintumour.ca\/fr\/wp-json\/wp\/v2\/user_type?post=15512"}],"curies":[{"name":"wp","href":"https:\/\/api.w.org\/{rel}","templated":true}]}}