{"id":15592,"date":"2023-04-21T12:09:08","date_gmt":"2023-04-21T16:09:08","guid":{"rendered":"https:\/\/www.braintumour.ca\/recherche\/trevor-harrison-civic-engagement-scholarship\/"},"modified":"2026-05-04T10:00:07","modified_gmt":"2026-05-04T14:00:07","slug":"bourse-dengagement-civique-trevor-harrison","status":"publish","type":"page","link":"https:\/\/www.braintumour.ca\/fr\/recherche\/bourse-dengagement-civique-trevor-harrison\/","title":{"rendered":"Bourse d\u2019engagement civique Trevor Harrison"},"content":{"rendered":"","protected":false},"excerpt":{"rendered":"","protected":false},"author":4,"featured_media":11059,"parent":2946,"menu_order":10,"comment_status":"closed","ping_status":"closed","template":"","meta":{"_acf_changed":false,"footnotes":""},"user_type":[],"class_list":["post-15592","page","type-page","status-publish","has-post-thumbnail","hentry"],"acf":[],"yoast_head":"<!-- This site is optimized with the Yoast SEO Premium plugin v27.0 (Yoast SEO v27.0) - https:\/\/yoast.com\/product\/yoast-seo-premium-wordpress\/ -->\n<title>Bourse d\u2019engagement civique Trevor Harrison - Fondation canadienne des tumeurs c\u00e9r\u00e9brales<\/title>\n<meta name=\"description\" content=\"Cette bourse vise \u00e0 offrir un soutien financier \u00e0 des \u00e9tudiants engag\u00e9s sur le plan politique, qui ont \u00e9galement \u00e9t\u00e9 touch\u00e9s par une tumeur c\u00e9r\u00e9brale.\" \/>\n<meta name=\"robots\" content=\"index, follow, max-snippet:-1, max-image-preview:large, max-video-preview:-1\" \/>\n<link rel=\"canonical\" href=\"https:\/\/www.braintumour.ca\/fr\/recherche\/bourse-dengagement-civique-trevor-harrison\/\" \/>\n<meta property=\"og:locale\" content=\"fr_CA\" \/>\n<meta property=\"og:type\" content=\"article\" \/>\n<meta property=\"og:title\" content=\"Bourse d\u2019engagement civique Trevor Harrison\" \/>\n<meta property=\"og:description\" content=\"Cette bourse vise \u00e0 offrir un soutien financier \u00e0 des \u00e9tudiants engag\u00e9s sur le plan politique, qui ont \u00e9galement \u00e9t\u00e9 touch\u00e9s par une tumeur c\u00e9r\u00e9brale.\" \/>\n<meta property=\"og:url\" content=\"https:\/\/www.braintumour.ca\/fr\/recherche\/bourse-dengagement-civique-trevor-harrison\/\" \/>\n<meta property=\"og:site_name\" content=\"Fondation canadienne des tumeurs c\u00e9r\u00e9brales\" \/>\n<meta property=\"article:modified_time\" content=\"2026-05-04T14:00:07+00:00\" \/>\n<meta property=\"og:image\" content=\"https:\/\/www.braintumour.ca\/wp-content\/uploads\/2023\/04\/Trevor-Harrison2-783x1024.png\" \/>\n\t<meta property=\"og:image:width\" content=\"783\" \/>\n\t<meta property=\"og:image:height\" content=\"1024\" \/>\n\t<meta property=\"og:image:type\" content=\"image\/png\" \/>\n<meta name=\"twitter:card\" content=\"summary_large_image\" \/>\n<meta name=\"twitter:label1\" content=\"Estimation du temps de lecture\" \/>\n\t<meta name=\"twitter:data1\" content=\"4 minutes\" \/>\n<script type=\"application\/ld+json\" class=\"yoast-schema-graph\">{\"@context\":\"https:\/\/schema.org\",\"@graph\":[{\"@type\":\"WebPage\",\"@id\":\"https:\/\/www.braintumour.ca\/fr\/recherche\/bourse-dengagement-civique-trevor-harrison\/\",\"url\":\"https:\/\/www.braintumour.ca\/fr\/recherche\/bourse-dengagement-civique-trevor-harrison\/\",\"name\":\"Bourse d\u2019engagement civique Trevor Harrison - Fondation canadienne des tumeurs c\u00e9r\u00e9brales\",\"isPartOf\":{\"@id\":\"https:\/\/www.braintumour.ca\/fr\/#website\"},\"primaryImageOfPage\":{\"@id\":\"https:\/\/www.braintumour.ca\/fr\/recherche\/bourse-dengagement-civique-trevor-harrison\/#primaryimage\"},\"image\":{\"@id\":\"https:\/\/www.braintumour.ca\/fr\/recherche\/bourse-dengagement-civique-trevor-harrison\/#primaryimage\"},\"thumbnailUrl\":\"https:\/\/www.braintumour.ca\/wp-content\/uploads\/2023\/04\/Trevor-Harrison2.png\",\"datePublished\":\"2023-04-21T16:09:08+00:00\",\"dateModified\":\"2026-05-04T14:00:07+00:00\",\"description\":\"Cette bourse vise \u00e0 offrir un soutien financier \u00e0 des \u00e9tudiants engag\u00e9s sur le plan politique, qui ont \u00e9galement \u00e9t\u00e9 touch\u00e9s par une tumeur c\u00e9r\u00e9brale.\",\"breadcrumb\":{\"@id\":\"https:\/\/www.braintumour.ca\/fr\/recherche\/bourse-dengagement-civique-trevor-harrison\/#breadcrumb\"},\"inLanguage\":\"fr-CA\",\"potentialAction\":[{\"@type\":\"ReadAction\",\"target\":[\"https:\/\/www.braintumour.ca\/fr\/recherche\/bourse-dengagement-civique-trevor-harrison\/\"]}]},{\"@type\":\"ImageObject\",\"inLanguage\":\"fr-CA\",\"@id\":\"https:\/\/www.braintumour.ca\/fr\/recherche\/bourse-dengagement-civique-trevor-harrison\/#primaryimage\",\"url\":\"https:\/\/www.braintumour.ca\/wp-content\/uploads\/2023\/04\/Trevor-Harrison2.png\",\"contentUrl\":\"https:\/\/www.braintumour.ca\/wp-content\/uploads\/2023\/04\/Trevor-Harrison2.png\",\"width\":1586,\"height\":2073},{\"@type\":\"BreadcrumbList\",\"@id\":\"https:\/\/www.braintumour.ca\/fr\/recherche\/bourse-dengagement-civique-trevor-harrison\/#breadcrumb\",\"itemListElement\":[{\"@type\":\"ListItem\",\"position\":1,\"name\":\"Home\",\"item\":\"https:\/\/www.braintumour.ca\/fr\/\"},{\"@type\":\"ListItem\",\"position\":2,\"name\":\"Recherche\",\"item\":\"https:\/\/www.braintumour.ca\/fr\/recherche\/\"},{\"@type\":\"ListItem\",\"position\":3,\"name\":\"Bourse d\u2019engagement civique Trevor Harrison\"}]},{\"@type\":\"WebSite\",\"@id\":\"https:\/\/www.braintumour.ca\/fr\/#website\",\"url\":\"https:\/\/www.braintumour.ca\/fr\/\",\"name\":\"Fondation canadienne des tumeurs c\u00e9r\u00e9brales\",\"description\":\"Notre mission est de venir en aide \u00e0 toutes les personnes touch\u00e9es par une tumeur c\u00e9r\u00e9brale au Canada par le biais de nos programmes d\u2019information, de soutien, d\u2019\u00e9ducation et de recherche.\",\"potentialAction\":[{\"@type\":\"SearchAction\",\"target\":{\"@type\":\"EntryPoint\",\"urlTemplate\":\"https:\/\/www.braintumour.ca\/fr\/?s={search_term_string}\"},\"query-input\":{\"@type\":\"PropertyValueSpecification\",\"valueRequired\":true,\"valueName\":\"search_term_string\"}}],\"inLanguage\":\"fr-CA\"}]}<\/script>\n<!-- \/ Yoast SEO Premium plugin. -->","yoast_head_json":{"title":"Bourse d\u2019engagement civique Trevor Harrison - Fondation canadienne des tumeurs c\u00e9r\u00e9brales","description":"Cette bourse vise \u00e0 offrir un soutien financier \u00e0 des \u00e9tudiants engag\u00e9s sur le plan politique, qui ont \u00e9galement \u00e9t\u00e9 touch\u00e9s par une tumeur c\u00e9r\u00e9brale.","robots":{"index":"index","follow":"follow","max-snippet":"max-snippet:-1","max-image-preview":"max-image-preview:large","max-video-preview":"max-video-preview:-1"},"canonical":"https:\/\/www.braintumour.ca\/fr\/recherche\/bourse-dengagement-civique-trevor-harrison\/","og_locale":"fr_CA","og_type":"article","og_title":"Bourse d\u2019engagement civique Trevor Harrison","og_description":"Cette bourse vise \u00e0 offrir un soutien financier \u00e0 des \u00e9tudiants engag\u00e9s sur le plan politique, qui ont \u00e9galement \u00e9t\u00e9 touch\u00e9s par une tumeur c\u00e9r\u00e9brale.","og_url":"https:\/\/www.braintumour.ca\/fr\/recherche\/bourse-dengagement-civique-trevor-harrison\/","og_site_name":"Fondation canadienne des tumeurs c\u00e9r\u00e9brales","article_modified_time":"2026-05-04T14:00:07+00:00","og_image":[{"width":783,"height":1024,"url":"https:\/\/www.braintumour.ca\/wp-content\/uploads\/2023\/04\/Trevor-Harrison2-783x1024.png","type":"image\/png"}],"twitter_card":"summary_large_image","twitter_misc":{"Estimation du temps de lecture":"4 minutes"},"schema":{"@context":"https:\/\/schema.org","@graph":[{"@type":"WebPage","@id":"https:\/\/www.braintumour.ca\/fr\/recherche\/bourse-dengagement-civique-trevor-harrison\/","url":"https:\/\/www.braintumour.ca\/fr\/recherche\/bourse-dengagement-civique-trevor-harrison\/","name":"Bourse d\u2019engagement civique Trevor Harrison - Fondation canadienne des tumeurs c\u00e9r\u00e9brales","isPartOf":{"@id":"https:\/\/www.braintumour.ca\/fr\/#website"},"primaryImageOfPage":{"@id":"https:\/\/www.braintumour.ca\/fr\/recherche\/bourse-dengagement-civique-trevor-harrison\/#primaryimage"},"image":{"@id":"https:\/\/www.braintumour.ca\/fr\/recherche\/bourse-dengagement-civique-trevor-harrison\/#primaryimage"},"thumbnailUrl":"https:\/\/www.braintumour.ca\/wp-content\/uploads\/2023\/04\/Trevor-Harrison2.png","datePublished":"2023-04-21T16:09:08+00:00","dateModified":"2026-05-04T14:00:07+00:00","description":"Cette bourse vise \u00e0 offrir un soutien financier \u00e0 des \u00e9tudiants engag\u00e9s sur le plan politique, qui ont \u00e9galement \u00e9t\u00e9 touch\u00e9s par une tumeur c\u00e9r\u00e9brale.","breadcrumb":{"@id":"https:\/\/www.braintumour.ca\/fr\/recherche\/bourse-dengagement-civique-trevor-harrison\/#breadcrumb"},"inLanguage":"fr-CA","potentialAction":[{"@type":"ReadAction","target":["https:\/\/www.braintumour.ca\/fr\/recherche\/bourse-dengagement-civique-trevor-harrison\/"]}]},{"@type":"ImageObject","inLanguage":"fr-CA","@id":"https:\/\/www.braintumour.ca\/fr\/recherche\/bourse-dengagement-civique-trevor-harrison\/#primaryimage","url":"https:\/\/www.braintumour.ca\/wp-content\/uploads\/2023\/04\/Trevor-Harrison2.png","contentUrl":"https:\/\/www.braintumour.ca\/wp-content\/uploads\/2023\/04\/Trevor-Harrison2.png","width":1586,"height":2073},{"@type":"BreadcrumbList","@id":"https:\/\/www.braintumour.ca\/fr\/recherche\/bourse-dengagement-civique-trevor-harrison\/#breadcrumb","itemListElement":[{"@type":"ListItem","position":1,"name":"Home","item":"https:\/\/www.braintumour.ca\/fr\/"},{"@type":"ListItem","position":2,"name":"Recherche","item":"https:\/\/www.braintumour.ca\/fr\/recherche\/"},{"@type":"ListItem","position":3,"name":"Bourse d\u2019engagement civique Trevor Harrison"}]},{"@type":"WebSite","@id":"https:\/\/www.braintumour.ca\/fr\/#website","url":"https:\/\/www.braintumour.ca\/fr\/","name":"Fondation canadienne des tumeurs c\u00e9r\u00e9brales","description":"Notre mission est de venir en aide \u00e0 toutes les personnes touch\u00e9es par une tumeur c\u00e9r\u00e9brale au Canada par le biais de nos programmes d\u2019information, de soutien, d\u2019\u00e9ducation et de recherche.","potentialAction":[{"@type":"SearchAction","target":{"@type":"EntryPoint","urlTemplate":"https:\/\/www.braintumour.ca\/fr\/?s={search_term_string}"},"query-input":{"@type":"PropertyValueSpecification","valueRequired":true,"valueName":"search_term_string"}}],"inLanguage":"fr-CA"}]}},"_links":{"self":[{"href":"https:\/\/www.braintumour.ca\/fr\/wp-json\/wp\/v2\/pages\/15592","targetHints":{"allow":["GET"]}}],"collection":[{"href":"https:\/\/www.braintumour.ca\/fr\/wp-json\/wp\/v2\/pages"}],"about":[{"href":"https:\/\/www.braintumour.ca\/fr\/wp-json\/wp\/v2\/types\/page"}],"author":[{"embeddable":true,"href":"https:\/\/www.braintumour.ca\/fr\/wp-json\/wp\/v2\/users\/4"}],"replies":[{"embeddable":true,"href":"https:\/\/www.braintumour.ca\/fr\/wp-json\/wp\/v2\/comments?post=15592"}],"version-history":[{"count":0,"href":"https:\/\/www.braintumour.ca\/fr\/wp-json\/wp\/v2\/pages\/15592\/revisions"}],"up":[{"embeddable":true,"href":"https:\/\/www.braintumour.ca\/fr\/wp-json\/wp\/v2\/pages\/2946"}],"wp:featuredmedia":[{"embeddable":true,"href":"https:\/\/www.braintumour.ca\/fr\/wp-json\/wp\/v2\/media\/11059"}],"wp:attachment":[{"href":"https:\/\/www.braintumour.ca\/fr\/wp-json\/wp\/v2\/media?parent=15592"}],"wp:term":[{"taxonomy":"user_type","embeddable":true,"href":"https:\/\/www.braintumour.ca\/fr\/wp-json\/wp\/v2\/user_type?post=15592"}],"curies":[{"name":"wp","href":"https:\/\/api.w.org\/{rel}","templated":true}]}}