{"id":2282,"date":"2019-11-12T18:08:07","date_gmt":"2019-11-12T23:08:07","guid":{"rendered":"https:\/\/braintumour.ca\/?page_id=2282"},"modified":"2024-05-27T09:52:04","modified_gmt":"2024-05-27T13:52:04","slug":"qui-sommes-nous","status":"publish","type":"page","link":"https:\/\/www.braintumour.ca\/fr\/a-propos\/qui-sommes-nous\/","title":{"rendered":"Qui sommes-nous?"},"content":{"rendered":"<p>Nous sommes une \u00e9quipe d\u00e9vou\u00e9e de b\u00e9n\u00e9voles, de patients, de survivants, de membres de la famille, de professionnels de la sant\u00e9 et d&#8217;employ\u00e9s qui apportons espoir et soutien aux personnes touch\u00e9es par une tumeur c\u00e9r\u00e9brale. Nous travaillons en collaboration pour r\u00e9pondre aux besoins des Canadiens touch\u00e9s par la maladie, peu importe le type de tumeur c\u00e9r\u00e9brale.<\/p>\n<p>Les tumeurs c\u00e9r\u00e9brales sont impr\u00e9visibles et complexes. Elles peuvent affecter la vision, l\u2019ou\u00efe, la m\u00e9moire, l\u2019\u00e9quilibre et la mobilit\u00e9. Leurs effets sont physiques, \u00e9motionnels et financiers, et ils durent toute la vie. Il n&rsquo;existe aucun rem\u00e8de. Nous sommes ici pour aider toute personne touch\u00e9e par une tumeur c\u00e9r\u00e9brale.<\/p>\n<p>Le soutien offert par les donateurs, les entreprises et la communaut\u00e9 permet aux 55 000 Canadiens touch\u00e9s par une tumeur c\u00e9r\u00e9brale de trouver de l&rsquo;espoir.\u00a0 <strong>De l\u2019espoir gr\u00e2ce au soutien des patients et des survivants. De l\u2019espoir gr\u00e2ce \u00e0 la recherche. De l\u2019espoir pour trouver un rem\u00e8de.<\/strong><\/p>\n<p>&nbsp;<\/p>\n","protected":false},"excerpt":{"rendered":"<p>Nous sommes une \u00e9quipe d\u00e9vou\u00e9e de b\u00e9n\u00e9voles, de patients, de survivants, de membres de la famille, de professionnels de la [&hellip;]<\/p>\n","protected":false},"author":6,"featured_media":8574,"parent":2279,"menu_order":1,"comment_status":"closed","ping_status":"closed","template":"","meta":{"_acf_changed":false,"footnotes":""},"user_type":[],"class_list":["post-2282","page","type-page","status-publish","has-post-thumbnail","hentry"],"acf":[],"yoast_head":"<!-- This site is optimized with the Yoast SEO Premium plugin v27.0 (Yoast SEO v27.0) - https:\/\/yoast.com\/product\/yoast-seo-premium-wordpress\/ -->\n<title>Qui sommes-nous? - Fondation canadienne des tumeurs c\u00e9r\u00e9brales<\/title>\n<meta name=\"description\" content=\"La Fondation canadienne des tumeurs c\u00e9r\u00e9brales est un organisme national canadien d\u00e9vou\u00e9 \u00e0 offrir de l\u2019espoir et du soutien aux personnes touch\u00e9es par une tumeur c\u00e9r\u00e9brale.\" \/>\n<meta name=\"robots\" content=\"index, follow, max-snippet:-1, max-image-preview:large, max-video-preview:-1\" \/>\n<link rel=\"canonical\" href=\"https:\/\/www.braintumour.ca\/fr\/a-propos\/qui-sommes-nous\/\" \/>\n<meta property=\"og:locale\" content=\"fr_CA\" \/>\n<meta property=\"og:type\" content=\"article\" \/>\n<meta property=\"og:title\" content=\"Qui sommes-nous?\" \/>\n<meta property=\"og:description\" content=\"La Fondation canadienne des tumeurs c\u00e9r\u00e9brales est un organisme national canadien d\u00e9vou\u00e9 \u00e0 offrir de l\u2019espoir et du soutien aux personnes touch\u00e9es par une tumeur c\u00e9r\u00e9brale.\" \/>\n<meta property=\"og:url\" content=\"https:\/\/www.braintumour.ca\/fr\/a-propos\/qui-sommes-nous\/\" \/>\n<meta property=\"og:site_name\" content=\"Fondation canadienne des tumeurs c\u00e9r\u00e9brales\" \/>\n<meta property=\"article:modified_time\" content=\"2024-05-27T13:52:04+00:00\" \/>\n<meta property=\"og:image\" content=\"https:\/\/www.braintumour.ca\/wp-content\/uploads\/2022\/02\/Who-Are-We-Tile.jpg\" \/>\n\t<meta property=\"og:image:width\" content=\"899\" \/>\n\t<meta property=\"og:image:height\" content=\"480\" \/>\n\t<meta property=\"og:image:type\" content=\"image\/jpeg\" \/>\n<meta name=\"twitter:card\" content=\"summary_large_image\" \/>\n<meta name=\"twitter:label1\" content=\"Estimation du temps de lecture\" \/>\n\t<meta name=\"twitter:data1\" content=\"7 minutes\" \/>\n<script type=\"application\/ld+json\" class=\"yoast-schema-graph\">{\"@context\":\"https:\/\/schema.org\",\"@graph\":[{\"@type\":\"WebPage\",\"@id\":\"https:\/\/www.braintumour.ca\/fr\/a-propos\/qui-sommes-nous\/\",\"url\":\"https:\/\/www.braintumour.ca\/fr\/a-propos\/qui-sommes-nous\/\",\"name\":\"Qui sommes-nous? - Fondation canadienne des tumeurs c\u00e9r\u00e9brales\",\"isPartOf\":{\"@id\":\"https:\/\/www.braintumour.ca\/fr\/#website\"},\"primaryImageOfPage\":{\"@id\":\"https:\/\/www.braintumour.ca\/fr\/a-propos\/qui-sommes-nous\/#primaryimage\"},\"image\":{\"@id\":\"https:\/\/www.braintumour.ca\/fr\/a-propos\/qui-sommes-nous\/#primaryimage\"},\"thumbnailUrl\":\"https:\/\/www.braintumour.ca\/wp-content\/uploads\/2022\/02\/Who-Are-We-Tile.jpg\",\"datePublished\":\"2019-11-12T23:08:07+00:00\",\"dateModified\":\"2024-05-27T13:52:04+00:00\",\"description\":\"La Fondation canadienne des tumeurs c\u00e9r\u00e9brales est un organisme national canadien d\u00e9vou\u00e9 \u00e0 offrir de l\u2019espoir et du soutien aux personnes touch\u00e9es par une tumeur c\u00e9r\u00e9brale.\",\"breadcrumb\":{\"@id\":\"https:\/\/www.braintumour.ca\/fr\/a-propos\/qui-sommes-nous\/#breadcrumb\"},\"inLanguage\":\"fr-CA\",\"potentialAction\":[{\"@type\":\"ReadAction\",\"target\":[\"https:\/\/www.braintumour.ca\/fr\/a-propos\/qui-sommes-nous\/\"]}]},{\"@type\":\"ImageObject\",\"inLanguage\":\"fr-CA\",\"@id\":\"https:\/\/www.braintumour.ca\/fr\/a-propos\/qui-sommes-nous\/#primaryimage\",\"url\":\"https:\/\/www.braintumour.ca\/wp-content\/uploads\/2022\/02\/Who-Are-We-Tile.jpg\",\"contentUrl\":\"https:\/\/www.braintumour.ca\/wp-content\/uploads\/2022\/02\/Who-Are-We-Tile.jpg\",\"width\":899,\"height\":480},{\"@type\":\"BreadcrumbList\",\"@id\":\"https:\/\/www.braintumour.ca\/fr\/a-propos\/qui-sommes-nous\/#breadcrumb\",\"itemListElement\":[{\"@type\":\"ListItem\",\"position\":1,\"name\":\"Home\",\"item\":\"https:\/\/www.braintumour.ca\/fr\/\"},{\"@type\":\"ListItem\",\"position\":2,\"name\":\"\u00c0 propos\",\"item\":\"https:\/\/www.braintumour.ca\/fr\/a-propos\/\"},{\"@type\":\"ListItem\",\"position\":3,\"name\":\"Qui sommes-nous?\"}]},{\"@type\":\"WebSite\",\"@id\":\"https:\/\/www.braintumour.ca\/fr\/#website\",\"url\":\"https:\/\/www.braintumour.ca\/fr\/\",\"name\":\"Fondation canadienne des tumeurs c\u00e9r\u00e9brales\",\"description\":\"Notre mission est de venir en aide \u00e0 toutes les personnes touch\u00e9es par une tumeur c\u00e9r\u00e9brale au Canada par le biais de nos programmes d\u2019information, de soutien, d\u2019\u00e9ducation et de recherche.\",\"potentialAction\":[{\"@type\":\"SearchAction\",\"target\":{\"@type\":\"EntryPoint\",\"urlTemplate\":\"https:\/\/www.braintumour.ca\/fr\/?s={search_term_string}\"},\"query-input\":{\"@type\":\"PropertyValueSpecification\",\"valueRequired\":true,\"valueName\":\"search_term_string\"}}],\"inLanguage\":\"fr-CA\"}]}<\/script>\n<!-- \/ Yoast SEO Premium plugin. -->","yoast_head_json":{"title":"Qui sommes-nous? - Fondation canadienne des tumeurs c\u00e9r\u00e9brales","description":"La Fondation canadienne des tumeurs c\u00e9r\u00e9brales est un organisme national canadien d\u00e9vou\u00e9 \u00e0 offrir de l\u2019espoir et du soutien aux personnes touch\u00e9es par une tumeur c\u00e9r\u00e9brale.","robots":{"index":"index","follow":"follow","max-snippet":"max-snippet:-1","max-image-preview":"max-image-preview:large","max-video-preview":"max-video-preview:-1"},"canonical":"https:\/\/www.braintumour.ca\/fr\/a-propos\/qui-sommes-nous\/","og_locale":"fr_CA","og_type":"article","og_title":"Qui sommes-nous?","og_description":"La Fondation canadienne des tumeurs c\u00e9r\u00e9brales est un organisme national canadien d\u00e9vou\u00e9 \u00e0 offrir de l\u2019espoir et du soutien aux personnes touch\u00e9es par une tumeur c\u00e9r\u00e9brale.","og_url":"https:\/\/www.braintumour.ca\/fr\/a-propos\/qui-sommes-nous\/","og_site_name":"Fondation canadienne des tumeurs c\u00e9r\u00e9brales","article_modified_time":"2024-05-27T13:52:04+00:00","og_image":[{"width":899,"height":480,"url":"https:\/\/www.braintumour.ca\/wp-content\/uploads\/2022\/02\/Who-Are-We-Tile.jpg","type":"image\/jpeg"}],"twitter_card":"summary_large_image","twitter_misc":{"Estimation du temps de lecture":"7 minutes"},"schema":{"@context":"https:\/\/schema.org","@graph":[{"@type":"WebPage","@id":"https:\/\/www.braintumour.ca\/fr\/a-propos\/qui-sommes-nous\/","url":"https:\/\/www.braintumour.ca\/fr\/a-propos\/qui-sommes-nous\/","name":"Qui sommes-nous? - Fondation canadienne des tumeurs c\u00e9r\u00e9brales","isPartOf":{"@id":"https:\/\/www.braintumour.ca\/fr\/#website"},"primaryImageOfPage":{"@id":"https:\/\/www.braintumour.ca\/fr\/a-propos\/qui-sommes-nous\/#primaryimage"},"image":{"@id":"https:\/\/www.braintumour.ca\/fr\/a-propos\/qui-sommes-nous\/#primaryimage"},"thumbnailUrl":"https:\/\/www.braintumour.ca\/wp-content\/uploads\/2022\/02\/Who-Are-We-Tile.jpg","datePublished":"2019-11-12T23:08:07+00:00","dateModified":"2024-05-27T13:52:04+00:00","description":"La Fondation canadienne des tumeurs c\u00e9r\u00e9brales est un organisme national canadien d\u00e9vou\u00e9 \u00e0 offrir de l\u2019espoir et du soutien aux personnes touch\u00e9es par une tumeur c\u00e9r\u00e9brale.","breadcrumb":{"@id":"https:\/\/www.braintumour.ca\/fr\/a-propos\/qui-sommes-nous\/#breadcrumb"},"inLanguage":"fr-CA","potentialAction":[{"@type":"ReadAction","target":["https:\/\/www.braintumour.ca\/fr\/a-propos\/qui-sommes-nous\/"]}]},{"@type":"ImageObject","inLanguage":"fr-CA","@id":"https:\/\/www.braintumour.ca\/fr\/a-propos\/qui-sommes-nous\/#primaryimage","url":"https:\/\/www.braintumour.ca\/wp-content\/uploads\/2022\/02\/Who-Are-We-Tile.jpg","contentUrl":"https:\/\/www.braintumour.ca\/wp-content\/uploads\/2022\/02\/Who-Are-We-Tile.jpg","width":899,"height":480},{"@type":"BreadcrumbList","@id":"https:\/\/www.braintumour.ca\/fr\/a-propos\/qui-sommes-nous\/#breadcrumb","itemListElement":[{"@type":"ListItem","position":1,"name":"Home","item":"https:\/\/www.braintumour.ca\/fr\/"},{"@type":"ListItem","position":2,"name":"\u00c0 propos","item":"https:\/\/www.braintumour.ca\/fr\/a-propos\/"},{"@type":"ListItem","position":3,"name":"Qui sommes-nous?"}]},{"@type":"WebSite","@id":"https:\/\/www.braintumour.ca\/fr\/#website","url":"https:\/\/www.braintumour.ca\/fr\/","name":"Fondation canadienne des tumeurs c\u00e9r\u00e9brales","description":"Notre mission est de venir en aide \u00e0 toutes les personnes touch\u00e9es par une tumeur c\u00e9r\u00e9brale au Canada par le biais de nos programmes d\u2019information, de soutien, d\u2019\u00e9ducation et de recherche.","potentialAction":[{"@type":"SearchAction","target":{"@type":"EntryPoint","urlTemplate":"https:\/\/www.braintumour.ca\/fr\/?s={search_term_string}"},"query-input":{"@type":"PropertyValueSpecification","valueRequired":true,"valueName":"search_term_string"}}],"inLanguage":"fr-CA"}]}},"_links":{"self":[{"href":"https:\/\/www.braintumour.ca\/fr\/wp-json\/wp\/v2\/pages\/2282","targetHints":{"allow":["GET"]}}],"collection":[{"href":"https:\/\/www.braintumour.ca\/fr\/wp-json\/wp\/v2\/pages"}],"about":[{"href":"https:\/\/www.braintumour.ca\/fr\/wp-json\/wp\/v2\/types\/page"}],"author":[{"embeddable":true,"href":"https:\/\/www.braintumour.ca\/fr\/wp-json\/wp\/v2\/users\/6"}],"replies":[{"embeddable":true,"href":"https:\/\/www.braintumour.ca\/fr\/wp-json\/wp\/v2\/comments?post=2282"}],"version-history":[{"count":0,"href":"https:\/\/www.braintumour.ca\/fr\/wp-json\/wp\/v2\/pages\/2282\/revisions"}],"up":[{"embeddable":true,"href":"https:\/\/www.braintumour.ca\/fr\/wp-json\/wp\/v2\/pages\/2279"}],"wp:featuredmedia":[{"embeddable":true,"href":"https:\/\/www.braintumour.ca\/fr\/wp-json\/wp\/v2\/media\/8574"}],"wp:attachment":[{"href":"https:\/\/www.braintumour.ca\/fr\/wp-json\/wp\/v2\/media?parent=2282"}],"wp:term":[{"taxonomy":"user_type","embeddable":true,"href":"https:\/\/www.braintumour.ca\/fr\/wp-json\/wp\/v2\/user_type?post=2282"}],"curies":[{"name":"wp","href":"https:\/\/api.w.org\/{rel}","templated":true}]}}