{"id":2344,"date":"2019-11-13T16:52:18","date_gmt":"2019-11-13T21:52:18","guid":{"rendered":"https:\/\/braintumour.ca\/?page_id=2344"},"modified":"2025-05-06T09:00:04","modified_gmt":"2025-05-06T13:00:04","slug":"soutien-pediatrique-et-familial","status":"publish","type":"page","link":"https:\/\/www.braintumour.ca\/fr\/soutien\/soutien-pediatrique-et-familial\/","title":{"rendered":"Soutien p\u00e9diatrique et familial"},"content":{"rendered":"<h5>Soutien et information pour les enfants et les familles afin de leur permettre de mieux comprendre la maladie.<\/h5>\n","protected":false},"excerpt":{"rendered":"<p>Soutien et information pour les enfants et les familles afin de leur permettre de mieux comprendre la maladie.<\/p>\n","protected":false},"author":6,"featured_media":7114,"parent":2325,"menu_order":2,"comment_status":"closed","ping_status":"closed","template":"","meta":{"_acf_changed":false,"footnotes":""},"user_type":[133,132],"class_list":["post-2344","page","type-page","status-publish","has-post-thumbnail","hentry","user_type-patient-fr","user_type-proche-aidant"],"acf":[],"yoast_head":"<!-- This site is optimized with the Yoast SEO Premium plugin v27.0 (Yoast SEO v27.0) - https:\/\/yoast.com\/product\/yoast-seo-premium-wordpress\/ -->\n<title>Soutien p\u00e9diatrique et familial - Fondation canadienne des tumeurs c\u00e9r\u00e9brales<\/title>\n<meta name=\"description\" content=\"Nous offrons des services de soutien et d&#039;information ainsi que divers outils pour aider les enfants et les autres membres de la famille \u00e0 mieux comprendre la maladie.\" \/>\n<meta name=\"robots\" content=\"index, follow, max-snippet:-1, max-image-preview:large, max-video-preview:-1\" \/>\n<link rel=\"canonical\" href=\"https:\/\/www.braintumour.ca\/fr\/soutien\/soutien-pediatrique-et-familial\/\" \/>\n<meta property=\"og:locale\" content=\"fr_CA\" \/>\n<meta property=\"og:type\" content=\"article\" \/>\n<meta property=\"og:title\" content=\"Soutien p\u00e9diatrique et familial\" \/>\n<meta property=\"og:description\" content=\"Nous offrons des services de soutien et d&#039;information ainsi que divers outils pour aider les enfants et les autres membres de la famille \u00e0 mieux comprendre la maladie.\" \/>\n<meta property=\"og:url\" content=\"https:\/\/www.braintumour.ca\/fr\/soutien\/soutien-pediatrique-et-familial\/\" \/>\n<meta property=\"og:site_name\" content=\"Fondation canadienne des tumeurs c\u00e9r\u00e9brales\" \/>\n<meta property=\"article:modified_time\" content=\"2025-05-06T13:00:04+00:00\" \/>\n<meta property=\"og:image\" content=\"https:\/\/www.braintumour.ca\/wp-content\/uploads\/2021\/04\/7a.jpg\" \/>\n\t<meta property=\"og:image:width\" content=\"2048\" \/>\n\t<meta property=\"og:image:height\" content=\"1536\" \/>\n\t<meta property=\"og:image:type\" content=\"image\/jpeg\" \/>\n<meta name=\"twitter:card\" content=\"summary_large_image\" \/>\n<meta name=\"twitter:label1\" content=\"Estimation du temps de lecture\" \/>\n\t<meta name=\"twitter:data1\" content=\"8 minutes\" \/>\n<script type=\"application\/ld+json\" class=\"yoast-schema-graph\">{\"@context\":\"https:\/\/schema.org\",\"@graph\":[{\"@type\":\"WebPage\",\"@id\":\"https:\/\/www.braintumour.ca\/fr\/soutien\/soutien-pediatrique-et-familial\/\",\"url\":\"https:\/\/www.braintumour.ca\/fr\/soutien\/soutien-pediatrique-et-familial\/\",\"name\":\"Soutien p\u00e9diatrique et familial - Fondation canadienne des tumeurs c\u00e9r\u00e9brales\",\"isPartOf\":{\"@id\":\"https:\/\/www.braintumour.ca\/fr\/#website\"},\"primaryImageOfPage\":{\"@id\":\"https:\/\/www.braintumour.ca\/fr\/soutien\/soutien-pediatrique-et-familial\/#primaryimage\"},\"image\":{\"@id\":\"https:\/\/www.braintumour.ca\/fr\/soutien\/soutien-pediatrique-et-familial\/#primaryimage\"},\"thumbnailUrl\":\"https:\/\/www.braintumour.ca\/wp-content\/uploads\/2021\/04\/7a.jpg\",\"datePublished\":\"2019-11-13T21:52:18+00:00\",\"dateModified\":\"2025-05-06T13:00:04+00:00\",\"description\":\"Nous offrons des services de soutien et d'information ainsi que divers outils pour aider les enfants et les autres membres de la famille \u00e0 mieux comprendre la maladie.\",\"breadcrumb\":{\"@id\":\"https:\/\/www.braintumour.ca\/fr\/soutien\/soutien-pediatrique-et-familial\/#breadcrumb\"},\"inLanguage\":\"fr-CA\",\"potentialAction\":[{\"@type\":\"ReadAction\",\"target\":[\"https:\/\/www.braintumour.ca\/fr\/soutien\/soutien-pediatrique-et-familial\/\"]}]},{\"@type\":\"ImageObject\",\"inLanguage\":\"fr-CA\",\"@id\":\"https:\/\/www.braintumour.ca\/fr\/soutien\/soutien-pediatrique-et-familial\/#primaryimage\",\"url\":\"https:\/\/www.braintumour.ca\/wp-content\/uploads\/2021\/04\/7a.jpg\",\"contentUrl\":\"https:\/\/www.braintumour.ca\/wp-content\/uploads\/2021\/04\/7a.jpg\",\"width\":2048,\"height\":1536},{\"@type\":\"BreadcrumbList\",\"@id\":\"https:\/\/www.braintumour.ca\/fr\/soutien\/soutien-pediatrique-et-familial\/#breadcrumb\",\"itemListElement\":[{\"@type\":\"ListItem\",\"position\":1,\"name\":\"Home\",\"item\":\"https:\/\/www.braintumour.ca\/fr\/\"},{\"@type\":\"ListItem\",\"position\":2,\"name\":\"Soins et soutien\",\"item\":\"https:\/\/www.braintumour.ca\/fr\/soutien\/\"},{\"@type\":\"ListItem\",\"position\":3,\"name\":\"Soutien p\u00e9diatrique et familial\"}]},{\"@type\":\"WebSite\",\"@id\":\"https:\/\/www.braintumour.ca\/fr\/#website\",\"url\":\"https:\/\/www.braintumour.ca\/fr\/\",\"name\":\"Fondation canadienne des tumeurs c\u00e9r\u00e9brales\",\"description\":\"Notre mission est de venir en aide \u00e0 toutes les personnes touch\u00e9es par une tumeur c\u00e9r\u00e9brale au Canada par le biais de nos programmes d\u2019information, de soutien, d\u2019\u00e9ducation et de recherche.\",\"potentialAction\":[{\"@type\":\"SearchAction\",\"target\":{\"@type\":\"EntryPoint\",\"urlTemplate\":\"https:\/\/www.braintumour.ca\/fr\/?s={search_term_string}\"},\"query-input\":{\"@type\":\"PropertyValueSpecification\",\"valueRequired\":true,\"valueName\":\"search_term_string\"}}],\"inLanguage\":\"fr-CA\"}]}<\/script>\n<!-- \/ Yoast SEO Premium plugin. -->","yoast_head_json":{"title":"Soutien p\u00e9diatrique et familial - Fondation canadienne des tumeurs c\u00e9r\u00e9brales","description":"Nous offrons des services de soutien et d'information ainsi que divers outils pour aider les enfants et les autres membres de la famille \u00e0 mieux comprendre la maladie.","robots":{"index":"index","follow":"follow","max-snippet":"max-snippet:-1","max-image-preview":"max-image-preview:large","max-video-preview":"max-video-preview:-1"},"canonical":"https:\/\/www.braintumour.ca\/fr\/soutien\/soutien-pediatrique-et-familial\/","og_locale":"fr_CA","og_type":"article","og_title":"Soutien p\u00e9diatrique et familial","og_description":"Nous offrons des services de soutien et d'information ainsi que divers outils pour aider les enfants et les autres membres de la famille \u00e0 mieux comprendre la maladie.","og_url":"https:\/\/www.braintumour.ca\/fr\/soutien\/soutien-pediatrique-et-familial\/","og_site_name":"Fondation canadienne des tumeurs c\u00e9r\u00e9brales","article_modified_time":"2025-05-06T13:00:04+00:00","og_image":[{"width":2048,"height":1536,"url":"https:\/\/www.braintumour.ca\/wp-content\/uploads\/2021\/04\/7a.jpg","type":"image\/jpeg"}],"twitter_card":"summary_large_image","twitter_misc":{"Estimation du temps de lecture":"8 minutes"},"schema":{"@context":"https:\/\/schema.org","@graph":[{"@type":"WebPage","@id":"https:\/\/www.braintumour.ca\/fr\/soutien\/soutien-pediatrique-et-familial\/","url":"https:\/\/www.braintumour.ca\/fr\/soutien\/soutien-pediatrique-et-familial\/","name":"Soutien p\u00e9diatrique et familial - Fondation canadienne des tumeurs c\u00e9r\u00e9brales","isPartOf":{"@id":"https:\/\/www.braintumour.ca\/fr\/#website"},"primaryImageOfPage":{"@id":"https:\/\/www.braintumour.ca\/fr\/soutien\/soutien-pediatrique-et-familial\/#primaryimage"},"image":{"@id":"https:\/\/www.braintumour.ca\/fr\/soutien\/soutien-pediatrique-et-familial\/#primaryimage"},"thumbnailUrl":"https:\/\/www.braintumour.ca\/wp-content\/uploads\/2021\/04\/7a.jpg","datePublished":"2019-11-13T21:52:18+00:00","dateModified":"2025-05-06T13:00:04+00:00","description":"Nous offrons des services de soutien et d'information ainsi que divers outils pour aider les enfants et les autres membres de la famille \u00e0 mieux comprendre la maladie.","breadcrumb":{"@id":"https:\/\/www.braintumour.ca\/fr\/soutien\/soutien-pediatrique-et-familial\/#breadcrumb"},"inLanguage":"fr-CA","potentialAction":[{"@type":"ReadAction","target":["https:\/\/www.braintumour.ca\/fr\/soutien\/soutien-pediatrique-et-familial\/"]}]},{"@type":"ImageObject","inLanguage":"fr-CA","@id":"https:\/\/www.braintumour.ca\/fr\/soutien\/soutien-pediatrique-et-familial\/#primaryimage","url":"https:\/\/www.braintumour.ca\/wp-content\/uploads\/2021\/04\/7a.jpg","contentUrl":"https:\/\/www.braintumour.ca\/wp-content\/uploads\/2021\/04\/7a.jpg","width":2048,"height":1536},{"@type":"BreadcrumbList","@id":"https:\/\/www.braintumour.ca\/fr\/soutien\/soutien-pediatrique-et-familial\/#breadcrumb","itemListElement":[{"@type":"ListItem","position":1,"name":"Home","item":"https:\/\/www.braintumour.ca\/fr\/"},{"@type":"ListItem","position":2,"name":"Soins et soutien","item":"https:\/\/www.braintumour.ca\/fr\/soutien\/"},{"@type":"ListItem","position":3,"name":"Soutien p\u00e9diatrique et familial"}]},{"@type":"WebSite","@id":"https:\/\/www.braintumour.ca\/fr\/#website","url":"https:\/\/www.braintumour.ca\/fr\/","name":"Fondation canadienne des tumeurs c\u00e9r\u00e9brales","description":"Notre mission est de venir en aide \u00e0 toutes les personnes touch\u00e9es par une tumeur c\u00e9r\u00e9brale au Canada par le biais de nos programmes d\u2019information, de soutien, d\u2019\u00e9ducation et de recherche.","potentialAction":[{"@type":"SearchAction","target":{"@type":"EntryPoint","urlTemplate":"https:\/\/www.braintumour.ca\/fr\/?s={search_term_string}"},"query-input":{"@type":"PropertyValueSpecification","valueRequired":true,"valueName":"search_term_string"}}],"inLanguage":"fr-CA"}]}},"_links":{"self":[{"href":"https:\/\/www.braintumour.ca\/fr\/wp-json\/wp\/v2\/pages\/2344","targetHints":{"allow":["GET"]}}],"collection":[{"href":"https:\/\/www.braintumour.ca\/fr\/wp-json\/wp\/v2\/pages"}],"about":[{"href":"https:\/\/www.braintumour.ca\/fr\/wp-json\/wp\/v2\/types\/page"}],"author":[{"embeddable":true,"href":"https:\/\/www.braintumour.ca\/fr\/wp-json\/wp\/v2\/users\/6"}],"replies":[{"embeddable":true,"href":"https:\/\/www.braintumour.ca\/fr\/wp-json\/wp\/v2\/comments?post=2344"}],"version-history":[{"count":0,"href":"https:\/\/www.braintumour.ca\/fr\/wp-json\/wp\/v2\/pages\/2344\/revisions"}],"up":[{"embeddable":true,"href":"https:\/\/www.braintumour.ca\/fr\/wp-json\/wp\/v2\/pages\/2325"}],"wp:featuredmedia":[{"embeddable":true,"href":"https:\/\/www.braintumour.ca\/fr\/wp-json\/wp\/v2\/media\/7114"}],"wp:attachment":[{"href":"https:\/\/www.braintumour.ca\/fr\/wp-json\/wp\/v2\/media?parent=2344"}],"wp:term":[{"taxonomy":"user_type","embeddable":true,"href":"https:\/\/www.braintumour.ca\/fr\/wp-json\/wp\/v2\/user_type?post=2344"}],"curies":[{"name":"wp","href":"https:\/\/api.w.org\/{rel}","templated":true}]}}