{"id":2454,"date":"2019-11-19T09:27:14","date_gmt":"2019-11-19T14:27:14","guid":{"rendered":"https:\/\/braintumour.ca\/?page_id=2454"},"modified":"2024-10-18T13:45:29","modified_gmt":"2024-10-18T17:45:29","slug":"le-coin-des-proches-aidants","status":"publish","type":"page","link":"https:\/\/www.braintumour.ca\/fr\/soutien\/le-coin-des-proches-aidants\/","title":{"rendered":"Le coin des proches aidants"},"content":{"rendered":"<h5>Les proches aidants qui prennent soin d\u2019une personne atteinte d\u2019une tumeur c\u00e9r\u00e9brale vivent souvent un niveau de stress \u00e9lev\u00e9.<\/h5>\n","protected":false},"excerpt":{"rendered":"<p>Les proches aidants qui prennent soin d\u2019une personne atteinte d\u2019une tumeur c\u00e9r\u00e9brale vivent souvent un niveau de stress \u00e9lev\u00e9.<\/p>\n","protected":false},"author":6,"featured_media":692,"parent":2325,"menu_order":3,"comment_status":"closed","ping_status":"closed","template":"","meta":{"_acf_changed":false,"footnotes":""},"user_type":[132],"class_list":["post-2454","page","type-page","status-publish","has-post-thumbnail","hentry","user_type-proche-aidant"],"acf":[],"yoast_head":"<!-- This site is optimized with the Yoast SEO Premium plugin v27.0 (Yoast SEO v27.0) - https:\/\/yoast.com\/product\/yoast-seo-premium-wordpress\/ -->\n<title>Le coin des proches aidants - Fondation canadienne des tumeurs c\u00e9r\u00e9brales<\/title>\n<meta name=\"description\" content=\"S\u2019occuper d\u2019un \u00eatre cher touch\u00e9 par une tumeur c\u00e9r\u00e9brale est un acte d\u2019amour qui peut se r\u00e9v\u00e9ler extr\u00eamement difficile, mais \u00e9galement \u00eatre tr\u00e8s gratifiant.\" \/>\n<meta name=\"robots\" content=\"index, follow, max-snippet:-1, max-image-preview:large, max-video-preview:-1\" \/>\n<link rel=\"canonical\" href=\"https:\/\/www.braintumour.ca\/fr\/soutien\/le-coin-des-proches-aidants\/\" \/>\n<meta property=\"og:locale\" content=\"fr_CA\" \/>\n<meta property=\"og:type\" content=\"article\" \/>\n<meta property=\"og:title\" content=\"Le coin des proches aidants\" \/>\n<meta property=\"og:description\" content=\"S\u2019occuper d\u2019un \u00eatre cher touch\u00e9 par une tumeur c\u00e9r\u00e9brale est un acte d\u2019amour qui peut se r\u00e9v\u00e9ler extr\u00eamement difficile, mais \u00e9galement \u00eatre tr\u00e8s gratifiant.\" \/>\n<meta property=\"og:url\" content=\"https:\/\/www.braintumour.ca\/fr\/soutien\/le-coin-des-proches-aidants\/\" \/>\n<meta property=\"og:site_name\" content=\"Fondation canadienne des tumeurs c\u00e9r\u00e9brales\" \/>\n<meta property=\"article:modified_time\" content=\"2024-10-18T17:45:29+00:00\" \/>\n<meta property=\"og:image\" content=\"https:\/\/www.braintumour.ca\/wp-content\/uploads\/2019\/09\/wheelchair-1629490_1920.jpg\" \/>\n\t<meta property=\"og:image:width\" content=\"1920\" \/>\n\t<meta property=\"og:image:height\" content=\"1347\" \/>\n\t<meta property=\"og:image:type\" content=\"image\/jpeg\" \/>\n<meta name=\"twitter:card\" content=\"summary_large_image\" \/>\n<meta name=\"twitter:label1\" content=\"Estimation du temps de lecture\" \/>\n\t<meta name=\"twitter:data1\" content=\"13 minutes\" \/>\n<script type=\"application\/ld+json\" class=\"yoast-schema-graph\">{\"@context\":\"https:\/\/schema.org\",\"@graph\":[{\"@type\":\"WebPage\",\"@id\":\"https:\/\/www.braintumour.ca\/fr\/soutien\/le-coin-des-proches-aidants\/\",\"url\":\"https:\/\/www.braintumour.ca\/fr\/soutien\/le-coin-des-proches-aidants\/\",\"name\":\"Le coin des proches aidants - Fondation canadienne des tumeurs c\u00e9r\u00e9brales\",\"isPartOf\":{\"@id\":\"https:\/\/www.braintumour.ca\/fr\/#website\"},\"primaryImageOfPage\":{\"@id\":\"https:\/\/www.braintumour.ca\/fr\/soutien\/le-coin-des-proches-aidants\/#primaryimage\"},\"image\":{\"@id\":\"https:\/\/www.braintumour.ca\/fr\/soutien\/le-coin-des-proches-aidants\/#primaryimage\"},\"thumbnailUrl\":\"https:\/\/www.braintumour.ca\/wp-content\/uploads\/2019\/09\/wheelchair-1629490_1920.jpg\",\"datePublished\":\"2019-11-19T14:27:14+00:00\",\"dateModified\":\"2024-10-18T17:45:29+00:00\",\"description\":\"S\u2019occuper d\u2019un \u00eatre cher touch\u00e9 par une tumeur c\u00e9r\u00e9brale est un acte d\u2019amour qui peut se r\u00e9v\u00e9ler extr\u00eamement difficile, mais \u00e9galement \u00eatre tr\u00e8s gratifiant.\",\"breadcrumb\":{\"@id\":\"https:\/\/www.braintumour.ca\/fr\/soutien\/le-coin-des-proches-aidants\/#breadcrumb\"},\"inLanguage\":\"fr-CA\",\"potentialAction\":[{\"@type\":\"ReadAction\",\"target\":[\"https:\/\/www.braintumour.ca\/fr\/soutien\/le-coin-des-proches-aidants\/\"]}]},{\"@type\":\"ImageObject\",\"inLanguage\":\"fr-CA\",\"@id\":\"https:\/\/www.braintumour.ca\/fr\/soutien\/le-coin-des-proches-aidants\/#primaryimage\",\"url\":\"https:\/\/www.braintumour.ca\/wp-content\/uploads\/2019\/09\/wheelchair-1629490_1920.jpg\",\"contentUrl\":\"https:\/\/www.braintumour.ca\/wp-content\/uploads\/2019\/09\/wheelchair-1629490_1920.jpg\",\"width\":1920,\"height\":1347,\"caption\":\"Caregiver and patient\"},{\"@type\":\"BreadcrumbList\",\"@id\":\"https:\/\/www.braintumour.ca\/fr\/soutien\/le-coin-des-proches-aidants\/#breadcrumb\",\"itemListElement\":[{\"@type\":\"ListItem\",\"position\":1,\"name\":\"Home\",\"item\":\"https:\/\/www.braintumour.ca\/fr\/\"},{\"@type\":\"ListItem\",\"position\":2,\"name\":\"Soins et soutien\",\"item\":\"https:\/\/www.braintumour.ca\/fr\/soutien\/\"},{\"@type\":\"ListItem\",\"position\":3,\"name\":\"Le coin des proches aidants\"}]},{\"@type\":\"WebSite\",\"@id\":\"https:\/\/www.braintumour.ca\/fr\/#website\",\"url\":\"https:\/\/www.braintumour.ca\/fr\/\",\"name\":\"Fondation canadienne des tumeurs c\u00e9r\u00e9brales\",\"description\":\"Notre mission est de venir en aide \u00e0 toutes les personnes touch\u00e9es par une tumeur c\u00e9r\u00e9brale au Canada par le biais de nos programmes d\u2019information, de soutien, d\u2019\u00e9ducation et de recherche.\",\"potentialAction\":[{\"@type\":\"SearchAction\",\"target\":{\"@type\":\"EntryPoint\",\"urlTemplate\":\"https:\/\/www.braintumour.ca\/fr\/?s={search_term_string}\"},\"query-input\":{\"@type\":\"PropertyValueSpecification\",\"valueRequired\":true,\"valueName\":\"search_term_string\"}}],\"inLanguage\":\"fr-CA\"}]}<\/script>\n<!-- \/ Yoast SEO Premium plugin. -->","yoast_head_json":{"title":"Le coin des proches aidants - Fondation canadienne des tumeurs c\u00e9r\u00e9brales","description":"S\u2019occuper d\u2019un \u00eatre cher touch\u00e9 par une tumeur c\u00e9r\u00e9brale est un acte d\u2019amour qui peut se r\u00e9v\u00e9ler extr\u00eamement difficile, mais \u00e9galement \u00eatre tr\u00e8s gratifiant.","robots":{"index":"index","follow":"follow","max-snippet":"max-snippet:-1","max-image-preview":"max-image-preview:large","max-video-preview":"max-video-preview:-1"},"canonical":"https:\/\/www.braintumour.ca\/fr\/soutien\/le-coin-des-proches-aidants\/","og_locale":"fr_CA","og_type":"article","og_title":"Le coin des proches aidants","og_description":"S\u2019occuper d\u2019un \u00eatre cher touch\u00e9 par une tumeur c\u00e9r\u00e9brale est un acte d\u2019amour qui peut se r\u00e9v\u00e9ler extr\u00eamement difficile, mais \u00e9galement \u00eatre tr\u00e8s gratifiant.","og_url":"https:\/\/www.braintumour.ca\/fr\/soutien\/le-coin-des-proches-aidants\/","og_site_name":"Fondation canadienne des tumeurs c\u00e9r\u00e9brales","article_modified_time":"2024-10-18T17:45:29+00:00","og_image":[{"width":1920,"height":1347,"url":"https:\/\/www.braintumour.ca\/wp-content\/uploads\/2019\/09\/wheelchair-1629490_1920.jpg","type":"image\/jpeg"}],"twitter_card":"summary_large_image","twitter_misc":{"Estimation du temps de lecture":"13 minutes"},"schema":{"@context":"https:\/\/schema.org","@graph":[{"@type":"WebPage","@id":"https:\/\/www.braintumour.ca\/fr\/soutien\/le-coin-des-proches-aidants\/","url":"https:\/\/www.braintumour.ca\/fr\/soutien\/le-coin-des-proches-aidants\/","name":"Le coin des proches aidants - Fondation canadienne des tumeurs c\u00e9r\u00e9brales","isPartOf":{"@id":"https:\/\/www.braintumour.ca\/fr\/#website"},"primaryImageOfPage":{"@id":"https:\/\/www.braintumour.ca\/fr\/soutien\/le-coin-des-proches-aidants\/#primaryimage"},"image":{"@id":"https:\/\/www.braintumour.ca\/fr\/soutien\/le-coin-des-proches-aidants\/#primaryimage"},"thumbnailUrl":"https:\/\/www.braintumour.ca\/wp-content\/uploads\/2019\/09\/wheelchair-1629490_1920.jpg","datePublished":"2019-11-19T14:27:14+00:00","dateModified":"2024-10-18T17:45:29+00:00","description":"S\u2019occuper d\u2019un \u00eatre cher touch\u00e9 par une tumeur c\u00e9r\u00e9brale est un acte d\u2019amour qui peut se r\u00e9v\u00e9ler extr\u00eamement difficile, mais \u00e9galement \u00eatre tr\u00e8s gratifiant.","breadcrumb":{"@id":"https:\/\/www.braintumour.ca\/fr\/soutien\/le-coin-des-proches-aidants\/#breadcrumb"},"inLanguage":"fr-CA","potentialAction":[{"@type":"ReadAction","target":["https:\/\/www.braintumour.ca\/fr\/soutien\/le-coin-des-proches-aidants\/"]}]},{"@type":"ImageObject","inLanguage":"fr-CA","@id":"https:\/\/www.braintumour.ca\/fr\/soutien\/le-coin-des-proches-aidants\/#primaryimage","url":"https:\/\/www.braintumour.ca\/wp-content\/uploads\/2019\/09\/wheelchair-1629490_1920.jpg","contentUrl":"https:\/\/www.braintumour.ca\/wp-content\/uploads\/2019\/09\/wheelchair-1629490_1920.jpg","width":1920,"height":1347,"caption":"Caregiver and patient"},{"@type":"BreadcrumbList","@id":"https:\/\/www.braintumour.ca\/fr\/soutien\/le-coin-des-proches-aidants\/#breadcrumb","itemListElement":[{"@type":"ListItem","position":1,"name":"Home","item":"https:\/\/www.braintumour.ca\/fr\/"},{"@type":"ListItem","position":2,"name":"Soins et soutien","item":"https:\/\/www.braintumour.ca\/fr\/soutien\/"},{"@type":"ListItem","position":3,"name":"Le coin des proches aidants"}]},{"@type":"WebSite","@id":"https:\/\/www.braintumour.ca\/fr\/#website","url":"https:\/\/www.braintumour.ca\/fr\/","name":"Fondation canadienne des tumeurs c\u00e9r\u00e9brales","description":"Notre mission est de venir en aide \u00e0 toutes les personnes touch\u00e9es par une tumeur c\u00e9r\u00e9brale au Canada par le biais de nos programmes d\u2019information, de soutien, d\u2019\u00e9ducation et de recherche.","potentialAction":[{"@type":"SearchAction","target":{"@type":"EntryPoint","urlTemplate":"https:\/\/www.braintumour.ca\/fr\/?s={search_term_string}"},"query-input":{"@type":"PropertyValueSpecification","valueRequired":true,"valueName":"search_term_string"}}],"inLanguage":"fr-CA"}]}},"_links":{"self":[{"href":"https:\/\/www.braintumour.ca\/fr\/wp-json\/wp\/v2\/pages\/2454","targetHints":{"allow":["GET"]}}],"collection":[{"href":"https:\/\/www.braintumour.ca\/fr\/wp-json\/wp\/v2\/pages"}],"about":[{"href":"https:\/\/www.braintumour.ca\/fr\/wp-json\/wp\/v2\/types\/page"}],"author":[{"embeddable":true,"href":"https:\/\/www.braintumour.ca\/fr\/wp-json\/wp\/v2\/users\/6"}],"replies":[{"embeddable":true,"href":"https:\/\/www.braintumour.ca\/fr\/wp-json\/wp\/v2\/comments?post=2454"}],"version-history":[{"count":0,"href":"https:\/\/www.braintumour.ca\/fr\/wp-json\/wp\/v2\/pages\/2454\/revisions"}],"up":[{"embeddable":true,"href":"https:\/\/www.braintumour.ca\/fr\/wp-json\/wp\/v2\/pages\/2325"}],"wp:featuredmedia":[{"embeddable":true,"href":"https:\/\/www.braintumour.ca\/fr\/wp-json\/wp\/v2\/media\/692"}],"wp:attachment":[{"href":"https:\/\/www.braintumour.ca\/fr\/wp-json\/wp\/v2\/media?parent=2454"}],"wp:term":[{"taxonomy":"user_type","embeddable":true,"href":"https:\/\/www.braintumour.ca\/fr\/wp-json\/wp\/v2\/user_type?post=2454"}],"curies":[{"name":"wp","href":"https:\/\/api.w.org\/{rel}","templated":true}]}}