{"id":2510,"date":"2019-11-19T16:27:40","date_gmt":"2019-11-19T21:27:40","guid":{"rendered":"https:\/\/braintumour.ca\/?page_id=2510"},"modified":"2024-02-27T16:32:39","modified_gmt":"2024-02-27T21:32:39","slug":"soutien-individuel","status":"publish","type":"page","link":"https:\/\/www.braintumour.ca\/fr\/soutien\/soutien-individuel\/","title":{"rendered":"Soutien individuel"},"content":{"rendered":"<h5>Acc\u00e9dez \u00e0 du soutien individuel par courriel ou par t\u00e9l\u00e9phone<\/h5>\n","protected":false},"excerpt":{"rendered":"<p>Acc\u00e9dez \u00e0 du soutien individuel par courriel ou par t\u00e9l\u00e9phone<\/p>\n","protected":false},"author":6,"featured_media":696,"parent":2325,"menu_order":4,"comment_status":"closed","ping_status":"closed","template":"","meta":{"_acf_changed":false,"footnotes":""},"user_type":[133,132],"class_list":["post-2510","page","type-page","status-publish","has-post-thumbnail","hentry","user_type-patient-fr","user_type-proche-aidant"],"acf":[],"yoast_head":"<!-- This site is optimized with the Yoast SEO Premium plugin v27.0 (Yoast SEO v27.0) - https:\/\/yoast.com\/product\/yoast-seo-premium-wordpress\/ -->\n<title>Soutien individuel - Fondation canadienne des tumeurs c\u00e9r\u00e9brales<\/title>\n<meta name=\"description\" content=\"Du soutien est offert par t\u00e9l\u00e9phone ou par courriel aux patients, aux proches aidants ou aux membres de la famille touch\u00e9s par une tumeur c\u00e9r\u00e9brale.\" \/>\n<meta name=\"robots\" content=\"index, follow, max-snippet:-1, max-image-preview:large, max-video-preview:-1\" \/>\n<link rel=\"canonical\" href=\"https:\/\/www.braintumour.ca\/fr\/soutien\/soutien-individuel\/\" \/>\n<meta property=\"og:locale\" content=\"fr_CA\" \/>\n<meta property=\"og:type\" content=\"article\" \/>\n<meta property=\"og:title\" content=\"Soutien individuel\" \/>\n<meta property=\"og:description\" content=\"Du soutien est offert par t\u00e9l\u00e9phone ou par courriel aux patients, aux proches aidants ou aux membres de la famille touch\u00e9s par une tumeur c\u00e9r\u00e9brale.\" \/>\n<meta property=\"og:url\" content=\"https:\/\/www.braintumour.ca\/fr\/soutien\/soutien-individuel\/\" \/>\n<meta property=\"og:site_name\" content=\"Fondation canadienne des tumeurs c\u00e9r\u00e9brales\" \/>\n<meta property=\"article:modified_time\" content=\"2024-02-27T21:32:39+00:00\" \/>\n<meta property=\"og:image\" content=\"https:\/\/www.braintumour.ca\/wp-content\/uploads\/2019\/09\/break-2297835_1920.jpg\" \/>\n\t<meta property=\"og:image:width\" content=\"1920\" \/>\n\t<meta property=\"og:image:height\" content=\"1296\" \/>\n\t<meta property=\"og:image:type\" content=\"image\/jpeg\" \/>\n<meta name=\"twitter:card\" content=\"summary_large_image\" \/>\n<meta name=\"twitter:label1\" content=\"Estimation du temps de lecture\" \/>\n\t<meta name=\"twitter:data1\" content=\"2 minutes\" \/>\n<script type=\"application\/ld+json\" class=\"yoast-schema-graph\">{\"@context\":\"https:\/\/schema.org\",\"@graph\":[{\"@type\":\"WebPage\",\"@id\":\"https:\/\/www.braintumour.ca\/fr\/soutien\/soutien-individuel\/\",\"url\":\"https:\/\/www.braintumour.ca\/fr\/soutien\/soutien-individuel\/\",\"name\":\"Soutien individuel - Fondation canadienne des tumeurs c\u00e9r\u00e9brales\",\"isPartOf\":{\"@id\":\"https:\/\/www.braintumour.ca\/fr\/#website\"},\"primaryImageOfPage\":{\"@id\":\"https:\/\/www.braintumour.ca\/fr\/soutien\/soutien-individuel\/#primaryimage\"},\"image\":{\"@id\":\"https:\/\/www.braintumour.ca\/fr\/soutien\/soutien-individuel\/#primaryimage\"},\"thumbnailUrl\":\"https:\/\/www.braintumour.ca\/wp-content\/uploads\/2019\/09\/break-2297835_1920.jpg\",\"datePublished\":\"2019-11-19T21:27:40+00:00\",\"dateModified\":\"2024-02-27T21:32:39+00:00\",\"description\":\"Du soutien est offert par t\u00e9l\u00e9phone ou par courriel aux patients, aux proches aidants ou aux membres de la famille touch\u00e9s par une tumeur c\u00e9r\u00e9brale.\",\"breadcrumb\":{\"@id\":\"https:\/\/www.braintumour.ca\/fr\/soutien\/soutien-individuel\/#breadcrumb\"},\"inLanguage\":\"fr-CA\",\"potentialAction\":[{\"@type\":\"ReadAction\",\"target\":[\"https:\/\/www.braintumour.ca\/fr\/soutien\/soutien-individuel\/\"]}]},{\"@type\":\"ImageObject\",\"inLanguage\":\"fr-CA\",\"@id\":\"https:\/\/www.braintumour.ca\/fr\/soutien\/soutien-individuel\/#primaryimage\",\"url\":\"https:\/\/www.braintumour.ca\/wp-content\/uploads\/2019\/09\/break-2297835_1920.jpg\",\"contentUrl\":\"https:\/\/www.braintumour.ca\/wp-content\/uploads\/2019\/09\/break-2297835_1920.jpg\",\"width\":1920,\"height\":1296,\"caption\":\"One on One support\"},{\"@type\":\"BreadcrumbList\",\"@id\":\"https:\/\/www.braintumour.ca\/fr\/soutien\/soutien-individuel\/#breadcrumb\",\"itemListElement\":[{\"@type\":\"ListItem\",\"position\":1,\"name\":\"Home\",\"item\":\"https:\/\/www.braintumour.ca\/fr\/\"},{\"@type\":\"ListItem\",\"position\":2,\"name\":\"Soins et soutien\",\"item\":\"https:\/\/www.braintumour.ca\/fr\/soutien\/\"},{\"@type\":\"ListItem\",\"position\":3,\"name\":\"Soutien individuel\"}]},{\"@type\":\"WebSite\",\"@id\":\"https:\/\/www.braintumour.ca\/fr\/#website\",\"url\":\"https:\/\/www.braintumour.ca\/fr\/\",\"name\":\"Fondation canadienne des tumeurs c\u00e9r\u00e9brales\",\"description\":\"Notre mission est de venir en aide \u00e0 toutes les personnes touch\u00e9es par une tumeur c\u00e9r\u00e9brale au Canada par le biais de nos programmes d\u2019information, de soutien, d\u2019\u00e9ducation et de recherche.\",\"potentialAction\":[{\"@type\":\"SearchAction\",\"target\":{\"@type\":\"EntryPoint\",\"urlTemplate\":\"https:\/\/www.braintumour.ca\/fr\/?s={search_term_string}\"},\"query-input\":{\"@type\":\"PropertyValueSpecification\",\"valueRequired\":true,\"valueName\":\"search_term_string\"}}],\"inLanguage\":\"fr-CA\"}]}<\/script>\n<!-- \/ Yoast SEO Premium plugin. -->","yoast_head_json":{"title":"Soutien individuel - Fondation canadienne des tumeurs c\u00e9r\u00e9brales","description":"Du soutien est offert par t\u00e9l\u00e9phone ou par courriel aux patients, aux proches aidants ou aux membres de la famille touch\u00e9s par une tumeur c\u00e9r\u00e9brale.","robots":{"index":"index","follow":"follow","max-snippet":"max-snippet:-1","max-image-preview":"max-image-preview:large","max-video-preview":"max-video-preview:-1"},"canonical":"https:\/\/www.braintumour.ca\/fr\/soutien\/soutien-individuel\/","og_locale":"fr_CA","og_type":"article","og_title":"Soutien individuel","og_description":"Du soutien est offert par t\u00e9l\u00e9phone ou par courriel aux patients, aux proches aidants ou aux membres de la famille touch\u00e9s par une tumeur c\u00e9r\u00e9brale.","og_url":"https:\/\/www.braintumour.ca\/fr\/soutien\/soutien-individuel\/","og_site_name":"Fondation canadienne des tumeurs c\u00e9r\u00e9brales","article_modified_time":"2024-02-27T21:32:39+00:00","og_image":[{"width":1920,"height":1296,"url":"https:\/\/www.braintumour.ca\/wp-content\/uploads\/2019\/09\/break-2297835_1920.jpg","type":"image\/jpeg"}],"twitter_card":"summary_large_image","twitter_misc":{"Estimation du temps de lecture":"2 minutes"},"schema":{"@context":"https:\/\/schema.org","@graph":[{"@type":"WebPage","@id":"https:\/\/www.braintumour.ca\/fr\/soutien\/soutien-individuel\/","url":"https:\/\/www.braintumour.ca\/fr\/soutien\/soutien-individuel\/","name":"Soutien individuel - Fondation canadienne des tumeurs c\u00e9r\u00e9brales","isPartOf":{"@id":"https:\/\/www.braintumour.ca\/fr\/#website"},"primaryImageOfPage":{"@id":"https:\/\/www.braintumour.ca\/fr\/soutien\/soutien-individuel\/#primaryimage"},"image":{"@id":"https:\/\/www.braintumour.ca\/fr\/soutien\/soutien-individuel\/#primaryimage"},"thumbnailUrl":"https:\/\/www.braintumour.ca\/wp-content\/uploads\/2019\/09\/break-2297835_1920.jpg","datePublished":"2019-11-19T21:27:40+00:00","dateModified":"2024-02-27T21:32:39+00:00","description":"Du soutien est offert par t\u00e9l\u00e9phone ou par courriel aux patients, aux proches aidants ou aux membres de la famille touch\u00e9s par une tumeur c\u00e9r\u00e9brale.","breadcrumb":{"@id":"https:\/\/www.braintumour.ca\/fr\/soutien\/soutien-individuel\/#breadcrumb"},"inLanguage":"fr-CA","potentialAction":[{"@type":"ReadAction","target":["https:\/\/www.braintumour.ca\/fr\/soutien\/soutien-individuel\/"]}]},{"@type":"ImageObject","inLanguage":"fr-CA","@id":"https:\/\/www.braintumour.ca\/fr\/soutien\/soutien-individuel\/#primaryimage","url":"https:\/\/www.braintumour.ca\/wp-content\/uploads\/2019\/09\/break-2297835_1920.jpg","contentUrl":"https:\/\/www.braintumour.ca\/wp-content\/uploads\/2019\/09\/break-2297835_1920.jpg","width":1920,"height":1296,"caption":"One on One support"},{"@type":"BreadcrumbList","@id":"https:\/\/www.braintumour.ca\/fr\/soutien\/soutien-individuel\/#breadcrumb","itemListElement":[{"@type":"ListItem","position":1,"name":"Home","item":"https:\/\/www.braintumour.ca\/fr\/"},{"@type":"ListItem","position":2,"name":"Soins et soutien","item":"https:\/\/www.braintumour.ca\/fr\/soutien\/"},{"@type":"ListItem","position":3,"name":"Soutien individuel"}]},{"@type":"WebSite","@id":"https:\/\/www.braintumour.ca\/fr\/#website","url":"https:\/\/www.braintumour.ca\/fr\/","name":"Fondation canadienne des tumeurs c\u00e9r\u00e9brales","description":"Notre mission est de venir en aide \u00e0 toutes les personnes touch\u00e9es par une tumeur c\u00e9r\u00e9brale au Canada par le biais de nos programmes d\u2019information, de soutien, d\u2019\u00e9ducation et de recherche.","potentialAction":[{"@type":"SearchAction","target":{"@type":"EntryPoint","urlTemplate":"https:\/\/www.braintumour.ca\/fr\/?s={search_term_string}"},"query-input":{"@type":"PropertyValueSpecification","valueRequired":true,"valueName":"search_term_string"}}],"inLanguage":"fr-CA"}]}},"_links":{"self":[{"href":"https:\/\/www.braintumour.ca\/fr\/wp-json\/wp\/v2\/pages\/2510","targetHints":{"allow":["GET"]}}],"collection":[{"href":"https:\/\/www.braintumour.ca\/fr\/wp-json\/wp\/v2\/pages"}],"about":[{"href":"https:\/\/www.braintumour.ca\/fr\/wp-json\/wp\/v2\/types\/page"}],"author":[{"embeddable":true,"href":"https:\/\/www.braintumour.ca\/fr\/wp-json\/wp\/v2\/users\/6"}],"replies":[{"embeddable":true,"href":"https:\/\/www.braintumour.ca\/fr\/wp-json\/wp\/v2\/comments?post=2510"}],"version-history":[{"count":0,"href":"https:\/\/www.braintumour.ca\/fr\/wp-json\/wp\/v2\/pages\/2510\/revisions"}],"up":[{"embeddable":true,"href":"https:\/\/www.braintumour.ca\/fr\/wp-json\/wp\/v2\/pages\/2325"}],"wp:featuredmedia":[{"embeddable":true,"href":"https:\/\/www.braintumour.ca\/fr\/wp-json\/wp\/v2\/media\/696"}],"wp:attachment":[{"href":"https:\/\/www.braintumour.ca\/fr\/wp-json\/wp\/v2\/media?parent=2510"}],"wp:term":[{"taxonomy":"user_type","embeddable":true,"href":"https:\/\/www.braintumour.ca\/fr\/wp-json\/wp\/v2\/user_type?post=2510"}],"curies":[{"name":"wp","href":"https:\/\/api.w.org\/{rel}","templated":true}]}}