{"id":2524,"date":"2019-11-19T23:34:28","date_gmt":"2019-11-20T04:34:28","guid":{"rendered":"https:\/\/braintumour.ca\/?page_id=2524"},"modified":"2022-03-09T14:04:20","modified_gmt":"2022-03-09T19:04:20","slug":"faire-face-a-une-tumeur-cerebrale","status":"publish","type":"page","link":"https:\/\/www.braintumour.ca\/fr\/faire-face-a-une-tumeur-cerebrale\/","title":{"rendered":"Faire face \u00e0 une tumeur c\u00e9r\u00e9brale"},"content":{"rendered":"<p>Si le diagnostic de tumeur c\u00e9r\u00e9brale a chang\u00e9 votre vie, nous sommes l\u00e0 pour vous aider. Les informations destin\u00e9es aux personnes touch\u00e9es par une tumeur c\u00e9r\u00e9brale (malignes et non malignes, primaires ou secondaires) sont disponibles gratuitement. Vous trouverez \u00e9galement sur ce site des informations utiles r\u00e9pondant \u00e0 des questions telles que: comment vivre avec une tumeur au cerveau, quels sont les signes et les sympt\u00f4mes et quels sont les diff\u00e9rents types de tumeurs c\u00e9r\u00e9brales?<\/p>\n","protected":false},"excerpt":{"rendered":"<p>Si le diagnostic de tumeur c\u00e9r\u00e9brale a chang\u00e9 votre vie, nous sommes l\u00e0 pour vous aider. Les informations destin\u00e9es aux [&hellip;]<\/p>\n","protected":false},"author":6,"featured_media":2525,"parent":0,"menu_order":44,"comment_status":"closed","ping_status":"closed","template":"page-templates\/parent--grid.php","meta":{"_acf_changed":false,"footnotes":""},"user_type":[133],"class_list":["post-2524","page","type-page","status-publish","has-post-thumbnail","hentry","user_type-patient-fr"],"acf":[],"yoast_head":"<!-- This site is optimized with the Yoast SEO Premium plugin v27.0 (Yoast SEO v27.0) - https:\/\/yoast.com\/product\/yoast-seo-premium-wordpress\/ -->\n<title>Faire face \u00e0 une tumeur c\u00e9r\u00e9brale - Fondation canadienne des tumeurs c\u00e9r\u00e9brales<\/title>\n<meta name=\"description\" content=\"Trouvez de l&#039;information au sujet des tumeurs c\u00e9r\u00e9brales malignes, non malignes, primaires ou secondaires gratuitement sur notre site internet.\" \/>\n<meta name=\"robots\" content=\"index, follow, max-snippet:-1, max-image-preview:large, max-video-preview:-1\" \/>\n<link rel=\"canonical\" href=\"https:\/\/www.braintumour.ca\/fr\/faire-face-a-une-tumeur-cerebrale\/\" \/>\n<meta property=\"og:locale\" content=\"fr_CA\" \/>\n<meta property=\"og:type\" content=\"article\" \/>\n<meta property=\"og:title\" content=\"Faire face \u00e0 une tumeur c\u00e9r\u00e9brale\" \/>\n<meta property=\"og:description\" content=\"Trouvez de l&#039;information au sujet des tumeurs c\u00e9r\u00e9brales malignes, non malignes, primaires ou secondaires gratuitement sur notre site internet.\" \/>\n<meta property=\"og:url\" content=\"https:\/\/www.braintumour.ca\/fr\/faire-face-a-une-tumeur-cerebrale\/\" \/>\n<meta property=\"og:site_name\" content=\"Fondation canadienne des tumeurs c\u00e9r\u00e9brales\" \/>\n<meta property=\"article:modified_time\" content=\"2022-03-09T19:04:20+00:00\" \/>\n<meta property=\"og:image\" content=\"https:\/\/www.braintumour.ca\/wp-content\/uploads\/2019\/07\/photo-1427348693976-99e4aca06bb9.jpeg\" \/>\n\t<meta property=\"og:image:width\" content=\"3000\" \/>\n\t<meta property=\"og:image:height\" content=\"2000\" \/>\n\t<meta property=\"og:image:type\" content=\"image\/jpeg\" \/>\n<meta name=\"twitter:card\" content=\"summary_large_image\" \/>\n<script type=\"application\/ld+json\" class=\"yoast-schema-graph\">{\"@context\":\"https:\/\/schema.org\",\"@graph\":[{\"@type\":\"WebPage\",\"@id\":\"https:\/\/www.braintumour.ca\/fr\/faire-face-a-une-tumeur-cerebrale\/\",\"url\":\"https:\/\/www.braintumour.ca\/fr\/faire-face-a-une-tumeur-cerebrale\/\",\"name\":\"Faire face \u00e0 une tumeur c\u00e9r\u00e9brale - Fondation canadienne des tumeurs c\u00e9r\u00e9brales\",\"isPartOf\":{\"@id\":\"https:\/\/www.braintumour.ca\/fr\/#website\"},\"primaryImageOfPage\":{\"@id\":\"https:\/\/www.braintumour.ca\/fr\/faire-face-a-une-tumeur-cerebrale\/#primaryimage\"},\"image\":{\"@id\":\"https:\/\/www.braintumour.ca\/fr\/faire-face-a-une-tumeur-cerebrale\/#primaryimage\"},\"thumbnailUrl\":\"https:\/\/www.braintumour.ca\/wp-content\/uploads\/2019\/07\/photo-1427348693976-99e4aca06bb9.jpeg\",\"datePublished\":\"2019-11-20T04:34:28+00:00\",\"dateModified\":\"2022-03-09T19:04:20+00:00\",\"description\":\"Trouvez de l'information au sujet des tumeurs c\u00e9r\u00e9brales malignes, non malignes, primaires ou secondaires gratuitement sur notre site internet.\",\"breadcrumb\":{\"@id\":\"https:\/\/www.braintumour.ca\/fr\/faire-face-a-une-tumeur-cerebrale\/#breadcrumb\"},\"inLanguage\":\"fr-CA\",\"potentialAction\":[{\"@type\":\"ReadAction\",\"target\":[\"https:\/\/www.braintumour.ca\/fr\/faire-face-a-une-tumeur-cerebrale\/\"]}]},{\"@type\":\"ImageObject\",\"inLanguage\":\"fr-CA\",\"@id\":\"https:\/\/www.braintumour.ca\/fr\/faire-face-a-une-tumeur-cerebrale\/#primaryimage\",\"url\":\"https:\/\/www.braintumour.ca\/wp-content\/uploads\/2019\/07\/photo-1427348693976-99e4aca06bb9.jpeg\",\"contentUrl\":\"https:\/\/www.braintumour.ca\/wp-content\/uploads\/2019\/07\/photo-1427348693976-99e4aca06bb9.jpeg\",\"width\":3000,\"height\":2000},{\"@type\":\"BreadcrumbList\",\"@id\":\"https:\/\/www.braintumour.ca\/fr\/faire-face-a-une-tumeur-cerebrale\/#breadcrumb\",\"itemListElement\":[{\"@type\":\"ListItem\",\"position\":1,\"name\":\"Home\",\"item\":\"https:\/\/www.braintumour.ca\/fr\/\"},{\"@type\":\"ListItem\",\"position\":2,\"name\":\"Faire face \u00e0 une tumeur c\u00e9r\u00e9brale\"}]},{\"@type\":\"WebSite\",\"@id\":\"https:\/\/www.braintumour.ca\/fr\/#website\",\"url\":\"https:\/\/www.braintumour.ca\/fr\/\",\"name\":\"Fondation canadienne des tumeurs c\u00e9r\u00e9brales\",\"description\":\"Notre mission est de venir en aide \u00e0 toutes les personnes touch\u00e9es par une tumeur c\u00e9r\u00e9brale au Canada par le biais de nos programmes d\u2019information, de soutien, d\u2019\u00e9ducation et de recherche.\",\"potentialAction\":[{\"@type\":\"SearchAction\",\"target\":{\"@type\":\"EntryPoint\",\"urlTemplate\":\"https:\/\/www.braintumour.ca\/fr\/?s={search_term_string}\"},\"query-input\":{\"@type\":\"PropertyValueSpecification\",\"valueRequired\":true,\"valueName\":\"search_term_string\"}}],\"inLanguage\":\"fr-CA\"}]}<\/script>\n<!-- \/ Yoast SEO Premium plugin. -->","yoast_head_json":{"title":"Faire face \u00e0 une tumeur c\u00e9r\u00e9brale - Fondation canadienne des tumeurs c\u00e9r\u00e9brales","description":"Trouvez de l'information au sujet des tumeurs c\u00e9r\u00e9brales malignes, non malignes, primaires ou secondaires gratuitement sur notre site internet.","robots":{"index":"index","follow":"follow","max-snippet":"max-snippet:-1","max-image-preview":"max-image-preview:large","max-video-preview":"max-video-preview:-1"},"canonical":"https:\/\/www.braintumour.ca\/fr\/faire-face-a-une-tumeur-cerebrale\/","og_locale":"fr_CA","og_type":"article","og_title":"Faire face \u00e0 une tumeur c\u00e9r\u00e9brale","og_description":"Trouvez de l'information au sujet des tumeurs c\u00e9r\u00e9brales malignes, non malignes, primaires ou secondaires gratuitement sur notre site internet.","og_url":"https:\/\/www.braintumour.ca\/fr\/faire-face-a-une-tumeur-cerebrale\/","og_site_name":"Fondation canadienne des tumeurs c\u00e9r\u00e9brales","article_modified_time":"2022-03-09T19:04:20+00:00","og_image":[{"width":3000,"height":2000,"url":"https:\/\/www.braintumour.ca\/wp-content\/uploads\/2019\/07\/photo-1427348693976-99e4aca06bb9.jpeg","type":"image\/jpeg"}],"twitter_card":"summary_large_image","schema":{"@context":"https:\/\/schema.org","@graph":[{"@type":"WebPage","@id":"https:\/\/www.braintumour.ca\/fr\/faire-face-a-une-tumeur-cerebrale\/","url":"https:\/\/www.braintumour.ca\/fr\/faire-face-a-une-tumeur-cerebrale\/","name":"Faire face \u00e0 une tumeur c\u00e9r\u00e9brale - Fondation canadienne des tumeurs c\u00e9r\u00e9brales","isPartOf":{"@id":"https:\/\/www.braintumour.ca\/fr\/#website"},"primaryImageOfPage":{"@id":"https:\/\/www.braintumour.ca\/fr\/faire-face-a-une-tumeur-cerebrale\/#primaryimage"},"image":{"@id":"https:\/\/www.braintumour.ca\/fr\/faire-face-a-une-tumeur-cerebrale\/#primaryimage"},"thumbnailUrl":"https:\/\/www.braintumour.ca\/wp-content\/uploads\/2019\/07\/photo-1427348693976-99e4aca06bb9.jpeg","datePublished":"2019-11-20T04:34:28+00:00","dateModified":"2022-03-09T19:04:20+00:00","description":"Trouvez de l'information au sujet des tumeurs c\u00e9r\u00e9brales malignes, non malignes, primaires ou secondaires gratuitement sur notre site internet.","breadcrumb":{"@id":"https:\/\/www.braintumour.ca\/fr\/faire-face-a-une-tumeur-cerebrale\/#breadcrumb"},"inLanguage":"fr-CA","potentialAction":[{"@type":"ReadAction","target":["https:\/\/www.braintumour.ca\/fr\/faire-face-a-une-tumeur-cerebrale\/"]}]},{"@type":"ImageObject","inLanguage":"fr-CA","@id":"https:\/\/www.braintumour.ca\/fr\/faire-face-a-une-tumeur-cerebrale\/#primaryimage","url":"https:\/\/www.braintumour.ca\/wp-content\/uploads\/2019\/07\/photo-1427348693976-99e4aca06bb9.jpeg","contentUrl":"https:\/\/www.braintumour.ca\/wp-content\/uploads\/2019\/07\/photo-1427348693976-99e4aca06bb9.jpeg","width":3000,"height":2000},{"@type":"BreadcrumbList","@id":"https:\/\/www.braintumour.ca\/fr\/faire-face-a-une-tumeur-cerebrale\/#breadcrumb","itemListElement":[{"@type":"ListItem","position":1,"name":"Home","item":"https:\/\/www.braintumour.ca\/fr\/"},{"@type":"ListItem","position":2,"name":"Faire face \u00e0 une tumeur c\u00e9r\u00e9brale"}]},{"@type":"WebSite","@id":"https:\/\/www.braintumour.ca\/fr\/#website","url":"https:\/\/www.braintumour.ca\/fr\/","name":"Fondation canadienne des tumeurs c\u00e9r\u00e9brales","description":"Notre mission est de venir en aide \u00e0 toutes les personnes touch\u00e9es par une tumeur c\u00e9r\u00e9brale au Canada par le biais de nos programmes d\u2019information, de soutien, d\u2019\u00e9ducation et de recherche.","potentialAction":[{"@type":"SearchAction","target":{"@type":"EntryPoint","urlTemplate":"https:\/\/www.braintumour.ca\/fr\/?s={search_term_string}"},"query-input":{"@type":"PropertyValueSpecification","valueRequired":true,"valueName":"search_term_string"}}],"inLanguage":"fr-CA"}]}},"_links":{"self":[{"href":"https:\/\/www.braintumour.ca\/fr\/wp-json\/wp\/v2\/pages\/2524","targetHints":{"allow":["GET"]}}],"collection":[{"href":"https:\/\/www.braintumour.ca\/fr\/wp-json\/wp\/v2\/pages"}],"about":[{"href":"https:\/\/www.braintumour.ca\/fr\/wp-json\/wp\/v2\/types\/page"}],"author":[{"embeddable":true,"href":"https:\/\/www.braintumour.ca\/fr\/wp-json\/wp\/v2\/users\/6"}],"replies":[{"embeddable":true,"href":"https:\/\/www.braintumour.ca\/fr\/wp-json\/wp\/v2\/comments?post=2524"}],"version-history":[{"count":0,"href":"https:\/\/www.braintumour.ca\/fr\/wp-json\/wp\/v2\/pages\/2524\/revisions"}],"wp:featuredmedia":[{"embeddable":true,"href":"https:\/\/www.braintumour.ca\/fr\/wp-json\/wp\/v2\/media\/2525"}],"wp:attachment":[{"href":"https:\/\/www.braintumour.ca\/fr\/wp-json\/wp\/v2\/media?parent=2524"}],"wp:term":[{"taxonomy":"user_type","embeddable":true,"href":"https:\/\/www.braintumour.ca\/fr\/wp-json\/wp\/v2\/user_type?post=2524"}],"curies":[{"name":"wp","href":"https:\/\/api.w.org\/{rel}","templated":true}]}}