{"id":2527,"date":"2019-11-19T23:50:38","date_gmt":"2019-11-20T04:50:38","guid":{"rendered":"https:\/\/braintumour.ca\/?page_id=2527"},"modified":"2019-11-20T00:04:47","modified_gmt":"2019-11-20T05:04:47","slug":"vivre-avec-une-tumeur-cerebrale","status":"publish","type":"page","link":"https:\/\/www.braintumour.ca\/fr\/faire-face-a-une-tumeur-cerebrale\/vivre-avec-une-tumeur-cerebrale\/","title":{"rendered":"Vivre avec une tumeur c\u00e9r\u00e9brale"},"content":{"rendered":"<h5>Lorsque vous-m\u00eame ou un proche recevez un diagnostic de tumeur c\u00e9r\u00e9brale, la vie change instantan\u00e9ment. Vous n&rsquo;\u00eates pas seul.<\/h5>\n<p>Chaque personne vit son diagnostic de tumeur c\u00e9r\u00e9brale de mani\u00e8re diff\u00e9rente, mais personne ne devrait avoir \u00e0 confronter ce diagnostic seul. Le personnel et les b\u00e9n\u00e9voles de la Fondation canadienne des tumeurs c\u00e9r\u00e9brales sont l\u00e0 pour offrir du soutien, de l&rsquo;information, de l&rsquo;\u00e9ducation aux patients ainsi qu&rsquo;\u00e0 leurs proches.<\/p>\n","protected":false},"excerpt":{"rendered":"<p>Lorsque vous-m\u00eame ou un proche recevez un diagnostic de tumeur c\u00e9r\u00e9brale, la vie change instantan\u00e9ment. Vous n&rsquo;\u00eates pas seul. Chaque [&hellip;]<\/p>\n","protected":false},"author":6,"featured_media":561,"parent":2524,"menu_order":1,"comment_status":"closed","ping_status":"closed","template":"page-templates\/parent--list.php","meta":{"_acf_changed":false,"footnotes":""},"user_type":[133],"class_list":["post-2527","page","type-page","status-publish","has-post-thumbnail","hentry","user_type-patient-fr"],"acf":[],"yoast_head":"<!-- This site is optimized with the Yoast SEO Premium plugin v27.0 (Yoast SEO v27.0) - https:\/\/yoast.com\/product\/yoast-seo-premium-wordpress\/ -->\n<title>Vivre avec une tumeur c\u00e9r\u00e9brale - Fondation canadienne des tumeurs c\u00e9r\u00e9brales<\/title>\n<meta name=\"description\" content=\"Notre personnel et nos b\u00e9n\u00e9voles sont l\u00e0 pour offrir du soutien et de l&#039;information aux patients touch\u00e9s par une tumeur c\u00e9r\u00e9brale ainsi qu&#039;\u00e0 leurs proches.\" \/>\n<meta name=\"robots\" content=\"index, follow, max-snippet:-1, max-image-preview:large, max-video-preview:-1\" \/>\n<link rel=\"canonical\" href=\"https:\/\/www.braintumour.ca\/fr\/faire-face-a-une-tumeur-cerebrale\/vivre-avec-une-tumeur-cerebrale\/\" \/>\n<meta property=\"og:locale\" content=\"fr_CA\" \/>\n<meta property=\"og:type\" content=\"article\" \/>\n<meta property=\"og:title\" content=\"Vivre avec une tumeur c\u00e9r\u00e9brale\" \/>\n<meta property=\"og:description\" content=\"Notre personnel et nos b\u00e9n\u00e9voles sont l\u00e0 pour offrir du soutien et de l&#039;information aux patients touch\u00e9s par une tumeur c\u00e9r\u00e9brale ainsi qu&#039;\u00e0 leurs proches.\" \/>\n<meta property=\"og:url\" content=\"https:\/\/www.braintumour.ca\/fr\/faire-face-a-une-tumeur-cerebrale\/vivre-avec-une-tumeur-cerebrale\/\" \/>\n<meta property=\"og:site_name\" content=\"Fondation canadienne des tumeurs c\u00e9r\u00e9brales\" \/>\n<meta property=\"article:modified_time\" content=\"2019-11-20T05:04:47+00:00\" \/>\n<meta property=\"og:image\" content=\"https:\/\/www.braintumour.ca\/wp-content\/uploads\/2019\/08\/the_journey@2x-1.jpg\" \/>\n\t<meta property=\"og:image:width\" content=\"2880\" \/>\n\t<meta property=\"og:image:height\" content=\"1152\" \/>\n\t<meta property=\"og:image:type\" content=\"image\/jpeg\" \/>\n<meta name=\"twitter:card\" content=\"summary_large_image\" \/>\n<script type=\"application\/ld+json\" class=\"yoast-schema-graph\">{\"@context\":\"https:\/\/schema.org\",\"@graph\":[{\"@type\":\"WebPage\",\"@id\":\"https:\/\/www.braintumour.ca\/fr\/faire-face-a-une-tumeur-cerebrale\/vivre-avec-une-tumeur-cerebrale\/\",\"url\":\"https:\/\/www.braintumour.ca\/fr\/faire-face-a-une-tumeur-cerebrale\/vivre-avec-une-tumeur-cerebrale\/\",\"name\":\"Vivre avec une tumeur c\u00e9r\u00e9brale - Fondation canadienne des tumeurs c\u00e9r\u00e9brales\",\"isPartOf\":{\"@id\":\"https:\/\/www.braintumour.ca\/fr\/#website\"},\"primaryImageOfPage\":{\"@id\":\"https:\/\/www.braintumour.ca\/fr\/faire-face-a-une-tumeur-cerebrale\/vivre-avec-une-tumeur-cerebrale\/#primaryimage\"},\"image\":{\"@id\":\"https:\/\/www.braintumour.ca\/fr\/faire-face-a-une-tumeur-cerebrale\/vivre-avec-une-tumeur-cerebrale\/#primaryimage\"},\"thumbnailUrl\":\"https:\/\/www.braintumour.ca\/wp-content\/uploads\/2019\/08\/the_journey@2x-1.jpg\",\"datePublished\":\"2019-11-20T04:50:38+00:00\",\"dateModified\":\"2019-11-20T05:04:47+00:00\",\"description\":\"Notre personnel et nos b\u00e9n\u00e9voles sont l\u00e0 pour offrir du soutien et de l'information aux patients touch\u00e9s par une tumeur c\u00e9r\u00e9brale ainsi qu'\u00e0 leurs proches.\",\"breadcrumb\":{\"@id\":\"https:\/\/www.braintumour.ca\/fr\/faire-face-a-une-tumeur-cerebrale\/vivre-avec-une-tumeur-cerebrale\/#breadcrumb\"},\"inLanguage\":\"fr-CA\",\"potentialAction\":[{\"@type\":\"ReadAction\",\"target\":[\"https:\/\/www.braintumour.ca\/fr\/faire-face-a-une-tumeur-cerebrale\/vivre-avec-une-tumeur-cerebrale\/\"]}]},{\"@type\":\"ImageObject\",\"inLanguage\":\"fr-CA\",\"@id\":\"https:\/\/www.braintumour.ca\/fr\/faire-face-a-une-tumeur-cerebrale\/vivre-avec-une-tumeur-cerebrale\/#primaryimage\",\"url\":\"https:\/\/www.braintumour.ca\/wp-content\/uploads\/2019\/08\/the_journey@2x-1.jpg\",\"contentUrl\":\"https:\/\/www.braintumour.ca\/wp-content\/uploads\/2019\/08\/the_journey@2x-1.jpg\",\"width\":2880,\"height\":1152},{\"@type\":\"BreadcrumbList\",\"@id\":\"https:\/\/www.braintumour.ca\/fr\/faire-face-a-une-tumeur-cerebrale\/vivre-avec-une-tumeur-cerebrale\/#breadcrumb\",\"itemListElement\":[{\"@type\":\"ListItem\",\"position\":1,\"name\":\"Home\",\"item\":\"https:\/\/www.braintumour.ca\/fr\/\"},{\"@type\":\"ListItem\",\"position\":2,\"name\":\"Faire face \u00e0 une tumeur c\u00e9r\u00e9brale\",\"item\":\"https:\/\/www.braintumour.ca\/fr\/faire-face-a-une-tumeur-cerebrale\/\"},{\"@type\":\"ListItem\",\"position\":3,\"name\":\"Vivre avec une tumeur c\u00e9r\u00e9brale\"}]},{\"@type\":\"WebSite\",\"@id\":\"https:\/\/www.braintumour.ca\/fr\/#website\",\"url\":\"https:\/\/www.braintumour.ca\/fr\/\",\"name\":\"Fondation canadienne des tumeurs c\u00e9r\u00e9brales\",\"description\":\"Notre mission est de venir en aide \u00e0 toutes les personnes touch\u00e9es par une tumeur c\u00e9r\u00e9brale au Canada par le biais de nos programmes d\u2019information, de soutien, d\u2019\u00e9ducation et de recherche.\",\"potentialAction\":[{\"@type\":\"SearchAction\",\"target\":{\"@type\":\"EntryPoint\",\"urlTemplate\":\"https:\/\/www.braintumour.ca\/fr\/?s={search_term_string}\"},\"query-input\":{\"@type\":\"PropertyValueSpecification\",\"valueRequired\":true,\"valueName\":\"search_term_string\"}}],\"inLanguage\":\"fr-CA\"}]}<\/script>\n<!-- \/ Yoast SEO Premium plugin. -->","yoast_head_json":{"title":"Vivre avec une tumeur c\u00e9r\u00e9brale - Fondation canadienne des tumeurs c\u00e9r\u00e9brales","description":"Notre personnel et nos b\u00e9n\u00e9voles sont l\u00e0 pour offrir du soutien et de l'information aux patients touch\u00e9s par une tumeur c\u00e9r\u00e9brale ainsi qu'\u00e0 leurs proches.","robots":{"index":"index","follow":"follow","max-snippet":"max-snippet:-1","max-image-preview":"max-image-preview:large","max-video-preview":"max-video-preview:-1"},"canonical":"https:\/\/www.braintumour.ca\/fr\/faire-face-a-une-tumeur-cerebrale\/vivre-avec-une-tumeur-cerebrale\/","og_locale":"fr_CA","og_type":"article","og_title":"Vivre avec une tumeur c\u00e9r\u00e9brale","og_description":"Notre personnel et nos b\u00e9n\u00e9voles sont l\u00e0 pour offrir du soutien et de l'information aux patients touch\u00e9s par une tumeur c\u00e9r\u00e9brale ainsi qu'\u00e0 leurs proches.","og_url":"https:\/\/www.braintumour.ca\/fr\/faire-face-a-une-tumeur-cerebrale\/vivre-avec-une-tumeur-cerebrale\/","og_site_name":"Fondation canadienne des tumeurs c\u00e9r\u00e9brales","article_modified_time":"2019-11-20T05:04:47+00:00","og_image":[{"width":2880,"height":1152,"url":"https:\/\/www.braintumour.ca\/wp-content\/uploads\/2019\/08\/the_journey@2x-1.jpg","type":"image\/jpeg"}],"twitter_card":"summary_large_image","schema":{"@context":"https:\/\/schema.org","@graph":[{"@type":"WebPage","@id":"https:\/\/www.braintumour.ca\/fr\/faire-face-a-une-tumeur-cerebrale\/vivre-avec-une-tumeur-cerebrale\/","url":"https:\/\/www.braintumour.ca\/fr\/faire-face-a-une-tumeur-cerebrale\/vivre-avec-une-tumeur-cerebrale\/","name":"Vivre avec une tumeur c\u00e9r\u00e9brale - Fondation canadienne des tumeurs c\u00e9r\u00e9brales","isPartOf":{"@id":"https:\/\/www.braintumour.ca\/fr\/#website"},"primaryImageOfPage":{"@id":"https:\/\/www.braintumour.ca\/fr\/faire-face-a-une-tumeur-cerebrale\/vivre-avec-une-tumeur-cerebrale\/#primaryimage"},"image":{"@id":"https:\/\/www.braintumour.ca\/fr\/faire-face-a-une-tumeur-cerebrale\/vivre-avec-une-tumeur-cerebrale\/#primaryimage"},"thumbnailUrl":"https:\/\/www.braintumour.ca\/wp-content\/uploads\/2019\/08\/the_journey@2x-1.jpg","datePublished":"2019-11-20T04:50:38+00:00","dateModified":"2019-11-20T05:04:47+00:00","description":"Notre personnel et nos b\u00e9n\u00e9voles sont l\u00e0 pour offrir du soutien et de l'information aux patients touch\u00e9s par une tumeur c\u00e9r\u00e9brale ainsi qu'\u00e0 leurs proches.","breadcrumb":{"@id":"https:\/\/www.braintumour.ca\/fr\/faire-face-a-une-tumeur-cerebrale\/vivre-avec-une-tumeur-cerebrale\/#breadcrumb"},"inLanguage":"fr-CA","potentialAction":[{"@type":"ReadAction","target":["https:\/\/www.braintumour.ca\/fr\/faire-face-a-une-tumeur-cerebrale\/vivre-avec-une-tumeur-cerebrale\/"]}]},{"@type":"ImageObject","inLanguage":"fr-CA","@id":"https:\/\/www.braintumour.ca\/fr\/faire-face-a-une-tumeur-cerebrale\/vivre-avec-une-tumeur-cerebrale\/#primaryimage","url":"https:\/\/www.braintumour.ca\/wp-content\/uploads\/2019\/08\/the_journey@2x-1.jpg","contentUrl":"https:\/\/www.braintumour.ca\/wp-content\/uploads\/2019\/08\/the_journey@2x-1.jpg","width":2880,"height":1152},{"@type":"BreadcrumbList","@id":"https:\/\/www.braintumour.ca\/fr\/faire-face-a-une-tumeur-cerebrale\/vivre-avec-une-tumeur-cerebrale\/#breadcrumb","itemListElement":[{"@type":"ListItem","position":1,"name":"Home","item":"https:\/\/www.braintumour.ca\/fr\/"},{"@type":"ListItem","position":2,"name":"Faire face \u00e0 une tumeur c\u00e9r\u00e9brale","item":"https:\/\/www.braintumour.ca\/fr\/faire-face-a-une-tumeur-cerebrale\/"},{"@type":"ListItem","position":3,"name":"Vivre avec une tumeur c\u00e9r\u00e9brale"}]},{"@type":"WebSite","@id":"https:\/\/www.braintumour.ca\/fr\/#website","url":"https:\/\/www.braintumour.ca\/fr\/","name":"Fondation canadienne des tumeurs c\u00e9r\u00e9brales","description":"Notre mission est de venir en aide \u00e0 toutes les personnes touch\u00e9es par une tumeur c\u00e9r\u00e9brale au Canada par le biais de nos programmes d\u2019information, de soutien, d\u2019\u00e9ducation et de recherche.","potentialAction":[{"@type":"SearchAction","target":{"@type":"EntryPoint","urlTemplate":"https:\/\/www.braintumour.ca\/fr\/?s={search_term_string}"},"query-input":{"@type":"PropertyValueSpecification","valueRequired":true,"valueName":"search_term_string"}}],"inLanguage":"fr-CA"}]}},"_links":{"self":[{"href":"https:\/\/www.braintumour.ca\/fr\/wp-json\/wp\/v2\/pages\/2527","targetHints":{"allow":["GET"]}}],"collection":[{"href":"https:\/\/www.braintumour.ca\/fr\/wp-json\/wp\/v2\/pages"}],"about":[{"href":"https:\/\/www.braintumour.ca\/fr\/wp-json\/wp\/v2\/types\/page"}],"author":[{"embeddable":true,"href":"https:\/\/www.braintumour.ca\/fr\/wp-json\/wp\/v2\/users\/6"}],"replies":[{"embeddable":true,"href":"https:\/\/www.braintumour.ca\/fr\/wp-json\/wp\/v2\/comments?post=2527"}],"version-history":[{"count":0,"href":"https:\/\/www.braintumour.ca\/fr\/wp-json\/wp\/v2\/pages\/2527\/revisions"}],"up":[{"embeddable":true,"href":"https:\/\/www.braintumour.ca\/fr\/wp-json\/wp\/v2\/pages\/2524"}],"wp:featuredmedia":[{"embeddable":true,"href":"https:\/\/www.braintumour.ca\/fr\/wp-json\/wp\/v2\/media\/561"}],"wp:attachment":[{"href":"https:\/\/www.braintumour.ca\/fr\/wp-json\/wp\/v2\/media?parent=2527"}],"wp:term":[{"taxonomy":"user_type","embeddable":true,"href":"https:\/\/www.braintumour.ca\/fr\/wp-json\/wp\/v2\/user_type?post=2527"}],"curies":[{"name":"wp","href":"https:\/\/api.w.org\/{rel}","templated":true}]}}