{"id":2533,"date":"2019-11-20T00:40:40","date_gmt":"2019-11-20T05:40:40","guid":{"rendered":"https:\/\/braintumour.ca\/?page_id=2533"},"modified":"2020-01-22T12:48:51","modified_gmt":"2020-01-22T17:48:51","slug":"diagnostic","status":"publish","type":"page","link":"https:\/\/www.braintumour.ca\/fr\/faire-face-a-une-tumeur-cerebrale\/vivre-avec-une-tumeur-cerebrale\/diagnostic\/","title":{"rendered":"Diagnostic"},"content":{"rendered":"<h5>Le diagnostic d\u2019une tumeur c\u00e9r\u00e9brale peut profond\u00e9ment perturber la vie d\u2019un patient et de ses proches. Trouvez plus d&rsquo;information sur les questions \u00e0 poser, sur la mani\u00e8re d&rsquo;annoncer le diagnostic \u00e0 vos proches et de trouver de l&rsquo;aide.<\/h5>\n","protected":false},"excerpt":{"rendered":"<p>Le diagnostic d\u2019une tumeur c\u00e9r\u00e9brale peut profond\u00e9ment perturber la vie d\u2019un patient et de ses proches. Trouvez plus d&rsquo;information sur [&hellip;]<\/p>\n","protected":false},"author":6,"featured_media":590,"parent":2527,"menu_order":2,"comment_status":"closed","ping_status":"closed","template":"","meta":{"_acf_changed":false,"footnotes":""},"user_type":[133],"class_list":["post-2533","page","type-page","status-publish","has-post-thumbnail","hentry","user_type-patient-fr"],"acf":[],"yoast_head":"<!-- This site is optimized with the Yoast SEO Premium plugin v27.0 (Yoast SEO v27.0) - https:\/\/yoast.com\/product\/yoast-seo-premium-wordpress\/ -->\n<title>Diagnostic - Fondation canadienne des tumeurs c\u00e9r\u00e9brales<\/title>\n<meta name=\"description\" content=\"Le diagnostic d\u2019une tumeur c\u00e9r\u00e9brale peut profond\u00e9ment perturber la vie d\u2019un patient et de ses proches. Trouvez plus d&#039;information sur notre site web.\" \/>\n<meta name=\"robots\" content=\"index, follow, max-snippet:-1, max-image-preview:large, max-video-preview:-1\" \/>\n<link rel=\"canonical\" href=\"https:\/\/www.braintumour.ca\/fr\/faire-face-a-une-tumeur-cerebrale\/vivre-avec-une-tumeur-cerebrale\/diagnostic\/\" \/>\n<meta property=\"og:locale\" content=\"fr_CA\" \/>\n<meta property=\"og:type\" content=\"article\" \/>\n<meta property=\"og:title\" content=\"Diagnostic\" \/>\n<meta property=\"og:description\" content=\"Le diagnostic d\u2019une tumeur c\u00e9r\u00e9brale peut profond\u00e9ment perturber la vie d\u2019un patient et de ses proches. Trouvez plus d&#039;information sur notre site web.\" \/>\n<meta property=\"og:url\" content=\"https:\/\/www.braintumour.ca\/fr\/faire-face-a-une-tumeur-cerebrale\/vivre-avec-une-tumeur-cerebrale\/diagnostic\/\" \/>\n<meta property=\"og:site_name\" content=\"Fondation canadienne des tumeurs c\u00e9r\u00e9brales\" \/>\n<meta property=\"article:modified_time\" content=\"2020-01-22T17:48:51+00:00\" \/>\n<meta property=\"og:image\" content=\"https:\/\/www.braintumour.ca\/wp-content\/uploads\/2019\/09\/computer-3343887_1280.jpg\" \/>\n\t<meta property=\"og:image:width\" content=\"1280\" \/>\n\t<meta property=\"og:image:height\" content=\"758\" \/>\n\t<meta property=\"og:image:type\" content=\"image\/jpeg\" \/>\n<meta name=\"twitter:card\" content=\"summary_large_image\" \/>\n<script type=\"application\/ld+json\" class=\"yoast-schema-graph\">{\"@context\":\"https:\/\/schema.org\",\"@graph\":[{\"@type\":\"WebPage\",\"@id\":\"https:\/\/www.braintumour.ca\/fr\/faire-face-a-une-tumeur-cerebrale\/vivre-avec-une-tumeur-cerebrale\/diagnostic\/\",\"url\":\"https:\/\/www.braintumour.ca\/fr\/faire-face-a-une-tumeur-cerebrale\/vivre-avec-une-tumeur-cerebrale\/diagnostic\/\",\"name\":\"Diagnostic - Fondation canadienne des tumeurs c\u00e9r\u00e9brales\",\"isPartOf\":{\"@id\":\"https:\/\/www.braintumour.ca\/fr\/#website\"},\"primaryImageOfPage\":{\"@id\":\"https:\/\/www.braintumour.ca\/fr\/faire-face-a-une-tumeur-cerebrale\/vivre-avec-une-tumeur-cerebrale\/diagnostic\/#primaryimage\"},\"image\":{\"@id\":\"https:\/\/www.braintumour.ca\/fr\/faire-face-a-une-tumeur-cerebrale\/vivre-avec-une-tumeur-cerebrale\/diagnostic\/#primaryimage\"},\"thumbnailUrl\":\"https:\/\/www.braintumour.ca\/wp-content\/uploads\/2019\/09\/computer-3343887_1280.jpg\",\"datePublished\":\"2019-11-20T05:40:40+00:00\",\"dateModified\":\"2020-01-22T17:48:51+00:00\",\"description\":\"Le diagnostic d\u2019une tumeur c\u00e9r\u00e9brale peut profond\u00e9ment perturber la vie d\u2019un patient et de ses proches. Trouvez plus d'information sur notre site web.\",\"breadcrumb\":{\"@id\":\"https:\/\/www.braintumour.ca\/fr\/faire-face-a-une-tumeur-cerebrale\/vivre-avec-une-tumeur-cerebrale\/diagnostic\/#breadcrumb\"},\"inLanguage\":\"fr-CA\",\"potentialAction\":[{\"@type\":\"ReadAction\",\"target\":[\"https:\/\/www.braintumour.ca\/fr\/faire-face-a-une-tumeur-cerebrale\/vivre-avec-une-tumeur-cerebrale\/diagnostic\/\"]}]},{\"@type\":\"ImageObject\",\"inLanguage\":\"fr-CA\",\"@id\":\"https:\/\/www.braintumour.ca\/fr\/faire-face-a-une-tumeur-cerebrale\/vivre-avec-une-tumeur-cerebrale\/diagnostic\/#primaryimage\",\"url\":\"https:\/\/www.braintumour.ca\/wp-content\/uploads\/2019\/09\/computer-3343887_1280.jpg\",\"contentUrl\":\"https:\/\/www.braintumour.ca\/wp-content\/uploads\/2019\/09\/computer-3343887_1280.jpg\",\"width\":1280,\"height\":758,\"caption\":\"Health Care Professional explaining to patient\"},{\"@type\":\"BreadcrumbList\",\"@id\":\"https:\/\/www.braintumour.ca\/fr\/faire-face-a-une-tumeur-cerebrale\/vivre-avec-une-tumeur-cerebrale\/diagnostic\/#breadcrumb\",\"itemListElement\":[{\"@type\":\"ListItem\",\"position\":1,\"name\":\"Home\",\"item\":\"https:\/\/www.braintumour.ca\/fr\/\"},{\"@type\":\"ListItem\",\"position\":2,\"name\":\"Faire face \u00e0 une tumeur c\u00e9r\u00e9brale\",\"item\":\"https:\/\/www.braintumour.ca\/fr\/faire-face-a-une-tumeur-cerebrale\/\"},{\"@type\":\"ListItem\",\"position\":3,\"name\":\"Vivre avec une tumeur c\u00e9r\u00e9brale\",\"item\":\"https:\/\/www.braintumour.ca\/fr\/faire-face-a-une-tumeur-cerebrale\/vivre-avec-une-tumeur-cerebrale\/\"},{\"@type\":\"ListItem\",\"position\":4,\"name\":\"Diagnostic\"}]},{\"@type\":\"WebSite\",\"@id\":\"https:\/\/www.braintumour.ca\/fr\/#website\",\"url\":\"https:\/\/www.braintumour.ca\/fr\/\",\"name\":\"Fondation canadienne des tumeurs c\u00e9r\u00e9brales\",\"description\":\"Notre mission est de venir en aide \u00e0 toutes les personnes touch\u00e9es par une tumeur c\u00e9r\u00e9brale au Canada par le biais de nos programmes d\u2019information, de soutien, d\u2019\u00e9ducation et de recherche.\",\"potentialAction\":[{\"@type\":\"SearchAction\",\"target\":{\"@type\":\"EntryPoint\",\"urlTemplate\":\"https:\/\/www.braintumour.ca\/fr\/?s={search_term_string}\"},\"query-input\":{\"@type\":\"PropertyValueSpecification\",\"valueRequired\":true,\"valueName\":\"search_term_string\"}}],\"inLanguage\":\"fr-CA\"}]}<\/script>\n<!-- \/ Yoast SEO Premium plugin. -->","yoast_head_json":{"title":"Diagnostic - Fondation canadienne des tumeurs c\u00e9r\u00e9brales","description":"Le diagnostic d\u2019une tumeur c\u00e9r\u00e9brale peut profond\u00e9ment perturber la vie d\u2019un patient et de ses proches. Trouvez plus d'information sur notre site web.","robots":{"index":"index","follow":"follow","max-snippet":"max-snippet:-1","max-image-preview":"max-image-preview:large","max-video-preview":"max-video-preview:-1"},"canonical":"https:\/\/www.braintumour.ca\/fr\/faire-face-a-une-tumeur-cerebrale\/vivre-avec-une-tumeur-cerebrale\/diagnostic\/","og_locale":"fr_CA","og_type":"article","og_title":"Diagnostic","og_description":"Le diagnostic d\u2019une tumeur c\u00e9r\u00e9brale peut profond\u00e9ment perturber la vie d\u2019un patient et de ses proches. Trouvez plus d'information sur notre site web.","og_url":"https:\/\/www.braintumour.ca\/fr\/faire-face-a-une-tumeur-cerebrale\/vivre-avec-une-tumeur-cerebrale\/diagnostic\/","og_site_name":"Fondation canadienne des tumeurs c\u00e9r\u00e9brales","article_modified_time":"2020-01-22T17:48:51+00:00","og_image":[{"width":1280,"height":758,"url":"https:\/\/www.braintumour.ca\/wp-content\/uploads\/2019\/09\/computer-3343887_1280.jpg","type":"image\/jpeg"}],"twitter_card":"summary_large_image","schema":{"@context":"https:\/\/schema.org","@graph":[{"@type":"WebPage","@id":"https:\/\/www.braintumour.ca\/fr\/faire-face-a-une-tumeur-cerebrale\/vivre-avec-une-tumeur-cerebrale\/diagnostic\/","url":"https:\/\/www.braintumour.ca\/fr\/faire-face-a-une-tumeur-cerebrale\/vivre-avec-une-tumeur-cerebrale\/diagnostic\/","name":"Diagnostic - Fondation canadienne des tumeurs c\u00e9r\u00e9brales","isPartOf":{"@id":"https:\/\/www.braintumour.ca\/fr\/#website"},"primaryImageOfPage":{"@id":"https:\/\/www.braintumour.ca\/fr\/faire-face-a-une-tumeur-cerebrale\/vivre-avec-une-tumeur-cerebrale\/diagnostic\/#primaryimage"},"image":{"@id":"https:\/\/www.braintumour.ca\/fr\/faire-face-a-une-tumeur-cerebrale\/vivre-avec-une-tumeur-cerebrale\/diagnostic\/#primaryimage"},"thumbnailUrl":"https:\/\/www.braintumour.ca\/wp-content\/uploads\/2019\/09\/computer-3343887_1280.jpg","datePublished":"2019-11-20T05:40:40+00:00","dateModified":"2020-01-22T17:48:51+00:00","description":"Le diagnostic d\u2019une tumeur c\u00e9r\u00e9brale peut profond\u00e9ment perturber la vie d\u2019un patient et de ses proches. Trouvez plus d'information sur notre site web.","breadcrumb":{"@id":"https:\/\/www.braintumour.ca\/fr\/faire-face-a-une-tumeur-cerebrale\/vivre-avec-une-tumeur-cerebrale\/diagnostic\/#breadcrumb"},"inLanguage":"fr-CA","potentialAction":[{"@type":"ReadAction","target":["https:\/\/www.braintumour.ca\/fr\/faire-face-a-une-tumeur-cerebrale\/vivre-avec-une-tumeur-cerebrale\/diagnostic\/"]}]},{"@type":"ImageObject","inLanguage":"fr-CA","@id":"https:\/\/www.braintumour.ca\/fr\/faire-face-a-une-tumeur-cerebrale\/vivre-avec-une-tumeur-cerebrale\/diagnostic\/#primaryimage","url":"https:\/\/www.braintumour.ca\/wp-content\/uploads\/2019\/09\/computer-3343887_1280.jpg","contentUrl":"https:\/\/www.braintumour.ca\/wp-content\/uploads\/2019\/09\/computer-3343887_1280.jpg","width":1280,"height":758,"caption":"Health Care Professional explaining to patient"},{"@type":"BreadcrumbList","@id":"https:\/\/www.braintumour.ca\/fr\/faire-face-a-une-tumeur-cerebrale\/vivre-avec-une-tumeur-cerebrale\/diagnostic\/#breadcrumb","itemListElement":[{"@type":"ListItem","position":1,"name":"Home","item":"https:\/\/www.braintumour.ca\/fr\/"},{"@type":"ListItem","position":2,"name":"Faire face \u00e0 une tumeur c\u00e9r\u00e9brale","item":"https:\/\/www.braintumour.ca\/fr\/faire-face-a-une-tumeur-cerebrale\/"},{"@type":"ListItem","position":3,"name":"Vivre avec une tumeur c\u00e9r\u00e9brale","item":"https:\/\/www.braintumour.ca\/fr\/faire-face-a-une-tumeur-cerebrale\/vivre-avec-une-tumeur-cerebrale\/"},{"@type":"ListItem","position":4,"name":"Diagnostic"}]},{"@type":"WebSite","@id":"https:\/\/www.braintumour.ca\/fr\/#website","url":"https:\/\/www.braintumour.ca\/fr\/","name":"Fondation canadienne des tumeurs c\u00e9r\u00e9brales","description":"Notre mission est de venir en aide \u00e0 toutes les personnes touch\u00e9es par une tumeur c\u00e9r\u00e9brale au Canada par le biais de nos programmes d\u2019information, de soutien, d\u2019\u00e9ducation et de recherche.","potentialAction":[{"@type":"SearchAction","target":{"@type":"EntryPoint","urlTemplate":"https:\/\/www.braintumour.ca\/fr\/?s={search_term_string}"},"query-input":{"@type":"PropertyValueSpecification","valueRequired":true,"valueName":"search_term_string"}}],"inLanguage":"fr-CA"}]}},"_links":{"self":[{"href":"https:\/\/www.braintumour.ca\/fr\/wp-json\/wp\/v2\/pages\/2533","targetHints":{"allow":["GET"]}}],"collection":[{"href":"https:\/\/www.braintumour.ca\/fr\/wp-json\/wp\/v2\/pages"}],"about":[{"href":"https:\/\/www.braintumour.ca\/fr\/wp-json\/wp\/v2\/types\/page"}],"author":[{"embeddable":true,"href":"https:\/\/www.braintumour.ca\/fr\/wp-json\/wp\/v2\/users\/6"}],"replies":[{"embeddable":true,"href":"https:\/\/www.braintumour.ca\/fr\/wp-json\/wp\/v2\/comments?post=2533"}],"version-history":[{"count":0,"href":"https:\/\/www.braintumour.ca\/fr\/wp-json\/wp\/v2\/pages\/2533\/revisions"}],"up":[{"embeddable":true,"href":"https:\/\/www.braintumour.ca\/fr\/wp-json\/wp\/v2\/pages\/2527"}],"wp:featuredmedia":[{"embeddable":true,"href":"https:\/\/www.braintumour.ca\/fr\/wp-json\/wp\/v2\/media\/590"}],"wp:attachment":[{"href":"https:\/\/www.braintumour.ca\/fr\/wp-json\/wp\/v2\/media?parent=2533"}],"wp:term":[{"taxonomy":"user_type","embeddable":true,"href":"https:\/\/www.braintumour.ca\/fr\/wp-json\/wp\/v2\/user_type?post=2533"}],"curies":[{"name":"wp","href":"https:\/\/api.w.org\/{rel}","templated":true}]}}