{"id":2541,"date":"2019-11-20T23:59:03","date_gmt":"2019-11-21T04:59:03","guid":{"rendered":"https:\/\/braintumour.ca\/?page_id=2541"},"modified":"2019-11-21T00:18:59","modified_gmt":"2019-11-21T05:18:59","slug":"travaillez-avec-votre-equipe-de-soins","status":"publish","type":"page","link":"https:\/\/www.braintumour.ca\/fr\/faire-face-a-une-tumeur-cerebrale\/vivre-avec-une-tumeur-cerebrale\/travaillez-avec-votre-equipe-de-soins\/","title":{"rendered":"Travaillez en collaboration avec votre \u00e9quipe de soins"},"content":{"rendered":"<h5>Au cours des jours, des semaines et des mois \u00e0 venir, vous rencontrerez de nombreux professionnels de la sant\u00e9. Cette \u00e9quipe est notamment form\u00e9e de neurochirurgiens, de neurooncologues, de neuroophtalmologues, d\u2019optom\u00e9tristes, de membres du personnel infirmier, de travailleurs sociaux, de pharmaciens, de di\u00e9t\u00e9tistes et de neuropsychologues.<\/h5>\n<p>La relation entre les patients et les fournisseurs de soins de sant\u00e9 est un \u00e9l\u00e9ment cl\u00e9 de votre exp\u00e9rience de soins. Comme dans toute relation, les deux parties doivent s\u2019engager pour sa r\u00e9ussite.<\/p>\n","protected":false},"excerpt":{"rendered":"<p>Au cours des jours, des semaines et des mois \u00e0 venir, vous rencontrerez de nombreux professionnels de la sant\u00e9. Cette [&hellip;]<\/p>\n","protected":false},"author":6,"featured_media":649,"parent":2527,"menu_order":3,"comment_status":"closed","ping_status":"closed","template":"","meta":{"_acf_changed":false,"footnotes":""},"user_type":[133],"class_list":["post-2541","page","type-page","status-publish","has-post-thumbnail","hentry","user_type-patient-fr"],"acf":[],"yoast_head":"<!-- This site is optimized with the Yoast SEO Premium plugin v27.0 (Yoast SEO v27.0) - https:\/\/yoast.com\/product\/yoast-seo-premium-wordpress\/ -->\n<title>Travaillez en collaboration avec votre \u00e9quipe de soins - Fondation canadienne des tumeurs c\u00e9r\u00e9brales<\/title>\n<meta name=\"description\" content=\"Durant votre parcours, vous rencontrerez de nombreux professionnels de la sant\u00e9. La relation entre les patients et les fournisseurs de soins de sant\u00e9 est un \u00e9l\u00e9ment cl\u00e9 de votre exp\u00e9rience de soins.\" \/>\n<meta name=\"robots\" content=\"index, follow, max-snippet:-1, max-image-preview:large, max-video-preview:-1\" \/>\n<link rel=\"canonical\" href=\"https:\/\/www.braintumour.ca\/fr\/faire-face-a-une-tumeur-cerebrale\/vivre-avec-une-tumeur-cerebrale\/travaillez-avec-votre-equipe-de-soins\/\" \/>\n<meta property=\"og:locale\" content=\"fr_CA\" \/>\n<meta property=\"og:type\" content=\"article\" \/>\n<meta property=\"og:title\" content=\"Travaillez en collaboration avec votre \u00e9quipe de soins\" \/>\n<meta property=\"og:description\" content=\"Durant votre parcours, vous rencontrerez de nombreux professionnels de la sant\u00e9. La relation entre les patients et les fournisseurs de soins de sant\u00e9 est un \u00e9l\u00e9ment cl\u00e9 de votre exp\u00e9rience de soins.\" \/>\n<meta property=\"og:url\" content=\"https:\/\/www.braintumour.ca\/fr\/faire-face-a-une-tumeur-cerebrale\/vivre-avec-une-tumeur-cerebrale\/travaillez-avec-votre-equipe-de-soins\/\" \/>\n<meta property=\"og:site_name\" content=\"Fondation canadienne des tumeurs c\u00e9r\u00e9brales\" \/>\n<meta property=\"article:modified_time\" content=\"2019-11-21T05:18:59+00:00\" \/>\n<meta property=\"og:image\" content=\"https:\/\/www.braintumour.ca\/wp-content\/uploads\/2019\/08\/get_support_meeting_your_doctor@2x.jpg\" \/>\n\t<meta property=\"og:image:width\" content=\"256\" \/>\n\t<meta property=\"og:image:height\" content=\"256\" \/>\n\t<meta property=\"og:image:type\" content=\"image\/jpeg\" \/>\n<meta name=\"twitter:card\" content=\"summary_large_image\" \/>\n<script type=\"application\/ld+json\" class=\"yoast-schema-graph\">{\"@context\":\"https:\/\/schema.org\",\"@graph\":[{\"@type\":\"WebPage\",\"@id\":\"https:\/\/www.braintumour.ca\/fr\/faire-face-a-une-tumeur-cerebrale\/vivre-avec-une-tumeur-cerebrale\/travaillez-avec-votre-equipe-de-soins\/\",\"url\":\"https:\/\/www.braintumour.ca\/fr\/faire-face-a-une-tumeur-cerebrale\/vivre-avec-une-tumeur-cerebrale\/travaillez-avec-votre-equipe-de-soins\/\",\"name\":\"Travaillez en collaboration avec votre \u00e9quipe de soins - Fondation canadienne des tumeurs c\u00e9r\u00e9brales\",\"isPartOf\":{\"@id\":\"https:\/\/www.braintumour.ca\/fr\/#website\"},\"primaryImageOfPage\":{\"@id\":\"https:\/\/www.braintumour.ca\/fr\/faire-face-a-une-tumeur-cerebrale\/vivre-avec-une-tumeur-cerebrale\/travaillez-avec-votre-equipe-de-soins\/#primaryimage\"},\"image\":{\"@id\":\"https:\/\/www.braintumour.ca\/fr\/faire-face-a-une-tumeur-cerebrale\/vivre-avec-une-tumeur-cerebrale\/travaillez-avec-votre-equipe-de-soins\/#primaryimage\"},\"thumbnailUrl\":\"https:\/\/www.braintumour.ca\/wp-content\/uploads\/2019\/08\/get_support_meeting_your_doctor@2x.jpg\",\"datePublished\":\"2019-11-21T04:59:03+00:00\",\"dateModified\":\"2019-11-21T05:18:59+00:00\",\"description\":\"Durant votre parcours, vous rencontrerez de nombreux professionnels de la sant\u00e9. La relation entre les patients et les fournisseurs de soins de sant\u00e9 est un \u00e9l\u00e9ment cl\u00e9 de votre exp\u00e9rience de soins.\",\"breadcrumb\":{\"@id\":\"https:\/\/www.braintumour.ca\/fr\/faire-face-a-une-tumeur-cerebrale\/vivre-avec-une-tumeur-cerebrale\/travaillez-avec-votre-equipe-de-soins\/#breadcrumb\"},\"inLanguage\":\"fr-CA\",\"potentialAction\":[{\"@type\":\"ReadAction\",\"target\":[\"https:\/\/www.braintumour.ca\/fr\/faire-face-a-une-tumeur-cerebrale\/vivre-avec-une-tumeur-cerebrale\/travaillez-avec-votre-equipe-de-soins\/\"]}]},{\"@type\":\"ImageObject\",\"inLanguage\":\"fr-CA\",\"@id\":\"https:\/\/www.braintumour.ca\/fr\/faire-face-a-une-tumeur-cerebrale\/vivre-avec-une-tumeur-cerebrale\/travaillez-avec-votre-equipe-de-soins\/#primaryimage\",\"url\":\"https:\/\/www.braintumour.ca\/wp-content\/uploads\/2019\/08\/get_support_meeting_your_doctor@2x.jpg\",\"contentUrl\":\"https:\/\/www.braintumour.ca\/wp-content\/uploads\/2019\/08\/get_support_meeting_your_doctor@2x.jpg\",\"width\":256,\"height\":256,\"caption\":\"Health Care\"},{\"@type\":\"BreadcrumbList\",\"@id\":\"https:\/\/www.braintumour.ca\/fr\/faire-face-a-une-tumeur-cerebrale\/vivre-avec-une-tumeur-cerebrale\/travaillez-avec-votre-equipe-de-soins\/#breadcrumb\",\"itemListElement\":[{\"@type\":\"ListItem\",\"position\":1,\"name\":\"Home\",\"item\":\"https:\/\/www.braintumour.ca\/fr\/\"},{\"@type\":\"ListItem\",\"position\":2,\"name\":\"Faire face \u00e0 une tumeur c\u00e9r\u00e9brale\",\"item\":\"https:\/\/www.braintumour.ca\/fr\/faire-face-a-une-tumeur-cerebrale\/\"},{\"@type\":\"ListItem\",\"position\":3,\"name\":\"Vivre avec une tumeur c\u00e9r\u00e9brale\",\"item\":\"https:\/\/www.braintumour.ca\/fr\/faire-face-a-une-tumeur-cerebrale\/vivre-avec-une-tumeur-cerebrale\/\"},{\"@type\":\"ListItem\",\"position\":4,\"name\":\"Travaillez en collaboration avec votre \u00e9quipe de soins\"}]},{\"@type\":\"WebSite\",\"@id\":\"https:\/\/www.braintumour.ca\/fr\/#website\",\"url\":\"https:\/\/www.braintumour.ca\/fr\/\",\"name\":\"Fondation canadienne des tumeurs c\u00e9r\u00e9brales\",\"description\":\"Notre mission est de venir en aide \u00e0 toutes les personnes touch\u00e9es par une tumeur c\u00e9r\u00e9brale au Canada par le biais de nos programmes d\u2019information, de soutien, d\u2019\u00e9ducation et de recherche.\",\"potentialAction\":[{\"@type\":\"SearchAction\",\"target\":{\"@type\":\"EntryPoint\",\"urlTemplate\":\"https:\/\/www.braintumour.ca\/fr\/?s={search_term_string}\"},\"query-input\":{\"@type\":\"PropertyValueSpecification\",\"valueRequired\":true,\"valueName\":\"search_term_string\"}}],\"inLanguage\":\"fr-CA\"}]}<\/script>\n<!-- \/ Yoast SEO Premium plugin. -->","yoast_head_json":{"title":"Travaillez en collaboration avec votre \u00e9quipe de soins - Fondation canadienne des tumeurs c\u00e9r\u00e9brales","description":"Durant votre parcours, vous rencontrerez de nombreux professionnels de la sant\u00e9. La relation entre les patients et les fournisseurs de soins de sant\u00e9 est un \u00e9l\u00e9ment cl\u00e9 de votre exp\u00e9rience de soins.","robots":{"index":"index","follow":"follow","max-snippet":"max-snippet:-1","max-image-preview":"max-image-preview:large","max-video-preview":"max-video-preview:-1"},"canonical":"https:\/\/www.braintumour.ca\/fr\/faire-face-a-une-tumeur-cerebrale\/vivre-avec-une-tumeur-cerebrale\/travaillez-avec-votre-equipe-de-soins\/","og_locale":"fr_CA","og_type":"article","og_title":"Travaillez en collaboration avec votre \u00e9quipe de soins","og_description":"Durant votre parcours, vous rencontrerez de nombreux professionnels de la sant\u00e9. La relation entre les patients et les fournisseurs de soins de sant\u00e9 est un \u00e9l\u00e9ment cl\u00e9 de votre exp\u00e9rience de soins.","og_url":"https:\/\/www.braintumour.ca\/fr\/faire-face-a-une-tumeur-cerebrale\/vivre-avec-une-tumeur-cerebrale\/travaillez-avec-votre-equipe-de-soins\/","og_site_name":"Fondation canadienne des tumeurs c\u00e9r\u00e9brales","article_modified_time":"2019-11-21T05:18:59+00:00","og_image":[{"width":256,"height":256,"url":"https:\/\/www.braintumour.ca\/wp-content\/uploads\/2019\/08\/get_support_meeting_your_doctor@2x.jpg","type":"image\/jpeg"}],"twitter_card":"summary_large_image","schema":{"@context":"https:\/\/schema.org","@graph":[{"@type":"WebPage","@id":"https:\/\/www.braintumour.ca\/fr\/faire-face-a-une-tumeur-cerebrale\/vivre-avec-une-tumeur-cerebrale\/travaillez-avec-votre-equipe-de-soins\/","url":"https:\/\/www.braintumour.ca\/fr\/faire-face-a-une-tumeur-cerebrale\/vivre-avec-une-tumeur-cerebrale\/travaillez-avec-votre-equipe-de-soins\/","name":"Travaillez en collaboration avec votre \u00e9quipe de soins - Fondation canadienne des tumeurs c\u00e9r\u00e9brales","isPartOf":{"@id":"https:\/\/www.braintumour.ca\/fr\/#website"},"primaryImageOfPage":{"@id":"https:\/\/www.braintumour.ca\/fr\/faire-face-a-une-tumeur-cerebrale\/vivre-avec-une-tumeur-cerebrale\/travaillez-avec-votre-equipe-de-soins\/#primaryimage"},"image":{"@id":"https:\/\/www.braintumour.ca\/fr\/faire-face-a-une-tumeur-cerebrale\/vivre-avec-une-tumeur-cerebrale\/travaillez-avec-votre-equipe-de-soins\/#primaryimage"},"thumbnailUrl":"https:\/\/www.braintumour.ca\/wp-content\/uploads\/2019\/08\/get_support_meeting_your_doctor@2x.jpg","datePublished":"2019-11-21T04:59:03+00:00","dateModified":"2019-11-21T05:18:59+00:00","description":"Durant votre parcours, vous rencontrerez de nombreux professionnels de la sant\u00e9. La relation entre les patients et les fournisseurs de soins de sant\u00e9 est un \u00e9l\u00e9ment cl\u00e9 de votre exp\u00e9rience de soins.","breadcrumb":{"@id":"https:\/\/www.braintumour.ca\/fr\/faire-face-a-une-tumeur-cerebrale\/vivre-avec-une-tumeur-cerebrale\/travaillez-avec-votre-equipe-de-soins\/#breadcrumb"},"inLanguage":"fr-CA","potentialAction":[{"@type":"ReadAction","target":["https:\/\/www.braintumour.ca\/fr\/faire-face-a-une-tumeur-cerebrale\/vivre-avec-une-tumeur-cerebrale\/travaillez-avec-votre-equipe-de-soins\/"]}]},{"@type":"ImageObject","inLanguage":"fr-CA","@id":"https:\/\/www.braintumour.ca\/fr\/faire-face-a-une-tumeur-cerebrale\/vivre-avec-une-tumeur-cerebrale\/travaillez-avec-votre-equipe-de-soins\/#primaryimage","url":"https:\/\/www.braintumour.ca\/wp-content\/uploads\/2019\/08\/get_support_meeting_your_doctor@2x.jpg","contentUrl":"https:\/\/www.braintumour.ca\/wp-content\/uploads\/2019\/08\/get_support_meeting_your_doctor@2x.jpg","width":256,"height":256,"caption":"Health Care"},{"@type":"BreadcrumbList","@id":"https:\/\/www.braintumour.ca\/fr\/faire-face-a-une-tumeur-cerebrale\/vivre-avec-une-tumeur-cerebrale\/travaillez-avec-votre-equipe-de-soins\/#breadcrumb","itemListElement":[{"@type":"ListItem","position":1,"name":"Home","item":"https:\/\/www.braintumour.ca\/fr\/"},{"@type":"ListItem","position":2,"name":"Faire face \u00e0 une tumeur c\u00e9r\u00e9brale","item":"https:\/\/www.braintumour.ca\/fr\/faire-face-a-une-tumeur-cerebrale\/"},{"@type":"ListItem","position":3,"name":"Vivre avec une tumeur c\u00e9r\u00e9brale","item":"https:\/\/www.braintumour.ca\/fr\/faire-face-a-une-tumeur-cerebrale\/vivre-avec-une-tumeur-cerebrale\/"},{"@type":"ListItem","position":4,"name":"Travaillez en collaboration avec votre \u00e9quipe de soins"}]},{"@type":"WebSite","@id":"https:\/\/www.braintumour.ca\/fr\/#website","url":"https:\/\/www.braintumour.ca\/fr\/","name":"Fondation canadienne des tumeurs c\u00e9r\u00e9brales","description":"Notre mission est de venir en aide \u00e0 toutes les personnes touch\u00e9es par une tumeur c\u00e9r\u00e9brale au Canada par le biais de nos programmes d\u2019information, de soutien, d\u2019\u00e9ducation et de recherche.","potentialAction":[{"@type":"SearchAction","target":{"@type":"EntryPoint","urlTemplate":"https:\/\/www.braintumour.ca\/fr\/?s={search_term_string}"},"query-input":{"@type":"PropertyValueSpecification","valueRequired":true,"valueName":"search_term_string"}}],"inLanguage":"fr-CA"}]}},"_links":{"self":[{"href":"https:\/\/www.braintumour.ca\/fr\/wp-json\/wp\/v2\/pages\/2541","targetHints":{"allow":["GET"]}}],"collection":[{"href":"https:\/\/www.braintumour.ca\/fr\/wp-json\/wp\/v2\/pages"}],"about":[{"href":"https:\/\/www.braintumour.ca\/fr\/wp-json\/wp\/v2\/types\/page"}],"author":[{"embeddable":true,"href":"https:\/\/www.braintumour.ca\/fr\/wp-json\/wp\/v2\/users\/6"}],"replies":[{"embeddable":true,"href":"https:\/\/www.braintumour.ca\/fr\/wp-json\/wp\/v2\/comments?post=2541"}],"version-history":[{"count":0,"href":"https:\/\/www.braintumour.ca\/fr\/wp-json\/wp\/v2\/pages\/2541\/revisions"}],"up":[{"embeddable":true,"href":"https:\/\/www.braintumour.ca\/fr\/wp-json\/wp\/v2\/pages\/2527"}],"wp:featuredmedia":[{"embeddable":true,"href":"https:\/\/www.braintumour.ca\/fr\/wp-json\/wp\/v2\/media\/649"}],"wp:attachment":[{"href":"https:\/\/www.braintumour.ca\/fr\/wp-json\/wp\/v2\/media?parent=2541"}],"wp:term":[{"taxonomy":"user_type","embeddable":true,"href":"https:\/\/www.braintumour.ca\/fr\/wp-json\/wp\/v2\/user_type?post=2541"}],"curies":[{"name":"wp","href":"https:\/\/api.w.org\/{rel}","templated":true}]}}