{"id":2546,"date":"2019-11-21T00:22:21","date_gmt":"2019-11-21T05:22:21","guid":{"rendered":"https:\/\/braintumour.ca\/?page_id=2546"},"modified":"2020-01-22T14:32:48","modified_gmt":"2020-01-22T19:32:48","slug":"traitement","status":"publish","type":"page","link":"https:\/\/www.braintumour.ca\/fr\/faire-face-a-une-tumeur-cerebrale\/vivre-avec-une-tumeur-cerebrale\/traitement\/","title":{"rendered":"Traitement"},"content":{"rendered":"<h5>Les d\u00e9cisions de traitement doivent \u00eatre prises apr\u00e8s avoir appris le plus possible au sujet du diagnostic, du pronostic et des options de traitement disponibles pour les tumeurs c\u00e9r\u00e9brales.<\/h5>\n<p>Cela peut prendre du temps, selon le type de tumeur c\u00e9r\u00e9brale que vous avez.<\/p>\n<p>Toutes les tumeurs c\u00e9r\u00e9brales ne sont pas trait\u00e9es de la m\u00eame mani\u00e8re. Votre \u00e9quipe soignante vous proposera le meilleur plan possible en fonction du type de tumeur c\u00e9r\u00e9brale, de sa taille, de son emplacement et de facteurs tels que votre \u00e2ge et votre \u00e9tat de sant\u00e9 g\u00e9n\u00e9ral.<\/p>\n<p>Divers traitements sont utilis\u00e9s pour traiter les tumeurs c\u00e9r\u00e9brales. Trois traitements standards existent pour les tumeurs malignes primitives du cerveau:<\/p>\n<ul>\n<li>Chirurgie<\/li>\n<li>Radioth\u00e9rapie<\/li>\n<li>Chimioth\u00e9rapie<\/li>\n<\/ul>\n<p>Pour certaines tumeurs c\u00e9r\u00e9brales de faible grade, une <a href=\"https:\/\/www.braintumour.ca\/wp-content\/uploads\/2019\/12\/Feuillet-information-Approche-attentiste-et-les-tumeurs-cerebrales-2019.pdf\">approche attentiste<\/a> peut \u00eatre sugg\u00e9r\u00e9e afin de surveiller tout changement dans la tumeur et\/ou si les sympt\u00f4mes ne sont pas g\u00eanants.<\/p>\n<p>Lisez notre feuillet d&rsquo;information sur l&rsquo;<a href=\"https:\/\/www.braintumour.ca\/wp-content\/uploads\/2019\/12\/Feuillet-information-Obtenir-deuxieme-opinion-et-tumeurs-cerebrales-2019.pdf\">obtention d&rsquo;une deuxi\u00e8me opinion<\/a>.<\/p>\n","protected":false},"excerpt":{"rendered":"<p>Les d\u00e9cisions de traitement doivent \u00eatre prises apr\u00e8s avoir appris le plus possible au sujet du diagnostic, du pronostic et [&hellip;]<\/p>\n","protected":false},"author":6,"featured_media":582,"parent":2527,"menu_order":4,"comment_status":"closed","ping_status":"closed","template":"","meta":{"_acf_changed":false,"footnotes":""},"user_type":[133],"class_list":["post-2546","page","type-page","status-publish","has-post-thumbnail","hentry","user_type-patient-fr"],"acf":[],"yoast_head":"<!-- This site is optimized with the Yoast SEO Premium plugin v27.0 (Yoast SEO v27.0) - https:\/\/yoast.com\/product\/yoast-seo-premium-wordpress\/ -->\n<title>Traitement - Fondation canadienne des tumeurs c\u00e9r\u00e9brales<\/title>\n<meta name=\"description\" content=\"Votre \u00e9quipe soignante vous proposera le meilleur plande traitement possible en fonction du type de tumeur c\u00e9r\u00e9brale, de sa taille, de son emplacement et de facteurs tels que votre \u00e2ge et votre \u00e9tat de sant\u00e9 g\u00e9n\u00e9ral.\" \/>\n<meta name=\"robots\" content=\"index, follow, max-snippet:-1, max-image-preview:large, max-video-preview:-1\" \/>\n<link rel=\"canonical\" href=\"https:\/\/www.braintumour.ca\/fr\/faire-face-a-une-tumeur-cerebrale\/vivre-avec-une-tumeur-cerebrale\/traitement\/\" \/>\n<meta property=\"og:locale\" content=\"fr_CA\" \/>\n<meta property=\"og:type\" content=\"article\" \/>\n<meta property=\"og:title\" content=\"Traitement\" \/>\n<meta property=\"og:description\" content=\"Votre \u00e9quipe soignante vous proposera le meilleur plande traitement possible en fonction du type de tumeur c\u00e9r\u00e9brale, de sa taille, de son emplacement et de facteurs tels que votre \u00e2ge et votre \u00e9tat de sant\u00e9 g\u00e9n\u00e9ral.\" \/>\n<meta property=\"og:url\" content=\"https:\/\/www.braintumour.ca\/fr\/faire-face-a-une-tumeur-cerebrale\/vivre-avec-une-tumeur-cerebrale\/traitement\/\" \/>\n<meta property=\"og:site_name\" content=\"Fondation canadienne des tumeurs c\u00e9r\u00e9brales\" \/>\n<meta property=\"article:modified_time\" content=\"2020-01-22T19:32:48+00:00\" \/>\n<meta property=\"og:image\" content=\"https:\/\/www.braintumour.ca\/wp-content\/uploads\/2019\/09\/iStock_000009504484XLarge_b.jpg\" \/>\n\t<meta property=\"og:image:width\" content=\"4200\" \/>\n\t<meta property=\"og:image:height\" content=\"1803\" \/>\n\t<meta property=\"og:image:type\" content=\"image\/jpeg\" \/>\n<meta name=\"twitter:card\" content=\"summary_large_image\" \/>\n<meta name=\"twitter:label1\" content=\"Estimation du temps de lecture\" \/>\n\t<meta name=\"twitter:data1\" content=\"1 minute\" \/>\n<script type=\"application\/ld+json\" class=\"yoast-schema-graph\">{\"@context\":\"https:\/\/schema.org\",\"@graph\":[{\"@type\":\"WebPage\",\"@id\":\"https:\/\/www.braintumour.ca\/fr\/faire-face-a-une-tumeur-cerebrale\/vivre-avec-une-tumeur-cerebrale\/traitement\/\",\"url\":\"https:\/\/www.braintumour.ca\/fr\/faire-face-a-une-tumeur-cerebrale\/vivre-avec-une-tumeur-cerebrale\/traitement\/\",\"name\":\"Traitement - Fondation canadienne des tumeurs c\u00e9r\u00e9brales\",\"isPartOf\":{\"@id\":\"https:\/\/www.braintumour.ca\/fr\/#website\"},\"primaryImageOfPage\":{\"@id\":\"https:\/\/www.braintumour.ca\/fr\/faire-face-a-une-tumeur-cerebrale\/vivre-avec-une-tumeur-cerebrale\/traitement\/#primaryimage\"},\"image\":{\"@id\":\"https:\/\/www.braintumour.ca\/fr\/faire-face-a-une-tumeur-cerebrale\/vivre-avec-une-tumeur-cerebrale\/traitement\/#primaryimage\"},\"thumbnailUrl\":\"https:\/\/www.braintumour.ca\/wp-content\/uploads\/2019\/09\/iStock_000009504484XLarge_b.jpg\",\"datePublished\":\"2019-11-21T05:22:21+00:00\",\"dateModified\":\"2020-01-22T19:32:48+00:00\",\"description\":\"Votre \u00e9quipe soignante vous proposera le meilleur plande traitement possible en fonction du type de tumeur c\u00e9r\u00e9brale, de sa taille, de son emplacement et de facteurs tels que votre \u00e2ge et votre \u00e9tat de sant\u00e9 g\u00e9n\u00e9ral.\",\"breadcrumb\":{\"@id\":\"https:\/\/www.braintumour.ca\/fr\/faire-face-a-une-tumeur-cerebrale\/vivre-avec-une-tumeur-cerebrale\/traitement\/#breadcrumb\"},\"inLanguage\":\"fr-CA\",\"potentialAction\":[{\"@type\":\"ReadAction\",\"target\":[\"https:\/\/www.braintumour.ca\/fr\/faire-face-a-une-tumeur-cerebrale\/vivre-avec-une-tumeur-cerebrale\/traitement\/\"]}]},{\"@type\":\"ImageObject\",\"inLanguage\":\"fr-CA\",\"@id\":\"https:\/\/www.braintumour.ca\/fr\/faire-face-a-une-tumeur-cerebrale\/vivre-avec-une-tumeur-cerebrale\/traitement\/#primaryimage\",\"url\":\"https:\/\/www.braintumour.ca\/wp-content\/uploads\/2019\/09\/iStock_000009504484XLarge_b.jpg\",\"contentUrl\":\"https:\/\/www.braintumour.ca\/wp-content\/uploads\/2019\/09\/iStock_000009504484XLarge_b.jpg\",\"width\":4200,\"height\":1803,\"caption\":\"Health Care Professional\"},{\"@type\":\"BreadcrumbList\",\"@id\":\"https:\/\/www.braintumour.ca\/fr\/faire-face-a-une-tumeur-cerebrale\/vivre-avec-une-tumeur-cerebrale\/traitement\/#breadcrumb\",\"itemListElement\":[{\"@type\":\"ListItem\",\"position\":1,\"name\":\"Home\",\"item\":\"https:\/\/www.braintumour.ca\/fr\/\"},{\"@type\":\"ListItem\",\"position\":2,\"name\":\"Faire face \u00e0 une tumeur c\u00e9r\u00e9brale\",\"item\":\"https:\/\/www.braintumour.ca\/fr\/faire-face-a-une-tumeur-cerebrale\/\"},{\"@type\":\"ListItem\",\"position\":3,\"name\":\"Vivre avec une tumeur c\u00e9r\u00e9brale\",\"item\":\"https:\/\/www.braintumour.ca\/fr\/faire-face-a-une-tumeur-cerebrale\/vivre-avec-une-tumeur-cerebrale\/\"},{\"@type\":\"ListItem\",\"position\":4,\"name\":\"Traitement\"}]},{\"@type\":\"WebSite\",\"@id\":\"https:\/\/www.braintumour.ca\/fr\/#website\",\"url\":\"https:\/\/www.braintumour.ca\/fr\/\",\"name\":\"Fondation canadienne des tumeurs c\u00e9r\u00e9brales\",\"description\":\"Notre mission est de venir en aide \u00e0 toutes les personnes touch\u00e9es par une tumeur c\u00e9r\u00e9brale au Canada par le biais de nos programmes d\u2019information, de soutien, d\u2019\u00e9ducation et de recherche.\",\"potentialAction\":[{\"@type\":\"SearchAction\",\"target\":{\"@type\":\"EntryPoint\",\"urlTemplate\":\"https:\/\/www.braintumour.ca\/fr\/?s={search_term_string}\"},\"query-input\":{\"@type\":\"PropertyValueSpecification\",\"valueRequired\":true,\"valueName\":\"search_term_string\"}}],\"inLanguage\":\"fr-CA\"}]}<\/script>\n<!-- \/ Yoast SEO Premium plugin. -->","yoast_head_json":{"title":"Traitement - Fondation canadienne des tumeurs c\u00e9r\u00e9brales","description":"Votre \u00e9quipe soignante vous proposera le meilleur plande traitement possible en fonction du type de tumeur c\u00e9r\u00e9brale, de sa taille, de son emplacement et de facteurs tels que votre \u00e2ge et votre \u00e9tat de sant\u00e9 g\u00e9n\u00e9ral.","robots":{"index":"index","follow":"follow","max-snippet":"max-snippet:-1","max-image-preview":"max-image-preview:large","max-video-preview":"max-video-preview:-1"},"canonical":"https:\/\/www.braintumour.ca\/fr\/faire-face-a-une-tumeur-cerebrale\/vivre-avec-une-tumeur-cerebrale\/traitement\/","og_locale":"fr_CA","og_type":"article","og_title":"Traitement","og_description":"Votre \u00e9quipe soignante vous proposera le meilleur plande traitement possible en fonction du type de tumeur c\u00e9r\u00e9brale, de sa taille, de son emplacement et de facteurs tels que votre \u00e2ge et votre \u00e9tat de sant\u00e9 g\u00e9n\u00e9ral.","og_url":"https:\/\/www.braintumour.ca\/fr\/faire-face-a-une-tumeur-cerebrale\/vivre-avec-une-tumeur-cerebrale\/traitement\/","og_site_name":"Fondation canadienne des tumeurs c\u00e9r\u00e9brales","article_modified_time":"2020-01-22T19:32:48+00:00","og_image":[{"width":4200,"height":1803,"url":"https:\/\/www.braintumour.ca\/wp-content\/uploads\/2019\/09\/iStock_000009504484XLarge_b.jpg","type":"image\/jpeg"}],"twitter_card":"summary_large_image","twitter_misc":{"Estimation du temps de lecture":"1 minute"},"schema":{"@context":"https:\/\/schema.org","@graph":[{"@type":"WebPage","@id":"https:\/\/www.braintumour.ca\/fr\/faire-face-a-une-tumeur-cerebrale\/vivre-avec-une-tumeur-cerebrale\/traitement\/","url":"https:\/\/www.braintumour.ca\/fr\/faire-face-a-une-tumeur-cerebrale\/vivre-avec-une-tumeur-cerebrale\/traitement\/","name":"Traitement - Fondation canadienne des tumeurs c\u00e9r\u00e9brales","isPartOf":{"@id":"https:\/\/www.braintumour.ca\/fr\/#website"},"primaryImageOfPage":{"@id":"https:\/\/www.braintumour.ca\/fr\/faire-face-a-une-tumeur-cerebrale\/vivre-avec-une-tumeur-cerebrale\/traitement\/#primaryimage"},"image":{"@id":"https:\/\/www.braintumour.ca\/fr\/faire-face-a-une-tumeur-cerebrale\/vivre-avec-une-tumeur-cerebrale\/traitement\/#primaryimage"},"thumbnailUrl":"https:\/\/www.braintumour.ca\/wp-content\/uploads\/2019\/09\/iStock_000009504484XLarge_b.jpg","datePublished":"2019-11-21T05:22:21+00:00","dateModified":"2020-01-22T19:32:48+00:00","description":"Votre \u00e9quipe soignante vous proposera le meilleur plande traitement possible en fonction du type de tumeur c\u00e9r\u00e9brale, de sa taille, de son emplacement et de facteurs tels que votre \u00e2ge et votre \u00e9tat de sant\u00e9 g\u00e9n\u00e9ral.","breadcrumb":{"@id":"https:\/\/www.braintumour.ca\/fr\/faire-face-a-une-tumeur-cerebrale\/vivre-avec-une-tumeur-cerebrale\/traitement\/#breadcrumb"},"inLanguage":"fr-CA","potentialAction":[{"@type":"ReadAction","target":["https:\/\/www.braintumour.ca\/fr\/faire-face-a-une-tumeur-cerebrale\/vivre-avec-une-tumeur-cerebrale\/traitement\/"]}]},{"@type":"ImageObject","inLanguage":"fr-CA","@id":"https:\/\/www.braintumour.ca\/fr\/faire-face-a-une-tumeur-cerebrale\/vivre-avec-une-tumeur-cerebrale\/traitement\/#primaryimage","url":"https:\/\/www.braintumour.ca\/wp-content\/uploads\/2019\/09\/iStock_000009504484XLarge_b.jpg","contentUrl":"https:\/\/www.braintumour.ca\/wp-content\/uploads\/2019\/09\/iStock_000009504484XLarge_b.jpg","width":4200,"height":1803,"caption":"Health Care Professional"},{"@type":"BreadcrumbList","@id":"https:\/\/www.braintumour.ca\/fr\/faire-face-a-une-tumeur-cerebrale\/vivre-avec-une-tumeur-cerebrale\/traitement\/#breadcrumb","itemListElement":[{"@type":"ListItem","position":1,"name":"Home","item":"https:\/\/www.braintumour.ca\/fr\/"},{"@type":"ListItem","position":2,"name":"Faire face \u00e0 une tumeur c\u00e9r\u00e9brale","item":"https:\/\/www.braintumour.ca\/fr\/faire-face-a-une-tumeur-cerebrale\/"},{"@type":"ListItem","position":3,"name":"Vivre avec une tumeur c\u00e9r\u00e9brale","item":"https:\/\/www.braintumour.ca\/fr\/faire-face-a-une-tumeur-cerebrale\/vivre-avec-une-tumeur-cerebrale\/"},{"@type":"ListItem","position":4,"name":"Traitement"}]},{"@type":"WebSite","@id":"https:\/\/www.braintumour.ca\/fr\/#website","url":"https:\/\/www.braintumour.ca\/fr\/","name":"Fondation canadienne des tumeurs c\u00e9r\u00e9brales","description":"Notre mission est de venir en aide \u00e0 toutes les personnes touch\u00e9es par une tumeur c\u00e9r\u00e9brale au Canada par le biais de nos programmes d\u2019information, de soutien, d\u2019\u00e9ducation et de recherche.","potentialAction":[{"@type":"SearchAction","target":{"@type":"EntryPoint","urlTemplate":"https:\/\/www.braintumour.ca\/fr\/?s={search_term_string}"},"query-input":{"@type":"PropertyValueSpecification","valueRequired":true,"valueName":"search_term_string"}}],"inLanguage":"fr-CA"}]}},"_links":{"self":[{"href":"https:\/\/www.braintumour.ca\/fr\/wp-json\/wp\/v2\/pages\/2546","targetHints":{"allow":["GET"]}}],"collection":[{"href":"https:\/\/www.braintumour.ca\/fr\/wp-json\/wp\/v2\/pages"}],"about":[{"href":"https:\/\/www.braintumour.ca\/fr\/wp-json\/wp\/v2\/types\/page"}],"author":[{"embeddable":true,"href":"https:\/\/www.braintumour.ca\/fr\/wp-json\/wp\/v2\/users\/6"}],"replies":[{"embeddable":true,"href":"https:\/\/www.braintumour.ca\/fr\/wp-json\/wp\/v2\/comments?post=2546"}],"version-history":[{"count":0,"href":"https:\/\/www.braintumour.ca\/fr\/wp-json\/wp\/v2\/pages\/2546\/revisions"}],"up":[{"embeddable":true,"href":"https:\/\/www.braintumour.ca\/fr\/wp-json\/wp\/v2\/pages\/2527"}],"wp:featuredmedia":[{"embeddable":true,"href":"https:\/\/www.braintumour.ca\/fr\/wp-json\/wp\/v2\/media\/582"}],"wp:attachment":[{"href":"https:\/\/www.braintumour.ca\/fr\/wp-json\/wp\/v2\/media?parent=2546"}],"wp:term":[{"taxonomy":"user_type","embeddable":true,"href":"https:\/\/www.braintumour.ca\/fr\/wp-json\/wp\/v2\/user_type?post=2546"}],"curies":[{"name":"wp","href":"https:\/\/api.w.org\/{rel}","templated":true}]}}