{"id":2579,"date":"2019-07-08T16:34:14","date_gmt":"2019-07-08T20:34:14","guid":{"rendered":"https:\/\/braintumour.ca\/faire-face-a-une-tumeur-cerebrale\/signs-symptoms\/"},"modified":"2022-11-27T07:23:58","modified_gmt":"2022-11-27T12:23:58","slug":"signes-et-symptomes","status":"publish","type":"page","link":"https:\/\/www.braintumour.ca\/fr\/faire-face-a-une-tumeur-cerebrale\/signes-et-symptomes\/","title":{"rendered":"Signes et sympt\u00f4mes"},"content":{"rendered":"<h5>Reconna\u00eetre les signes et les sympt\u00f4mes les plus commun\u00e9ment associ\u00e9s aux tumeurs c\u00e9r\u00e9brales malignes ou non malignes peut aider au diagnostic et au traitement pr\u00e9coce<\/h5>\n<p>&nbsp;<\/p>\n","protected":false},"excerpt":{"rendered":"<p>Reconna\u00eetre les signes et les sympt\u00f4mes les plus commun\u00e9ment associ\u00e9s aux tumeurs c\u00e9r\u00e9brales malignes ou non malignes peut aider au [&hellip;]<\/p>\n","protected":false},"author":4,"featured_media":657,"parent":2524,"menu_order":2,"comment_status":"closed","ping_status":"closed","template":"","meta":{"_acf_changed":false,"footnotes":""},"user_type":[133],"class_list":["post-2579","page","type-page","status-publish","has-post-thumbnail","hentry","user_type-patient-fr"],"acf":[],"yoast_head":"<!-- This site is optimized with the Yoast SEO Premium plugin v27.0 (Yoast SEO v27.0) - https:\/\/yoast.com\/product\/yoast-seo-premium-wordpress\/ -->\n<title>Signes et sympt\u00f4mes - Fondation canadienne des tumeurs c\u00e9r\u00e9brales<\/title>\n<meta name=\"description\" content=\"Reconna\u00eetre les signes et les sympt\u00f4mes les plus commun\u00e9ment associ\u00e9s aux tumeurs c\u00e9r\u00e9brales malignes ou non malignes peut aider au diagnostic et au traitement pr\u00e9coce.\" \/>\n<meta name=\"robots\" content=\"index, follow, max-snippet:-1, max-image-preview:large, max-video-preview:-1\" \/>\n<link rel=\"canonical\" href=\"https:\/\/www.braintumour.ca\/fr\/faire-face-a-une-tumeur-cerebrale\/signes-et-symptomes\/\" \/>\n<meta property=\"og:locale\" content=\"fr_CA\" \/>\n<meta property=\"og:type\" content=\"article\" \/>\n<meta property=\"og:title\" content=\"Signes et sympt\u00f4mes\" \/>\n<meta property=\"og:description\" content=\"Reconna\u00eetre les signes et les sympt\u00f4mes les plus commun\u00e9ment associ\u00e9s aux tumeurs c\u00e9r\u00e9brales malignes ou non malignes peut aider au diagnostic et au traitement pr\u00e9coce.\" \/>\n<meta property=\"og:url\" content=\"https:\/\/www.braintumour.ca\/fr\/faire-face-a-une-tumeur-cerebrale\/signes-et-symptomes\/\" \/>\n<meta property=\"og:site_name\" content=\"Fondation canadienne des tumeurs c\u00e9r\u00e9brales\" \/>\n<meta property=\"article:modified_time\" content=\"2022-11-27T12:23:58+00:00\" \/>\n<meta property=\"og:image\" content=\"https:\/\/www.braintumour.ca\/wp-content\/uploads\/2019\/09\/Signs-and-Symptoms-1-pager-EN.jpg\" \/>\n\t<meta property=\"og:image:width\" content=\"1275\" \/>\n\t<meta property=\"og:image:height\" content=\"1650\" \/>\n\t<meta property=\"og:image:type\" content=\"image\/jpeg\" \/>\n<meta name=\"twitter:card\" content=\"summary_large_image\" \/>\n<meta name=\"twitter:label1\" content=\"Estimation du temps de lecture\" \/>\n\t<meta name=\"twitter:data1\" content=\"1 minute\" \/>\n<script type=\"application\/ld+json\" class=\"yoast-schema-graph\">{\"@context\":\"https:\/\/schema.org\",\"@graph\":[{\"@type\":\"WebPage\",\"@id\":\"https:\/\/www.braintumour.ca\/fr\/faire-face-a-une-tumeur-cerebrale\/signes-et-symptomes\/\",\"url\":\"https:\/\/www.braintumour.ca\/fr\/faire-face-a-une-tumeur-cerebrale\/signes-et-symptomes\/\",\"name\":\"Signes et sympt\u00f4mes - Fondation canadienne des tumeurs c\u00e9r\u00e9brales\",\"isPartOf\":{\"@id\":\"https:\/\/www.braintumour.ca\/fr\/#website\"},\"primaryImageOfPage\":{\"@id\":\"https:\/\/www.braintumour.ca\/fr\/faire-face-a-une-tumeur-cerebrale\/signes-et-symptomes\/#primaryimage\"},\"image\":{\"@id\":\"https:\/\/www.braintumour.ca\/fr\/faire-face-a-une-tumeur-cerebrale\/signes-et-symptomes\/#primaryimage\"},\"thumbnailUrl\":\"https:\/\/www.braintumour.ca\/wp-content\/uploads\/2019\/09\/Signs-and-Symptoms-1-pager-EN.jpg\",\"datePublished\":\"2019-07-08T20:34:14+00:00\",\"dateModified\":\"2022-11-27T12:23:58+00:00\",\"description\":\"Reconna\u00eetre les signes et les sympt\u00f4mes les plus commun\u00e9ment associ\u00e9s aux tumeurs c\u00e9r\u00e9brales malignes ou non malignes peut aider au diagnostic et au traitement pr\u00e9coce.\",\"breadcrumb\":{\"@id\":\"https:\/\/www.braintumour.ca\/fr\/faire-face-a-une-tumeur-cerebrale\/signes-et-symptomes\/#breadcrumb\"},\"inLanguage\":\"fr-CA\",\"potentialAction\":[{\"@type\":\"ReadAction\",\"target\":[\"https:\/\/www.braintumour.ca\/fr\/faire-face-a-une-tumeur-cerebrale\/signes-et-symptomes\/\"]}]},{\"@type\":\"ImageObject\",\"inLanguage\":\"fr-CA\",\"@id\":\"https:\/\/www.braintumour.ca\/fr\/faire-face-a-une-tumeur-cerebrale\/signes-et-symptomes\/#primaryimage\",\"url\":\"https:\/\/www.braintumour.ca\/wp-content\/uploads\/2019\/09\/Signs-and-Symptoms-1-pager-EN.jpg\",\"contentUrl\":\"https:\/\/www.braintumour.ca\/wp-content\/uploads\/2019\/09\/Signs-and-Symptoms-1-pager-EN.jpg\",\"width\":1275,\"height\":1650,\"caption\":\"Signs and Symptoms\"},{\"@type\":\"BreadcrumbList\",\"@id\":\"https:\/\/www.braintumour.ca\/fr\/faire-face-a-une-tumeur-cerebrale\/signes-et-symptomes\/#breadcrumb\",\"itemListElement\":[{\"@type\":\"ListItem\",\"position\":1,\"name\":\"Home\",\"item\":\"https:\/\/www.braintumour.ca\/fr\/\"},{\"@type\":\"ListItem\",\"position\":2,\"name\":\"Faire face \u00e0 une tumeur c\u00e9r\u00e9brale\",\"item\":\"https:\/\/www.braintumour.ca\/fr\/faire-face-a-une-tumeur-cerebrale\/\"},{\"@type\":\"ListItem\",\"position\":3,\"name\":\"Signes et sympt\u00f4mes\"}]},{\"@type\":\"WebSite\",\"@id\":\"https:\/\/www.braintumour.ca\/fr\/#website\",\"url\":\"https:\/\/www.braintumour.ca\/fr\/\",\"name\":\"Fondation canadienne des tumeurs c\u00e9r\u00e9brales\",\"description\":\"Notre mission est de venir en aide \u00e0 toutes les personnes touch\u00e9es par une tumeur c\u00e9r\u00e9brale au Canada par le biais de nos programmes d\u2019information, de soutien, d\u2019\u00e9ducation et de recherche.\",\"potentialAction\":[{\"@type\":\"SearchAction\",\"target\":{\"@type\":\"EntryPoint\",\"urlTemplate\":\"https:\/\/www.braintumour.ca\/fr\/?s={search_term_string}\"},\"query-input\":{\"@type\":\"PropertyValueSpecification\",\"valueRequired\":true,\"valueName\":\"search_term_string\"}}],\"inLanguage\":\"fr-CA\"}]}<\/script>\n<!-- \/ Yoast SEO Premium plugin. -->","yoast_head_json":{"title":"Signes et sympt\u00f4mes - Fondation canadienne des tumeurs c\u00e9r\u00e9brales","description":"Reconna\u00eetre les signes et les sympt\u00f4mes les plus commun\u00e9ment associ\u00e9s aux tumeurs c\u00e9r\u00e9brales malignes ou non malignes peut aider au diagnostic et au traitement pr\u00e9coce.","robots":{"index":"index","follow":"follow","max-snippet":"max-snippet:-1","max-image-preview":"max-image-preview:large","max-video-preview":"max-video-preview:-1"},"canonical":"https:\/\/www.braintumour.ca\/fr\/faire-face-a-une-tumeur-cerebrale\/signes-et-symptomes\/","og_locale":"fr_CA","og_type":"article","og_title":"Signes et sympt\u00f4mes","og_description":"Reconna\u00eetre les signes et les sympt\u00f4mes les plus commun\u00e9ment associ\u00e9s aux tumeurs c\u00e9r\u00e9brales malignes ou non malignes peut aider au diagnostic et au traitement pr\u00e9coce.","og_url":"https:\/\/www.braintumour.ca\/fr\/faire-face-a-une-tumeur-cerebrale\/signes-et-symptomes\/","og_site_name":"Fondation canadienne des tumeurs c\u00e9r\u00e9brales","article_modified_time":"2022-11-27T12:23:58+00:00","og_image":[{"width":1275,"height":1650,"url":"https:\/\/www.braintumour.ca\/wp-content\/uploads\/2019\/09\/Signs-and-Symptoms-1-pager-EN.jpg","type":"image\/jpeg"}],"twitter_card":"summary_large_image","twitter_misc":{"Estimation du temps de lecture":"1 minute"},"schema":{"@context":"https:\/\/schema.org","@graph":[{"@type":"WebPage","@id":"https:\/\/www.braintumour.ca\/fr\/faire-face-a-une-tumeur-cerebrale\/signes-et-symptomes\/","url":"https:\/\/www.braintumour.ca\/fr\/faire-face-a-une-tumeur-cerebrale\/signes-et-symptomes\/","name":"Signes et sympt\u00f4mes - Fondation canadienne des tumeurs c\u00e9r\u00e9brales","isPartOf":{"@id":"https:\/\/www.braintumour.ca\/fr\/#website"},"primaryImageOfPage":{"@id":"https:\/\/www.braintumour.ca\/fr\/faire-face-a-une-tumeur-cerebrale\/signes-et-symptomes\/#primaryimage"},"image":{"@id":"https:\/\/www.braintumour.ca\/fr\/faire-face-a-une-tumeur-cerebrale\/signes-et-symptomes\/#primaryimage"},"thumbnailUrl":"https:\/\/www.braintumour.ca\/wp-content\/uploads\/2019\/09\/Signs-and-Symptoms-1-pager-EN.jpg","datePublished":"2019-07-08T20:34:14+00:00","dateModified":"2022-11-27T12:23:58+00:00","description":"Reconna\u00eetre les signes et les sympt\u00f4mes les plus commun\u00e9ment associ\u00e9s aux tumeurs c\u00e9r\u00e9brales malignes ou non malignes peut aider au diagnostic et au traitement pr\u00e9coce.","breadcrumb":{"@id":"https:\/\/www.braintumour.ca\/fr\/faire-face-a-une-tumeur-cerebrale\/signes-et-symptomes\/#breadcrumb"},"inLanguage":"fr-CA","potentialAction":[{"@type":"ReadAction","target":["https:\/\/www.braintumour.ca\/fr\/faire-face-a-une-tumeur-cerebrale\/signes-et-symptomes\/"]}]},{"@type":"ImageObject","inLanguage":"fr-CA","@id":"https:\/\/www.braintumour.ca\/fr\/faire-face-a-une-tumeur-cerebrale\/signes-et-symptomes\/#primaryimage","url":"https:\/\/www.braintumour.ca\/wp-content\/uploads\/2019\/09\/Signs-and-Symptoms-1-pager-EN.jpg","contentUrl":"https:\/\/www.braintumour.ca\/wp-content\/uploads\/2019\/09\/Signs-and-Symptoms-1-pager-EN.jpg","width":1275,"height":1650,"caption":"Signs and Symptoms"},{"@type":"BreadcrumbList","@id":"https:\/\/www.braintumour.ca\/fr\/faire-face-a-une-tumeur-cerebrale\/signes-et-symptomes\/#breadcrumb","itemListElement":[{"@type":"ListItem","position":1,"name":"Home","item":"https:\/\/www.braintumour.ca\/fr\/"},{"@type":"ListItem","position":2,"name":"Faire face \u00e0 une tumeur c\u00e9r\u00e9brale","item":"https:\/\/www.braintumour.ca\/fr\/faire-face-a-une-tumeur-cerebrale\/"},{"@type":"ListItem","position":3,"name":"Signes et sympt\u00f4mes"}]},{"@type":"WebSite","@id":"https:\/\/www.braintumour.ca\/fr\/#website","url":"https:\/\/www.braintumour.ca\/fr\/","name":"Fondation canadienne des tumeurs c\u00e9r\u00e9brales","description":"Notre mission est de venir en aide \u00e0 toutes les personnes touch\u00e9es par une tumeur c\u00e9r\u00e9brale au Canada par le biais de nos programmes d\u2019information, de soutien, d\u2019\u00e9ducation et de recherche.","potentialAction":[{"@type":"SearchAction","target":{"@type":"EntryPoint","urlTemplate":"https:\/\/www.braintumour.ca\/fr\/?s={search_term_string}"},"query-input":{"@type":"PropertyValueSpecification","valueRequired":true,"valueName":"search_term_string"}}],"inLanguage":"fr-CA"}]}},"_links":{"self":[{"href":"https:\/\/www.braintumour.ca\/fr\/wp-json\/wp\/v2\/pages\/2579","targetHints":{"allow":["GET"]}}],"collection":[{"href":"https:\/\/www.braintumour.ca\/fr\/wp-json\/wp\/v2\/pages"}],"about":[{"href":"https:\/\/www.braintumour.ca\/fr\/wp-json\/wp\/v2\/types\/page"}],"author":[{"embeddable":true,"href":"https:\/\/www.braintumour.ca\/fr\/wp-json\/wp\/v2\/users\/4"}],"replies":[{"embeddable":true,"href":"https:\/\/www.braintumour.ca\/fr\/wp-json\/wp\/v2\/comments?post=2579"}],"version-history":[{"count":0,"href":"https:\/\/www.braintumour.ca\/fr\/wp-json\/wp\/v2\/pages\/2579\/revisions"}],"up":[{"embeddable":true,"href":"https:\/\/www.braintumour.ca\/fr\/wp-json\/wp\/v2\/pages\/2524"}],"wp:featuredmedia":[{"embeddable":true,"href":"https:\/\/www.braintumour.ca\/fr\/wp-json\/wp\/v2\/media\/657"}],"wp:attachment":[{"href":"https:\/\/www.braintumour.ca\/fr\/wp-json\/wp\/v2\/media?parent=2579"}],"wp:term":[{"taxonomy":"user_type","embeddable":true,"href":"https:\/\/www.braintumour.ca\/fr\/wp-json\/wp\/v2\/user_type?post=2579"}],"curies":[{"name":"wp","href":"https:\/\/api.w.org\/{rel}","templated":true}]}}