{"id":2589,"date":"2019-07-08T16:34:34","date_gmt":"2019-07-08T20:34:34","guid":{"rendered":"https:\/\/braintumour.ca\/faire-face-a-une-tumeur-cerebrale\/brain-tumour-types\/"},"modified":"2019-11-26T13:58:15","modified_gmt":"2019-11-26T18:58:15","slug":"types-de-tumeurs-cerebrales","status":"publish","type":"page","link":"https:\/\/www.braintumour.ca\/fr\/faire-face-a-une-tumeur-cerebrale\/types-de-tumeurs-cerebrales\/","title":{"rendered":"Types de tumeurs c\u00e9r\u00e9brales"},"content":{"rendered":"<h5>Aprenez-en plus sur les diff\u00e9rents types de tumeurs c\u00e9r\u00e9brales, leurs origines et leur comportement.<\/h5>\n<p>Saviez-vous qu&rsquo;il existe plus de 120 types de tumeurs c\u00e9r\u00e9brales? Cette section d\u00e9crit les types de tumeurs c\u00e9r\u00e9brales les plus fr\u00e9quemment diagnostiqu\u00e9s.<\/p>\n<h5>Mise \u00e0 jour sur la classification des tumeurs c\u00e9r\u00e9brales :<\/h5>\n<p>La Fondation canadienne des tumeurs c\u00e9r\u00e9brales et de nombreuses autres organisations m\u00e9dicales du monde entier se r\u00e9f\u00e8rent au syst\u00e8me de classification de l&rsquo;Organisation mondiale de la sant\u00e9 (OMS) pour identifier les tumeurs c\u00e9r\u00e9brales. L&rsquo;OMS classe les tumeurs c\u00e9r\u00e9brales par origine cellulaire et par leur comportement, des moins agressives (non malignes) au plus agressives (malignes). Certains types de tumeurs c\u00e9r\u00e9brales se voient attribuer un grade allant du grade I (non maligne) au grade IV (le plus maligne), ce qui signifie \u00e9galement le taux de croissance.<\/p>\n<p>Le 9 mai 2016, l&rsquo;OMS a publi\u00e9 une reclassification officielle des types de tumeurs du syst\u00e8me nerveux central, qui aide les m\u00e9decins \u00e0 diagnostiquer plus pr\u00e9cis\u00e9ment, \u00e0 planifier les traitements en cons\u00e9quence et \u00e0 pr\u00e9dire la r\u00e9ponse th\u00e9rapeutique des patients. Le document de reclassement peut \u00eatre <a href=\"https:\/\/link.springer.com\/article\/10.1007%2Fs00401-016-1545-1\">trouv\u00e9 ici<\/a> (en anglais).<\/p>\n<p>Cette section aborde les diff\u00e9rents types de tumeurs c\u00e9r\u00e9brales. Des renseignements g\u00e9n\u00e9raux sur ces tumeurs vous sont fournis pour vous aider \u00e0 mieux comprendre votre diagnostic. Cependant, cette liste n\u2019est pas exhaustive et certains types de tumeurs c\u00e9r\u00e9brales rares ou de tumeurs c\u00e9r\u00e9brales mixtes ne sont pas r\u00e9pertori\u00e9s. Il est \u00e9galement conseill\u00e9 de communiquer avec votre m\u00e9decin pour obtenir tout compl\u00e9ment d\u2019information.<\/p>\n<p><strong>Veuillez partager avec vos fournisseurs de soins de sant\u00e9 et vos proches<\/strong>: \u00c0 la Fondation canadienne des tumeurs c\u00e9r\u00e9brales, nous essayons de changer le langage utilis\u00e9 lorsqu&rsquo;une tumeur c\u00e9r\u00e9brale non maligne est diagnostiqu\u00e9e. Nous encourageons les membres de notre communaut\u00e9 \u00e0 \u00e9viter d\u2019utiliser le mot \u00ab b\u00e9nigne \u00bb, car nous pensons qu\u2019une tumeur n\u2019a rien de b\u00e9nin surtout lorsqu&rsquo;elle se trouve dans le cerveau.<\/p>\n","protected":false},"excerpt":{"rendered":"<p>Aprenez-en plus sur les diff\u00e9rents types de tumeurs c\u00e9r\u00e9brales, leurs origines et leur comportement. Saviez-vous qu&rsquo;il existe plus de 120 [&hellip;]<\/p>\n","protected":false},"author":4,"featured_media":2314,"parent":2524,"menu_order":4,"comment_status":"closed","ping_status":"closed","template":"page-templates\/brain-tumour-types.php","meta":{"_acf_changed":false,"footnotes":""},"user_type":[133,132,134,135],"class_list":["post-2589","page","type-page","status-publish","has-post-thumbnail","hentry","user_type-patient-fr","user_type-proche-aidant","user_type-chercheur","user_type-professionnel-de-la-sante"],"acf":[],"yoast_head":"<!-- This site is optimized with the Yoast SEO Premium plugin v27.0 (Yoast SEO v27.0) - https:\/\/yoast.com\/product\/yoast-seo-premium-wordpress\/ -->\n<title>Types de tumeurs c\u00e9r\u00e9brales - Fondation canadienne des tumeurs c\u00e9r\u00e9brales<\/title>\n<meta name=\"description\" content=\"Aprennez-en plus sur les diff\u00e9rents types de tumeurs c\u00e9r\u00e9brales, leurs origines et leur comportement. Des renseignements g\u00e9n\u00e9raux sur ces tumeurs vous sont fournis pour vous aider \u00e0 mieux comprendre votre diagnostic.\" \/>\n<meta name=\"robots\" content=\"index, follow, max-snippet:-1, max-image-preview:large, max-video-preview:-1\" \/>\n<link rel=\"canonical\" href=\"https:\/\/www.braintumour.ca\/fr\/faire-face-a-une-tumeur-cerebrale\/types-de-tumeurs-cerebrales\/\" \/>\n<meta property=\"og:locale\" content=\"fr_CA\" \/>\n<meta property=\"og:type\" content=\"article\" \/>\n<meta property=\"og:title\" content=\"Types de tumeurs c\u00e9r\u00e9brales\" \/>\n<meta property=\"og:description\" content=\"Aprennez-en plus sur les diff\u00e9rents types de tumeurs c\u00e9r\u00e9brales, leurs origines et leur comportement. Des renseignements g\u00e9n\u00e9raux sur ces tumeurs vous sont fournis pour vous aider \u00e0 mieux comprendre votre diagnostic.\" \/>\n<meta property=\"og:url\" content=\"https:\/\/www.braintumour.ca\/fr\/faire-face-a-une-tumeur-cerebrale\/types-de-tumeurs-cerebrales\/\" \/>\n<meta property=\"og:site_name\" content=\"Fondation canadienne des tumeurs c\u00e9r\u00e9brales\" \/>\n<meta property=\"article:modified_time\" content=\"2019-11-26T18:58:15+00:00\" \/>\n<meta property=\"og:image\" content=\"https:\/\/www.braintumour.ca\/wp-content\/uploads\/2019\/08\/brain_tumour_types@2x.jpg\" \/>\n\t<meta property=\"og:image:width\" content=\"672\" \/>\n\t<meta property=\"og:image:height\" content=\"368\" \/>\n\t<meta property=\"og:image:type\" content=\"image\/jpeg\" \/>\n<meta name=\"twitter:card\" content=\"summary_large_image\" \/>\n<meta name=\"twitter:label1\" content=\"Estimation du temps de lecture\" \/>\n\t<meta name=\"twitter:data1\" content=\"2 minutes\" \/>\n<script type=\"application\/ld+json\" class=\"yoast-schema-graph\">{\"@context\":\"https:\/\/schema.org\",\"@graph\":[{\"@type\":\"WebPage\",\"@id\":\"https:\/\/www.braintumour.ca\/fr\/faire-face-a-une-tumeur-cerebrale\/types-de-tumeurs-cerebrales\/\",\"url\":\"https:\/\/www.braintumour.ca\/fr\/faire-face-a-une-tumeur-cerebrale\/types-de-tumeurs-cerebrales\/\",\"name\":\"Types de tumeurs c\u00e9r\u00e9brales - Fondation canadienne des tumeurs c\u00e9r\u00e9brales\",\"isPartOf\":{\"@id\":\"https:\/\/www.braintumour.ca\/fr\/#website\"},\"primaryImageOfPage\":{\"@id\":\"https:\/\/www.braintumour.ca\/fr\/faire-face-a-une-tumeur-cerebrale\/types-de-tumeurs-cerebrales\/#primaryimage\"},\"image\":{\"@id\":\"https:\/\/www.braintumour.ca\/fr\/faire-face-a-une-tumeur-cerebrale\/types-de-tumeurs-cerebrales\/#primaryimage\"},\"thumbnailUrl\":\"https:\/\/www.braintumour.ca\/wp-content\/uploads\/2019\/08\/brain_tumour_types@2x.jpg\",\"datePublished\":\"2019-07-08T20:34:34+00:00\",\"dateModified\":\"2019-11-26T18:58:15+00:00\",\"description\":\"Aprennez-en plus sur les diff\u00e9rents types de tumeurs c\u00e9r\u00e9brales, leurs origines et leur comportement. Des renseignements g\u00e9n\u00e9raux sur ces tumeurs vous sont fournis pour vous aider \u00e0 mieux comprendre votre diagnostic.\",\"breadcrumb\":{\"@id\":\"https:\/\/www.braintumour.ca\/fr\/faire-face-a-une-tumeur-cerebrale\/types-de-tumeurs-cerebrales\/#breadcrumb\"},\"inLanguage\":\"fr-CA\",\"potentialAction\":[{\"@type\":\"ReadAction\",\"target\":[\"https:\/\/www.braintumour.ca\/fr\/faire-face-a-une-tumeur-cerebrale\/types-de-tumeurs-cerebrales\/\"]}]},{\"@type\":\"ImageObject\",\"inLanguage\":\"fr-CA\",\"@id\":\"https:\/\/www.braintumour.ca\/fr\/faire-face-a-une-tumeur-cerebrale\/types-de-tumeurs-cerebrales\/#primaryimage\",\"url\":\"https:\/\/www.braintumour.ca\/wp-content\/uploads\/2019\/08\/brain_tumour_types@2x.jpg\",\"contentUrl\":\"https:\/\/www.braintumour.ca\/wp-content\/uploads\/2019\/08\/brain_tumour_types@2x.jpg\",\"width\":672,\"height\":368,\"caption\":\"brain cancer scans\"},{\"@type\":\"BreadcrumbList\",\"@id\":\"https:\/\/www.braintumour.ca\/fr\/faire-face-a-une-tumeur-cerebrale\/types-de-tumeurs-cerebrales\/#breadcrumb\",\"itemListElement\":[{\"@type\":\"ListItem\",\"position\":1,\"name\":\"Home\",\"item\":\"https:\/\/www.braintumour.ca\/fr\/\"},{\"@type\":\"ListItem\",\"position\":2,\"name\":\"Faire face \u00e0 une tumeur c\u00e9r\u00e9brale\",\"item\":\"https:\/\/www.braintumour.ca\/fr\/faire-face-a-une-tumeur-cerebrale\/\"},{\"@type\":\"ListItem\",\"position\":3,\"name\":\"Types de tumeurs c\u00e9r\u00e9brales\"}]},{\"@type\":\"WebSite\",\"@id\":\"https:\/\/www.braintumour.ca\/fr\/#website\",\"url\":\"https:\/\/www.braintumour.ca\/fr\/\",\"name\":\"Fondation canadienne des tumeurs c\u00e9r\u00e9brales\",\"description\":\"Notre mission est de venir en aide \u00e0 toutes les personnes touch\u00e9es par une tumeur c\u00e9r\u00e9brale au Canada par le biais de nos programmes d\u2019information, de soutien, d\u2019\u00e9ducation et de recherche.\",\"potentialAction\":[{\"@type\":\"SearchAction\",\"target\":{\"@type\":\"EntryPoint\",\"urlTemplate\":\"https:\/\/www.braintumour.ca\/fr\/?s={search_term_string}\"},\"query-input\":{\"@type\":\"PropertyValueSpecification\",\"valueRequired\":true,\"valueName\":\"search_term_string\"}}],\"inLanguage\":\"fr-CA\"}]}<\/script>\n<!-- \/ Yoast SEO Premium plugin. -->","yoast_head_json":{"title":"Types de tumeurs c\u00e9r\u00e9brales - Fondation canadienne des tumeurs c\u00e9r\u00e9brales","description":"Aprennez-en plus sur les diff\u00e9rents types de tumeurs c\u00e9r\u00e9brales, leurs origines et leur comportement. Des renseignements g\u00e9n\u00e9raux sur ces tumeurs vous sont fournis pour vous aider \u00e0 mieux comprendre votre diagnostic.","robots":{"index":"index","follow":"follow","max-snippet":"max-snippet:-1","max-image-preview":"max-image-preview:large","max-video-preview":"max-video-preview:-1"},"canonical":"https:\/\/www.braintumour.ca\/fr\/faire-face-a-une-tumeur-cerebrale\/types-de-tumeurs-cerebrales\/","og_locale":"fr_CA","og_type":"article","og_title":"Types de tumeurs c\u00e9r\u00e9brales","og_description":"Aprennez-en plus sur les diff\u00e9rents types de tumeurs c\u00e9r\u00e9brales, leurs origines et leur comportement. Des renseignements g\u00e9n\u00e9raux sur ces tumeurs vous sont fournis pour vous aider \u00e0 mieux comprendre votre diagnostic.","og_url":"https:\/\/www.braintumour.ca\/fr\/faire-face-a-une-tumeur-cerebrale\/types-de-tumeurs-cerebrales\/","og_site_name":"Fondation canadienne des tumeurs c\u00e9r\u00e9brales","article_modified_time":"2019-11-26T18:58:15+00:00","og_image":[{"width":672,"height":368,"url":"https:\/\/www.braintumour.ca\/wp-content\/uploads\/2019\/08\/brain_tumour_types@2x.jpg","type":"image\/jpeg"}],"twitter_card":"summary_large_image","twitter_misc":{"Estimation du temps de lecture":"2 minutes"},"schema":{"@context":"https:\/\/schema.org","@graph":[{"@type":"WebPage","@id":"https:\/\/www.braintumour.ca\/fr\/faire-face-a-une-tumeur-cerebrale\/types-de-tumeurs-cerebrales\/","url":"https:\/\/www.braintumour.ca\/fr\/faire-face-a-une-tumeur-cerebrale\/types-de-tumeurs-cerebrales\/","name":"Types de tumeurs c\u00e9r\u00e9brales - Fondation canadienne des tumeurs c\u00e9r\u00e9brales","isPartOf":{"@id":"https:\/\/www.braintumour.ca\/fr\/#website"},"primaryImageOfPage":{"@id":"https:\/\/www.braintumour.ca\/fr\/faire-face-a-une-tumeur-cerebrale\/types-de-tumeurs-cerebrales\/#primaryimage"},"image":{"@id":"https:\/\/www.braintumour.ca\/fr\/faire-face-a-une-tumeur-cerebrale\/types-de-tumeurs-cerebrales\/#primaryimage"},"thumbnailUrl":"https:\/\/www.braintumour.ca\/wp-content\/uploads\/2019\/08\/brain_tumour_types@2x.jpg","datePublished":"2019-07-08T20:34:34+00:00","dateModified":"2019-11-26T18:58:15+00:00","description":"Aprennez-en plus sur les diff\u00e9rents types de tumeurs c\u00e9r\u00e9brales, leurs origines et leur comportement. Des renseignements g\u00e9n\u00e9raux sur ces tumeurs vous sont fournis pour vous aider \u00e0 mieux comprendre votre diagnostic.","breadcrumb":{"@id":"https:\/\/www.braintumour.ca\/fr\/faire-face-a-une-tumeur-cerebrale\/types-de-tumeurs-cerebrales\/#breadcrumb"},"inLanguage":"fr-CA","potentialAction":[{"@type":"ReadAction","target":["https:\/\/www.braintumour.ca\/fr\/faire-face-a-une-tumeur-cerebrale\/types-de-tumeurs-cerebrales\/"]}]},{"@type":"ImageObject","inLanguage":"fr-CA","@id":"https:\/\/www.braintumour.ca\/fr\/faire-face-a-une-tumeur-cerebrale\/types-de-tumeurs-cerebrales\/#primaryimage","url":"https:\/\/www.braintumour.ca\/wp-content\/uploads\/2019\/08\/brain_tumour_types@2x.jpg","contentUrl":"https:\/\/www.braintumour.ca\/wp-content\/uploads\/2019\/08\/brain_tumour_types@2x.jpg","width":672,"height":368,"caption":"brain cancer scans"},{"@type":"BreadcrumbList","@id":"https:\/\/www.braintumour.ca\/fr\/faire-face-a-une-tumeur-cerebrale\/types-de-tumeurs-cerebrales\/#breadcrumb","itemListElement":[{"@type":"ListItem","position":1,"name":"Home","item":"https:\/\/www.braintumour.ca\/fr\/"},{"@type":"ListItem","position":2,"name":"Faire face \u00e0 une tumeur c\u00e9r\u00e9brale","item":"https:\/\/www.braintumour.ca\/fr\/faire-face-a-une-tumeur-cerebrale\/"},{"@type":"ListItem","position":3,"name":"Types de tumeurs c\u00e9r\u00e9brales"}]},{"@type":"WebSite","@id":"https:\/\/www.braintumour.ca\/fr\/#website","url":"https:\/\/www.braintumour.ca\/fr\/","name":"Fondation canadienne des tumeurs c\u00e9r\u00e9brales","description":"Notre mission est de venir en aide \u00e0 toutes les personnes touch\u00e9es par une tumeur c\u00e9r\u00e9brale au Canada par le biais de nos programmes d\u2019information, de soutien, d\u2019\u00e9ducation et de recherche.","potentialAction":[{"@type":"SearchAction","target":{"@type":"EntryPoint","urlTemplate":"https:\/\/www.braintumour.ca\/fr\/?s={search_term_string}"},"query-input":{"@type":"PropertyValueSpecification","valueRequired":true,"valueName":"search_term_string"}}],"inLanguage":"fr-CA"}]}},"_links":{"self":[{"href":"https:\/\/www.braintumour.ca\/fr\/wp-json\/wp\/v2\/pages\/2589","targetHints":{"allow":["GET"]}}],"collection":[{"href":"https:\/\/www.braintumour.ca\/fr\/wp-json\/wp\/v2\/pages"}],"about":[{"href":"https:\/\/www.braintumour.ca\/fr\/wp-json\/wp\/v2\/types\/page"}],"author":[{"embeddable":true,"href":"https:\/\/www.braintumour.ca\/fr\/wp-json\/wp\/v2\/users\/4"}],"replies":[{"embeddable":true,"href":"https:\/\/www.braintumour.ca\/fr\/wp-json\/wp\/v2\/comments?post=2589"}],"version-history":[{"count":0,"href":"https:\/\/www.braintumour.ca\/fr\/wp-json\/wp\/v2\/pages\/2589\/revisions"}],"up":[{"embeddable":true,"href":"https:\/\/www.braintumour.ca\/fr\/wp-json\/wp\/v2\/pages\/2524"}],"wp:featuredmedia":[{"embeddable":true,"href":"https:\/\/www.braintumour.ca\/fr\/wp-json\/wp\/v2\/media\/2314"}],"wp:attachment":[{"href":"https:\/\/www.braintumour.ca\/fr\/wp-json\/wp\/v2\/media?parent=2589"}],"wp:term":[{"taxonomy":"user_type","embeddable":true,"href":"https:\/\/www.braintumour.ca\/fr\/wp-json\/wp\/v2\/user_type?post=2589"}],"curies":[{"name":"wp","href":"https:\/\/api.w.org\/{rel}","templated":true}]}}