{"id":2599,"date":"2019-11-13T16:53:56","date_gmt":"2019-11-13T21:53:56","guid":{"rendered":"https:\/\/braintumour.ca\/gbm-fundraiser\/"},"modified":"2022-03-09T14:04:24","modified_gmt":"2022-03-09T19:04:24","slug":"levees-de-fonds-pour-le-glioblastome-multiforme","status":"publish","type":"page","link":"https:\/\/www.braintumour.ca\/fr\/levees-de-fonds-pour-le-glioblastome-multiforme\/","title":{"rendered":"Lev\u00e9es de fonds pour le glioblastome multiforme"},"content":{"rendered":"","protected":false},"excerpt":{"rendered":"","protected":false},"author":4,"featured_media":2343,"parent":0,"menu_order":54,"comment_status":"closed","ping_status":"closed","template":"","meta":{"_acf_changed":false,"footnotes":""},"user_type":[],"class_list":["post-2599","page","type-page","status-publish","has-post-thumbnail","hentry"],"acf":[],"yoast_head":"<!-- This site is optimized with the Yoast SEO Premium plugin v27.0 (Yoast SEO v27.0) - https:\/\/yoast.com\/product\/yoast-seo-premium-wordpress\/ -->\n<title>Lev\u00e9es de fonds pour le glioblastome multiforme - Fondation canadienne des tumeurs c\u00e9r\u00e9brales<\/title>\n<meta name=\"description\" content=\"Le glioblastome multiforme (GBM) est la tumeur primitive maligne du cerveau maligne la plus commune et la plus agressive. Il pousse tr\u00e8s vite et se propage rapidement.\" \/>\n<meta name=\"robots\" content=\"index, follow, max-snippet:-1, max-image-preview:large, max-video-preview:-1\" \/>\n<link rel=\"canonical\" href=\"https:\/\/www.braintumour.ca\/fr\/levees-de-fonds-pour-le-glioblastome-multiforme\/\" \/>\n<meta property=\"og:locale\" content=\"fr_CA\" \/>\n<meta property=\"og:type\" content=\"article\" \/>\n<meta property=\"og:title\" content=\"Lev\u00e9es de fonds pour le glioblastome multiforme\" \/>\n<meta property=\"og:description\" content=\"Le glioblastome multiforme (GBM) est la tumeur primitive maligne du cerveau maligne la plus commune et la plus agressive. Il pousse tr\u00e8s vite et se propage rapidement.\" \/>\n<meta property=\"og:url\" content=\"https:\/\/www.braintumour.ca\/fr\/levees-de-fonds-pour-le-glioblastome-multiforme\/\" \/>\n<meta property=\"og:site_name\" content=\"Fondation canadienne des tumeurs c\u00e9r\u00e9brales\" \/>\n<meta property=\"article:modified_time\" content=\"2022-03-09T19:04:24+00:00\" \/>\n<meta property=\"og:image\" content=\"https:\/\/www.braintumour.ca\/wp-content\/uploads\/2019\/11\/thumbnail_image0.jpg\" \/>\n\t<meta property=\"og:image:width\" content=\"1060\" \/>\n\t<meta property=\"og:image:height\" content=\"1398\" \/>\n\t<meta property=\"og:image:type\" content=\"image\/jpeg\" \/>\n<meta name=\"twitter:card\" content=\"summary_large_image\" \/>\n<script type=\"application\/ld+json\" class=\"yoast-schema-graph\">{\"@context\":\"https:\/\/schema.org\",\"@graph\":[{\"@type\":\"WebPage\",\"@id\":\"https:\/\/www.braintumour.ca\/fr\/levees-de-fonds-pour-le-glioblastome-multiforme\/\",\"url\":\"https:\/\/www.braintumour.ca\/fr\/levees-de-fonds-pour-le-glioblastome-multiforme\/\",\"name\":\"Lev\u00e9es de fonds pour le glioblastome multiforme - Fondation canadienne des tumeurs c\u00e9r\u00e9brales\",\"isPartOf\":{\"@id\":\"https:\/\/www.braintumour.ca\/fr\/#website\"},\"primaryImageOfPage\":{\"@id\":\"https:\/\/www.braintumour.ca\/fr\/levees-de-fonds-pour-le-glioblastome-multiforme\/#primaryimage\"},\"image\":{\"@id\":\"https:\/\/www.braintumour.ca\/fr\/levees-de-fonds-pour-le-glioblastome-multiforme\/#primaryimage\"},\"thumbnailUrl\":\"https:\/\/www.braintumour.ca\/wp-content\/uploads\/2019\/11\/thumbnail_image0.jpg\",\"datePublished\":\"2019-11-13T21:53:56+00:00\",\"dateModified\":\"2022-03-09T19:04:24+00:00\",\"description\":\"Le glioblastome multiforme (GBM) est la tumeur primitive maligne du cerveau maligne la plus commune et la plus agressive. Il pousse tr\u00e8s vite et se propage rapidement.\",\"breadcrumb\":{\"@id\":\"https:\/\/www.braintumour.ca\/fr\/levees-de-fonds-pour-le-glioblastome-multiforme\/#breadcrumb\"},\"inLanguage\":\"fr-CA\",\"potentialAction\":[{\"@type\":\"ReadAction\",\"target\":[\"https:\/\/www.braintumour.ca\/fr\/levees-de-fonds-pour-le-glioblastome-multiforme\/\"]}]},{\"@type\":\"ImageObject\",\"inLanguage\":\"fr-CA\",\"@id\":\"https:\/\/www.braintumour.ca\/fr\/levees-de-fonds-pour-le-glioblastome-multiforme\/#primaryimage\",\"url\":\"https:\/\/www.braintumour.ca\/wp-content\/uploads\/2019\/11\/thumbnail_image0.jpg\",\"contentUrl\":\"https:\/\/www.braintumour.ca\/wp-content\/uploads\/2019\/11\/thumbnail_image0.jpg\",\"width\":1060,\"height\":1398},{\"@type\":\"BreadcrumbList\",\"@id\":\"https:\/\/www.braintumour.ca\/fr\/levees-de-fonds-pour-le-glioblastome-multiforme\/#breadcrumb\",\"itemListElement\":[{\"@type\":\"ListItem\",\"position\":1,\"name\":\"Home\",\"item\":\"https:\/\/www.braintumour.ca\/fr\/\"},{\"@type\":\"ListItem\",\"position\":2,\"name\":\"Lev\u00e9es de fonds pour le glioblastome multiforme\"}]},{\"@type\":\"WebSite\",\"@id\":\"https:\/\/www.braintumour.ca\/fr\/#website\",\"url\":\"https:\/\/www.braintumour.ca\/fr\/\",\"name\":\"Fondation canadienne des tumeurs c\u00e9r\u00e9brales\",\"description\":\"Notre mission est de venir en aide \u00e0 toutes les personnes touch\u00e9es par une tumeur c\u00e9r\u00e9brale au Canada par le biais de nos programmes d\u2019information, de soutien, d\u2019\u00e9ducation et de recherche.\",\"potentialAction\":[{\"@type\":\"SearchAction\",\"target\":{\"@type\":\"EntryPoint\",\"urlTemplate\":\"https:\/\/www.braintumour.ca\/fr\/?s={search_term_string}\"},\"query-input\":{\"@type\":\"PropertyValueSpecification\",\"valueRequired\":true,\"valueName\":\"search_term_string\"}}],\"inLanguage\":\"fr-CA\"}]}<\/script>\n<!-- \/ Yoast SEO Premium plugin. -->","yoast_head_json":{"title":"Lev\u00e9es de fonds pour le glioblastome multiforme - Fondation canadienne des tumeurs c\u00e9r\u00e9brales","description":"Le glioblastome multiforme (GBM) est la tumeur primitive maligne du cerveau maligne la plus commune et la plus agressive. Il pousse tr\u00e8s vite et se propage rapidement.","robots":{"index":"index","follow":"follow","max-snippet":"max-snippet:-1","max-image-preview":"max-image-preview:large","max-video-preview":"max-video-preview:-1"},"canonical":"https:\/\/www.braintumour.ca\/fr\/levees-de-fonds-pour-le-glioblastome-multiforme\/","og_locale":"fr_CA","og_type":"article","og_title":"Lev\u00e9es de fonds pour le glioblastome multiforme","og_description":"Le glioblastome multiforme (GBM) est la tumeur primitive maligne du cerveau maligne la plus commune et la plus agressive. Il pousse tr\u00e8s vite et se propage rapidement.","og_url":"https:\/\/www.braintumour.ca\/fr\/levees-de-fonds-pour-le-glioblastome-multiforme\/","og_site_name":"Fondation canadienne des tumeurs c\u00e9r\u00e9brales","article_modified_time":"2022-03-09T19:04:24+00:00","og_image":[{"width":1060,"height":1398,"url":"https:\/\/www.braintumour.ca\/wp-content\/uploads\/2019\/11\/thumbnail_image0.jpg","type":"image\/jpeg"}],"twitter_card":"summary_large_image","schema":{"@context":"https:\/\/schema.org","@graph":[{"@type":"WebPage","@id":"https:\/\/www.braintumour.ca\/fr\/levees-de-fonds-pour-le-glioblastome-multiforme\/","url":"https:\/\/www.braintumour.ca\/fr\/levees-de-fonds-pour-le-glioblastome-multiforme\/","name":"Lev\u00e9es de fonds pour le glioblastome multiforme - Fondation canadienne des tumeurs c\u00e9r\u00e9brales","isPartOf":{"@id":"https:\/\/www.braintumour.ca\/fr\/#website"},"primaryImageOfPage":{"@id":"https:\/\/www.braintumour.ca\/fr\/levees-de-fonds-pour-le-glioblastome-multiforme\/#primaryimage"},"image":{"@id":"https:\/\/www.braintumour.ca\/fr\/levees-de-fonds-pour-le-glioblastome-multiforme\/#primaryimage"},"thumbnailUrl":"https:\/\/www.braintumour.ca\/wp-content\/uploads\/2019\/11\/thumbnail_image0.jpg","datePublished":"2019-11-13T21:53:56+00:00","dateModified":"2022-03-09T19:04:24+00:00","description":"Le glioblastome multiforme (GBM) est la tumeur primitive maligne du cerveau maligne la plus commune et la plus agressive. Il pousse tr\u00e8s vite et se propage rapidement.","breadcrumb":{"@id":"https:\/\/www.braintumour.ca\/fr\/levees-de-fonds-pour-le-glioblastome-multiforme\/#breadcrumb"},"inLanguage":"fr-CA","potentialAction":[{"@type":"ReadAction","target":["https:\/\/www.braintumour.ca\/fr\/levees-de-fonds-pour-le-glioblastome-multiforme\/"]}]},{"@type":"ImageObject","inLanguage":"fr-CA","@id":"https:\/\/www.braintumour.ca\/fr\/levees-de-fonds-pour-le-glioblastome-multiforme\/#primaryimage","url":"https:\/\/www.braintumour.ca\/wp-content\/uploads\/2019\/11\/thumbnail_image0.jpg","contentUrl":"https:\/\/www.braintumour.ca\/wp-content\/uploads\/2019\/11\/thumbnail_image0.jpg","width":1060,"height":1398},{"@type":"BreadcrumbList","@id":"https:\/\/www.braintumour.ca\/fr\/levees-de-fonds-pour-le-glioblastome-multiforme\/#breadcrumb","itemListElement":[{"@type":"ListItem","position":1,"name":"Home","item":"https:\/\/www.braintumour.ca\/fr\/"},{"@type":"ListItem","position":2,"name":"Lev\u00e9es de fonds pour le glioblastome multiforme"}]},{"@type":"WebSite","@id":"https:\/\/www.braintumour.ca\/fr\/#website","url":"https:\/\/www.braintumour.ca\/fr\/","name":"Fondation canadienne des tumeurs c\u00e9r\u00e9brales","description":"Notre mission est de venir en aide \u00e0 toutes les personnes touch\u00e9es par une tumeur c\u00e9r\u00e9brale au Canada par le biais de nos programmes d\u2019information, de soutien, d\u2019\u00e9ducation et de recherche.","potentialAction":[{"@type":"SearchAction","target":{"@type":"EntryPoint","urlTemplate":"https:\/\/www.braintumour.ca\/fr\/?s={search_term_string}"},"query-input":{"@type":"PropertyValueSpecification","valueRequired":true,"valueName":"search_term_string"}}],"inLanguage":"fr-CA"}]}},"_links":{"self":[{"href":"https:\/\/www.braintumour.ca\/fr\/wp-json\/wp\/v2\/pages\/2599","targetHints":{"allow":["GET"]}}],"collection":[{"href":"https:\/\/www.braintumour.ca\/fr\/wp-json\/wp\/v2\/pages"}],"about":[{"href":"https:\/\/www.braintumour.ca\/fr\/wp-json\/wp\/v2\/types\/page"}],"author":[{"embeddable":true,"href":"https:\/\/www.braintumour.ca\/fr\/wp-json\/wp\/v2\/users\/4"}],"replies":[{"embeddable":true,"href":"https:\/\/www.braintumour.ca\/fr\/wp-json\/wp\/v2\/comments?post=2599"}],"version-history":[{"count":0,"href":"https:\/\/www.braintumour.ca\/fr\/wp-json\/wp\/v2\/pages\/2599\/revisions"}],"wp:featuredmedia":[{"embeddable":true,"href":"https:\/\/www.braintumour.ca\/fr\/wp-json\/wp\/v2\/media\/2343"}],"wp:attachment":[{"href":"https:\/\/www.braintumour.ca\/fr\/wp-json\/wp\/v2\/media?parent=2599"}],"wp:term":[{"taxonomy":"user_type","embeddable":true,"href":"https:\/\/www.braintumour.ca\/fr\/wp-json\/wp\/v2\/user_type?post=2599"}],"curies":[{"name":"wp","href":"https:\/\/api.w.org\/{rel}","templated":true}]}}