{"id":2601,"date":"2019-08-12T10:53:45","date_gmt":"2019-08-12T14:53:45","guid":{"rendered":"https:\/\/braintumour.ca\/get-involved\/"},"modified":"2024-05-23T10:44:26","modified_gmt":"2024-05-23T14:44:26","slug":"impliquez-vous","status":"publish","type":"page","link":"https:\/\/www.braintumour.ca\/fr\/impliquez-vous\/","title":{"rendered":"Impliquez-vous"},"content":{"rendered":"<p>Vous pouvez vous impliquer de nombreuses fa\u00e7ons! Non seulement \u00e0 titre de b\u00e9n\u00e9vole, mais \u00e9galement en sensibilisant ou en d\u00e9fendant les int\u00e9r\u00eats de la communaut\u00e9 des tumeurs c\u00e9r\u00e9brales. Quelle que soit la fa\u00e7on dont vous vous impliquez, nous vous en remercions!<\/p>\n","protected":false},"excerpt":{"rendered":"<p>Vous pouvez vous impliquer de nombreuses fa\u00e7ons! Non seulement \u00e0 titre de b\u00e9n\u00e9vole, mais \u00e9galement en sensibilisant ou en d\u00e9fendant [&hellip;]<\/p>\n","protected":false},"author":4,"featured_media":12167,"parent":0,"menu_order":56,"comment_status":"closed","ping_status":"closed","template":"page-templates\/parent--grid.php","meta":{"_acf_changed":false,"footnotes":""},"user_type":[137],"class_list":["post-2601","page","type-page","status-publish","has-post-thumbnail","hentry","user_type-benevole"],"acf":[],"yoast_head":"<!-- This site is optimized with the Yoast SEO Premium plugin v27.0 (Yoast SEO v27.0) - https:\/\/yoast.com\/product\/yoast-seo-premium-wordpress\/ -->\n<title>Impliquez-vous - Fondation canadienne des tumeurs c\u00e9r\u00e9brales<\/title>\n<meta name=\"description\" content=\"Vous pouvez vous impliquer de nombreuses fa\u00e7ons! Non seulement \u00e0 titre de b\u00e9n\u00e9vole, mais \u00e9galement en sensibilisant ou en d\u00e9fendant les int\u00e9r\u00eats de la communaut\u00e9 des tumeurs c\u00e9r\u00e9brales.\" \/>\n<meta name=\"robots\" content=\"index, follow, max-snippet:-1, max-image-preview:large, max-video-preview:-1\" \/>\n<link rel=\"canonical\" href=\"https:\/\/www.braintumour.ca\/fr\/impliquez-vous\/\" \/>\n<meta property=\"og:locale\" content=\"fr_CA\" \/>\n<meta property=\"og:type\" content=\"article\" \/>\n<meta property=\"og:title\" content=\"Impliquez-vous\" \/>\n<meta property=\"og:description\" content=\"Vous pouvez vous impliquer de nombreuses fa\u00e7ons! Non seulement \u00e0 titre de b\u00e9n\u00e9vole, mais \u00e9galement en sensibilisant ou en d\u00e9fendant les int\u00e9r\u00eats de la communaut\u00e9 des tumeurs c\u00e9r\u00e9brales.\" \/>\n<meta property=\"og:url\" content=\"https:\/\/www.braintumour.ca\/fr\/impliquez-vous\/\" \/>\n<meta property=\"og:site_name\" content=\"Fondation canadienne des tumeurs c\u00e9r\u00e9brales\" \/>\n<meta property=\"article:modified_time\" content=\"2024-05-23T14:44:26+00:00\" \/>\n<meta property=\"og:image\" content=\"https:\/\/www.braintumour.ca\/wp-content\/uploads\/2024\/05\/Get-Involved-Banner-Final.jpg\" \/>\n\t<meta property=\"og:image:width\" content=\"2560\" \/>\n\t<meta property=\"og:image:height\" content=\"1031\" \/>\n\t<meta property=\"og:image:type\" content=\"image\/jpeg\" \/>\n<meta name=\"twitter:card\" content=\"summary_large_image\" \/>\n<meta name=\"twitter:label1\" content=\"Estimation du temps de lecture\" \/>\n\t<meta name=\"twitter:data1\" content=\"1 minute\" \/>\n<script type=\"application\/ld+json\" class=\"yoast-schema-graph\">{\"@context\":\"https:\/\/schema.org\",\"@graph\":[{\"@type\":\"WebPage\",\"@id\":\"https:\/\/www.braintumour.ca\/fr\/impliquez-vous\/\",\"url\":\"https:\/\/www.braintumour.ca\/fr\/impliquez-vous\/\",\"name\":\"Impliquez-vous - Fondation canadienne des tumeurs c\u00e9r\u00e9brales\",\"isPartOf\":{\"@id\":\"https:\/\/www.braintumour.ca\/fr\/#website\"},\"primaryImageOfPage\":{\"@id\":\"https:\/\/www.braintumour.ca\/fr\/impliquez-vous\/#primaryimage\"},\"image\":{\"@id\":\"https:\/\/www.braintumour.ca\/fr\/impliquez-vous\/#primaryimage\"},\"thumbnailUrl\":\"https:\/\/www.braintumour.ca\/wp-content\/uploads\/2024\/05\/Get-Involved-Banner-Final.jpg\",\"datePublished\":\"2019-08-12T14:53:45+00:00\",\"dateModified\":\"2024-05-23T14:44:26+00:00\",\"description\":\"Vous pouvez vous impliquer de nombreuses fa\u00e7ons! Non seulement \u00e0 titre de b\u00e9n\u00e9vole, mais \u00e9galement en sensibilisant ou en d\u00e9fendant les int\u00e9r\u00eats de la communaut\u00e9 des tumeurs c\u00e9r\u00e9brales.\",\"breadcrumb\":{\"@id\":\"https:\/\/www.braintumour.ca\/fr\/impliquez-vous\/#breadcrumb\"},\"inLanguage\":\"fr-CA\",\"potentialAction\":[{\"@type\":\"ReadAction\",\"target\":[\"https:\/\/www.braintumour.ca\/fr\/impliquez-vous\/\"]}]},{\"@type\":\"ImageObject\",\"inLanguage\":\"fr-CA\",\"@id\":\"https:\/\/www.braintumour.ca\/fr\/impliquez-vous\/#primaryimage\",\"url\":\"https:\/\/www.braintumour.ca\/wp-content\/uploads\/2024\/05\/Get-Involved-Banner-Final.jpg\",\"contentUrl\":\"https:\/\/www.braintumour.ca\/wp-content\/uploads\/2024\/05\/Get-Involved-Banner-Final.jpg\",\"width\":2560,\"height\":1031},{\"@type\":\"BreadcrumbList\",\"@id\":\"https:\/\/www.braintumour.ca\/fr\/impliquez-vous\/#breadcrumb\",\"itemListElement\":[{\"@type\":\"ListItem\",\"position\":1,\"name\":\"Home\",\"item\":\"https:\/\/www.braintumour.ca\/fr\/\"},{\"@type\":\"ListItem\",\"position\":2,\"name\":\"Impliquez-vous\"}]},{\"@type\":\"WebSite\",\"@id\":\"https:\/\/www.braintumour.ca\/fr\/#website\",\"url\":\"https:\/\/www.braintumour.ca\/fr\/\",\"name\":\"Fondation canadienne des tumeurs c\u00e9r\u00e9brales\",\"description\":\"Notre mission est de venir en aide \u00e0 toutes les personnes touch\u00e9es par une tumeur c\u00e9r\u00e9brale au Canada par le biais de nos programmes d\u2019information, de soutien, d\u2019\u00e9ducation et de recherche.\",\"potentialAction\":[{\"@type\":\"SearchAction\",\"target\":{\"@type\":\"EntryPoint\",\"urlTemplate\":\"https:\/\/www.braintumour.ca\/fr\/?s={search_term_string}\"},\"query-input\":{\"@type\":\"PropertyValueSpecification\",\"valueRequired\":true,\"valueName\":\"search_term_string\"}}],\"inLanguage\":\"fr-CA\"}]}<\/script>\n<!-- \/ Yoast SEO Premium plugin. -->","yoast_head_json":{"title":"Impliquez-vous - Fondation canadienne des tumeurs c\u00e9r\u00e9brales","description":"Vous pouvez vous impliquer de nombreuses fa\u00e7ons! Non seulement \u00e0 titre de b\u00e9n\u00e9vole, mais \u00e9galement en sensibilisant ou en d\u00e9fendant les int\u00e9r\u00eats de la communaut\u00e9 des tumeurs c\u00e9r\u00e9brales.","robots":{"index":"index","follow":"follow","max-snippet":"max-snippet:-1","max-image-preview":"max-image-preview:large","max-video-preview":"max-video-preview:-1"},"canonical":"https:\/\/www.braintumour.ca\/fr\/impliquez-vous\/","og_locale":"fr_CA","og_type":"article","og_title":"Impliquez-vous","og_description":"Vous pouvez vous impliquer de nombreuses fa\u00e7ons! Non seulement \u00e0 titre de b\u00e9n\u00e9vole, mais \u00e9galement en sensibilisant ou en d\u00e9fendant les int\u00e9r\u00eats de la communaut\u00e9 des tumeurs c\u00e9r\u00e9brales.","og_url":"https:\/\/www.braintumour.ca\/fr\/impliquez-vous\/","og_site_name":"Fondation canadienne des tumeurs c\u00e9r\u00e9brales","article_modified_time":"2024-05-23T14:44:26+00:00","og_image":[{"width":2560,"height":1031,"url":"https:\/\/www.braintumour.ca\/wp-content\/uploads\/2024\/05\/Get-Involved-Banner-Final.jpg","type":"image\/jpeg"}],"twitter_card":"summary_large_image","twitter_misc":{"Estimation du temps de lecture":"1 minute"},"schema":{"@context":"https:\/\/schema.org","@graph":[{"@type":"WebPage","@id":"https:\/\/www.braintumour.ca\/fr\/impliquez-vous\/","url":"https:\/\/www.braintumour.ca\/fr\/impliquez-vous\/","name":"Impliquez-vous - Fondation canadienne des tumeurs c\u00e9r\u00e9brales","isPartOf":{"@id":"https:\/\/www.braintumour.ca\/fr\/#website"},"primaryImageOfPage":{"@id":"https:\/\/www.braintumour.ca\/fr\/impliquez-vous\/#primaryimage"},"image":{"@id":"https:\/\/www.braintumour.ca\/fr\/impliquez-vous\/#primaryimage"},"thumbnailUrl":"https:\/\/www.braintumour.ca\/wp-content\/uploads\/2024\/05\/Get-Involved-Banner-Final.jpg","datePublished":"2019-08-12T14:53:45+00:00","dateModified":"2024-05-23T14:44:26+00:00","description":"Vous pouvez vous impliquer de nombreuses fa\u00e7ons! Non seulement \u00e0 titre de b\u00e9n\u00e9vole, mais \u00e9galement en sensibilisant ou en d\u00e9fendant les int\u00e9r\u00eats de la communaut\u00e9 des tumeurs c\u00e9r\u00e9brales.","breadcrumb":{"@id":"https:\/\/www.braintumour.ca\/fr\/impliquez-vous\/#breadcrumb"},"inLanguage":"fr-CA","potentialAction":[{"@type":"ReadAction","target":["https:\/\/www.braintumour.ca\/fr\/impliquez-vous\/"]}]},{"@type":"ImageObject","inLanguage":"fr-CA","@id":"https:\/\/www.braintumour.ca\/fr\/impliquez-vous\/#primaryimage","url":"https:\/\/www.braintumour.ca\/wp-content\/uploads\/2024\/05\/Get-Involved-Banner-Final.jpg","contentUrl":"https:\/\/www.braintumour.ca\/wp-content\/uploads\/2024\/05\/Get-Involved-Banner-Final.jpg","width":2560,"height":1031},{"@type":"BreadcrumbList","@id":"https:\/\/www.braintumour.ca\/fr\/impliquez-vous\/#breadcrumb","itemListElement":[{"@type":"ListItem","position":1,"name":"Home","item":"https:\/\/www.braintumour.ca\/fr\/"},{"@type":"ListItem","position":2,"name":"Impliquez-vous"}]},{"@type":"WebSite","@id":"https:\/\/www.braintumour.ca\/fr\/#website","url":"https:\/\/www.braintumour.ca\/fr\/","name":"Fondation canadienne des tumeurs c\u00e9r\u00e9brales","description":"Notre mission est de venir en aide \u00e0 toutes les personnes touch\u00e9es par une tumeur c\u00e9r\u00e9brale au Canada par le biais de nos programmes d\u2019information, de soutien, d\u2019\u00e9ducation et de recherche.","potentialAction":[{"@type":"SearchAction","target":{"@type":"EntryPoint","urlTemplate":"https:\/\/www.braintumour.ca\/fr\/?s={search_term_string}"},"query-input":{"@type":"PropertyValueSpecification","valueRequired":true,"valueName":"search_term_string"}}],"inLanguage":"fr-CA"}]}},"_links":{"self":[{"href":"https:\/\/www.braintumour.ca\/fr\/wp-json\/wp\/v2\/pages\/2601","targetHints":{"allow":["GET"]}}],"collection":[{"href":"https:\/\/www.braintumour.ca\/fr\/wp-json\/wp\/v2\/pages"}],"about":[{"href":"https:\/\/www.braintumour.ca\/fr\/wp-json\/wp\/v2\/types\/page"}],"author":[{"embeddable":true,"href":"https:\/\/www.braintumour.ca\/fr\/wp-json\/wp\/v2\/users\/4"}],"replies":[{"embeddable":true,"href":"https:\/\/www.braintumour.ca\/fr\/wp-json\/wp\/v2\/comments?post=2601"}],"version-history":[{"count":0,"href":"https:\/\/www.braintumour.ca\/fr\/wp-json\/wp\/v2\/pages\/2601\/revisions"}],"wp:featuredmedia":[{"embeddable":true,"href":"https:\/\/www.braintumour.ca\/fr\/wp-json\/wp\/v2\/media\/12167"}],"wp:attachment":[{"href":"https:\/\/www.braintumour.ca\/fr\/wp-json\/wp\/v2\/media?parent=2601"}],"wp:term":[{"taxonomy":"user_type","embeddable":true,"href":"https:\/\/www.braintumour.ca\/fr\/wp-json\/wp\/v2\/user_type?post=2601"}],"curies":[{"name":"wp","href":"https:\/\/api.w.org\/{rel}","templated":true}]}}