{"id":2606,"date":"2019-08-26T16:42:10","date_gmt":"2019-08-26T20:42:10","guid":{"rendered":"https:\/\/braintumour.ca\/get-involved\/host-a-community-event\/"},"modified":"2025-01-06T10:40:08","modified_gmt":"2025-01-06T15:40:08","slug":"organisez-un-evenement-communautaire","status":"publish","type":"page","link":"https:\/\/www.braintumour.ca\/fr\/impliquez-vous\/organisez-un-evenement-communautaire\/","title":{"rendered":"Organisez un \u00e9v\u00e9nement communautaire"},"content":{"rendered":"<p>Organiser un \u00e9v\u00e9nement communautaire au profit de la Fondation canadienne des tumeurs c\u00e9r\u00e9brales est une excellente fa\u00e7on de rendre hommage aux personnes touch\u00e9es.<\/p>\n","protected":false},"excerpt":{"rendered":"<p>Organiser un \u00e9v\u00e9nement communautaire au profit de la Fondation canadienne des tumeurs c\u00e9r\u00e9brales est une excellente fa\u00e7on de rendre hommage [&hellip;]<\/p>\n","protected":false},"author":4,"featured_media":10420,"parent":2601,"menu_order":5,"comment_status":"closed","ping_status":"closed","template":"page-templates\/parent--list.php","meta":{"_acf_changed":false,"footnotes":""},"user_type":[137],"class_list":["post-2606","page","type-page","status-publish","has-post-thumbnail","hentry","user_type-benevole"],"acf":[],"yoast_head":"<!-- This site is optimized with the Yoast SEO Premium plugin v27.0 (Yoast SEO v27.0) - https:\/\/yoast.com\/product\/yoast-seo-premium-wordpress\/ -->\n<title>Organisez un \u00e9v\u00e9nement communautaire - Fondation canadienne des tumeurs c\u00e9r\u00e9brales<\/title>\n<meta name=\"description\" content=\"Organiser un \u00e9v\u00e9nement communautaire au profit de la Fondation canadienne des tumeurs c\u00e9r\u00e9brales est une excellente fa\u00e7on de rendre hommage aux personnes touch\u00e9es.\" \/>\n<meta name=\"robots\" content=\"index, follow, max-snippet:-1, max-image-preview:large, max-video-preview:-1\" \/>\n<link rel=\"canonical\" href=\"https:\/\/www.braintumour.ca\/fr\/impliquez-vous\/organisez-un-evenement-communautaire\/\" \/>\n<meta property=\"og:locale\" content=\"fr_CA\" \/>\n<meta property=\"og:type\" content=\"article\" \/>\n<meta property=\"og:title\" content=\"Organisez un \u00e9v\u00e9nement communautaire\" \/>\n<meta property=\"og:description\" content=\"Organiser un \u00e9v\u00e9nement communautaire au profit de la Fondation canadienne des tumeurs c\u00e9r\u00e9brales est une excellente fa\u00e7on de rendre hommage aux personnes touch\u00e9es.\" \/>\n<meta property=\"og:url\" content=\"https:\/\/www.braintumour.ca\/fr\/impliquez-vous\/organisez-un-evenement-communautaire\/\" \/>\n<meta property=\"og:site_name\" content=\"Fondation canadienne des tumeurs c\u00e9r\u00e9brales\" \/>\n<meta property=\"article:modified_time\" content=\"2025-01-06T15:40:08+00:00\" \/>\n<meta property=\"og:image\" content=\"https:\/\/www.braintumour.ca\/wp-content\/uploads\/2022\/11\/4.png\" \/>\n\t<meta property=\"og:image:width\" content=\"1440\" \/>\n\t<meta property=\"og:image:height\" content=\"472\" \/>\n\t<meta property=\"og:image:type\" content=\"image\/png\" \/>\n<meta name=\"twitter:card\" content=\"summary_large_image\" \/>\n<meta name=\"twitter:label1\" content=\"Estimation du temps de lecture\" \/>\n\t<meta name=\"twitter:data1\" content=\"2 minutes\" \/>\n<script type=\"application\/ld+json\" class=\"yoast-schema-graph\">{\"@context\":\"https:\/\/schema.org\",\"@graph\":[{\"@type\":\"WebPage\",\"@id\":\"https:\/\/www.braintumour.ca\/fr\/impliquez-vous\/organisez-un-evenement-communautaire\/\",\"url\":\"https:\/\/www.braintumour.ca\/fr\/impliquez-vous\/organisez-un-evenement-communautaire\/\",\"name\":\"Organisez un \u00e9v\u00e9nement communautaire - Fondation canadienne des tumeurs c\u00e9r\u00e9brales\",\"isPartOf\":{\"@id\":\"https:\/\/www.braintumour.ca\/fr\/#website\"},\"primaryImageOfPage\":{\"@id\":\"https:\/\/www.braintumour.ca\/fr\/impliquez-vous\/organisez-un-evenement-communautaire\/#primaryimage\"},\"image\":{\"@id\":\"https:\/\/www.braintumour.ca\/fr\/impliquez-vous\/organisez-un-evenement-communautaire\/#primaryimage\"},\"thumbnailUrl\":\"https:\/\/www.braintumour.ca\/wp-content\/uploads\/2022\/11\/4.png\",\"datePublished\":\"2019-08-26T20:42:10+00:00\",\"dateModified\":\"2025-01-06T15:40:08+00:00\",\"description\":\"Organiser un \u00e9v\u00e9nement communautaire au profit de la Fondation canadienne des tumeurs c\u00e9r\u00e9brales est une excellente fa\u00e7on de rendre hommage aux personnes touch\u00e9es.\",\"breadcrumb\":{\"@id\":\"https:\/\/www.braintumour.ca\/fr\/impliquez-vous\/organisez-un-evenement-communautaire\/#breadcrumb\"},\"inLanguage\":\"fr-CA\",\"potentialAction\":[{\"@type\":\"ReadAction\",\"target\":[\"https:\/\/www.braintumour.ca\/fr\/impliquez-vous\/organisez-un-evenement-communautaire\/\"]}]},{\"@type\":\"ImageObject\",\"inLanguage\":\"fr-CA\",\"@id\":\"https:\/\/www.braintumour.ca\/fr\/impliquez-vous\/organisez-un-evenement-communautaire\/#primaryimage\",\"url\":\"https:\/\/www.braintumour.ca\/wp-content\/uploads\/2022\/11\/4.png\",\"contentUrl\":\"https:\/\/www.braintumour.ca\/wp-content\/uploads\/2022\/11\/4.png\",\"width\":1440,\"height\":472},{\"@type\":\"BreadcrumbList\",\"@id\":\"https:\/\/www.braintumour.ca\/fr\/impliquez-vous\/organisez-un-evenement-communautaire\/#breadcrumb\",\"itemListElement\":[{\"@type\":\"ListItem\",\"position\":1,\"name\":\"Home\",\"item\":\"https:\/\/www.braintumour.ca\/fr\/\"},{\"@type\":\"ListItem\",\"position\":2,\"name\":\"Impliquez-vous\",\"item\":\"https:\/\/www.braintumour.ca\/fr\/impliquez-vous\/\"},{\"@type\":\"ListItem\",\"position\":3,\"name\":\"Organisez un \u00e9v\u00e9nement communautaire\"}]},{\"@type\":\"WebSite\",\"@id\":\"https:\/\/www.braintumour.ca\/fr\/#website\",\"url\":\"https:\/\/www.braintumour.ca\/fr\/\",\"name\":\"Fondation canadienne des tumeurs c\u00e9r\u00e9brales\",\"description\":\"Notre mission est de venir en aide \u00e0 toutes les personnes touch\u00e9es par une tumeur c\u00e9r\u00e9brale au Canada par le biais de nos programmes d\u2019information, de soutien, d\u2019\u00e9ducation et de recherche.\",\"potentialAction\":[{\"@type\":\"SearchAction\",\"target\":{\"@type\":\"EntryPoint\",\"urlTemplate\":\"https:\/\/www.braintumour.ca\/fr\/?s={search_term_string}\"},\"query-input\":{\"@type\":\"PropertyValueSpecification\",\"valueRequired\":true,\"valueName\":\"search_term_string\"}}],\"inLanguage\":\"fr-CA\"}]}<\/script>\n<!-- \/ Yoast SEO Premium plugin. -->","yoast_head_json":{"title":"Organisez un \u00e9v\u00e9nement communautaire - Fondation canadienne des tumeurs c\u00e9r\u00e9brales","description":"Organiser un \u00e9v\u00e9nement communautaire au profit de la Fondation canadienne des tumeurs c\u00e9r\u00e9brales est une excellente fa\u00e7on de rendre hommage aux personnes touch\u00e9es.","robots":{"index":"index","follow":"follow","max-snippet":"max-snippet:-1","max-image-preview":"max-image-preview:large","max-video-preview":"max-video-preview:-1"},"canonical":"https:\/\/www.braintumour.ca\/fr\/impliquez-vous\/organisez-un-evenement-communautaire\/","og_locale":"fr_CA","og_type":"article","og_title":"Organisez un \u00e9v\u00e9nement communautaire","og_description":"Organiser un \u00e9v\u00e9nement communautaire au profit de la Fondation canadienne des tumeurs c\u00e9r\u00e9brales est une excellente fa\u00e7on de rendre hommage aux personnes touch\u00e9es.","og_url":"https:\/\/www.braintumour.ca\/fr\/impliquez-vous\/organisez-un-evenement-communautaire\/","og_site_name":"Fondation canadienne des tumeurs c\u00e9r\u00e9brales","article_modified_time":"2025-01-06T15:40:08+00:00","og_image":[{"width":1440,"height":472,"url":"https:\/\/www.braintumour.ca\/wp-content\/uploads\/2022\/11\/4.png","type":"image\/png"}],"twitter_card":"summary_large_image","twitter_misc":{"Estimation du temps de lecture":"2 minutes"},"schema":{"@context":"https:\/\/schema.org","@graph":[{"@type":"WebPage","@id":"https:\/\/www.braintumour.ca\/fr\/impliquez-vous\/organisez-un-evenement-communautaire\/","url":"https:\/\/www.braintumour.ca\/fr\/impliquez-vous\/organisez-un-evenement-communautaire\/","name":"Organisez un \u00e9v\u00e9nement communautaire - Fondation canadienne des tumeurs c\u00e9r\u00e9brales","isPartOf":{"@id":"https:\/\/www.braintumour.ca\/fr\/#website"},"primaryImageOfPage":{"@id":"https:\/\/www.braintumour.ca\/fr\/impliquez-vous\/organisez-un-evenement-communautaire\/#primaryimage"},"image":{"@id":"https:\/\/www.braintumour.ca\/fr\/impliquez-vous\/organisez-un-evenement-communautaire\/#primaryimage"},"thumbnailUrl":"https:\/\/www.braintumour.ca\/wp-content\/uploads\/2022\/11\/4.png","datePublished":"2019-08-26T20:42:10+00:00","dateModified":"2025-01-06T15:40:08+00:00","description":"Organiser un \u00e9v\u00e9nement communautaire au profit de la Fondation canadienne des tumeurs c\u00e9r\u00e9brales est une excellente fa\u00e7on de rendre hommage aux personnes touch\u00e9es.","breadcrumb":{"@id":"https:\/\/www.braintumour.ca\/fr\/impliquez-vous\/organisez-un-evenement-communautaire\/#breadcrumb"},"inLanguage":"fr-CA","potentialAction":[{"@type":"ReadAction","target":["https:\/\/www.braintumour.ca\/fr\/impliquez-vous\/organisez-un-evenement-communautaire\/"]}]},{"@type":"ImageObject","inLanguage":"fr-CA","@id":"https:\/\/www.braintumour.ca\/fr\/impliquez-vous\/organisez-un-evenement-communautaire\/#primaryimage","url":"https:\/\/www.braintumour.ca\/wp-content\/uploads\/2022\/11\/4.png","contentUrl":"https:\/\/www.braintumour.ca\/wp-content\/uploads\/2022\/11\/4.png","width":1440,"height":472},{"@type":"BreadcrumbList","@id":"https:\/\/www.braintumour.ca\/fr\/impliquez-vous\/organisez-un-evenement-communautaire\/#breadcrumb","itemListElement":[{"@type":"ListItem","position":1,"name":"Home","item":"https:\/\/www.braintumour.ca\/fr\/"},{"@type":"ListItem","position":2,"name":"Impliquez-vous","item":"https:\/\/www.braintumour.ca\/fr\/impliquez-vous\/"},{"@type":"ListItem","position":3,"name":"Organisez un \u00e9v\u00e9nement communautaire"}]},{"@type":"WebSite","@id":"https:\/\/www.braintumour.ca\/fr\/#website","url":"https:\/\/www.braintumour.ca\/fr\/","name":"Fondation canadienne des tumeurs c\u00e9r\u00e9brales","description":"Notre mission est de venir en aide \u00e0 toutes les personnes touch\u00e9es par une tumeur c\u00e9r\u00e9brale au Canada par le biais de nos programmes d\u2019information, de soutien, d\u2019\u00e9ducation et de recherche.","potentialAction":[{"@type":"SearchAction","target":{"@type":"EntryPoint","urlTemplate":"https:\/\/www.braintumour.ca\/fr\/?s={search_term_string}"},"query-input":{"@type":"PropertyValueSpecification","valueRequired":true,"valueName":"search_term_string"}}],"inLanguage":"fr-CA"}]}},"_links":{"self":[{"href":"https:\/\/www.braintumour.ca\/fr\/wp-json\/wp\/v2\/pages\/2606","targetHints":{"allow":["GET"]}}],"collection":[{"href":"https:\/\/www.braintumour.ca\/fr\/wp-json\/wp\/v2\/pages"}],"about":[{"href":"https:\/\/www.braintumour.ca\/fr\/wp-json\/wp\/v2\/types\/page"}],"author":[{"embeddable":true,"href":"https:\/\/www.braintumour.ca\/fr\/wp-json\/wp\/v2\/users\/4"}],"replies":[{"embeddable":true,"href":"https:\/\/www.braintumour.ca\/fr\/wp-json\/wp\/v2\/comments?post=2606"}],"version-history":[{"count":0,"href":"https:\/\/www.braintumour.ca\/fr\/wp-json\/wp\/v2\/pages\/2606\/revisions"}],"up":[{"embeddable":true,"href":"https:\/\/www.braintumour.ca\/fr\/wp-json\/wp\/v2\/pages\/2601"}],"wp:featuredmedia":[{"embeddable":true,"href":"https:\/\/www.braintumour.ca\/fr\/wp-json\/wp\/v2\/media\/10420"}],"wp:attachment":[{"href":"https:\/\/www.braintumour.ca\/fr\/wp-json\/wp\/v2\/media?parent=2606"}],"wp:term":[{"taxonomy":"user_type","embeddable":true,"href":"https:\/\/www.braintumour.ca\/fr\/wp-json\/wp\/v2\/user_type?post=2606"}],"curies":[{"name":"wp","href":"https:\/\/api.w.org\/{rel}","templated":true}]}}