{"id":2608,"date":"2019-08-26T16:43:16","date_gmt":"2019-08-26T20:43:16","guid":{"rendered":"https:\/\/braintumour.ca\/get-involved\/organisez-un-evenement-communautaire\/facebook-fundraisers\/"},"modified":"2024-04-30T19:35:17","modified_gmt":"2024-04-30T23:35:17","slug":"facebook-fundraisers","status":"publish","type":"page","link":"https:\/\/www.braintumour.ca\/fr\/impliquez-vous\/organisez-un-evenement-communautaire\/facebook-fundraisers\/","title":{"rendered":"Lev\u00e9es de fonds Facebook et Instagram"},"content":{"rendered":"<h5>Vous c\u00e9l\u00e9brez une occasion sp\u00e9ciale ou d\u00e9sirez apporter de l\u2019espoir aux personnes touch\u00e9es par une tumeur c\u00e9r\u00e9brale? Il est d\u00e9sormais possible de recueillir des fonds via Facebook et Instagram. <\/h5>\n","protected":false},"excerpt":{"rendered":"<p>Vous c\u00e9l\u00e9brez une occasion sp\u00e9ciale ou d\u00e9sirez apporter de l\u2019espoir aux personnes touch\u00e9es par une tumeur c\u00e9r\u00e9brale? Il est d\u00e9sormais [&hellip;]<\/p>\n","protected":false},"author":4,"featured_media":746,"parent":2606,"menu_order":1,"comment_status":"closed","ping_status":"closed","template":"","meta":{"_acf_changed":false,"footnotes":""},"user_type":[137],"class_list":["post-2608","page","type-page","status-publish","has-post-thumbnail","hentry","user_type-benevole"],"acf":[],"yoast_head":"<!-- This site is optimized with the Yoast SEO Premium plugin v27.0 (Yoast SEO v27.0) - https:\/\/yoast.com\/product\/yoast-seo-premium-wordpress\/ -->\n<title>Lev\u00e9es de fonds Facebook et Instagram - Fondation canadienne des tumeurs c\u00e9r\u00e9brales<\/title>\n<meta name=\"description\" content=\"Aprenez comment recueillir des fonds pour la recherche et les service de soutien et d&#039;information de la Fondation canadienne des tumeurs c\u00e9r\u00e9brales via la plateforme Facebook.\" \/>\n<meta name=\"robots\" content=\"index, follow, max-snippet:-1, max-image-preview:large, max-video-preview:-1\" \/>\n<link rel=\"canonical\" href=\"https:\/\/www.braintumour.ca\/fr\/impliquez-vous\/organisez-un-evenement-communautaire\/facebook-fundraisers\/\" \/>\n<meta property=\"og:locale\" content=\"fr_CA\" \/>\n<meta property=\"og:type\" content=\"article\" \/>\n<meta property=\"og:title\" content=\"Lev\u00e9es de fonds Facebook et Instagram\" \/>\n<meta property=\"og:description\" content=\"Aprenez comment recueillir des fonds pour la recherche et les service de soutien et d&#039;information de la Fondation canadienne des tumeurs c\u00e9r\u00e9brales via la plateforme Facebook.\" \/>\n<meta property=\"og:url\" content=\"https:\/\/www.braintumour.ca\/fr\/impliquez-vous\/organisez-un-evenement-communautaire\/facebook-fundraisers\/\" \/>\n<meta property=\"og:site_name\" content=\"Fondation canadienne des tumeurs c\u00e9r\u00e9brales\" \/>\n<meta property=\"article:modified_time\" content=\"2024-04-30T23:35:17+00:00\" \/>\n<meta property=\"og:image\" content=\"https:\/\/www.braintumour.ca\/wp-content\/uploads\/2019\/09\/hand-flowers.jpg\" \/>\n\t<meta property=\"og:image:width\" content=\"1273\" \/>\n\t<meta property=\"og:image:height\" content=\"772\" \/>\n\t<meta property=\"og:image:type\" content=\"image\/jpeg\" \/>\n<meta name=\"twitter:card\" content=\"summary_large_image\" \/>\n<meta name=\"twitter:label1\" content=\"Estimation du temps de lecture\" \/>\n\t<meta name=\"twitter:data1\" content=\"2 minutes\" \/>\n<script type=\"application\/ld+json\" class=\"yoast-schema-graph\">{\"@context\":\"https:\/\/schema.org\",\"@graph\":[{\"@type\":\"WebPage\",\"@id\":\"https:\/\/www.braintumour.ca\/fr\/impliquez-vous\/organisez-un-evenement-communautaire\/facebook-fundraisers\/\",\"url\":\"https:\/\/www.braintumour.ca\/fr\/impliquez-vous\/organisez-un-evenement-communautaire\/facebook-fundraisers\/\",\"name\":\"Lev\u00e9es de fonds Facebook et Instagram - Fondation canadienne des tumeurs c\u00e9r\u00e9brales\",\"isPartOf\":{\"@id\":\"https:\/\/www.braintumour.ca\/fr\/#website\"},\"primaryImageOfPage\":{\"@id\":\"https:\/\/www.braintumour.ca\/fr\/impliquez-vous\/organisez-un-evenement-communautaire\/facebook-fundraisers\/#primaryimage\"},\"image\":{\"@id\":\"https:\/\/www.braintumour.ca\/fr\/impliquez-vous\/organisez-un-evenement-communautaire\/facebook-fundraisers\/#primaryimage\"},\"thumbnailUrl\":\"https:\/\/www.braintumour.ca\/wp-content\/uploads\/2019\/09\/hand-flowers.jpg\",\"datePublished\":\"2019-08-26T20:43:16+00:00\",\"dateModified\":\"2024-04-30T23:35:17+00:00\",\"description\":\"Aprenez comment recueillir des fonds pour la recherche et les service de soutien et d'information de la Fondation canadienne des tumeurs c\u00e9r\u00e9brales via la plateforme Facebook.\",\"breadcrumb\":{\"@id\":\"https:\/\/www.braintumour.ca\/fr\/impliquez-vous\/organisez-un-evenement-communautaire\/facebook-fundraisers\/#breadcrumb\"},\"inLanguage\":\"fr-CA\",\"potentialAction\":[{\"@type\":\"ReadAction\",\"target\":[\"https:\/\/www.braintumour.ca\/fr\/impliquez-vous\/organisez-un-evenement-communautaire\/facebook-fundraisers\/\"]}]},{\"@type\":\"ImageObject\",\"inLanguage\":\"fr-CA\",\"@id\":\"https:\/\/www.braintumour.ca\/fr\/impliquez-vous\/organisez-un-evenement-communautaire\/facebook-fundraisers\/#primaryimage\",\"url\":\"https:\/\/www.braintumour.ca\/wp-content\/uploads\/2019\/09\/hand-flowers.jpg\",\"contentUrl\":\"https:\/\/www.braintumour.ca\/wp-content\/uploads\/2019\/09\/hand-flowers.jpg\",\"width\":1273,\"height\":772},{\"@type\":\"BreadcrumbList\",\"@id\":\"https:\/\/www.braintumour.ca\/fr\/impliquez-vous\/organisez-un-evenement-communautaire\/facebook-fundraisers\/#breadcrumb\",\"itemListElement\":[{\"@type\":\"ListItem\",\"position\":1,\"name\":\"Home\",\"item\":\"https:\/\/www.braintumour.ca\/fr\/\"},{\"@type\":\"ListItem\",\"position\":2,\"name\":\"Impliquez-vous\",\"item\":\"https:\/\/www.braintumour.ca\/fr\/impliquez-vous\/\"},{\"@type\":\"ListItem\",\"position\":3,\"name\":\"Organisez un \u00e9v\u00e9nement communautaire\",\"item\":\"https:\/\/www.braintumour.ca\/fr\/impliquez-vous\/organisez-un-evenement-communautaire\/\"},{\"@type\":\"ListItem\",\"position\":4,\"name\":\"Lev\u00e9es de fonds Facebook et Instagram\"}]},{\"@type\":\"WebSite\",\"@id\":\"https:\/\/www.braintumour.ca\/fr\/#website\",\"url\":\"https:\/\/www.braintumour.ca\/fr\/\",\"name\":\"Fondation canadienne des tumeurs c\u00e9r\u00e9brales\",\"description\":\"Notre mission est de venir en aide \u00e0 toutes les personnes touch\u00e9es par une tumeur c\u00e9r\u00e9brale au Canada par le biais de nos programmes d\u2019information, de soutien, d\u2019\u00e9ducation et de recherche.\",\"potentialAction\":[{\"@type\":\"SearchAction\",\"target\":{\"@type\":\"EntryPoint\",\"urlTemplate\":\"https:\/\/www.braintumour.ca\/fr\/?s={search_term_string}\"},\"query-input\":{\"@type\":\"PropertyValueSpecification\",\"valueRequired\":true,\"valueName\":\"search_term_string\"}}],\"inLanguage\":\"fr-CA\"}]}<\/script>\n<!-- \/ Yoast SEO Premium plugin. -->","yoast_head_json":{"title":"Lev\u00e9es de fonds Facebook et Instagram - Fondation canadienne des tumeurs c\u00e9r\u00e9brales","description":"Aprenez comment recueillir des fonds pour la recherche et les service de soutien et d'information de la Fondation canadienne des tumeurs c\u00e9r\u00e9brales via la plateforme Facebook.","robots":{"index":"index","follow":"follow","max-snippet":"max-snippet:-1","max-image-preview":"max-image-preview:large","max-video-preview":"max-video-preview:-1"},"canonical":"https:\/\/www.braintumour.ca\/fr\/impliquez-vous\/organisez-un-evenement-communautaire\/facebook-fundraisers\/","og_locale":"fr_CA","og_type":"article","og_title":"Lev\u00e9es de fonds Facebook et Instagram","og_description":"Aprenez comment recueillir des fonds pour la recherche et les service de soutien et d'information de la Fondation canadienne des tumeurs c\u00e9r\u00e9brales via la plateforme Facebook.","og_url":"https:\/\/www.braintumour.ca\/fr\/impliquez-vous\/organisez-un-evenement-communautaire\/facebook-fundraisers\/","og_site_name":"Fondation canadienne des tumeurs c\u00e9r\u00e9brales","article_modified_time":"2024-04-30T23:35:17+00:00","og_image":[{"width":1273,"height":772,"url":"https:\/\/www.braintumour.ca\/wp-content\/uploads\/2019\/09\/hand-flowers.jpg","type":"image\/jpeg"}],"twitter_card":"summary_large_image","twitter_misc":{"Estimation du temps de lecture":"2 minutes"},"schema":{"@context":"https:\/\/schema.org","@graph":[{"@type":"WebPage","@id":"https:\/\/www.braintumour.ca\/fr\/impliquez-vous\/organisez-un-evenement-communautaire\/facebook-fundraisers\/","url":"https:\/\/www.braintumour.ca\/fr\/impliquez-vous\/organisez-un-evenement-communautaire\/facebook-fundraisers\/","name":"Lev\u00e9es de fonds Facebook et Instagram - Fondation canadienne des tumeurs c\u00e9r\u00e9brales","isPartOf":{"@id":"https:\/\/www.braintumour.ca\/fr\/#website"},"primaryImageOfPage":{"@id":"https:\/\/www.braintumour.ca\/fr\/impliquez-vous\/organisez-un-evenement-communautaire\/facebook-fundraisers\/#primaryimage"},"image":{"@id":"https:\/\/www.braintumour.ca\/fr\/impliquez-vous\/organisez-un-evenement-communautaire\/facebook-fundraisers\/#primaryimage"},"thumbnailUrl":"https:\/\/www.braintumour.ca\/wp-content\/uploads\/2019\/09\/hand-flowers.jpg","datePublished":"2019-08-26T20:43:16+00:00","dateModified":"2024-04-30T23:35:17+00:00","description":"Aprenez comment recueillir des fonds pour la recherche et les service de soutien et d'information de la Fondation canadienne des tumeurs c\u00e9r\u00e9brales via la plateforme Facebook.","breadcrumb":{"@id":"https:\/\/www.braintumour.ca\/fr\/impliquez-vous\/organisez-un-evenement-communautaire\/facebook-fundraisers\/#breadcrumb"},"inLanguage":"fr-CA","potentialAction":[{"@type":"ReadAction","target":["https:\/\/www.braintumour.ca\/fr\/impliquez-vous\/organisez-un-evenement-communautaire\/facebook-fundraisers\/"]}]},{"@type":"ImageObject","inLanguage":"fr-CA","@id":"https:\/\/www.braintumour.ca\/fr\/impliquez-vous\/organisez-un-evenement-communautaire\/facebook-fundraisers\/#primaryimage","url":"https:\/\/www.braintumour.ca\/wp-content\/uploads\/2019\/09\/hand-flowers.jpg","contentUrl":"https:\/\/www.braintumour.ca\/wp-content\/uploads\/2019\/09\/hand-flowers.jpg","width":1273,"height":772},{"@type":"BreadcrumbList","@id":"https:\/\/www.braintumour.ca\/fr\/impliquez-vous\/organisez-un-evenement-communautaire\/facebook-fundraisers\/#breadcrumb","itemListElement":[{"@type":"ListItem","position":1,"name":"Home","item":"https:\/\/www.braintumour.ca\/fr\/"},{"@type":"ListItem","position":2,"name":"Impliquez-vous","item":"https:\/\/www.braintumour.ca\/fr\/impliquez-vous\/"},{"@type":"ListItem","position":3,"name":"Organisez un \u00e9v\u00e9nement communautaire","item":"https:\/\/www.braintumour.ca\/fr\/impliquez-vous\/organisez-un-evenement-communautaire\/"},{"@type":"ListItem","position":4,"name":"Lev\u00e9es de fonds Facebook et Instagram"}]},{"@type":"WebSite","@id":"https:\/\/www.braintumour.ca\/fr\/#website","url":"https:\/\/www.braintumour.ca\/fr\/","name":"Fondation canadienne des tumeurs c\u00e9r\u00e9brales","description":"Notre mission est de venir en aide \u00e0 toutes les personnes touch\u00e9es par une tumeur c\u00e9r\u00e9brale au Canada par le biais de nos programmes d\u2019information, de soutien, d\u2019\u00e9ducation et de recherche.","potentialAction":[{"@type":"SearchAction","target":{"@type":"EntryPoint","urlTemplate":"https:\/\/www.braintumour.ca\/fr\/?s={search_term_string}"},"query-input":{"@type":"PropertyValueSpecification","valueRequired":true,"valueName":"search_term_string"}}],"inLanguage":"fr-CA"}]}},"_links":{"self":[{"href":"https:\/\/www.braintumour.ca\/fr\/wp-json\/wp\/v2\/pages\/2608","targetHints":{"allow":["GET"]}}],"collection":[{"href":"https:\/\/www.braintumour.ca\/fr\/wp-json\/wp\/v2\/pages"}],"about":[{"href":"https:\/\/www.braintumour.ca\/fr\/wp-json\/wp\/v2\/types\/page"}],"author":[{"embeddable":true,"href":"https:\/\/www.braintumour.ca\/fr\/wp-json\/wp\/v2\/users\/4"}],"replies":[{"embeddable":true,"href":"https:\/\/www.braintumour.ca\/fr\/wp-json\/wp\/v2\/comments?post=2608"}],"version-history":[{"count":0,"href":"https:\/\/www.braintumour.ca\/fr\/wp-json\/wp\/v2\/pages\/2608\/revisions"}],"up":[{"embeddable":true,"href":"https:\/\/www.braintumour.ca\/fr\/wp-json\/wp\/v2\/pages\/2606"}],"wp:featuredmedia":[{"embeddable":true,"href":"https:\/\/www.braintumour.ca\/fr\/wp-json\/wp\/v2\/media\/746"}],"wp:attachment":[{"href":"https:\/\/www.braintumour.ca\/fr\/wp-json\/wp\/v2\/media?parent=2608"}],"wp:term":[{"taxonomy":"user_type","embeddable":true,"href":"https:\/\/www.braintumour.ca\/fr\/wp-json\/wp\/v2\/user_type?post=2608"}],"curies":[{"name":"wp","href":"https:\/\/api.w.org\/{rel}","templated":true}]}}