{"id":2614,"date":"2019-08-26T16:42:48","date_gmt":"2019-08-26T20:42:48","guid":{"rendered":"https:\/\/braintumour.ca\/get-involved\/organisez-un-evenement-communautaire\/my-community-fundraiser\/"},"modified":"2021-02-15T09:32:02","modified_gmt":"2021-02-15T14:32:02","slug":"ma-collecte-de-fonds-communautaire","status":"publish","type":"page","link":"https:\/\/www.braintumour.ca\/fr\/impliquez-vous\/organisez-un-evenement-communautaire\/ma-collecte-de-fonds-communautaire\/","title":{"rendered":"Ma collecte de fonds communautaire"},"content":{"rendered":"<h5>Lisez les informations et suivez les \u00e9tapes suivantes afin d&rsquo;organiser un \u00e9v\u00e9nement r\u00e9ussi<\/h5>\n","protected":false},"excerpt":{"rendered":"<p>Lisez les informations et suivez les \u00e9tapes suivantes afin d&rsquo;organiser un \u00e9v\u00e9nement r\u00e9ussi<\/p>\n","protected":false},"author":4,"featured_media":806,"parent":2606,"menu_order":3,"comment_status":"closed","ping_status":"closed","template":"","meta":{"_acf_changed":false,"footnotes":""},"user_type":[137],"class_list":["post-2614","page","type-page","status-publish","has-post-thumbnail","hentry","user_type-benevole"],"acf":[],"yoast_head":"<!-- This site is optimized with the Yoast SEO Premium plugin v27.0 (Yoast SEO v27.0) - https:\/\/yoast.com\/product\/yoast-seo-premium-wordpress\/ -->\n<title>Ma collecte de fonds communautaire - Fondation canadienne des tumeurs c\u00e9r\u00e9brales<\/title>\n<meta name=\"description\" content=\"Voici des informations utiles qui vous aideront \u00e0 organiser un \u00e9v\u00e9nement de collecte de fonds r\u00e9ussi pour la communaut\u00e9 des tumeurs c\u00e9r\u00e9brales.\" \/>\n<meta name=\"robots\" content=\"index, follow, max-snippet:-1, max-image-preview:large, max-video-preview:-1\" \/>\n<link rel=\"canonical\" href=\"https:\/\/www.braintumour.ca\/fr\/impliquez-vous\/organisez-un-evenement-communautaire\/ma-collecte-de-fonds-communautaire\/\" \/>\n<meta property=\"og:locale\" content=\"fr_CA\" \/>\n<meta property=\"og:type\" content=\"article\" \/>\n<meta property=\"og:title\" content=\"Ma collecte de fonds communautaire\" \/>\n<meta property=\"og:description\" content=\"Voici des informations utiles qui vous aideront \u00e0 organiser un \u00e9v\u00e9nement de collecte de fonds r\u00e9ussi pour la communaut\u00e9 des tumeurs c\u00e9r\u00e9brales.\" \/>\n<meta property=\"og:url\" content=\"https:\/\/www.braintumour.ca\/fr\/impliquez-vous\/organisez-un-evenement-communautaire\/ma-collecte-de-fonds-communautaire\/\" \/>\n<meta property=\"og:site_name\" content=\"Fondation canadienne des tumeurs c\u00e9r\u00e9brales\" \/>\n<meta property=\"article:modified_time\" content=\"2021-02-15T14:32:02+00:00\" \/>\n<meta property=\"og:image\" content=\"https:\/\/www.braintumour.ca\/wp-content\/uploads\/2019\/09\/Tom-Hip-Hoodie-Chq-e1574824092173.jpg\" \/>\n\t<meta property=\"og:image:width\" content=\"4032\" \/>\n\t<meta property=\"og:image:height\" content=\"2469\" \/>\n\t<meta property=\"og:image:type\" content=\"image\/jpeg\" \/>\n<meta name=\"twitter:card\" content=\"summary_large_image\" \/>\n<script type=\"application\/ld+json\" class=\"yoast-schema-graph\">{\"@context\":\"https:\/\/schema.org\",\"@graph\":[{\"@type\":\"WebPage\",\"@id\":\"https:\/\/www.braintumour.ca\/fr\/impliquez-vous\/organisez-un-evenement-communautaire\/ma-collecte-de-fonds-communautaire\/\",\"url\":\"https:\/\/www.braintumour.ca\/fr\/impliquez-vous\/organisez-un-evenement-communautaire\/ma-collecte-de-fonds-communautaire\/\",\"name\":\"Ma collecte de fonds communautaire - Fondation canadienne des tumeurs c\u00e9r\u00e9brales\",\"isPartOf\":{\"@id\":\"https:\/\/www.braintumour.ca\/fr\/#website\"},\"primaryImageOfPage\":{\"@id\":\"https:\/\/www.braintumour.ca\/fr\/impliquez-vous\/organisez-un-evenement-communautaire\/ma-collecte-de-fonds-communautaire\/#primaryimage\"},\"image\":{\"@id\":\"https:\/\/www.braintumour.ca\/fr\/impliquez-vous\/organisez-un-evenement-communautaire\/ma-collecte-de-fonds-communautaire\/#primaryimage\"},\"thumbnailUrl\":\"https:\/\/www.braintumour.ca\/wp-content\/uploads\/2019\/09\/Tom-Hip-Hoodie-Chq-e1574824092173.jpg\",\"datePublished\":\"2019-08-26T20:42:48+00:00\",\"dateModified\":\"2021-02-15T14:32:02+00:00\",\"description\":\"Voici des informations utiles qui vous aideront \u00e0 organiser un \u00e9v\u00e9nement de collecte de fonds r\u00e9ussi pour la communaut\u00e9 des tumeurs c\u00e9r\u00e9brales.\",\"breadcrumb\":{\"@id\":\"https:\/\/www.braintumour.ca\/fr\/impliquez-vous\/organisez-un-evenement-communautaire\/ma-collecte-de-fonds-communautaire\/#breadcrumb\"},\"inLanguage\":\"fr-CA\",\"potentialAction\":[{\"@type\":\"ReadAction\",\"target\":[\"https:\/\/www.braintumour.ca\/fr\/impliquez-vous\/organisez-un-evenement-communautaire\/ma-collecte-de-fonds-communautaire\/\"]}]},{\"@type\":\"ImageObject\",\"inLanguage\":\"fr-CA\",\"@id\":\"https:\/\/www.braintumour.ca\/fr\/impliquez-vous\/organisez-un-evenement-communautaire\/ma-collecte-de-fonds-communautaire\/#primaryimage\",\"url\":\"https:\/\/www.braintumour.ca\/wp-content\/uploads\/2019\/09\/Tom-Hip-Hoodie-Chq-e1574824092173.jpg\",\"contentUrl\":\"https:\/\/www.braintumour.ca\/wp-content\/uploads\/2019\/09\/Tom-Hip-Hoodie-Chq-e1574824092173.jpg\",\"width\":4032,\"height\":2469,\"caption\":\"Tom presents the proceeds of his Community Event\"},{\"@type\":\"BreadcrumbList\",\"@id\":\"https:\/\/www.braintumour.ca\/fr\/impliquez-vous\/organisez-un-evenement-communautaire\/ma-collecte-de-fonds-communautaire\/#breadcrumb\",\"itemListElement\":[{\"@type\":\"ListItem\",\"position\":1,\"name\":\"Home\",\"item\":\"https:\/\/www.braintumour.ca\/fr\/\"},{\"@type\":\"ListItem\",\"position\":2,\"name\":\"Impliquez-vous\",\"item\":\"https:\/\/www.braintumour.ca\/fr\/impliquez-vous\/\"},{\"@type\":\"ListItem\",\"position\":3,\"name\":\"Organisez un \u00e9v\u00e9nement communautaire\",\"item\":\"https:\/\/www.braintumour.ca\/fr\/impliquez-vous\/organisez-un-evenement-communautaire\/\"},{\"@type\":\"ListItem\",\"position\":4,\"name\":\"Ma collecte de fonds communautaire\"}]},{\"@type\":\"WebSite\",\"@id\":\"https:\/\/www.braintumour.ca\/fr\/#website\",\"url\":\"https:\/\/www.braintumour.ca\/fr\/\",\"name\":\"Fondation canadienne des tumeurs c\u00e9r\u00e9brales\",\"description\":\"Notre mission est de venir en aide \u00e0 toutes les personnes touch\u00e9es par une tumeur c\u00e9r\u00e9brale au Canada par le biais de nos programmes d\u2019information, de soutien, d\u2019\u00e9ducation et de recherche.\",\"potentialAction\":[{\"@type\":\"SearchAction\",\"target\":{\"@type\":\"EntryPoint\",\"urlTemplate\":\"https:\/\/www.braintumour.ca\/fr\/?s={search_term_string}\"},\"query-input\":{\"@type\":\"PropertyValueSpecification\",\"valueRequired\":true,\"valueName\":\"search_term_string\"}}],\"inLanguage\":\"fr-CA\"}]}<\/script>\n<!-- \/ Yoast SEO Premium plugin. -->","yoast_head_json":{"title":"Ma collecte de fonds communautaire - Fondation canadienne des tumeurs c\u00e9r\u00e9brales","description":"Voici des informations utiles qui vous aideront \u00e0 organiser un \u00e9v\u00e9nement de collecte de fonds r\u00e9ussi pour la communaut\u00e9 des tumeurs c\u00e9r\u00e9brales.","robots":{"index":"index","follow":"follow","max-snippet":"max-snippet:-1","max-image-preview":"max-image-preview:large","max-video-preview":"max-video-preview:-1"},"canonical":"https:\/\/www.braintumour.ca\/fr\/impliquez-vous\/organisez-un-evenement-communautaire\/ma-collecte-de-fonds-communautaire\/","og_locale":"fr_CA","og_type":"article","og_title":"Ma collecte de fonds communautaire","og_description":"Voici des informations utiles qui vous aideront \u00e0 organiser un \u00e9v\u00e9nement de collecte de fonds r\u00e9ussi pour la communaut\u00e9 des tumeurs c\u00e9r\u00e9brales.","og_url":"https:\/\/www.braintumour.ca\/fr\/impliquez-vous\/organisez-un-evenement-communautaire\/ma-collecte-de-fonds-communautaire\/","og_site_name":"Fondation canadienne des tumeurs c\u00e9r\u00e9brales","article_modified_time":"2021-02-15T14:32:02+00:00","og_image":[{"width":4032,"height":2469,"url":"https:\/\/www.braintumour.ca\/wp-content\/uploads\/2019\/09\/Tom-Hip-Hoodie-Chq-e1574824092173.jpg","type":"image\/jpeg"}],"twitter_card":"summary_large_image","schema":{"@context":"https:\/\/schema.org","@graph":[{"@type":"WebPage","@id":"https:\/\/www.braintumour.ca\/fr\/impliquez-vous\/organisez-un-evenement-communautaire\/ma-collecte-de-fonds-communautaire\/","url":"https:\/\/www.braintumour.ca\/fr\/impliquez-vous\/organisez-un-evenement-communautaire\/ma-collecte-de-fonds-communautaire\/","name":"Ma collecte de fonds communautaire - Fondation canadienne des tumeurs c\u00e9r\u00e9brales","isPartOf":{"@id":"https:\/\/www.braintumour.ca\/fr\/#website"},"primaryImageOfPage":{"@id":"https:\/\/www.braintumour.ca\/fr\/impliquez-vous\/organisez-un-evenement-communautaire\/ma-collecte-de-fonds-communautaire\/#primaryimage"},"image":{"@id":"https:\/\/www.braintumour.ca\/fr\/impliquez-vous\/organisez-un-evenement-communautaire\/ma-collecte-de-fonds-communautaire\/#primaryimage"},"thumbnailUrl":"https:\/\/www.braintumour.ca\/wp-content\/uploads\/2019\/09\/Tom-Hip-Hoodie-Chq-e1574824092173.jpg","datePublished":"2019-08-26T20:42:48+00:00","dateModified":"2021-02-15T14:32:02+00:00","description":"Voici des informations utiles qui vous aideront \u00e0 organiser un \u00e9v\u00e9nement de collecte de fonds r\u00e9ussi pour la communaut\u00e9 des tumeurs c\u00e9r\u00e9brales.","breadcrumb":{"@id":"https:\/\/www.braintumour.ca\/fr\/impliquez-vous\/organisez-un-evenement-communautaire\/ma-collecte-de-fonds-communautaire\/#breadcrumb"},"inLanguage":"fr-CA","potentialAction":[{"@type":"ReadAction","target":["https:\/\/www.braintumour.ca\/fr\/impliquez-vous\/organisez-un-evenement-communautaire\/ma-collecte-de-fonds-communautaire\/"]}]},{"@type":"ImageObject","inLanguage":"fr-CA","@id":"https:\/\/www.braintumour.ca\/fr\/impliquez-vous\/organisez-un-evenement-communautaire\/ma-collecte-de-fonds-communautaire\/#primaryimage","url":"https:\/\/www.braintumour.ca\/wp-content\/uploads\/2019\/09\/Tom-Hip-Hoodie-Chq-e1574824092173.jpg","contentUrl":"https:\/\/www.braintumour.ca\/wp-content\/uploads\/2019\/09\/Tom-Hip-Hoodie-Chq-e1574824092173.jpg","width":4032,"height":2469,"caption":"Tom presents the proceeds of his Community Event"},{"@type":"BreadcrumbList","@id":"https:\/\/www.braintumour.ca\/fr\/impliquez-vous\/organisez-un-evenement-communautaire\/ma-collecte-de-fonds-communautaire\/#breadcrumb","itemListElement":[{"@type":"ListItem","position":1,"name":"Home","item":"https:\/\/www.braintumour.ca\/fr\/"},{"@type":"ListItem","position":2,"name":"Impliquez-vous","item":"https:\/\/www.braintumour.ca\/fr\/impliquez-vous\/"},{"@type":"ListItem","position":3,"name":"Organisez un \u00e9v\u00e9nement communautaire","item":"https:\/\/www.braintumour.ca\/fr\/impliquez-vous\/organisez-un-evenement-communautaire\/"},{"@type":"ListItem","position":4,"name":"Ma collecte de fonds communautaire"}]},{"@type":"WebSite","@id":"https:\/\/www.braintumour.ca\/fr\/#website","url":"https:\/\/www.braintumour.ca\/fr\/","name":"Fondation canadienne des tumeurs c\u00e9r\u00e9brales","description":"Notre mission est de venir en aide \u00e0 toutes les personnes touch\u00e9es par une tumeur c\u00e9r\u00e9brale au Canada par le biais de nos programmes d\u2019information, de soutien, d\u2019\u00e9ducation et de recherche.","potentialAction":[{"@type":"SearchAction","target":{"@type":"EntryPoint","urlTemplate":"https:\/\/www.braintumour.ca\/fr\/?s={search_term_string}"},"query-input":{"@type":"PropertyValueSpecification","valueRequired":true,"valueName":"search_term_string"}}],"inLanguage":"fr-CA"}]}},"_links":{"self":[{"href":"https:\/\/www.braintumour.ca\/fr\/wp-json\/wp\/v2\/pages\/2614","targetHints":{"allow":["GET"]}}],"collection":[{"href":"https:\/\/www.braintumour.ca\/fr\/wp-json\/wp\/v2\/pages"}],"about":[{"href":"https:\/\/www.braintumour.ca\/fr\/wp-json\/wp\/v2\/types\/page"}],"author":[{"embeddable":true,"href":"https:\/\/www.braintumour.ca\/fr\/wp-json\/wp\/v2\/users\/4"}],"replies":[{"embeddable":true,"href":"https:\/\/www.braintumour.ca\/fr\/wp-json\/wp\/v2\/comments?post=2614"}],"version-history":[{"count":0,"href":"https:\/\/www.braintumour.ca\/fr\/wp-json\/wp\/v2\/pages\/2614\/revisions"}],"up":[{"embeddable":true,"href":"https:\/\/www.braintumour.ca\/fr\/wp-json\/wp\/v2\/pages\/2606"}],"wp:featuredmedia":[{"embeddable":true,"href":"https:\/\/www.braintumour.ca\/fr\/wp-json\/wp\/v2\/media\/806"}],"wp:attachment":[{"href":"https:\/\/www.braintumour.ca\/fr\/wp-json\/wp\/v2\/media?parent=2614"}],"wp:term":[{"taxonomy":"user_type","embeddable":true,"href":"https:\/\/www.braintumour.ca\/fr\/wp-json\/wp\/v2\/user_type?post=2614"}],"curies":[{"name":"wp","href":"https:\/\/api.w.org\/{rel}","templated":true}]}}