{"id":2616,"date":"2019-08-26T11:42:36","date_gmt":"2019-08-26T15:42:36","guid":{"rendered":"https:\/\/braintumour.ca\/get-involved\/organisez-un-evenement-communautaire\/superkids\/"},"modified":"2022-03-09T14:04:28","modified_gmt":"2022-03-09T19:04:28","slug":"super-enfants","status":"publish","type":"page","link":"https:\/\/www.braintumour.ca\/fr\/super-enfants\/","title":{"rendered":"SUPER ENFANTS"},"content":{"rendered":"<h5>Des justiciers masqu\u00e9s et des acolytes s&rsquo;unissent pour c\u00e9l\u00e9brer le H\u00c9ROS qui se trouve en chacun de nous.<\/h5>\n","protected":false},"excerpt":{"rendered":"<p>Des justiciers masqu\u00e9s et des acolytes s&rsquo;unissent pour c\u00e9l\u00e9brer le H\u00c9ROS qui se trouve en chacun de nous.<\/p>\n","protected":false},"author":4,"featured_media":6671,"parent":0,"menu_order":147,"comment_status":"closed","ping_status":"closed","template":"","meta":{"_acf_changed":false,"footnotes":""},"user_type":[136],"class_list":["post-2616","page","type-page","status-publish","has-post-thumbnail","hentry","user_type-donateur"],"acf":[],"yoast_head":"<!-- This site is optimized with the Yoast SEO Premium plugin v27.0 (Yoast SEO v27.0) - https:\/\/yoast.com\/product\/yoast-seo-premium-wordpress\/ -->\n<title>SUPER ENFANTS - Fondation canadienne des tumeurs c\u00e9r\u00e9brales<\/title>\n<meta name=\"description\" content=\"Des justiciers masqu\u00e9s et des acolytes s&#039;unissent pour c\u00e9l\u00e9brer le H\u00c9ROS qui se trouve en chacun de nous et pour combattre la pire de toutes les vilaines - la tumeur c\u00e9r\u00e9brale.\" \/>\n<meta name=\"robots\" content=\"index, follow, max-snippet:-1, max-image-preview:large, max-video-preview:-1\" \/>\n<link rel=\"canonical\" href=\"https:\/\/www.braintumour.ca\/fr\/super-enfants\/\" \/>\n<meta property=\"og:locale\" content=\"fr_CA\" \/>\n<meta property=\"og:type\" content=\"article\" \/>\n<meta property=\"og:title\" content=\"SUPER ENFANTS\" \/>\n<meta property=\"og:description\" content=\"Des justiciers masqu\u00e9s et des acolytes s&#039;unissent pour c\u00e9l\u00e9brer le H\u00c9ROS qui se trouve en chacun de nous et pour combattre la pire de toutes les vilaines - la tumeur c\u00e9r\u00e9brale.\" \/>\n<meta property=\"og:url\" content=\"https:\/\/www.braintumour.ca\/fr\/super-enfants\/\" \/>\n<meta property=\"og:site_name\" content=\"Fondation canadienne des tumeurs c\u00e9r\u00e9brales\" \/>\n<meta property=\"article:modified_time\" content=\"2022-03-09T19:04:28+00:00\" \/>\n<meta property=\"og:image\" content=\"https:\/\/www.braintumour.ca\/wp-content\/uploads\/2021\/02\/Superkids-Feature-Slider-FR-FINAL.jpg\" \/>\n\t<meta property=\"og:image:width\" content=\"936\" \/>\n\t<meta property=\"og:image:height\" content=\"936\" \/>\n\t<meta property=\"og:image:type\" content=\"image\/jpeg\" \/>\n<meta name=\"twitter:card\" content=\"summary_large_image\" \/>\n<script type=\"application\/ld+json\" class=\"yoast-schema-graph\">{\"@context\":\"https:\/\/schema.org\",\"@graph\":[{\"@type\":\"WebPage\",\"@id\":\"https:\/\/www.braintumour.ca\/fr\/super-enfants\/\",\"url\":\"https:\/\/www.braintumour.ca\/fr\/super-enfants\/\",\"name\":\"SUPER ENFANTS - Fondation canadienne des tumeurs c\u00e9r\u00e9brales\",\"isPartOf\":{\"@id\":\"https:\/\/www.braintumour.ca\/fr\/#website\"},\"primaryImageOfPage\":{\"@id\":\"https:\/\/www.braintumour.ca\/fr\/super-enfants\/#primaryimage\"},\"image\":{\"@id\":\"https:\/\/www.braintumour.ca\/fr\/super-enfants\/#primaryimage\"},\"thumbnailUrl\":\"https:\/\/www.braintumour.ca\/wp-content\/uploads\/2021\/02\/Superkids-Feature-Slider-FR-FINAL.jpg\",\"datePublished\":\"2019-08-26T15:42:36+00:00\",\"dateModified\":\"2022-03-09T19:04:28+00:00\",\"description\":\"Des justiciers masqu\u00e9s et des acolytes s'unissent pour c\u00e9l\u00e9brer le H\u00c9ROS qui se trouve en chacun de nous et pour combattre la pire de toutes les vilaines - la tumeur c\u00e9r\u00e9brale.\",\"breadcrumb\":{\"@id\":\"https:\/\/www.braintumour.ca\/fr\/super-enfants\/#breadcrumb\"},\"inLanguage\":\"fr-CA\",\"potentialAction\":[{\"@type\":\"ReadAction\",\"target\":[\"https:\/\/www.braintumour.ca\/fr\/super-enfants\/\"]}]},{\"@type\":\"ImageObject\",\"inLanguage\":\"fr-CA\",\"@id\":\"https:\/\/www.braintumour.ca\/fr\/super-enfants\/#primaryimage\",\"url\":\"https:\/\/www.braintumour.ca\/wp-content\/uploads\/2021\/02\/Superkids-Feature-Slider-FR-FINAL.jpg\",\"contentUrl\":\"https:\/\/www.braintumour.ca\/wp-content\/uploads\/2021\/02\/Superkids-Feature-Slider-FR-FINAL.jpg\",\"width\":936,\"height\":936,\"caption\":\"Superenfants\"},{\"@type\":\"BreadcrumbList\",\"@id\":\"https:\/\/www.braintumour.ca\/fr\/super-enfants\/#breadcrumb\",\"itemListElement\":[{\"@type\":\"ListItem\",\"position\":1,\"name\":\"Home\",\"item\":\"https:\/\/www.braintumour.ca\/fr\/\"},{\"@type\":\"ListItem\",\"position\":2,\"name\":\"SUPER ENFANTS\"}]},{\"@type\":\"WebSite\",\"@id\":\"https:\/\/www.braintumour.ca\/fr\/#website\",\"url\":\"https:\/\/www.braintumour.ca\/fr\/\",\"name\":\"Fondation canadienne des tumeurs c\u00e9r\u00e9brales\",\"description\":\"Notre mission est de venir en aide \u00e0 toutes les personnes touch\u00e9es par une tumeur c\u00e9r\u00e9brale au Canada par le biais de nos programmes d\u2019information, de soutien, d\u2019\u00e9ducation et de recherche.\",\"potentialAction\":[{\"@type\":\"SearchAction\",\"target\":{\"@type\":\"EntryPoint\",\"urlTemplate\":\"https:\/\/www.braintumour.ca\/fr\/?s={search_term_string}\"},\"query-input\":{\"@type\":\"PropertyValueSpecification\",\"valueRequired\":true,\"valueName\":\"search_term_string\"}}],\"inLanguage\":\"fr-CA\"}]}<\/script>\n<!-- \/ Yoast SEO Premium plugin. -->","yoast_head_json":{"title":"SUPER ENFANTS - Fondation canadienne des tumeurs c\u00e9r\u00e9brales","description":"Des justiciers masqu\u00e9s et des acolytes s'unissent pour c\u00e9l\u00e9brer le H\u00c9ROS qui se trouve en chacun de nous et pour combattre la pire de toutes les vilaines - la tumeur c\u00e9r\u00e9brale.","robots":{"index":"index","follow":"follow","max-snippet":"max-snippet:-1","max-image-preview":"max-image-preview:large","max-video-preview":"max-video-preview:-1"},"canonical":"https:\/\/www.braintumour.ca\/fr\/super-enfants\/","og_locale":"fr_CA","og_type":"article","og_title":"SUPER ENFANTS","og_description":"Des justiciers masqu\u00e9s et des acolytes s'unissent pour c\u00e9l\u00e9brer le H\u00c9ROS qui se trouve en chacun de nous et pour combattre la pire de toutes les vilaines - la tumeur c\u00e9r\u00e9brale.","og_url":"https:\/\/www.braintumour.ca\/fr\/super-enfants\/","og_site_name":"Fondation canadienne des tumeurs c\u00e9r\u00e9brales","article_modified_time":"2022-03-09T19:04:28+00:00","og_image":[{"width":936,"height":936,"url":"https:\/\/www.braintumour.ca\/wp-content\/uploads\/2021\/02\/Superkids-Feature-Slider-FR-FINAL.jpg","type":"image\/jpeg"}],"twitter_card":"summary_large_image","schema":{"@context":"https:\/\/schema.org","@graph":[{"@type":"WebPage","@id":"https:\/\/www.braintumour.ca\/fr\/super-enfants\/","url":"https:\/\/www.braintumour.ca\/fr\/super-enfants\/","name":"SUPER ENFANTS - Fondation canadienne des tumeurs c\u00e9r\u00e9brales","isPartOf":{"@id":"https:\/\/www.braintumour.ca\/fr\/#website"},"primaryImageOfPage":{"@id":"https:\/\/www.braintumour.ca\/fr\/super-enfants\/#primaryimage"},"image":{"@id":"https:\/\/www.braintumour.ca\/fr\/super-enfants\/#primaryimage"},"thumbnailUrl":"https:\/\/www.braintumour.ca\/wp-content\/uploads\/2021\/02\/Superkids-Feature-Slider-FR-FINAL.jpg","datePublished":"2019-08-26T15:42:36+00:00","dateModified":"2022-03-09T19:04:28+00:00","description":"Des justiciers masqu\u00e9s et des acolytes s'unissent pour c\u00e9l\u00e9brer le H\u00c9ROS qui se trouve en chacun de nous et pour combattre la pire de toutes les vilaines - la tumeur c\u00e9r\u00e9brale.","breadcrumb":{"@id":"https:\/\/www.braintumour.ca\/fr\/super-enfants\/#breadcrumb"},"inLanguage":"fr-CA","potentialAction":[{"@type":"ReadAction","target":["https:\/\/www.braintumour.ca\/fr\/super-enfants\/"]}]},{"@type":"ImageObject","inLanguage":"fr-CA","@id":"https:\/\/www.braintumour.ca\/fr\/super-enfants\/#primaryimage","url":"https:\/\/www.braintumour.ca\/wp-content\/uploads\/2021\/02\/Superkids-Feature-Slider-FR-FINAL.jpg","contentUrl":"https:\/\/www.braintumour.ca\/wp-content\/uploads\/2021\/02\/Superkids-Feature-Slider-FR-FINAL.jpg","width":936,"height":936,"caption":"Superenfants"},{"@type":"BreadcrumbList","@id":"https:\/\/www.braintumour.ca\/fr\/super-enfants\/#breadcrumb","itemListElement":[{"@type":"ListItem","position":1,"name":"Home","item":"https:\/\/www.braintumour.ca\/fr\/"},{"@type":"ListItem","position":2,"name":"SUPER ENFANTS"}]},{"@type":"WebSite","@id":"https:\/\/www.braintumour.ca\/fr\/#website","url":"https:\/\/www.braintumour.ca\/fr\/","name":"Fondation canadienne des tumeurs c\u00e9r\u00e9brales","description":"Notre mission est de venir en aide \u00e0 toutes les personnes touch\u00e9es par une tumeur c\u00e9r\u00e9brale au Canada par le biais de nos programmes d\u2019information, de soutien, d\u2019\u00e9ducation et de recherche.","potentialAction":[{"@type":"SearchAction","target":{"@type":"EntryPoint","urlTemplate":"https:\/\/www.braintumour.ca\/fr\/?s={search_term_string}"},"query-input":{"@type":"PropertyValueSpecification","valueRequired":true,"valueName":"search_term_string"}}],"inLanguage":"fr-CA"}]}},"_links":{"self":[{"href":"https:\/\/www.braintumour.ca\/fr\/wp-json\/wp\/v2\/pages\/2616","targetHints":{"allow":["GET"]}}],"collection":[{"href":"https:\/\/www.braintumour.ca\/fr\/wp-json\/wp\/v2\/pages"}],"about":[{"href":"https:\/\/www.braintumour.ca\/fr\/wp-json\/wp\/v2\/types\/page"}],"author":[{"embeddable":true,"href":"https:\/\/www.braintumour.ca\/fr\/wp-json\/wp\/v2\/users\/4"}],"replies":[{"embeddable":true,"href":"https:\/\/www.braintumour.ca\/fr\/wp-json\/wp\/v2\/comments?post=2616"}],"version-history":[{"count":0,"href":"https:\/\/www.braintumour.ca\/fr\/wp-json\/wp\/v2\/pages\/2616\/revisions"}],"wp:featuredmedia":[{"embeddable":true,"href":"https:\/\/www.braintumour.ca\/fr\/wp-json\/wp\/v2\/media\/6671"}],"wp:attachment":[{"href":"https:\/\/www.braintumour.ca\/fr\/wp-json\/wp\/v2\/media?parent=2616"}],"wp:term":[{"taxonomy":"user_type","embeddable":true,"href":"https:\/\/www.braintumour.ca\/fr\/wp-json\/wp\/v2\/user_type?post=2616"}],"curies":[{"name":"wp","href":"https:\/\/api.w.org\/{rel}","templated":true}]}}