{"id":2621,"date":"2019-08-26T16:48:00","date_gmt":"2019-08-26T20:48:00","guid":{"rendered":"https:\/\/braintumour.ca\/impliquez-vous\/sensibilisation\/awareness-month\/"},"modified":"2025-04-30T20:38:39","modified_gmt":"2025-05-01T00:38:39","slug":"mois-de-sensibilisation","status":"publish","type":"page","link":"https:\/\/www.braintumour.ca\/fr\/impliquez-vous\/sensibilisation\/mois-de-sensibilisation\/","title":{"rendered":"Mois de sensibilisation aux tumeurs c\u00e9r\u00e9brales"},"content":{"rendered":"<h5>Le mois de mai est le Mois de la sensibilisation aux tumeurs c\u00e9r\u00e9brales au Canada. Aidez-nous \u00e0 \u00eatre #GrisEnMai pour dire #AdieuTumeursC\u00e9r\u00e9brales<\/h5>\n<p>Le Mois de la sensibilisation aux tumeurs c\u00e9r\u00e9brales est d\u00e9di\u00e9 \u00e0 sensibiliser le public, \u00e0 faire progresser la recherche et \u00e0 soutenir toutes les personnes touch\u00e9es par une tumeur c\u00e9r\u00e9brale. C\u2019est l\u2019occasion de s\u2019unir, de faire entendre nos voix et de cr\u00e9er un changement positif.<\/p>\n<p><strong>Il existe de nombreuses fa\u00e7ons de vous impliquer et de montrer votre soutien ! D\u00e9couvrez-les ci dessous<\/strong><\/p>\n","protected":false},"excerpt":{"rendered":"<p>Le mois de mai est le Mois de la sensibilisation aux tumeurs c\u00e9r\u00e9brales au Canada. Aidez-nous \u00e0 \u00eatre #GrisEnMai pour [&hellip;]<\/p>\n","protected":false},"author":4,"featured_media":737,"parent":2620,"menu_order":1,"comment_status":"closed","ping_status":"closed","template":"","meta":{"_acf_changed":false,"footnotes":""},"user_type":[133,132,137,136,134,135],"class_list":["post-2621","page","type-page","status-publish","has-post-thumbnail","hentry","user_type-patient-fr","user_type-proche-aidant","user_type-benevole","user_type-donateur","user_type-chercheur","user_type-professionnel-de-la-sante"],"acf":[],"yoast_head":"<!-- This site is optimized with the Yoast SEO Premium plugin v27.0 (Yoast SEO v27.0) - https:\/\/yoast.com\/product\/yoast-seo-premium-wordpress\/ -->\n<title>Mois de sensibilisation aux tumeurs c\u00e9r\u00e9brales - Fondation canadienne des tumeurs c\u00e9r\u00e9brales<\/title>\n<meta name=\"description\" content=\"Mai est le mois de la sensibilisation aux tumeurs c\u00e9r\u00e9brales au Canada. Joignez-vous \u00e0 nous et soyez #GrisEnMai. Il y a de nombreuses fa\u00e7ons de vous impliquer!\" \/>\n<meta name=\"robots\" content=\"index, follow, max-snippet:-1, max-image-preview:large, max-video-preview:-1\" \/>\n<link rel=\"canonical\" href=\"https:\/\/www.braintumour.ca\/fr\/impliquez-vous\/sensibilisation\/mois-de-sensibilisation\/\" \/>\n<meta property=\"og:locale\" content=\"fr_CA\" \/>\n<meta property=\"og:type\" content=\"article\" \/>\n<meta property=\"og:title\" content=\"Mois de sensibilisation aux tumeurs c\u00e9r\u00e9brales\" \/>\n<meta property=\"og:description\" content=\"Mai est le mois de la sensibilisation aux tumeurs c\u00e9r\u00e9brales au Canada. Joignez-vous \u00e0 nous et soyez #GrisEnMai. Il y a de nombreuses fa\u00e7ons de vous impliquer!\" \/>\n<meta property=\"og:url\" content=\"https:\/\/www.braintumour.ca\/fr\/impliquez-vous\/sensibilisation\/mois-de-sensibilisation\/\" \/>\n<meta property=\"og:site_name\" content=\"Fondation canadienne des tumeurs c\u00e9r\u00e9brales\" \/>\n<meta property=\"article:modified_time\" content=\"2025-05-01T00:38:39+00:00\" \/>\n<meta property=\"og:image\" content=\"https:\/\/www.braintumour.ca\/wp-content\/uploads\/2019\/09\/Grey-Ribbon.jpg\" \/>\n\t<meta property=\"og:image:width\" content=\"2415\" \/>\n\t<meta property=\"og:image:height\" content=\"2035\" \/>\n\t<meta property=\"og:image:type\" content=\"image\/jpeg\" \/>\n<meta name=\"twitter:card\" content=\"summary_large_image\" \/>\n<meta name=\"twitter:label1\" content=\"Estimation du temps de lecture\" \/>\n\t<meta name=\"twitter:data1\" content=\"6 minutes\" \/>\n<script type=\"application\/ld+json\" class=\"yoast-schema-graph\">{\"@context\":\"https:\/\/schema.org\",\"@graph\":[{\"@type\":\"WebPage\",\"@id\":\"https:\/\/www.braintumour.ca\/fr\/impliquez-vous\/sensibilisation\/mois-de-sensibilisation\/\",\"url\":\"https:\/\/www.braintumour.ca\/fr\/impliquez-vous\/sensibilisation\/mois-de-sensibilisation\/\",\"name\":\"Mois de sensibilisation aux tumeurs c\u00e9r\u00e9brales - Fondation canadienne des tumeurs c\u00e9r\u00e9brales\",\"isPartOf\":{\"@id\":\"https:\/\/www.braintumour.ca\/fr\/#website\"},\"primaryImageOfPage\":{\"@id\":\"https:\/\/www.braintumour.ca\/fr\/impliquez-vous\/sensibilisation\/mois-de-sensibilisation\/#primaryimage\"},\"image\":{\"@id\":\"https:\/\/www.braintumour.ca\/fr\/impliquez-vous\/sensibilisation\/mois-de-sensibilisation\/#primaryimage\"},\"thumbnailUrl\":\"https:\/\/www.braintumour.ca\/wp-content\/uploads\/2019\/09\/Grey-Ribbon.jpg\",\"datePublished\":\"2019-08-26T20:48:00+00:00\",\"dateModified\":\"2025-05-01T00:38:39+00:00\",\"description\":\"Mai est le mois de la sensibilisation aux tumeurs c\u00e9r\u00e9brales au Canada. Joignez-vous \u00e0 nous et soyez #GrisEnMai. Il y a de nombreuses fa\u00e7ons de vous impliquer!\",\"breadcrumb\":{\"@id\":\"https:\/\/www.braintumour.ca\/fr\/impliquez-vous\/sensibilisation\/mois-de-sensibilisation\/#breadcrumb\"},\"inLanguage\":\"fr-CA\",\"potentialAction\":[{\"@type\":\"ReadAction\",\"target\":[\"https:\/\/www.braintumour.ca\/fr\/impliquez-vous\/sensibilisation\/mois-de-sensibilisation\/\"]}]},{\"@type\":\"ImageObject\",\"inLanguage\":\"fr-CA\",\"@id\":\"https:\/\/www.braintumour.ca\/fr\/impliquez-vous\/sensibilisation\/mois-de-sensibilisation\/#primaryimage\",\"url\":\"https:\/\/www.braintumour.ca\/wp-content\/uploads\/2019\/09\/Grey-Ribbon.jpg\",\"contentUrl\":\"https:\/\/www.braintumour.ca\/wp-content\/uploads\/2019\/09\/Grey-Ribbon.jpg\",\"width\":2415,\"height\":2035,\"caption\":\"Grey Ribbon\"},{\"@type\":\"BreadcrumbList\",\"@id\":\"https:\/\/www.braintumour.ca\/fr\/impliquez-vous\/sensibilisation\/mois-de-sensibilisation\/#breadcrumb\",\"itemListElement\":[{\"@type\":\"ListItem\",\"position\":1,\"name\":\"Home\",\"item\":\"https:\/\/www.braintumour.ca\/fr\/\"},{\"@type\":\"ListItem\",\"position\":2,\"name\":\"Impliquez-vous\",\"item\":\"https:\/\/www.braintumour.ca\/fr\/impliquez-vous\/\"},{\"@type\":\"ListItem\",\"position\":3,\"name\":\"Sensibilisation\",\"item\":\"https:\/\/www.braintumour.ca\/fr\/impliquez-vous\/sensibilisation\/\"},{\"@type\":\"ListItem\",\"position\":4,\"name\":\"Mois de sensibilisation aux tumeurs c\u00e9r\u00e9brales\"}]},{\"@type\":\"WebSite\",\"@id\":\"https:\/\/www.braintumour.ca\/fr\/#website\",\"url\":\"https:\/\/www.braintumour.ca\/fr\/\",\"name\":\"Fondation canadienne des tumeurs c\u00e9r\u00e9brales\",\"description\":\"Notre mission est de venir en aide \u00e0 toutes les personnes touch\u00e9es par une tumeur c\u00e9r\u00e9brale au Canada par le biais de nos programmes d\u2019information, de soutien, d\u2019\u00e9ducation et de recherche.\",\"potentialAction\":[{\"@type\":\"SearchAction\",\"target\":{\"@type\":\"EntryPoint\",\"urlTemplate\":\"https:\/\/www.braintumour.ca\/fr\/?s={search_term_string}\"},\"query-input\":{\"@type\":\"PropertyValueSpecification\",\"valueRequired\":true,\"valueName\":\"search_term_string\"}}],\"inLanguage\":\"fr-CA\"}]}<\/script>\n<!-- \/ Yoast SEO Premium plugin. -->","yoast_head_json":{"title":"Mois de sensibilisation aux tumeurs c\u00e9r\u00e9brales - Fondation canadienne des tumeurs c\u00e9r\u00e9brales","description":"Mai est le mois de la sensibilisation aux tumeurs c\u00e9r\u00e9brales au Canada. Joignez-vous \u00e0 nous et soyez #GrisEnMai. Il y a de nombreuses fa\u00e7ons de vous impliquer!","robots":{"index":"index","follow":"follow","max-snippet":"max-snippet:-1","max-image-preview":"max-image-preview:large","max-video-preview":"max-video-preview:-1"},"canonical":"https:\/\/www.braintumour.ca\/fr\/impliquez-vous\/sensibilisation\/mois-de-sensibilisation\/","og_locale":"fr_CA","og_type":"article","og_title":"Mois de sensibilisation aux tumeurs c\u00e9r\u00e9brales","og_description":"Mai est le mois de la sensibilisation aux tumeurs c\u00e9r\u00e9brales au Canada. Joignez-vous \u00e0 nous et soyez #GrisEnMai. Il y a de nombreuses fa\u00e7ons de vous impliquer!","og_url":"https:\/\/www.braintumour.ca\/fr\/impliquez-vous\/sensibilisation\/mois-de-sensibilisation\/","og_site_name":"Fondation canadienne des tumeurs c\u00e9r\u00e9brales","article_modified_time":"2025-05-01T00:38:39+00:00","og_image":[{"width":2415,"height":2035,"url":"https:\/\/www.braintumour.ca\/wp-content\/uploads\/2019\/09\/Grey-Ribbon.jpg","type":"image\/jpeg"}],"twitter_card":"summary_large_image","twitter_misc":{"Estimation du temps de lecture":"6 minutes"},"schema":{"@context":"https:\/\/schema.org","@graph":[{"@type":"WebPage","@id":"https:\/\/www.braintumour.ca\/fr\/impliquez-vous\/sensibilisation\/mois-de-sensibilisation\/","url":"https:\/\/www.braintumour.ca\/fr\/impliquez-vous\/sensibilisation\/mois-de-sensibilisation\/","name":"Mois de sensibilisation aux tumeurs c\u00e9r\u00e9brales - Fondation canadienne des tumeurs c\u00e9r\u00e9brales","isPartOf":{"@id":"https:\/\/www.braintumour.ca\/fr\/#website"},"primaryImageOfPage":{"@id":"https:\/\/www.braintumour.ca\/fr\/impliquez-vous\/sensibilisation\/mois-de-sensibilisation\/#primaryimage"},"image":{"@id":"https:\/\/www.braintumour.ca\/fr\/impliquez-vous\/sensibilisation\/mois-de-sensibilisation\/#primaryimage"},"thumbnailUrl":"https:\/\/www.braintumour.ca\/wp-content\/uploads\/2019\/09\/Grey-Ribbon.jpg","datePublished":"2019-08-26T20:48:00+00:00","dateModified":"2025-05-01T00:38:39+00:00","description":"Mai est le mois de la sensibilisation aux tumeurs c\u00e9r\u00e9brales au Canada. Joignez-vous \u00e0 nous et soyez #GrisEnMai. Il y a de nombreuses fa\u00e7ons de vous impliquer!","breadcrumb":{"@id":"https:\/\/www.braintumour.ca\/fr\/impliquez-vous\/sensibilisation\/mois-de-sensibilisation\/#breadcrumb"},"inLanguage":"fr-CA","potentialAction":[{"@type":"ReadAction","target":["https:\/\/www.braintumour.ca\/fr\/impliquez-vous\/sensibilisation\/mois-de-sensibilisation\/"]}]},{"@type":"ImageObject","inLanguage":"fr-CA","@id":"https:\/\/www.braintumour.ca\/fr\/impliquez-vous\/sensibilisation\/mois-de-sensibilisation\/#primaryimage","url":"https:\/\/www.braintumour.ca\/wp-content\/uploads\/2019\/09\/Grey-Ribbon.jpg","contentUrl":"https:\/\/www.braintumour.ca\/wp-content\/uploads\/2019\/09\/Grey-Ribbon.jpg","width":2415,"height":2035,"caption":"Grey Ribbon"},{"@type":"BreadcrumbList","@id":"https:\/\/www.braintumour.ca\/fr\/impliquez-vous\/sensibilisation\/mois-de-sensibilisation\/#breadcrumb","itemListElement":[{"@type":"ListItem","position":1,"name":"Home","item":"https:\/\/www.braintumour.ca\/fr\/"},{"@type":"ListItem","position":2,"name":"Impliquez-vous","item":"https:\/\/www.braintumour.ca\/fr\/impliquez-vous\/"},{"@type":"ListItem","position":3,"name":"Sensibilisation","item":"https:\/\/www.braintumour.ca\/fr\/impliquez-vous\/sensibilisation\/"},{"@type":"ListItem","position":4,"name":"Mois de sensibilisation aux tumeurs c\u00e9r\u00e9brales"}]},{"@type":"WebSite","@id":"https:\/\/www.braintumour.ca\/fr\/#website","url":"https:\/\/www.braintumour.ca\/fr\/","name":"Fondation canadienne des tumeurs c\u00e9r\u00e9brales","description":"Notre mission est de venir en aide \u00e0 toutes les personnes touch\u00e9es par une tumeur c\u00e9r\u00e9brale au Canada par le biais de nos programmes d\u2019information, de soutien, d\u2019\u00e9ducation et de recherche.","potentialAction":[{"@type":"SearchAction","target":{"@type":"EntryPoint","urlTemplate":"https:\/\/www.braintumour.ca\/fr\/?s={search_term_string}"},"query-input":{"@type":"PropertyValueSpecification","valueRequired":true,"valueName":"search_term_string"}}],"inLanguage":"fr-CA"}]}},"_links":{"self":[{"href":"https:\/\/www.braintumour.ca\/fr\/wp-json\/wp\/v2\/pages\/2621","targetHints":{"allow":["GET"]}}],"collection":[{"href":"https:\/\/www.braintumour.ca\/fr\/wp-json\/wp\/v2\/pages"}],"about":[{"href":"https:\/\/www.braintumour.ca\/fr\/wp-json\/wp\/v2\/types\/page"}],"author":[{"embeddable":true,"href":"https:\/\/www.braintumour.ca\/fr\/wp-json\/wp\/v2\/users\/4"}],"replies":[{"embeddable":true,"href":"https:\/\/www.braintumour.ca\/fr\/wp-json\/wp\/v2\/comments?post=2621"}],"version-history":[{"count":0,"href":"https:\/\/www.braintumour.ca\/fr\/wp-json\/wp\/v2\/pages\/2621\/revisions"}],"up":[{"embeddable":true,"href":"https:\/\/www.braintumour.ca\/fr\/wp-json\/wp\/v2\/pages\/2620"}],"wp:featuredmedia":[{"embeddable":true,"href":"https:\/\/www.braintumour.ca\/fr\/wp-json\/wp\/v2\/media\/737"}],"wp:attachment":[{"href":"https:\/\/www.braintumour.ca\/fr\/wp-json\/wp\/v2\/media?parent=2621"}],"wp:term":[{"taxonomy":"user_type","embeddable":true,"href":"https:\/\/www.braintumour.ca\/fr\/wp-json\/wp\/v2\/user_type?post=2621"}],"curies":[{"name":"wp","href":"https:\/\/api.w.org\/{rel}","templated":true}]}}