{"id":2625,"date":"2019-08-26T16:49:17","date_gmt":"2019-08-26T20:49:17","guid":{"rendered":"https:\/\/braintumour.ca\/impliquez-vous\/sensibilisation\/world-awareness-day\/"},"modified":"2019-11-27T00:55:21","modified_gmt":"2019-11-27T05:55:21","slug":"journee-internationale-de-sensibilisation","status":"publish","type":"page","link":"https:\/\/www.braintumour.ca\/fr\/impliquez-vous\/sensibilisation\/journee-internationale-de-sensibilisation\/","title":{"rendered":"Journ\u00e9e internationale de la sensibilisation aux tumeurs c\u00e9r\u00e9brales"},"content":{"rendered":"<h5>Chaque ann\u00e9e, le 8 juin est la Journ\u00e9e internationale de la sensibilisation aux tumeurs c\u00e9r\u00e9brales. Suivez-nous sur Facebook <a href=\"http:\/\/www.facebook.com\/FondationCanadienneDesTumeursCerebrales\">@FondationCanadienneDesTumeursCerebrales<\/a> pour des activit\u00e9s sp\u00e9ciales de sensibilisation.<\/h5>\n","protected":false},"excerpt":{"rendered":"<p>Chaque ann\u00e9e, le 8 juin est la Journ\u00e9e internationale de la sensibilisation aux tumeurs c\u00e9r\u00e9brales. Suivez-nous sur Facebook @FondationCanadienneDesTumeursCerebrales pour [&hellip;]<\/p>\n","protected":false},"author":4,"featured_media":1255,"parent":2620,"menu_order":2,"comment_status":"closed","ping_status":"closed","template":"","meta":{"_acf_changed":false,"footnotes":""},"user_type":[133,132,137,136,134,135],"class_list":["post-2625","page","type-page","status-publish","has-post-thumbnail","hentry","user_type-patient-fr","user_type-proche-aidant","user_type-benevole","user_type-donateur","user_type-chercheur","user_type-professionnel-de-la-sante"],"acf":[],"yoast_head":"<!-- This site is optimized with the Yoast SEO Premium plugin v27.0 (Yoast SEO v27.0) - https:\/\/yoast.com\/product\/yoast-seo-premium-wordpress\/ -->\n<title>Journ\u00e9e internationale de la sensibilisation aux tumeurs c\u00e9r\u00e9brales - Fondation canadienne des tumeurs c\u00e9r\u00e9brales<\/title>\n<meta name=\"description\" content=\"Chaque ann\u00e9e, le 8 juin est la Journ\u00e9e internationale de la sensibilisation aux tumeurs c\u00e9r\u00e9brales.\" \/>\n<meta name=\"robots\" content=\"index, follow, max-snippet:-1, max-image-preview:large, max-video-preview:-1\" \/>\n<link rel=\"canonical\" href=\"https:\/\/www.braintumour.ca\/fr\/impliquez-vous\/sensibilisation\/journee-internationale-de-sensibilisation\/\" \/>\n<meta property=\"og:locale\" content=\"fr_CA\" \/>\n<meta property=\"og:type\" content=\"article\" \/>\n<meta property=\"og:title\" content=\"Journ\u00e9e internationale de la sensibilisation aux tumeurs c\u00e9r\u00e9brales\" \/>\n<meta property=\"og:description\" content=\"Chaque ann\u00e9e, le 8 juin est la Journ\u00e9e internationale de la sensibilisation aux tumeurs c\u00e9r\u00e9brales.\" \/>\n<meta property=\"og:url\" content=\"https:\/\/www.braintumour.ca\/fr\/impliquez-vous\/sensibilisation\/journee-internationale-de-sensibilisation\/\" \/>\n<meta property=\"og:site_name\" content=\"Fondation canadienne des tumeurs c\u00e9r\u00e9brales\" \/>\n<meta property=\"article:modified_time\" content=\"2019-11-27T05:55:21+00:00\" \/>\n<meta property=\"og:image\" content=\"https:\/\/www.braintumour.ca\/wp-content\/uploads\/2019\/10\/hand-644145_1920.jpg\" \/>\n\t<meta property=\"og:image:width\" content=\"1920\" \/>\n\t<meta property=\"og:image:height\" content=\"1280\" \/>\n\t<meta property=\"og:image:type\" content=\"image\/jpeg\" \/>\n<meta name=\"twitter:card\" content=\"summary_large_image\" \/>\n<script type=\"application\/ld+json\" class=\"yoast-schema-graph\">{\"@context\":\"https:\/\/schema.org\",\"@graph\":[{\"@type\":\"WebPage\",\"@id\":\"https:\/\/www.braintumour.ca\/fr\/impliquez-vous\/sensibilisation\/journee-internationale-de-sensibilisation\/\",\"url\":\"https:\/\/www.braintumour.ca\/fr\/impliquez-vous\/sensibilisation\/journee-internationale-de-sensibilisation\/\",\"name\":\"Journ\u00e9e internationale de la sensibilisation aux tumeurs c\u00e9r\u00e9brales - Fondation canadienne des tumeurs c\u00e9r\u00e9brales\",\"isPartOf\":{\"@id\":\"https:\/\/www.braintumour.ca\/fr\/#website\"},\"primaryImageOfPage\":{\"@id\":\"https:\/\/www.braintumour.ca\/fr\/impliquez-vous\/sensibilisation\/journee-internationale-de-sensibilisation\/#primaryimage\"},\"image\":{\"@id\":\"https:\/\/www.braintumour.ca\/fr\/impliquez-vous\/sensibilisation\/journee-internationale-de-sensibilisation\/#primaryimage\"},\"thumbnailUrl\":\"https:\/\/www.braintumour.ca\/wp-content\/uploads\/2019\/10\/hand-644145_1920.jpg\",\"datePublished\":\"2019-08-26T20:49:17+00:00\",\"dateModified\":\"2019-11-27T05:55:21+00:00\",\"description\":\"Chaque ann\u00e9e, le 8 juin est la Journ\u00e9e internationale de la sensibilisation aux tumeurs c\u00e9r\u00e9brales.\",\"breadcrumb\":{\"@id\":\"https:\/\/www.braintumour.ca\/fr\/impliquez-vous\/sensibilisation\/journee-internationale-de-sensibilisation\/#breadcrumb\"},\"inLanguage\":\"fr-CA\",\"potentialAction\":[{\"@type\":\"ReadAction\",\"target\":[\"https:\/\/www.braintumour.ca\/fr\/impliquez-vous\/sensibilisation\/journee-internationale-de-sensibilisation\/\"]}]},{\"@type\":\"ImageObject\",\"inLanguage\":\"fr-CA\",\"@id\":\"https:\/\/www.braintumour.ca\/fr\/impliquez-vous\/sensibilisation\/journee-internationale-de-sensibilisation\/#primaryimage\",\"url\":\"https:\/\/www.braintumour.ca\/wp-content\/uploads\/2019\/10\/hand-644145_1920.jpg\",\"contentUrl\":\"https:\/\/www.braintumour.ca\/wp-content\/uploads\/2019\/10\/hand-644145_1920.jpg\",\"width\":1920,\"height\":1280,\"caption\":\"World Brain Tumour Awareness Day\"},{\"@type\":\"BreadcrumbList\",\"@id\":\"https:\/\/www.braintumour.ca\/fr\/impliquez-vous\/sensibilisation\/journee-internationale-de-sensibilisation\/#breadcrumb\",\"itemListElement\":[{\"@type\":\"ListItem\",\"position\":1,\"name\":\"Home\",\"item\":\"https:\/\/www.braintumour.ca\/fr\/\"},{\"@type\":\"ListItem\",\"position\":2,\"name\":\"Impliquez-vous\",\"item\":\"https:\/\/www.braintumour.ca\/fr\/impliquez-vous\/\"},{\"@type\":\"ListItem\",\"position\":3,\"name\":\"Sensibilisation\",\"item\":\"https:\/\/www.braintumour.ca\/fr\/impliquez-vous\/sensibilisation\/\"},{\"@type\":\"ListItem\",\"position\":4,\"name\":\"Journ\u00e9e internationale de la sensibilisation aux tumeurs c\u00e9r\u00e9brales\"}]},{\"@type\":\"WebSite\",\"@id\":\"https:\/\/www.braintumour.ca\/fr\/#website\",\"url\":\"https:\/\/www.braintumour.ca\/fr\/\",\"name\":\"Fondation canadienne des tumeurs c\u00e9r\u00e9brales\",\"description\":\"Notre mission est de venir en aide \u00e0 toutes les personnes touch\u00e9es par une tumeur c\u00e9r\u00e9brale au Canada par le biais de nos programmes d\u2019information, de soutien, d\u2019\u00e9ducation et de recherche.\",\"potentialAction\":[{\"@type\":\"SearchAction\",\"target\":{\"@type\":\"EntryPoint\",\"urlTemplate\":\"https:\/\/www.braintumour.ca\/fr\/?s={search_term_string}\"},\"query-input\":{\"@type\":\"PropertyValueSpecification\",\"valueRequired\":true,\"valueName\":\"search_term_string\"}}],\"inLanguage\":\"fr-CA\"}]}<\/script>\n<!-- \/ Yoast SEO Premium plugin. -->","yoast_head_json":{"title":"Journ\u00e9e internationale de la sensibilisation aux tumeurs c\u00e9r\u00e9brales - Fondation canadienne des tumeurs c\u00e9r\u00e9brales","description":"Chaque ann\u00e9e, le 8 juin est la Journ\u00e9e internationale de la sensibilisation aux tumeurs c\u00e9r\u00e9brales.","robots":{"index":"index","follow":"follow","max-snippet":"max-snippet:-1","max-image-preview":"max-image-preview:large","max-video-preview":"max-video-preview:-1"},"canonical":"https:\/\/www.braintumour.ca\/fr\/impliquez-vous\/sensibilisation\/journee-internationale-de-sensibilisation\/","og_locale":"fr_CA","og_type":"article","og_title":"Journ\u00e9e internationale de la sensibilisation aux tumeurs c\u00e9r\u00e9brales","og_description":"Chaque ann\u00e9e, le 8 juin est la Journ\u00e9e internationale de la sensibilisation aux tumeurs c\u00e9r\u00e9brales.","og_url":"https:\/\/www.braintumour.ca\/fr\/impliquez-vous\/sensibilisation\/journee-internationale-de-sensibilisation\/","og_site_name":"Fondation canadienne des tumeurs c\u00e9r\u00e9brales","article_modified_time":"2019-11-27T05:55:21+00:00","og_image":[{"width":1920,"height":1280,"url":"https:\/\/www.braintumour.ca\/wp-content\/uploads\/2019\/10\/hand-644145_1920.jpg","type":"image\/jpeg"}],"twitter_card":"summary_large_image","schema":{"@context":"https:\/\/schema.org","@graph":[{"@type":"WebPage","@id":"https:\/\/www.braintumour.ca\/fr\/impliquez-vous\/sensibilisation\/journee-internationale-de-sensibilisation\/","url":"https:\/\/www.braintumour.ca\/fr\/impliquez-vous\/sensibilisation\/journee-internationale-de-sensibilisation\/","name":"Journ\u00e9e internationale de la sensibilisation aux tumeurs c\u00e9r\u00e9brales - Fondation canadienne des tumeurs c\u00e9r\u00e9brales","isPartOf":{"@id":"https:\/\/www.braintumour.ca\/fr\/#website"},"primaryImageOfPage":{"@id":"https:\/\/www.braintumour.ca\/fr\/impliquez-vous\/sensibilisation\/journee-internationale-de-sensibilisation\/#primaryimage"},"image":{"@id":"https:\/\/www.braintumour.ca\/fr\/impliquez-vous\/sensibilisation\/journee-internationale-de-sensibilisation\/#primaryimage"},"thumbnailUrl":"https:\/\/www.braintumour.ca\/wp-content\/uploads\/2019\/10\/hand-644145_1920.jpg","datePublished":"2019-08-26T20:49:17+00:00","dateModified":"2019-11-27T05:55:21+00:00","description":"Chaque ann\u00e9e, le 8 juin est la Journ\u00e9e internationale de la sensibilisation aux tumeurs c\u00e9r\u00e9brales.","breadcrumb":{"@id":"https:\/\/www.braintumour.ca\/fr\/impliquez-vous\/sensibilisation\/journee-internationale-de-sensibilisation\/#breadcrumb"},"inLanguage":"fr-CA","potentialAction":[{"@type":"ReadAction","target":["https:\/\/www.braintumour.ca\/fr\/impliquez-vous\/sensibilisation\/journee-internationale-de-sensibilisation\/"]}]},{"@type":"ImageObject","inLanguage":"fr-CA","@id":"https:\/\/www.braintumour.ca\/fr\/impliquez-vous\/sensibilisation\/journee-internationale-de-sensibilisation\/#primaryimage","url":"https:\/\/www.braintumour.ca\/wp-content\/uploads\/2019\/10\/hand-644145_1920.jpg","contentUrl":"https:\/\/www.braintumour.ca\/wp-content\/uploads\/2019\/10\/hand-644145_1920.jpg","width":1920,"height":1280,"caption":"World Brain Tumour Awareness Day"},{"@type":"BreadcrumbList","@id":"https:\/\/www.braintumour.ca\/fr\/impliquez-vous\/sensibilisation\/journee-internationale-de-sensibilisation\/#breadcrumb","itemListElement":[{"@type":"ListItem","position":1,"name":"Home","item":"https:\/\/www.braintumour.ca\/fr\/"},{"@type":"ListItem","position":2,"name":"Impliquez-vous","item":"https:\/\/www.braintumour.ca\/fr\/impliquez-vous\/"},{"@type":"ListItem","position":3,"name":"Sensibilisation","item":"https:\/\/www.braintumour.ca\/fr\/impliquez-vous\/sensibilisation\/"},{"@type":"ListItem","position":4,"name":"Journ\u00e9e internationale de la sensibilisation aux tumeurs c\u00e9r\u00e9brales"}]},{"@type":"WebSite","@id":"https:\/\/www.braintumour.ca\/fr\/#website","url":"https:\/\/www.braintumour.ca\/fr\/","name":"Fondation canadienne des tumeurs c\u00e9r\u00e9brales","description":"Notre mission est de venir en aide \u00e0 toutes les personnes touch\u00e9es par une tumeur c\u00e9r\u00e9brale au Canada par le biais de nos programmes d\u2019information, de soutien, d\u2019\u00e9ducation et de recherche.","potentialAction":[{"@type":"SearchAction","target":{"@type":"EntryPoint","urlTemplate":"https:\/\/www.braintumour.ca\/fr\/?s={search_term_string}"},"query-input":{"@type":"PropertyValueSpecification","valueRequired":true,"valueName":"search_term_string"}}],"inLanguage":"fr-CA"}]}},"_links":{"self":[{"href":"https:\/\/www.braintumour.ca\/fr\/wp-json\/wp\/v2\/pages\/2625","targetHints":{"allow":["GET"]}}],"collection":[{"href":"https:\/\/www.braintumour.ca\/fr\/wp-json\/wp\/v2\/pages"}],"about":[{"href":"https:\/\/www.braintumour.ca\/fr\/wp-json\/wp\/v2\/types\/page"}],"author":[{"embeddable":true,"href":"https:\/\/www.braintumour.ca\/fr\/wp-json\/wp\/v2\/users\/4"}],"replies":[{"embeddable":true,"href":"https:\/\/www.braintumour.ca\/fr\/wp-json\/wp\/v2\/comments?post=2625"}],"version-history":[{"count":0,"href":"https:\/\/www.braintumour.ca\/fr\/wp-json\/wp\/v2\/pages\/2625\/revisions"}],"up":[{"embeddable":true,"href":"https:\/\/www.braintumour.ca\/fr\/wp-json\/wp\/v2\/pages\/2620"}],"wp:featuredmedia":[{"embeddable":true,"href":"https:\/\/www.braintumour.ca\/fr\/wp-json\/wp\/v2\/media\/1255"}],"wp:attachment":[{"href":"https:\/\/www.braintumour.ca\/fr\/wp-json\/wp\/v2\/media?parent=2625"}],"wp:term":[{"taxonomy":"user_type","embeddable":true,"href":"https:\/\/www.braintumour.ca\/fr\/wp-json\/wp\/v2\/user_type?post=2625"}],"curies":[{"name":"wp","href":"https:\/\/api.w.org\/{rel}","templated":true}]}}