{"id":2627,"date":"2019-08-26T16:52:11","date_gmt":"2019-08-26T20:52:11","guid":{"rendered":"https:\/\/braintumour.ca\/impliquez-vous\/sensibilisation\/childhood-cancer-awareness\/"},"modified":"2024-08-27T14:38:47","modified_gmt":"2024-08-27T18:38:47","slug":"mois-de-la-sensibilisation-au-cancer-infantile","status":"publish","type":"page","link":"https:\/\/www.braintumour.ca\/fr\/impliquez-vous\/sensibilisation\/mois-de-la-sensibilisation-au-cancer-infantile\/","title":{"rendered":"Mois de la sensibilisation au cancer infantile"},"content":{"rendered":"<p><strong>Le mois de septembre est le mois de la Sensibilisation au cancer infantile.<\/strong> Chaque ann\u00e9e, plus d\u2019enfants meurent de tumeurs c\u00e9r\u00e9brales que de tout autre cancer infantile. <\/p>\n","protected":false},"excerpt":{"rendered":"<p>Le mois de septembre est le mois de la Sensibilisation au cancer infantile. Chaque ann\u00e9e, plus d\u2019enfants meurent de tumeurs [&hellip;]<\/p>\n","protected":false},"author":4,"featured_media":1253,"parent":2620,"menu_order":4,"comment_status":"closed","ping_status":"closed","template":"","meta":{"_acf_changed":false,"footnotes":""},"user_type":[137],"class_list":["post-2627","page","type-page","status-publish","has-post-thumbnail","hentry","user_type-benevole"],"acf":[],"yoast_head":"<!-- This site is optimized with the Yoast SEO Premium plugin v27.0 (Yoast SEO v27.0) - https:\/\/yoast.com\/product\/yoast-seo-premium-wordpress\/ -->\n<title>Mois de la sensibilisation au cancer infantile - Fondation canadienne des tumeurs c\u00e9r\u00e9brales<\/title>\n<meta name=\"description\" content=\"More children die each year from brain tumours than any other childhood cancer. Every September we raise awareness for a brighter future.\" \/>\n<meta name=\"robots\" content=\"index, follow, max-snippet:-1, max-image-preview:large, max-video-preview:-1\" \/>\n<link rel=\"canonical\" href=\"https:\/\/www.braintumour.ca\/fr\/impliquez-vous\/sensibilisation\/mois-de-la-sensibilisation-au-cancer-infantile\/\" \/>\n<meta property=\"og:locale\" content=\"fr_CA\" \/>\n<meta property=\"og:type\" content=\"article\" \/>\n<meta property=\"og:title\" content=\"Mois de la sensibilisation au cancer infantile\" \/>\n<meta property=\"og:description\" content=\"More children die each year from brain tumours than any other childhood cancer. Every September we raise awareness for a brighter future.\" \/>\n<meta property=\"og:url\" content=\"https:\/\/www.braintumour.ca\/fr\/impliquez-vous\/sensibilisation\/mois-de-la-sensibilisation-au-cancer-infantile\/\" \/>\n<meta property=\"og:site_name\" content=\"Fondation canadienne des tumeurs c\u00e9r\u00e9brales\" \/>\n<meta property=\"article:modified_time\" content=\"2024-08-27T18:38:47+00:00\" \/>\n<meta property=\"og:image\" content=\"https:\/\/www.braintumour.ca\/wp-content\/uploads\/2019\/10\/GreyGoldRibbons.png\" \/>\n\t<meta property=\"og:image:width\" content=\"792\" \/>\n\t<meta property=\"og:image:height\" content=\"679\" \/>\n\t<meta property=\"og:image:type\" content=\"image\/png\" \/>\n<meta name=\"twitter:card\" content=\"summary_large_image\" \/>\n<meta name=\"twitter:label1\" content=\"Estimation du temps de lecture\" \/>\n\t<meta name=\"twitter:data1\" content=\"2 minutes\" \/>\n<script type=\"application\/ld+json\" class=\"yoast-schema-graph\">{\"@context\":\"https:\/\/schema.org\",\"@graph\":[{\"@type\":\"WebPage\",\"@id\":\"https:\/\/www.braintumour.ca\/fr\/impliquez-vous\/sensibilisation\/mois-de-la-sensibilisation-au-cancer-infantile\/\",\"url\":\"https:\/\/www.braintumour.ca\/fr\/impliquez-vous\/sensibilisation\/mois-de-la-sensibilisation-au-cancer-infantile\/\",\"name\":\"Mois de la sensibilisation au cancer infantile - Fondation canadienne des tumeurs c\u00e9r\u00e9brales\",\"isPartOf\":{\"@id\":\"https:\/\/www.braintumour.ca\/fr\/#website\"},\"primaryImageOfPage\":{\"@id\":\"https:\/\/www.braintumour.ca\/fr\/impliquez-vous\/sensibilisation\/mois-de-la-sensibilisation-au-cancer-infantile\/#primaryimage\"},\"image\":{\"@id\":\"https:\/\/www.braintumour.ca\/fr\/impliquez-vous\/sensibilisation\/mois-de-la-sensibilisation-au-cancer-infantile\/#primaryimage\"},\"thumbnailUrl\":\"https:\/\/www.braintumour.ca\/wp-content\/uploads\/2019\/10\/GreyGoldRibbons.png\",\"datePublished\":\"2019-08-26T20:52:11+00:00\",\"dateModified\":\"2024-08-27T18:38:47+00:00\",\"description\":\"More children die each year from brain tumours than any other childhood cancer. Every September we raise awareness for a brighter future.\",\"breadcrumb\":{\"@id\":\"https:\/\/www.braintumour.ca\/fr\/impliquez-vous\/sensibilisation\/mois-de-la-sensibilisation-au-cancer-infantile\/#breadcrumb\"},\"inLanguage\":\"fr-CA\",\"potentialAction\":[{\"@type\":\"ReadAction\",\"target\":[\"https:\/\/www.braintumour.ca\/fr\/impliquez-vous\/sensibilisation\/mois-de-la-sensibilisation-au-cancer-infantile\/\"]}]},{\"@type\":\"ImageObject\",\"inLanguage\":\"fr-CA\",\"@id\":\"https:\/\/www.braintumour.ca\/fr\/impliquez-vous\/sensibilisation\/mois-de-la-sensibilisation-au-cancer-infantile\/#primaryimage\",\"url\":\"https:\/\/www.braintumour.ca\/wp-content\/uploads\/2019\/10\/GreyGoldRibbons.png\",\"contentUrl\":\"https:\/\/www.braintumour.ca\/wp-content\/uploads\/2019\/10\/GreyGoldRibbons.png\",\"width\":792,\"height\":679,\"caption\":\"Grey and Gold Ribbons\"},{\"@type\":\"BreadcrumbList\",\"@id\":\"https:\/\/www.braintumour.ca\/fr\/impliquez-vous\/sensibilisation\/mois-de-la-sensibilisation-au-cancer-infantile\/#breadcrumb\",\"itemListElement\":[{\"@type\":\"ListItem\",\"position\":1,\"name\":\"Home\",\"item\":\"https:\/\/www.braintumour.ca\/fr\/\"},{\"@type\":\"ListItem\",\"position\":2,\"name\":\"Impliquez-vous\",\"item\":\"https:\/\/www.braintumour.ca\/fr\/impliquez-vous\/\"},{\"@type\":\"ListItem\",\"position\":3,\"name\":\"Sensibilisation\",\"item\":\"https:\/\/www.braintumour.ca\/fr\/impliquez-vous\/sensibilisation\/\"},{\"@type\":\"ListItem\",\"position\":4,\"name\":\"Mois de la sensibilisation au cancer infantile\"}]},{\"@type\":\"WebSite\",\"@id\":\"https:\/\/www.braintumour.ca\/fr\/#website\",\"url\":\"https:\/\/www.braintumour.ca\/fr\/\",\"name\":\"Fondation canadienne des tumeurs c\u00e9r\u00e9brales\",\"description\":\"Notre mission est de venir en aide \u00e0 toutes les personnes touch\u00e9es par une tumeur c\u00e9r\u00e9brale au Canada par le biais de nos programmes d\u2019information, de soutien, d\u2019\u00e9ducation et de recherche.\",\"potentialAction\":[{\"@type\":\"SearchAction\",\"target\":{\"@type\":\"EntryPoint\",\"urlTemplate\":\"https:\/\/www.braintumour.ca\/fr\/?s={search_term_string}\"},\"query-input\":{\"@type\":\"PropertyValueSpecification\",\"valueRequired\":true,\"valueName\":\"search_term_string\"}}],\"inLanguage\":\"fr-CA\"}]}<\/script>\n<!-- \/ Yoast SEO Premium plugin. -->","yoast_head_json":{"title":"Mois de la sensibilisation au cancer infantile - Fondation canadienne des tumeurs c\u00e9r\u00e9brales","description":"More children die each year from brain tumours than any other childhood cancer. Every September we raise awareness for a brighter future.","robots":{"index":"index","follow":"follow","max-snippet":"max-snippet:-1","max-image-preview":"max-image-preview:large","max-video-preview":"max-video-preview:-1"},"canonical":"https:\/\/www.braintumour.ca\/fr\/impliquez-vous\/sensibilisation\/mois-de-la-sensibilisation-au-cancer-infantile\/","og_locale":"fr_CA","og_type":"article","og_title":"Mois de la sensibilisation au cancer infantile","og_description":"More children die each year from brain tumours than any other childhood cancer. Every September we raise awareness for a brighter future.","og_url":"https:\/\/www.braintumour.ca\/fr\/impliquez-vous\/sensibilisation\/mois-de-la-sensibilisation-au-cancer-infantile\/","og_site_name":"Fondation canadienne des tumeurs c\u00e9r\u00e9brales","article_modified_time":"2024-08-27T18:38:47+00:00","og_image":[{"width":792,"height":679,"url":"https:\/\/www.braintumour.ca\/wp-content\/uploads\/2019\/10\/GreyGoldRibbons.png","type":"image\/png"}],"twitter_card":"summary_large_image","twitter_misc":{"Estimation du temps de lecture":"2 minutes"},"schema":{"@context":"https:\/\/schema.org","@graph":[{"@type":"WebPage","@id":"https:\/\/www.braintumour.ca\/fr\/impliquez-vous\/sensibilisation\/mois-de-la-sensibilisation-au-cancer-infantile\/","url":"https:\/\/www.braintumour.ca\/fr\/impliquez-vous\/sensibilisation\/mois-de-la-sensibilisation-au-cancer-infantile\/","name":"Mois de la sensibilisation au cancer infantile - Fondation canadienne des tumeurs c\u00e9r\u00e9brales","isPartOf":{"@id":"https:\/\/www.braintumour.ca\/fr\/#website"},"primaryImageOfPage":{"@id":"https:\/\/www.braintumour.ca\/fr\/impliquez-vous\/sensibilisation\/mois-de-la-sensibilisation-au-cancer-infantile\/#primaryimage"},"image":{"@id":"https:\/\/www.braintumour.ca\/fr\/impliquez-vous\/sensibilisation\/mois-de-la-sensibilisation-au-cancer-infantile\/#primaryimage"},"thumbnailUrl":"https:\/\/www.braintumour.ca\/wp-content\/uploads\/2019\/10\/GreyGoldRibbons.png","datePublished":"2019-08-26T20:52:11+00:00","dateModified":"2024-08-27T18:38:47+00:00","description":"More children die each year from brain tumours than any other childhood cancer. Every September we raise awareness for a brighter future.","breadcrumb":{"@id":"https:\/\/www.braintumour.ca\/fr\/impliquez-vous\/sensibilisation\/mois-de-la-sensibilisation-au-cancer-infantile\/#breadcrumb"},"inLanguage":"fr-CA","potentialAction":[{"@type":"ReadAction","target":["https:\/\/www.braintumour.ca\/fr\/impliquez-vous\/sensibilisation\/mois-de-la-sensibilisation-au-cancer-infantile\/"]}]},{"@type":"ImageObject","inLanguage":"fr-CA","@id":"https:\/\/www.braintumour.ca\/fr\/impliquez-vous\/sensibilisation\/mois-de-la-sensibilisation-au-cancer-infantile\/#primaryimage","url":"https:\/\/www.braintumour.ca\/wp-content\/uploads\/2019\/10\/GreyGoldRibbons.png","contentUrl":"https:\/\/www.braintumour.ca\/wp-content\/uploads\/2019\/10\/GreyGoldRibbons.png","width":792,"height":679,"caption":"Grey and Gold Ribbons"},{"@type":"BreadcrumbList","@id":"https:\/\/www.braintumour.ca\/fr\/impliquez-vous\/sensibilisation\/mois-de-la-sensibilisation-au-cancer-infantile\/#breadcrumb","itemListElement":[{"@type":"ListItem","position":1,"name":"Home","item":"https:\/\/www.braintumour.ca\/fr\/"},{"@type":"ListItem","position":2,"name":"Impliquez-vous","item":"https:\/\/www.braintumour.ca\/fr\/impliquez-vous\/"},{"@type":"ListItem","position":3,"name":"Sensibilisation","item":"https:\/\/www.braintumour.ca\/fr\/impliquez-vous\/sensibilisation\/"},{"@type":"ListItem","position":4,"name":"Mois de la sensibilisation au cancer infantile"}]},{"@type":"WebSite","@id":"https:\/\/www.braintumour.ca\/fr\/#website","url":"https:\/\/www.braintumour.ca\/fr\/","name":"Fondation canadienne des tumeurs c\u00e9r\u00e9brales","description":"Notre mission est de venir en aide \u00e0 toutes les personnes touch\u00e9es par une tumeur c\u00e9r\u00e9brale au Canada par le biais de nos programmes d\u2019information, de soutien, d\u2019\u00e9ducation et de recherche.","potentialAction":[{"@type":"SearchAction","target":{"@type":"EntryPoint","urlTemplate":"https:\/\/www.braintumour.ca\/fr\/?s={search_term_string}"},"query-input":{"@type":"PropertyValueSpecification","valueRequired":true,"valueName":"search_term_string"}}],"inLanguage":"fr-CA"}]}},"_links":{"self":[{"href":"https:\/\/www.braintumour.ca\/fr\/wp-json\/wp\/v2\/pages\/2627","targetHints":{"allow":["GET"]}}],"collection":[{"href":"https:\/\/www.braintumour.ca\/fr\/wp-json\/wp\/v2\/pages"}],"about":[{"href":"https:\/\/www.braintumour.ca\/fr\/wp-json\/wp\/v2\/types\/page"}],"author":[{"embeddable":true,"href":"https:\/\/www.braintumour.ca\/fr\/wp-json\/wp\/v2\/users\/4"}],"replies":[{"embeddable":true,"href":"https:\/\/www.braintumour.ca\/fr\/wp-json\/wp\/v2\/comments?post=2627"}],"version-history":[{"count":0,"href":"https:\/\/www.braintumour.ca\/fr\/wp-json\/wp\/v2\/pages\/2627\/revisions"}],"up":[{"embeddable":true,"href":"https:\/\/www.braintumour.ca\/fr\/wp-json\/wp\/v2\/pages\/2620"}],"wp:featuredmedia":[{"embeddable":true,"href":"https:\/\/www.braintumour.ca\/fr\/wp-json\/wp\/v2\/media\/1253"}],"wp:attachment":[{"href":"https:\/\/www.braintumour.ca\/fr\/wp-json\/wp\/v2\/media?parent=2627"}],"wp:term":[{"taxonomy":"user_type","embeddable":true,"href":"https:\/\/www.braintumour.ca\/fr\/wp-json\/wp\/v2\/user_type?post=2627"}],"curies":[{"name":"wp","href":"https:\/\/api.w.org\/{rel}","templated":true}]}}