{"id":2629,"date":"2019-08-26T16:51:44","date_gmt":"2019-08-26T20:51:44","guid":{"rendered":"https:\/\/braintumour.ca\/impliquez-vous\/sensibilisation\/brain-cancer-awareness-day\/"},"modified":"2025-09-18T07:42:42","modified_gmt":"2025-09-18T11:42:42","slug":"journee-de-sensibilisation-au-cancer-du-cerveau","status":"publish","type":"page","link":"https:\/\/www.braintumour.ca\/fr\/impliquez-vous\/sensibilisation\/journee-de-sensibilisation-au-cancer-du-cerveau\/","title":{"rendered":"Journ\u00e9e de sensibilisation au cancer du cerveau"},"content":{"rendered":"<h5>Le 24 octobre est la Journ\u00e9e de sensibilisation au cancer du cerveau au Canada. Aidez-nous \u00e0 sensibiliser la population et \u00e0 donner de l&rsquo;ESPOIR!<\/h5>\n","protected":false},"excerpt":{"rendered":"<p>Le 24 octobre est la Journ\u00e9e de sensibilisation au cancer du cerveau au Canada. Aidez-nous \u00e0 sensibiliser la population et [&hellip;]<\/p>\n","protected":false},"author":4,"featured_media":14028,"parent":2620,"menu_order":5,"comment_status":"closed","ping_status":"closed","template":"","meta":{"_acf_changed":false,"footnotes":""},"user_type":[137],"class_list":["post-2629","page","type-page","status-publish","has-post-thumbnail","hentry","user_type-benevole"],"acf":[],"yoast_head":"<!-- This site is optimized with the Yoast SEO Premium plugin v27.0 (Yoast SEO v27.0) - https:\/\/yoast.com\/product\/yoast-seo-premium-wordpress\/ -->\n<title>Journ\u00e9e de sensibilisation au cancer du cerveau - Fondation canadienne des tumeurs c\u00e9r\u00e9brales<\/title>\n<meta name=\"description\" content=\"Le 24 octobre est la Journ\u00e9e de sensibilisation au cancer du cerveau au Canada. Aidez-nous \u00e0 sensibiliser la population et \u00e0 donner de l&#039;ESPOIR!\" \/>\n<meta name=\"robots\" content=\"index, follow, max-snippet:-1, max-image-preview:large, max-video-preview:-1\" \/>\n<link rel=\"canonical\" href=\"https:\/\/www.braintumour.ca\/fr\/impliquez-vous\/sensibilisation\/journee-de-sensibilisation-au-cancer-du-cerveau\/\" \/>\n<meta property=\"og:locale\" content=\"fr_CA\" \/>\n<meta property=\"og:type\" content=\"article\" \/>\n<meta property=\"og:title\" content=\"Journ\u00e9e de sensibilisation au cancer du cerveau\" \/>\n<meta property=\"og:description\" content=\"Le 24 octobre est la Journ\u00e9e de sensibilisation au cancer du cerveau au Canada. Aidez-nous \u00e0 sensibiliser la population et \u00e0 donner de l&#039;ESPOIR!\" \/>\n<meta property=\"og:url\" content=\"https:\/\/www.braintumour.ca\/fr\/impliquez-vous\/sensibilisation\/journee-de-sensibilisation-au-cancer-du-cerveau\/\" \/>\n<meta property=\"og:site_name\" content=\"Fondation canadienne des tumeurs c\u00e9r\u00e9brales\" \/>\n<meta property=\"article:modified_time\" content=\"2025-09-18T11:42:42+00:00\" \/>\n<meta property=\"og:image\" content=\"https:\/\/www.braintumour.ca\/wp-content\/uploads\/2025\/09\/PLEE-HATS-FRENCH.jpg\" \/>\n\t<meta property=\"og:image:width\" content=\"700\" \/>\n\t<meta property=\"og:image:height\" content=\"827\" \/>\n\t<meta property=\"og:image:type\" content=\"image\/jpeg\" \/>\n<meta name=\"twitter:card\" content=\"summary_large_image\" \/>\n<meta name=\"twitter:label1\" content=\"Estimation du temps de lecture\" \/>\n\t<meta name=\"twitter:data1\" content=\"3 minutes\" \/>\n<script type=\"application\/ld+json\" class=\"yoast-schema-graph\">{\"@context\":\"https:\/\/schema.org\",\"@graph\":[{\"@type\":\"WebPage\",\"@id\":\"https:\/\/www.braintumour.ca\/fr\/impliquez-vous\/sensibilisation\/journee-de-sensibilisation-au-cancer-du-cerveau\/\",\"url\":\"https:\/\/www.braintumour.ca\/fr\/impliquez-vous\/sensibilisation\/journee-de-sensibilisation-au-cancer-du-cerveau\/\",\"name\":\"Journ\u00e9e de sensibilisation au cancer du cerveau - Fondation canadienne des tumeurs c\u00e9r\u00e9brales\",\"isPartOf\":{\"@id\":\"https:\/\/www.braintumour.ca\/fr\/#website\"},\"primaryImageOfPage\":{\"@id\":\"https:\/\/www.braintumour.ca\/fr\/impliquez-vous\/sensibilisation\/journee-de-sensibilisation-au-cancer-du-cerveau\/#primaryimage\"},\"image\":{\"@id\":\"https:\/\/www.braintumour.ca\/fr\/impliquez-vous\/sensibilisation\/journee-de-sensibilisation-au-cancer-du-cerveau\/#primaryimage\"},\"thumbnailUrl\":\"https:\/\/www.braintumour.ca\/wp-content\/uploads\/2025\/09\/PLEE-HATS-FRENCH.jpg\",\"datePublished\":\"2019-08-26T20:51:44+00:00\",\"dateModified\":\"2025-09-18T11:42:42+00:00\",\"description\":\"Le 24 octobre est la Journ\u00e9e de sensibilisation au cancer du cerveau au Canada. Aidez-nous \u00e0 sensibiliser la population et \u00e0 donner de l'ESPOIR!\",\"breadcrumb\":{\"@id\":\"https:\/\/www.braintumour.ca\/fr\/impliquez-vous\/sensibilisation\/journee-de-sensibilisation-au-cancer-du-cerveau\/#breadcrumb\"},\"inLanguage\":\"fr-CA\",\"potentialAction\":[{\"@type\":\"ReadAction\",\"target\":[\"https:\/\/www.braintumour.ca\/fr\/impliquez-vous\/sensibilisation\/journee-de-sensibilisation-au-cancer-du-cerveau\/\"]}]},{\"@type\":\"ImageObject\",\"inLanguage\":\"fr-CA\",\"@id\":\"https:\/\/www.braintumour.ca\/fr\/impliquez-vous\/sensibilisation\/journee-de-sensibilisation-au-cancer-du-cerveau\/#primaryimage\",\"url\":\"https:\/\/www.braintumour.ca\/wp-content\/uploads\/2025\/09\/PLEE-HATS-FRENCH.jpg\",\"contentUrl\":\"https:\/\/www.braintumour.ca\/wp-content\/uploads\/2025\/09\/PLEE-HATS-FRENCH.jpg\",\"width\":700,\"height\":827},{\"@type\":\"BreadcrumbList\",\"@id\":\"https:\/\/www.braintumour.ca\/fr\/impliquez-vous\/sensibilisation\/journee-de-sensibilisation-au-cancer-du-cerveau\/#breadcrumb\",\"itemListElement\":[{\"@type\":\"ListItem\",\"position\":1,\"name\":\"Home\",\"item\":\"https:\/\/www.braintumour.ca\/fr\/\"},{\"@type\":\"ListItem\",\"position\":2,\"name\":\"Impliquez-vous\",\"item\":\"https:\/\/www.braintumour.ca\/fr\/impliquez-vous\/\"},{\"@type\":\"ListItem\",\"position\":3,\"name\":\"Sensibilisation\",\"item\":\"https:\/\/www.braintumour.ca\/fr\/impliquez-vous\/sensibilisation\/\"},{\"@type\":\"ListItem\",\"position\":4,\"name\":\"Journ\u00e9e de sensibilisation au cancer du cerveau\"}]},{\"@type\":\"WebSite\",\"@id\":\"https:\/\/www.braintumour.ca\/fr\/#website\",\"url\":\"https:\/\/www.braintumour.ca\/fr\/\",\"name\":\"Fondation canadienne des tumeurs c\u00e9r\u00e9brales\",\"description\":\"Notre mission est de venir en aide \u00e0 toutes les personnes touch\u00e9es par une tumeur c\u00e9r\u00e9brale au Canada par le biais de nos programmes d\u2019information, de soutien, d\u2019\u00e9ducation et de recherche.\",\"potentialAction\":[{\"@type\":\"SearchAction\",\"target\":{\"@type\":\"EntryPoint\",\"urlTemplate\":\"https:\/\/www.braintumour.ca\/fr\/?s={search_term_string}\"},\"query-input\":{\"@type\":\"PropertyValueSpecification\",\"valueRequired\":true,\"valueName\":\"search_term_string\"}}],\"inLanguage\":\"fr-CA\"}]}<\/script>\n<!-- \/ Yoast SEO Premium plugin. -->","yoast_head_json":{"title":"Journ\u00e9e de sensibilisation au cancer du cerveau - Fondation canadienne des tumeurs c\u00e9r\u00e9brales","description":"Le 24 octobre est la Journ\u00e9e de sensibilisation au cancer du cerveau au Canada. Aidez-nous \u00e0 sensibiliser la population et \u00e0 donner de l'ESPOIR!","robots":{"index":"index","follow":"follow","max-snippet":"max-snippet:-1","max-image-preview":"max-image-preview:large","max-video-preview":"max-video-preview:-1"},"canonical":"https:\/\/www.braintumour.ca\/fr\/impliquez-vous\/sensibilisation\/journee-de-sensibilisation-au-cancer-du-cerveau\/","og_locale":"fr_CA","og_type":"article","og_title":"Journ\u00e9e de sensibilisation au cancer du cerveau","og_description":"Le 24 octobre est la Journ\u00e9e de sensibilisation au cancer du cerveau au Canada. Aidez-nous \u00e0 sensibiliser la population et \u00e0 donner de l'ESPOIR!","og_url":"https:\/\/www.braintumour.ca\/fr\/impliquez-vous\/sensibilisation\/journee-de-sensibilisation-au-cancer-du-cerveau\/","og_site_name":"Fondation canadienne des tumeurs c\u00e9r\u00e9brales","article_modified_time":"2025-09-18T11:42:42+00:00","og_image":[{"width":700,"height":827,"url":"https:\/\/www.braintumour.ca\/wp-content\/uploads\/2025\/09\/PLEE-HATS-FRENCH.jpg","type":"image\/jpeg"}],"twitter_card":"summary_large_image","twitter_misc":{"Estimation du temps de lecture":"3 minutes"},"schema":{"@context":"https:\/\/schema.org","@graph":[{"@type":"WebPage","@id":"https:\/\/www.braintumour.ca\/fr\/impliquez-vous\/sensibilisation\/journee-de-sensibilisation-au-cancer-du-cerveau\/","url":"https:\/\/www.braintumour.ca\/fr\/impliquez-vous\/sensibilisation\/journee-de-sensibilisation-au-cancer-du-cerveau\/","name":"Journ\u00e9e de sensibilisation au cancer du cerveau - Fondation canadienne des tumeurs c\u00e9r\u00e9brales","isPartOf":{"@id":"https:\/\/www.braintumour.ca\/fr\/#website"},"primaryImageOfPage":{"@id":"https:\/\/www.braintumour.ca\/fr\/impliquez-vous\/sensibilisation\/journee-de-sensibilisation-au-cancer-du-cerveau\/#primaryimage"},"image":{"@id":"https:\/\/www.braintumour.ca\/fr\/impliquez-vous\/sensibilisation\/journee-de-sensibilisation-au-cancer-du-cerveau\/#primaryimage"},"thumbnailUrl":"https:\/\/www.braintumour.ca\/wp-content\/uploads\/2025\/09\/PLEE-HATS-FRENCH.jpg","datePublished":"2019-08-26T20:51:44+00:00","dateModified":"2025-09-18T11:42:42+00:00","description":"Le 24 octobre est la Journ\u00e9e de sensibilisation au cancer du cerveau au Canada. Aidez-nous \u00e0 sensibiliser la population et \u00e0 donner de l'ESPOIR!","breadcrumb":{"@id":"https:\/\/www.braintumour.ca\/fr\/impliquez-vous\/sensibilisation\/journee-de-sensibilisation-au-cancer-du-cerveau\/#breadcrumb"},"inLanguage":"fr-CA","potentialAction":[{"@type":"ReadAction","target":["https:\/\/www.braintumour.ca\/fr\/impliquez-vous\/sensibilisation\/journee-de-sensibilisation-au-cancer-du-cerveau\/"]}]},{"@type":"ImageObject","inLanguage":"fr-CA","@id":"https:\/\/www.braintumour.ca\/fr\/impliquez-vous\/sensibilisation\/journee-de-sensibilisation-au-cancer-du-cerveau\/#primaryimage","url":"https:\/\/www.braintumour.ca\/wp-content\/uploads\/2025\/09\/PLEE-HATS-FRENCH.jpg","contentUrl":"https:\/\/www.braintumour.ca\/wp-content\/uploads\/2025\/09\/PLEE-HATS-FRENCH.jpg","width":700,"height":827},{"@type":"BreadcrumbList","@id":"https:\/\/www.braintumour.ca\/fr\/impliquez-vous\/sensibilisation\/journee-de-sensibilisation-au-cancer-du-cerveau\/#breadcrumb","itemListElement":[{"@type":"ListItem","position":1,"name":"Home","item":"https:\/\/www.braintumour.ca\/fr\/"},{"@type":"ListItem","position":2,"name":"Impliquez-vous","item":"https:\/\/www.braintumour.ca\/fr\/impliquez-vous\/"},{"@type":"ListItem","position":3,"name":"Sensibilisation","item":"https:\/\/www.braintumour.ca\/fr\/impliquez-vous\/sensibilisation\/"},{"@type":"ListItem","position":4,"name":"Journ\u00e9e de sensibilisation au cancer du cerveau"}]},{"@type":"WebSite","@id":"https:\/\/www.braintumour.ca\/fr\/#website","url":"https:\/\/www.braintumour.ca\/fr\/","name":"Fondation canadienne des tumeurs c\u00e9r\u00e9brales","description":"Notre mission est de venir en aide \u00e0 toutes les personnes touch\u00e9es par une tumeur c\u00e9r\u00e9brale au Canada par le biais de nos programmes d\u2019information, de soutien, d\u2019\u00e9ducation et de recherche.","potentialAction":[{"@type":"SearchAction","target":{"@type":"EntryPoint","urlTemplate":"https:\/\/www.braintumour.ca\/fr\/?s={search_term_string}"},"query-input":{"@type":"PropertyValueSpecification","valueRequired":true,"valueName":"search_term_string"}}],"inLanguage":"fr-CA"}]}},"_links":{"self":[{"href":"https:\/\/www.braintumour.ca\/fr\/wp-json\/wp\/v2\/pages\/2629","targetHints":{"allow":["GET"]}}],"collection":[{"href":"https:\/\/www.braintumour.ca\/fr\/wp-json\/wp\/v2\/pages"}],"about":[{"href":"https:\/\/www.braintumour.ca\/fr\/wp-json\/wp\/v2\/types\/page"}],"author":[{"embeddable":true,"href":"https:\/\/www.braintumour.ca\/fr\/wp-json\/wp\/v2\/users\/4"}],"replies":[{"embeddable":true,"href":"https:\/\/www.braintumour.ca\/fr\/wp-json\/wp\/v2\/comments?post=2629"}],"version-history":[{"count":0,"href":"https:\/\/www.braintumour.ca\/fr\/wp-json\/wp\/v2\/pages\/2629\/revisions"}],"up":[{"embeddable":true,"href":"https:\/\/www.braintumour.ca\/fr\/wp-json\/wp\/v2\/pages\/2620"}],"wp:featuredmedia":[{"embeddable":true,"href":"https:\/\/www.braintumour.ca\/fr\/wp-json\/wp\/v2\/media\/14028"}],"wp:attachment":[{"href":"https:\/\/www.braintumour.ca\/fr\/wp-json\/wp\/v2\/media?parent=2629"}],"wp:term":[{"taxonomy":"user_type","embeddable":true,"href":"https:\/\/www.braintumour.ca\/fr\/wp-json\/wp\/v2\/user_type?post=2629"}],"curies":[{"name":"wp","href":"https:\/\/api.w.org\/{rel}","templated":true}]}}