{"id":2636,"date":"2019-08-26T16:48:40","date_gmt":"2019-08-26T20:48:40","guid":{"rendered":"https:\/\/braintumour.ca\/impliquez-vous\/sensibilisation\/international-awareness-week\/"},"modified":"2025-10-29T17:49:11","modified_gmt":"2025-10-29T21:49:11","slug":"semaine-internationale-de-sensibilisation-aux-tumeurs-cerebrales","status":"publish","type":"page","link":"https:\/\/www.braintumour.ca\/fr\/impliquez-vous\/sensibilisation\/semaine-internationale-de-sensibilisation-aux-tumeurs-cerebrales\/","title":{"rendered":"Semaine internationale de sensibilisation aux tumeurs c\u00e9r\u00e9brales"},"content":{"rendered":"<h5>La 19e Semaine internationale de sensibilisation aux tumeurs c\u00e9r\u00e9brales a lieu du 25 octobre au 1e novembre 2025.<\/h5>\n","protected":false},"excerpt":{"rendered":"<p>La 19e Semaine internationale de sensibilisation aux tumeurs c\u00e9r\u00e9brales a lieu du 25 octobre au 1e novembre 2025.<\/p>\n","protected":false},"author":4,"featured_media":755,"parent":2620,"menu_order":5,"comment_status":"closed","ping_status":"closed","template":"","meta":{"_acf_changed":false,"footnotes":""},"user_type":[133,132,137,136,134,135],"class_list":["post-2636","page","type-page","status-publish","has-post-thumbnail","hentry","user_type-patient-fr","user_type-proche-aidant","user_type-benevole","user_type-donateur","user_type-chercheur","user_type-professionnel-de-la-sante"],"acf":[],"yoast_head":"<!-- This site is optimized with the Yoast SEO Premium plugin v27.0 (Yoast SEO v27.0) - https:\/\/yoast.com\/product\/yoast-seo-premium-wordpress\/ -->\n<title>Semaine internationale de sensibilisation aux tumeurs c\u00e9r\u00e9brales - Fondation canadienne des tumeurs c\u00e9r\u00e9brales<\/title>\n<meta name=\"description\" content=\"La 19e Semaine internationale de sensibilisation aux tumeurs c\u00e9r\u00e9brales a lieu du 25 octobre au 1e novembre 2025.\" \/>\n<meta name=\"robots\" content=\"index, follow, max-snippet:-1, max-image-preview:large, max-video-preview:-1\" \/>\n<link rel=\"canonical\" href=\"https:\/\/www.braintumour.ca\/fr\/impliquez-vous\/sensibilisation\/semaine-internationale-de-sensibilisation-aux-tumeurs-cerebrales\/\" \/>\n<meta property=\"og:locale\" content=\"fr_CA\" \/>\n<meta property=\"og:type\" content=\"article\" \/>\n<meta property=\"og:title\" content=\"Semaine internationale de sensibilisation aux tumeurs c\u00e9r\u00e9brales\" \/>\n<meta property=\"og:description\" content=\"La 19e Semaine internationale de sensibilisation aux tumeurs c\u00e9r\u00e9brales a lieu du 25 octobre au 1e novembre 2025.\" \/>\n<meta property=\"og:url\" content=\"https:\/\/www.braintumour.ca\/fr\/impliquez-vous\/sensibilisation\/semaine-internationale-de-sensibilisation-aux-tumeurs-cerebrales\/\" \/>\n<meta property=\"og:site_name\" content=\"Fondation canadienne des tumeurs c\u00e9r\u00e9brales\" \/>\n<meta property=\"article:modified_time\" content=\"2025-10-29T21:49:11+00:00\" \/>\n<meta property=\"og:image\" content=\"https:\/\/www.braintumour.ca\/wp-content\/uploads\/2019\/09\/IBTAW_SupportersLogo-Jan-2016.jpg\" \/>\n\t<meta property=\"og:image:width\" content=\"690\" \/>\n\t<meta property=\"og:image:height\" content=\"1024\" \/>\n\t<meta property=\"og:image:type\" content=\"image\/jpeg\" \/>\n<meta name=\"twitter:card\" content=\"summary_large_image\" \/>\n<meta name=\"twitter:label1\" content=\"Estimation du temps de lecture\" \/>\n\t<meta name=\"twitter:data1\" content=\"4 minutes\" \/>\n<script type=\"application\/ld+json\" class=\"yoast-schema-graph\">{\"@context\":\"https:\/\/schema.org\",\"@graph\":[{\"@type\":\"WebPage\",\"@id\":\"https:\/\/www.braintumour.ca\/fr\/impliquez-vous\/sensibilisation\/semaine-internationale-de-sensibilisation-aux-tumeurs-cerebrales\/\",\"url\":\"https:\/\/www.braintumour.ca\/fr\/impliquez-vous\/sensibilisation\/semaine-internationale-de-sensibilisation-aux-tumeurs-cerebrales\/\",\"name\":\"Semaine internationale de sensibilisation aux tumeurs c\u00e9r\u00e9brales - Fondation canadienne des tumeurs c\u00e9r\u00e9brales\",\"isPartOf\":{\"@id\":\"https:\/\/www.braintumour.ca\/fr\/#website\"},\"primaryImageOfPage\":{\"@id\":\"https:\/\/www.braintumour.ca\/fr\/impliquez-vous\/sensibilisation\/semaine-internationale-de-sensibilisation-aux-tumeurs-cerebrales\/#primaryimage\"},\"image\":{\"@id\":\"https:\/\/www.braintumour.ca\/fr\/impliquez-vous\/sensibilisation\/semaine-internationale-de-sensibilisation-aux-tumeurs-cerebrales\/#primaryimage\"},\"thumbnailUrl\":\"https:\/\/www.braintumour.ca\/wp-content\/uploads\/2019\/09\/IBTAW_SupportersLogo-Jan-2016.jpg\",\"datePublished\":\"2019-08-26T20:48:40+00:00\",\"dateModified\":\"2025-10-29T21:49:11+00:00\",\"description\":\"La 19e Semaine internationale de sensibilisation aux tumeurs c\u00e9r\u00e9brales a lieu du 25 octobre au 1e novembre 2025.\",\"breadcrumb\":{\"@id\":\"https:\/\/www.braintumour.ca\/fr\/impliquez-vous\/sensibilisation\/semaine-internationale-de-sensibilisation-aux-tumeurs-cerebrales\/#breadcrumb\"},\"inLanguage\":\"fr-CA\",\"potentialAction\":[{\"@type\":\"ReadAction\",\"target\":[\"https:\/\/www.braintumour.ca\/fr\/impliquez-vous\/sensibilisation\/semaine-internationale-de-sensibilisation-aux-tumeurs-cerebrales\/\"]}]},{\"@type\":\"ImageObject\",\"inLanguage\":\"fr-CA\",\"@id\":\"https:\/\/www.braintumour.ca\/fr\/impliquez-vous\/sensibilisation\/semaine-internationale-de-sensibilisation-aux-tumeurs-cerebrales\/#primaryimage\",\"url\":\"https:\/\/www.braintumour.ca\/wp-content\/uploads\/2019\/09\/IBTAW_SupportersLogo-Jan-2016.jpg\",\"contentUrl\":\"https:\/\/www.braintumour.ca\/wp-content\/uploads\/2019\/09\/IBTAW_SupportersLogo-Jan-2016.jpg\",\"width\":690,\"height\":1024},{\"@type\":\"BreadcrumbList\",\"@id\":\"https:\/\/www.braintumour.ca\/fr\/impliquez-vous\/sensibilisation\/semaine-internationale-de-sensibilisation-aux-tumeurs-cerebrales\/#breadcrumb\",\"itemListElement\":[{\"@type\":\"ListItem\",\"position\":1,\"name\":\"Home\",\"item\":\"https:\/\/www.braintumour.ca\/fr\/\"},{\"@type\":\"ListItem\",\"position\":2,\"name\":\"Impliquez-vous\",\"item\":\"https:\/\/www.braintumour.ca\/fr\/impliquez-vous\/\"},{\"@type\":\"ListItem\",\"position\":3,\"name\":\"Sensibilisation\",\"item\":\"https:\/\/www.braintumour.ca\/fr\/impliquez-vous\/sensibilisation\/\"},{\"@type\":\"ListItem\",\"position\":4,\"name\":\"Semaine internationale de sensibilisation aux tumeurs c\u00e9r\u00e9brales\"}]},{\"@type\":\"WebSite\",\"@id\":\"https:\/\/www.braintumour.ca\/fr\/#website\",\"url\":\"https:\/\/www.braintumour.ca\/fr\/\",\"name\":\"Fondation canadienne des tumeurs c\u00e9r\u00e9brales\",\"description\":\"Notre mission est de venir en aide \u00e0 toutes les personnes touch\u00e9es par une tumeur c\u00e9r\u00e9brale au Canada par le biais de nos programmes d\u2019information, de soutien, d\u2019\u00e9ducation et de recherche.\",\"potentialAction\":[{\"@type\":\"SearchAction\",\"target\":{\"@type\":\"EntryPoint\",\"urlTemplate\":\"https:\/\/www.braintumour.ca\/fr\/?s={search_term_string}\"},\"query-input\":{\"@type\":\"PropertyValueSpecification\",\"valueRequired\":true,\"valueName\":\"search_term_string\"}}],\"inLanguage\":\"fr-CA\"}]}<\/script>\n<!-- \/ Yoast SEO Premium plugin. -->","yoast_head_json":{"title":"Semaine internationale de sensibilisation aux tumeurs c\u00e9r\u00e9brales - Fondation canadienne des tumeurs c\u00e9r\u00e9brales","description":"La 19e Semaine internationale de sensibilisation aux tumeurs c\u00e9r\u00e9brales a lieu du 25 octobre au 1e novembre 2025.","robots":{"index":"index","follow":"follow","max-snippet":"max-snippet:-1","max-image-preview":"max-image-preview:large","max-video-preview":"max-video-preview:-1"},"canonical":"https:\/\/www.braintumour.ca\/fr\/impliquez-vous\/sensibilisation\/semaine-internationale-de-sensibilisation-aux-tumeurs-cerebrales\/","og_locale":"fr_CA","og_type":"article","og_title":"Semaine internationale de sensibilisation aux tumeurs c\u00e9r\u00e9brales","og_description":"La 19e Semaine internationale de sensibilisation aux tumeurs c\u00e9r\u00e9brales a lieu du 25 octobre au 1e novembre 2025.","og_url":"https:\/\/www.braintumour.ca\/fr\/impliquez-vous\/sensibilisation\/semaine-internationale-de-sensibilisation-aux-tumeurs-cerebrales\/","og_site_name":"Fondation canadienne des tumeurs c\u00e9r\u00e9brales","article_modified_time":"2025-10-29T21:49:11+00:00","og_image":[{"width":690,"height":1024,"url":"https:\/\/www.braintumour.ca\/wp-content\/uploads\/2019\/09\/IBTAW_SupportersLogo-Jan-2016.jpg","type":"image\/jpeg"}],"twitter_card":"summary_large_image","twitter_misc":{"Estimation du temps de lecture":"4 minutes"},"schema":{"@context":"https:\/\/schema.org","@graph":[{"@type":"WebPage","@id":"https:\/\/www.braintumour.ca\/fr\/impliquez-vous\/sensibilisation\/semaine-internationale-de-sensibilisation-aux-tumeurs-cerebrales\/","url":"https:\/\/www.braintumour.ca\/fr\/impliquez-vous\/sensibilisation\/semaine-internationale-de-sensibilisation-aux-tumeurs-cerebrales\/","name":"Semaine internationale de sensibilisation aux tumeurs c\u00e9r\u00e9brales - Fondation canadienne des tumeurs c\u00e9r\u00e9brales","isPartOf":{"@id":"https:\/\/www.braintumour.ca\/fr\/#website"},"primaryImageOfPage":{"@id":"https:\/\/www.braintumour.ca\/fr\/impliquez-vous\/sensibilisation\/semaine-internationale-de-sensibilisation-aux-tumeurs-cerebrales\/#primaryimage"},"image":{"@id":"https:\/\/www.braintumour.ca\/fr\/impliquez-vous\/sensibilisation\/semaine-internationale-de-sensibilisation-aux-tumeurs-cerebrales\/#primaryimage"},"thumbnailUrl":"https:\/\/www.braintumour.ca\/wp-content\/uploads\/2019\/09\/IBTAW_SupportersLogo-Jan-2016.jpg","datePublished":"2019-08-26T20:48:40+00:00","dateModified":"2025-10-29T21:49:11+00:00","description":"La 19e Semaine internationale de sensibilisation aux tumeurs c\u00e9r\u00e9brales a lieu du 25 octobre au 1e novembre 2025.","breadcrumb":{"@id":"https:\/\/www.braintumour.ca\/fr\/impliquez-vous\/sensibilisation\/semaine-internationale-de-sensibilisation-aux-tumeurs-cerebrales\/#breadcrumb"},"inLanguage":"fr-CA","potentialAction":[{"@type":"ReadAction","target":["https:\/\/www.braintumour.ca\/fr\/impliquez-vous\/sensibilisation\/semaine-internationale-de-sensibilisation-aux-tumeurs-cerebrales\/"]}]},{"@type":"ImageObject","inLanguage":"fr-CA","@id":"https:\/\/www.braintumour.ca\/fr\/impliquez-vous\/sensibilisation\/semaine-internationale-de-sensibilisation-aux-tumeurs-cerebrales\/#primaryimage","url":"https:\/\/www.braintumour.ca\/wp-content\/uploads\/2019\/09\/IBTAW_SupportersLogo-Jan-2016.jpg","contentUrl":"https:\/\/www.braintumour.ca\/wp-content\/uploads\/2019\/09\/IBTAW_SupportersLogo-Jan-2016.jpg","width":690,"height":1024},{"@type":"BreadcrumbList","@id":"https:\/\/www.braintumour.ca\/fr\/impliquez-vous\/sensibilisation\/semaine-internationale-de-sensibilisation-aux-tumeurs-cerebrales\/#breadcrumb","itemListElement":[{"@type":"ListItem","position":1,"name":"Home","item":"https:\/\/www.braintumour.ca\/fr\/"},{"@type":"ListItem","position":2,"name":"Impliquez-vous","item":"https:\/\/www.braintumour.ca\/fr\/impliquez-vous\/"},{"@type":"ListItem","position":3,"name":"Sensibilisation","item":"https:\/\/www.braintumour.ca\/fr\/impliquez-vous\/sensibilisation\/"},{"@type":"ListItem","position":4,"name":"Semaine internationale de sensibilisation aux tumeurs c\u00e9r\u00e9brales"}]},{"@type":"WebSite","@id":"https:\/\/www.braintumour.ca\/fr\/#website","url":"https:\/\/www.braintumour.ca\/fr\/","name":"Fondation canadienne des tumeurs c\u00e9r\u00e9brales","description":"Notre mission est de venir en aide \u00e0 toutes les personnes touch\u00e9es par une tumeur c\u00e9r\u00e9brale au Canada par le biais de nos programmes d\u2019information, de soutien, d\u2019\u00e9ducation et de recherche.","potentialAction":[{"@type":"SearchAction","target":{"@type":"EntryPoint","urlTemplate":"https:\/\/www.braintumour.ca\/fr\/?s={search_term_string}"},"query-input":{"@type":"PropertyValueSpecification","valueRequired":true,"valueName":"search_term_string"}}],"inLanguage":"fr-CA"}]}},"_links":{"self":[{"href":"https:\/\/www.braintumour.ca\/fr\/wp-json\/wp\/v2\/pages\/2636","targetHints":{"allow":["GET"]}}],"collection":[{"href":"https:\/\/www.braintumour.ca\/fr\/wp-json\/wp\/v2\/pages"}],"about":[{"href":"https:\/\/www.braintumour.ca\/fr\/wp-json\/wp\/v2\/types\/page"}],"author":[{"embeddable":true,"href":"https:\/\/www.braintumour.ca\/fr\/wp-json\/wp\/v2\/users\/4"}],"replies":[{"embeddable":true,"href":"https:\/\/www.braintumour.ca\/fr\/wp-json\/wp\/v2\/comments?post=2636"}],"version-history":[{"count":0,"href":"https:\/\/www.braintumour.ca\/fr\/wp-json\/wp\/v2\/pages\/2636\/revisions"}],"up":[{"embeddable":true,"href":"https:\/\/www.braintumour.ca\/fr\/wp-json\/wp\/v2\/pages\/2620"}],"wp:featuredmedia":[{"embeddable":true,"href":"https:\/\/www.braintumour.ca\/fr\/wp-json\/wp\/v2\/media\/755"}],"wp:attachment":[{"href":"https:\/\/www.braintumour.ca\/fr\/wp-json\/wp\/v2\/media?parent=2636"}],"wp:term":[{"taxonomy":"user_type","embeddable":true,"href":"https:\/\/www.braintumour.ca\/fr\/wp-json\/wp\/v2\/user_type?post=2636"}],"curies":[{"name":"wp","href":"https:\/\/api.w.org\/{rel}","templated":true}]}}