{"id":2645,"date":"2019-08-23T16:54:00","date_gmt":"2019-08-23T20:54:00","guid":{"rendered":"https:\/\/braintumour.ca\/health-care-professionals\/"},"modified":"2022-05-09T09:37:25","modified_gmt":"2022-05-09T13:37:25","slug":"professionnels-de-la-sante","status":"publish","type":"page","link":"https:\/\/www.braintumour.ca\/fr\/professionnels-de-la-sante\/","title":{"rendered":"Professionnels de la sant\u00e9"},"content":{"rendered":"","protected":false},"excerpt":{"rendered":"","protected":false},"author":4,"featured_media":8739,"parent":0,"menu_order":59,"comment_status":"closed","ping_status":"closed","template":"page-templates\/parent--grid.php","meta":{"_acf_changed":false,"footnotes":""},"user_type":[135],"class_list":["post-2645","page","type-page","status-publish","has-post-thumbnail","hentry","user_type-professionnel-de-la-sante"],"acf":[],"yoast_head":"<!-- This site is optimized with the Yoast SEO Premium plugin v27.0 (Yoast SEO v27.0) - https:\/\/yoast.com\/product\/yoast-seo-premium-wordpress\/ -->\n<title>Professionnels de la sant\u00e9 - Fondation canadienne des tumeurs c\u00e9r\u00e9brales<\/title>\n<meta name=\"description\" content=\"La Fondation canadienne des tumeurs c\u00e9r\u00e9brales offre plusieurs ressources et programmes afin de soutenir les professionnels de la sant\u00e9 travaillant avec des patients atteints de tumeurs c\u00e9r\u00e9brales.\" \/>\n<meta name=\"robots\" content=\"index, follow, max-snippet:-1, max-image-preview:large, max-video-preview:-1\" \/>\n<link rel=\"canonical\" href=\"https:\/\/www.braintumour.ca\/fr\/professionnels-de-la-sante\/\" \/>\n<meta property=\"og:locale\" content=\"fr_CA\" \/>\n<meta property=\"og:type\" content=\"article\" \/>\n<meta property=\"og:title\" content=\"Professionnels de la sant\u00e9\" \/>\n<meta property=\"og:description\" content=\"La Fondation canadienne des tumeurs c\u00e9r\u00e9brales offre plusieurs ressources et programmes afin de soutenir les professionnels de la sant\u00e9 travaillant avec des patients atteints de tumeurs c\u00e9r\u00e9brales.\" \/>\n<meta property=\"og:url\" content=\"https:\/\/www.braintumour.ca\/fr\/professionnels-de-la-sante\/\" \/>\n<meta property=\"og:site_name\" content=\"Fondation canadienne des tumeurs c\u00e9r\u00e9brales\" \/>\n<meta property=\"article:modified_time\" content=\"2022-05-09T13:37:25+00:00\" \/>\n<meta property=\"og:image\" content=\"https:\/\/www.braintumour.ca\/wp-content\/uploads\/2022\/03\/doctor-tablet-1024x555.png\" \/>\n\t<meta property=\"og:image:width\" content=\"1024\" \/>\n\t<meta property=\"og:image:height\" content=\"555\" \/>\n\t<meta property=\"og:image:type\" content=\"image\/png\" \/>\n<meta name=\"twitter:card\" content=\"summary_large_image\" \/>\n<script type=\"application\/ld+json\" class=\"yoast-schema-graph\">{\"@context\":\"https:\/\/schema.org\",\"@graph\":[{\"@type\":\"WebPage\",\"@id\":\"https:\/\/www.braintumour.ca\/fr\/professionnels-de-la-sante\/\",\"url\":\"https:\/\/www.braintumour.ca\/fr\/professionnels-de-la-sante\/\",\"name\":\"Professionnels de la sant\u00e9 - Fondation canadienne des tumeurs c\u00e9r\u00e9brales\",\"isPartOf\":{\"@id\":\"https:\/\/www.braintumour.ca\/fr\/#website\"},\"primaryImageOfPage\":{\"@id\":\"https:\/\/www.braintumour.ca\/fr\/professionnels-de-la-sante\/#primaryimage\"},\"image\":{\"@id\":\"https:\/\/www.braintumour.ca\/fr\/professionnels-de-la-sante\/#primaryimage\"},\"thumbnailUrl\":\"https:\/\/www.braintumour.ca\/wp-content\/uploads\/2022\/03\/doctor-tablet.png\",\"datePublished\":\"2019-08-23T20:54:00+00:00\",\"dateModified\":\"2022-05-09T13:37:25+00:00\",\"description\":\"La Fondation canadienne des tumeurs c\u00e9r\u00e9brales offre plusieurs ressources et programmes afin de soutenir les professionnels de la sant\u00e9 travaillant avec des patients atteints de tumeurs c\u00e9r\u00e9brales.\",\"breadcrumb\":{\"@id\":\"https:\/\/www.braintumour.ca\/fr\/professionnels-de-la-sante\/#breadcrumb\"},\"inLanguage\":\"fr-CA\",\"potentialAction\":[{\"@type\":\"ReadAction\",\"target\":[\"https:\/\/www.braintumour.ca\/fr\/professionnels-de-la-sante\/\"]}]},{\"@type\":\"ImageObject\",\"inLanguage\":\"fr-CA\",\"@id\":\"https:\/\/www.braintumour.ca\/fr\/professionnels-de-la-sante\/#primaryimage\",\"url\":\"https:\/\/www.braintumour.ca\/wp-content\/uploads\/2022\/03\/doctor-tablet.png\",\"contentUrl\":\"https:\/\/www.braintumour.ca\/wp-content\/uploads\/2022\/03\/doctor-tablet.png\",\"width\":2304,\"height\":1248},{\"@type\":\"BreadcrumbList\",\"@id\":\"https:\/\/www.braintumour.ca\/fr\/professionnels-de-la-sante\/#breadcrumb\",\"itemListElement\":[{\"@type\":\"ListItem\",\"position\":1,\"name\":\"Home\",\"item\":\"https:\/\/www.braintumour.ca\/fr\/\"},{\"@type\":\"ListItem\",\"position\":2,\"name\":\"Professionnels de la sant\u00e9\"}]},{\"@type\":\"WebSite\",\"@id\":\"https:\/\/www.braintumour.ca\/fr\/#website\",\"url\":\"https:\/\/www.braintumour.ca\/fr\/\",\"name\":\"Fondation canadienne des tumeurs c\u00e9r\u00e9brales\",\"description\":\"Notre mission est de venir en aide \u00e0 toutes les personnes touch\u00e9es par une tumeur c\u00e9r\u00e9brale au Canada par le biais de nos programmes d\u2019information, de soutien, d\u2019\u00e9ducation et de recherche.\",\"potentialAction\":[{\"@type\":\"SearchAction\",\"target\":{\"@type\":\"EntryPoint\",\"urlTemplate\":\"https:\/\/www.braintumour.ca\/fr\/?s={search_term_string}\"},\"query-input\":{\"@type\":\"PropertyValueSpecification\",\"valueRequired\":true,\"valueName\":\"search_term_string\"}}],\"inLanguage\":\"fr-CA\"}]}<\/script>\n<!-- \/ Yoast SEO Premium plugin. -->","yoast_head_json":{"title":"Professionnels de la sant\u00e9 - Fondation canadienne des tumeurs c\u00e9r\u00e9brales","description":"La Fondation canadienne des tumeurs c\u00e9r\u00e9brales offre plusieurs ressources et programmes afin de soutenir les professionnels de la sant\u00e9 travaillant avec des patients atteints de tumeurs c\u00e9r\u00e9brales.","robots":{"index":"index","follow":"follow","max-snippet":"max-snippet:-1","max-image-preview":"max-image-preview:large","max-video-preview":"max-video-preview:-1"},"canonical":"https:\/\/www.braintumour.ca\/fr\/professionnels-de-la-sante\/","og_locale":"fr_CA","og_type":"article","og_title":"Professionnels de la sant\u00e9","og_description":"La Fondation canadienne des tumeurs c\u00e9r\u00e9brales offre plusieurs ressources et programmes afin de soutenir les professionnels de la sant\u00e9 travaillant avec des patients atteints de tumeurs c\u00e9r\u00e9brales.","og_url":"https:\/\/www.braintumour.ca\/fr\/professionnels-de-la-sante\/","og_site_name":"Fondation canadienne des tumeurs c\u00e9r\u00e9brales","article_modified_time":"2022-05-09T13:37:25+00:00","og_image":[{"width":1024,"height":555,"url":"https:\/\/www.braintumour.ca\/wp-content\/uploads\/2022\/03\/doctor-tablet-1024x555.png","type":"image\/png"}],"twitter_card":"summary_large_image","schema":{"@context":"https:\/\/schema.org","@graph":[{"@type":"WebPage","@id":"https:\/\/www.braintumour.ca\/fr\/professionnels-de-la-sante\/","url":"https:\/\/www.braintumour.ca\/fr\/professionnels-de-la-sante\/","name":"Professionnels de la sant\u00e9 - Fondation canadienne des tumeurs c\u00e9r\u00e9brales","isPartOf":{"@id":"https:\/\/www.braintumour.ca\/fr\/#website"},"primaryImageOfPage":{"@id":"https:\/\/www.braintumour.ca\/fr\/professionnels-de-la-sante\/#primaryimage"},"image":{"@id":"https:\/\/www.braintumour.ca\/fr\/professionnels-de-la-sante\/#primaryimage"},"thumbnailUrl":"https:\/\/www.braintumour.ca\/wp-content\/uploads\/2022\/03\/doctor-tablet.png","datePublished":"2019-08-23T20:54:00+00:00","dateModified":"2022-05-09T13:37:25+00:00","description":"La Fondation canadienne des tumeurs c\u00e9r\u00e9brales offre plusieurs ressources et programmes afin de soutenir les professionnels de la sant\u00e9 travaillant avec des patients atteints de tumeurs c\u00e9r\u00e9brales.","breadcrumb":{"@id":"https:\/\/www.braintumour.ca\/fr\/professionnels-de-la-sante\/#breadcrumb"},"inLanguage":"fr-CA","potentialAction":[{"@type":"ReadAction","target":["https:\/\/www.braintumour.ca\/fr\/professionnels-de-la-sante\/"]}]},{"@type":"ImageObject","inLanguage":"fr-CA","@id":"https:\/\/www.braintumour.ca\/fr\/professionnels-de-la-sante\/#primaryimage","url":"https:\/\/www.braintumour.ca\/wp-content\/uploads\/2022\/03\/doctor-tablet.png","contentUrl":"https:\/\/www.braintumour.ca\/wp-content\/uploads\/2022\/03\/doctor-tablet.png","width":2304,"height":1248},{"@type":"BreadcrumbList","@id":"https:\/\/www.braintumour.ca\/fr\/professionnels-de-la-sante\/#breadcrumb","itemListElement":[{"@type":"ListItem","position":1,"name":"Home","item":"https:\/\/www.braintumour.ca\/fr\/"},{"@type":"ListItem","position":2,"name":"Professionnels de la sant\u00e9"}]},{"@type":"WebSite","@id":"https:\/\/www.braintumour.ca\/fr\/#website","url":"https:\/\/www.braintumour.ca\/fr\/","name":"Fondation canadienne des tumeurs c\u00e9r\u00e9brales","description":"Notre mission est de venir en aide \u00e0 toutes les personnes touch\u00e9es par une tumeur c\u00e9r\u00e9brale au Canada par le biais de nos programmes d\u2019information, de soutien, d\u2019\u00e9ducation et de recherche.","potentialAction":[{"@type":"SearchAction","target":{"@type":"EntryPoint","urlTemplate":"https:\/\/www.braintumour.ca\/fr\/?s={search_term_string}"},"query-input":{"@type":"PropertyValueSpecification","valueRequired":true,"valueName":"search_term_string"}}],"inLanguage":"fr-CA"}]}},"_links":{"self":[{"href":"https:\/\/www.braintumour.ca\/fr\/wp-json\/wp\/v2\/pages\/2645","targetHints":{"allow":["GET"]}}],"collection":[{"href":"https:\/\/www.braintumour.ca\/fr\/wp-json\/wp\/v2\/pages"}],"about":[{"href":"https:\/\/www.braintumour.ca\/fr\/wp-json\/wp\/v2\/types\/page"}],"author":[{"embeddable":true,"href":"https:\/\/www.braintumour.ca\/fr\/wp-json\/wp\/v2\/users\/4"}],"replies":[{"embeddable":true,"href":"https:\/\/www.braintumour.ca\/fr\/wp-json\/wp\/v2\/comments?post=2645"}],"version-history":[{"count":0,"href":"https:\/\/www.braintumour.ca\/fr\/wp-json\/wp\/v2\/pages\/2645\/revisions"}],"wp:featuredmedia":[{"embeddable":true,"href":"https:\/\/www.braintumour.ca\/fr\/wp-json\/wp\/v2\/media\/8739"}],"wp:attachment":[{"href":"https:\/\/www.braintumour.ca\/fr\/wp-json\/wp\/v2\/media?parent=2645"}],"wp:term":[{"taxonomy":"user_type","embeddable":true,"href":"https:\/\/www.braintumour.ca\/fr\/wp-json\/wp\/v2\/user_type?post=2645"}],"curies":[{"name":"wp","href":"https:\/\/api.w.org\/{rel}","templated":true}]}}