{"id":2647,"date":"2019-08-26T17:22:59","date_gmt":"2019-08-26T21:22:59","guid":{"rendered":"https:\/\/braintumour.ca\/professionnels-de-la-sante\/ambassadors\/"},"modified":"2022-12-09T07:58:01","modified_gmt":"2022-12-09T12:58:01","slug":"ambassadeurs","status":"publish","type":"page","link":"https:\/\/www.braintumour.ca\/fr\/professionnels-de-la-sante\/ambassadeurs\/","title":{"rendered":"Ambassadeurs"},"content":{"rendered":"<h5>Nous sollicitons l&rsquo;aide de personnes-ressources dans les centres de traitement, cliniques et h\u00f4pitaux sp\u00e9cialis\u00e9s en tumeurs c\u00e9r\u00e9brales \u00e0 travers le pays.<\/h5>\n","protected":false},"excerpt":{"rendered":"<p>Nous sollicitons l&rsquo;aide de personnes-ressources dans les centres de traitement, cliniques et h\u00f4pitaux sp\u00e9cialis\u00e9s en tumeurs c\u00e9r\u00e9brales \u00e0 travers le [&hellip;]<\/p>\n","protected":false},"author":4,"featured_media":1491,"parent":2645,"menu_order":1,"comment_status":"closed","ping_status":"closed","template":"","meta":{"_acf_changed":false,"footnotes":""},"user_type":[135],"class_list":["post-2647","page","type-page","status-publish","has-post-thumbnail","hentry","user_type-professionnel-de-la-sante"],"acf":[],"yoast_head":"<!-- This site is optimized with the Yoast SEO Premium plugin v27.0 (Yoast SEO v27.0) - https:\/\/yoast.com\/product\/yoast-seo-premium-wordpress\/ -->\n<title>Ambassadeurs - Fondation canadienne des tumeurs c\u00e9r\u00e9brales<\/title>\n<meta name=\"description\" content=\"Nous sollicitons l&#039;aide de personnes-ressources dans les centres de traitement, cliniques et h\u00f4pitaux sp\u00e9cialis\u00e9s en tumeurs c\u00e9r\u00e9brales \u00e0 travers le pays.\" \/>\n<meta name=\"robots\" content=\"index, follow, max-snippet:-1, max-image-preview:large, max-video-preview:-1\" \/>\n<link rel=\"canonical\" href=\"https:\/\/www.braintumour.ca\/fr\/professionnels-de-la-sante\/ambassadeurs\/\" \/>\n<meta property=\"og:locale\" content=\"fr_CA\" \/>\n<meta property=\"og:type\" content=\"article\" \/>\n<meta property=\"og:title\" content=\"Ambassadeurs\" \/>\n<meta property=\"og:description\" content=\"Nous sollicitons l&#039;aide de personnes-ressources dans les centres de traitement, cliniques et h\u00f4pitaux sp\u00e9cialis\u00e9s en tumeurs c\u00e9r\u00e9brales \u00e0 travers le pays.\" \/>\n<meta property=\"og:url\" content=\"https:\/\/www.braintumour.ca\/fr\/professionnels-de-la-sante\/ambassadeurs\/\" \/>\n<meta property=\"og:site_name\" content=\"Fondation canadienne des tumeurs c\u00e9r\u00e9brales\" \/>\n<meta property=\"article:modified_time\" content=\"2022-12-09T12:58:01+00:00\" \/>\n<meta property=\"og:image\" content=\"https:\/\/www.braintumour.ca\/wp-content\/uploads\/2019\/10\/surgery-688383_1920.jpg\" \/>\n\t<meta property=\"og:image:width\" content=\"1920\" \/>\n\t<meta property=\"og:image:height\" content=\"1536\" \/>\n\t<meta property=\"og:image:type\" content=\"image\/jpeg\" \/>\n<meta name=\"twitter:card\" content=\"summary_large_image\" \/>\n<script type=\"application\/ld+json\" class=\"yoast-schema-graph\">{\"@context\":\"https:\/\/schema.org\",\"@graph\":[{\"@type\":\"WebPage\",\"@id\":\"https:\/\/www.braintumour.ca\/fr\/professionnels-de-la-sante\/ambassadeurs\/\",\"url\":\"https:\/\/www.braintumour.ca\/fr\/professionnels-de-la-sante\/ambassadeurs\/\",\"name\":\"Ambassadeurs - Fondation canadienne des tumeurs c\u00e9r\u00e9brales\",\"isPartOf\":{\"@id\":\"https:\/\/www.braintumour.ca\/fr\/#website\"},\"primaryImageOfPage\":{\"@id\":\"https:\/\/www.braintumour.ca\/fr\/professionnels-de-la-sante\/ambassadeurs\/#primaryimage\"},\"image\":{\"@id\":\"https:\/\/www.braintumour.ca\/fr\/professionnels-de-la-sante\/ambassadeurs\/#primaryimage\"},\"thumbnailUrl\":\"https:\/\/www.braintumour.ca\/wp-content\/uploads\/2019\/10\/surgery-688383_1920.jpg\",\"datePublished\":\"2019-08-26T21:22:59+00:00\",\"dateModified\":\"2022-12-09T12:58:01+00:00\",\"description\":\"Nous sollicitons l'aide de personnes-ressources dans les centres de traitement, cliniques et h\u00f4pitaux sp\u00e9cialis\u00e9s en tumeurs c\u00e9r\u00e9brales \u00e0 travers le pays.\",\"breadcrumb\":{\"@id\":\"https:\/\/www.braintumour.ca\/fr\/professionnels-de-la-sante\/ambassadeurs\/#breadcrumb\"},\"inLanguage\":\"fr-CA\",\"potentialAction\":[{\"@type\":\"ReadAction\",\"target\":[\"https:\/\/www.braintumour.ca\/fr\/professionnels-de-la-sante\/ambassadeurs\/\"]}]},{\"@type\":\"ImageObject\",\"inLanguage\":\"fr-CA\",\"@id\":\"https:\/\/www.braintumour.ca\/fr\/professionnels-de-la-sante\/ambassadeurs\/#primaryimage\",\"url\":\"https:\/\/www.braintumour.ca\/wp-content\/uploads\/2019\/10\/surgery-688383_1920.jpg\",\"contentUrl\":\"https:\/\/www.braintumour.ca\/wp-content\/uploads\/2019\/10\/surgery-688383_1920.jpg\",\"width\":1920,\"height\":1536,\"caption\":\"Health Care Ambassadors\"},{\"@type\":\"BreadcrumbList\",\"@id\":\"https:\/\/www.braintumour.ca\/fr\/professionnels-de-la-sante\/ambassadeurs\/#breadcrumb\",\"itemListElement\":[{\"@type\":\"ListItem\",\"position\":1,\"name\":\"Home\",\"item\":\"https:\/\/www.braintumour.ca\/fr\/\"},{\"@type\":\"ListItem\",\"position\":2,\"name\":\"Professionnels de la sant\u00e9\",\"item\":\"https:\/\/www.braintumour.ca\/fr\/professionnels-de-la-sante\/\"},{\"@type\":\"ListItem\",\"position\":3,\"name\":\"Ambassadeurs\"}]},{\"@type\":\"WebSite\",\"@id\":\"https:\/\/www.braintumour.ca\/fr\/#website\",\"url\":\"https:\/\/www.braintumour.ca\/fr\/\",\"name\":\"Fondation canadienne des tumeurs c\u00e9r\u00e9brales\",\"description\":\"Notre mission est de venir en aide \u00e0 toutes les personnes touch\u00e9es par une tumeur c\u00e9r\u00e9brale au Canada par le biais de nos programmes d\u2019information, de soutien, d\u2019\u00e9ducation et de recherche.\",\"potentialAction\":[{\"@type\":\"SearchAction\",\"target\":{\"@type\":\"EntryPoint\",\"urlTemplate\":\"https:\/\/www.braintumour.ca\/fr\/?s={search_term_string}\"},\"query-input\":{\"@type\":\"PropertyValueSpecification\",\"valueRequired\":true,\"valueName\":\"search_term_string\"}}],\"inLanguage\":\"fr-CA\"}]}<\/script>\n<!-- \/ Yoast SEO Premium plugin. -->","yoast_head_json":{"title":"Ambassadeurs - Fondation canadienne des tumeurs c\u00e9r\u00e9brales","description":"Nous sollicitons l'aide de personnes-ressources dans les centres de traitement, cliniques et h\u00f4pitaux sp\u00e9cialis\u00e9s en tumeurs c\u00e9r\u00e9brales \u00e0 travers le pays.","robots":{"index":"index","follow":"follow","max-snippet":"max-snippet:-1","max-image-preview":"max-image-preview:large","max-video-preview":"max-video-preview:-1"},"canonical":"https:\/\/www.braintumour.ca\/fr\/professionnels-de-la-sante\/ambassadeurs\/","og_locale":"fr_CA","og_type":"article","og_title":"Ambassadeurs","og_description":"Nous sollicitons l'aide de personnes-ressources dans les centres de traitement, cliniques et h\u00f4pitaux sp\u00e9cialis\u00e9s en tumeurs c\u00e9r\u00e9brales \u00e0 travers le pays.","og_url":"https:\/\/www.braintumour.ca\/fr\/professionnels-de-la-sante\/ambassadeurs\/","og_site_name":"Fondation canadienne des tumeurs c\u00e9r\u00e9brales","article_modified_time":"2022-12-09T12:58:01+00:00","og_image":[{"width":1920,"height":1536,"url":"https:\/\/www.braintumour.ca\/wp-content\/uploads\/2019\/10\/surgery-688383_1920.jpg","type":"image\/jpeg"}],"twitter_card":"summary_large_image","schema":{"@context":"https:\/\/schema.org","@graph":[{"@type":"WebPage","@id":"https:\/\/www.braintumour.ca\/fr\/professionnels-de-la-sante\/ambassadeurs\/","url":"https:\/\/www.braintumour.ca\/fr\/professionnels-de-la-sante\/ambassadeurs\/","name":"Ambassadeurs - Fondation canadienne des tumeurs c\u00e9r\u00e9brales","isPartOf":{"@id":"https:\/\/www.braintumour.ca\/fr\/#website"},"primaryImageOfPage":{"@id":"https:\/\/www.braintumour.ca\/fr\/professionnels-de-la-sante\/ambassadeurs\/#primaryimage"},"image":{"@id":"https:\/\/www.braintumour.ca\/fr\/professionnels-de-la-sante\/ambassadeurs\/#primaryimage"},"thumbnailUrl":"https:\/\/www.braintumour.ca\/wp-content\/uploads\/2019\/10\/surgery-688383_1920.jpg","datePublished":"2019-08-26T21:22:59+00:00","dateModified":"2022-12-09T12:58:01+00:00","description":"Nous sollicitons l'aide de personnes-ressources dans les centres de traitement, cliniques et h\u00f4pitaux sp\u00e9cialis\u00e9s en tumeurs c\u00e9r\u00e9brales \u00e0 travers le pays.","breadcrumb":{"@id":"https:\/\/www.braintumour.ca\/fr\/professionnels-de-la-sante\/ambassadeurs\/#breadcrumb"},"inLanguage":"fr-CA","potentialAction":[{"@type":"ReadAction","target":["https:\/\/www.braintumour.ca\/fr\/professionnels-de-la-sante\/ambassadeurs\/"]}]},{"@type":"ImageObject","inLanguage":"fr-CA","@id":"https:\/\/www.braintumour.ca\/fr\/professionnels-de-la-sante\/ambassadeurs\/#primaryimage","url":"https:\/\/www.braintumour.ca\/wp-content\/uploads\/2019\/10\/surgery-688383_1920.jpg","contentUrl":"https:\/\/www.braintumour.ca\/wp-content\/uploads\/2019\/10\/surgery-688383_1920.jpg","width":1920,"height":1536,"caption":"Health Care Ambassadors"},{"@type":"BreadcrumbList","@id":"https:\/\/www.braintumour.ca\/fr\/professionnels-de-la-sante\/ambassadeurs\/#breadcrumb","itemListElement":[{"@type":"ListItem","position":1,"name":"Home","item":"https:\/\/www.braintumour.ca\/fr\/"},{"@type":"ListItem","position":2,"name":"Professionnels de la sant\u00e9","item":"https:\/\/www.braintumour.ca\/fr\/professionnels-de-la-sante\/"},{"@type":"ListItem","position":3,"name":"Ambassadeurs"}]},{"@type":"WebSite","@id":"https:\/\/www.braintumour.ca\/fr\/#website","url":"https:\/\/www.braintumour.ca\/fr\/","name":"Fondation canadienne des tumeurs c\u00e9r\u00e9brales","description":"Notre mission est de venir en aide \u00e0 toutes les personnes touch\u00e9es par une tumeur c\u00e9r\u00e9brale au Canada par le biais de nos programmes d\u2019information, de soutien, d\u2019\u00e9ducation et de recherche.","potentialAction":[{"@type":"SearchAction","target":{"@type":"EntryPoint","urlTemplate":"https:\/\/www.braintumour.ca\/fr\/?s={search_term_string}"},"query-input":{"@type":"PropertyValueSpecification","valueRequired":true,"valueName":"search_term_string"}}],"inLanguage":"fr-CA"}]}},"_links":{"self":[{"href":"https:\/\/www.braintumour.ca\/fr\/wp-json\/wp\/v2\/pages\/2647","targetHints":{"allow":["GET"]}}],"collection":[{"href":"https:\/\/www.braintumour.ca\/fr\/wp-json\/wp\/v2\/pages"}],"about":[{"href":"https:\/\/www.braintumour.ca\/fr\/wp-json\/wp\/v2\/types\/page"}],"author":[{"embeddable":true,"href":"https:\/\/www.braintumour.ca\/fr\/wp-json\/wp\/v2\/users\/4"}],"replies":[{"embeddable":true,"href":"https:\/\/www.braintumour.ca\/fr\/wp-json\/wp\/v2\/comments?post=2647"}],"version-history":[{"count":0,"href":"https:\/\/www.braintumour.ca\/fr\/wp-json\/wp\/v2\/pages\/2647\/revisions"}],"up":[{"embeddable":true,"href":"https:\/\/www.braintumour.ca\/fr\/wp-json\/wp\/v2\/pages\/2645"}],"wp:featuredmedia":[{"embeddable":true,"href":"https:\/\/www.braintumour.ca\/fr\/wp-json\/wp\/v2\/media\/1491"}],"wp:attachment":[{"href":"https:\/\/www.braintumour.ca\/fr\/wp-json\/wp\/v2\/media?parent=2647"}],"wp:term":[{"taxonomy":"user_type","embeddable":true,"href":"https:\/\/www.braintumour.ca\/fr\/wp-json\/wp\/v2\/user_type?post=2647"}],"curies":[{"name":"wp","href":"https:\/\/api.w.org\/{rel}","templated":true}]}}