{"id":2651,"date":"2022-12-06T17:23:18","date_gmt":"2022-12-06T22:23:18","guid":{"rendered":"https:\/\/braintumour.ca\/professionnels-de-la-sante\/awards\/"},"modified":"2023-07-14T10:26:42","modified_gmt":"2023-07-14T14:26:42","slug":"prix-et-bourses-pour-professionnels-de-la-sante","status":"publish","type":"page","link":"https:\/\/www.braintumour.ca\/fr\/professionnels-de-la-sante\/prix-et-bourses-pour-professionnels-de-la-sante\/","title":{"rendered":"Prix et bourses pour professionnels de la sant\u00e9"},"content":{"rendered":"<h5>Afin d&rsquo;honorer les professionnels de la sant\u00e9 qui travaillent avec des patients atteints de tumeurs c\u00e9r\u00e9brales, des prix et bourses annuels d&rsquo;excellence sont offerts par l&rsquo;Association canadienne d&rsquo;oncologie psychosociale (ACOP).<\/h5>\n","protected":false},"excerpt":{"rendered":"<p>Afin d&rsquo;honorer les professionnels de la sant\u00e9 qui travaillent avec des patients atteints de tumeurs c\u00e9r\u00e9brales, des prix et bourses [&hellip;]<\/p>\n","protected":false},"author":4,"featured_media":6761,"parent":2645,"menu_order":2,"comment_status":"closed","ping_status":"closed","template":"","meta":{"_acf_changed":false,"footnotes":""},"user_type":[135],"class_list":["post-2651","page","type-page","status-publish","has-post-thumbnail","hentry","user_type-professionnel-de-la-sante"],"acf":[],"yoast_head":"<!-- This site is optimized with the Yoast SEO Premium plugin v27.0 (Yoast SEO v27.0) - https:\/\/yoast.com\/product\/yoast-seo-premium-wordpress\/ -->\n<title>Prix et bourses pour professionnels de la sant\u00e9 - Fondation canadienne des tumeurs c\u00e9r\u00e9brales<\/title>\n<meta name=\"description\" content=\"Afin d&#039;honorer La Fondation canadienne des tumeurs c\u00e9r\u00e9brales a cr\u00e9\u00e9 un prix d&#039;excellence pour reconna\u00eetre le travail exemplaire des professionnels de l&#039;oncologie psychosociale, en collaboration avec l&#039;ACOP.\" \/>\n<meta name=\"robots\" content=\"index, follow, max-snippet:-1, max-image-preview:large, max-video-preview:-1\" \/>\n<link rel=\"canonical\" href=\"https:\/\/www.braintumour.ca\/fr\/professionnels-de-la-sante\/prix-et-bourses-pour-professionnels-de-la-sante\/\" \/>\n<meta property=\"og:locale\" content=\"fr_CA\" \/>\n<meta property=\"og:type\" content=\"article\" \/>\n<meta property=\"og:title\" content=\"Prix et bourses pour professionnels de la sant\u00e9\" \/>\n<meta property=\"og:description\" content=\"Afin d&#039;honorer La Fondation canadienne des tumeurs c\u00e9r\u00e9brales a cr\u00e9\u00e9 un prix d&#039;excellence pour reconna\u00eetre le travail exemplaire des professionnels de l&#039;oncologie psychosociale, en collaboration avec l&#039;ACOP.\" \/>\n<meta property=\"og:url\" content=\"https:\/\/www.braintumour.ca\/fr\/professionnels-de-la-sante\/prix-et-bourses-pour-professionnels-de-la-sante\/\" \/>\n<meta property=\"og:site_name\" content=\"Fondation canadienne des tumeurs c\u00e9r\u00e9brales\" \/>\n<meta property=\"article:modified_time\" content=\"2023-07-14T14:26:42+00:00\" \/>\n<meta property=\"og:image\" content=\"https:\/\/www.braintumour.ca\/wp-content\/uploads\/2021\/03\/Stokoe-Mehak.jpg\" \/>\n\t<meta property=\"og:image:width\" content=\"400\" \/>\n\t<meta property=\"og:image:height\" content=\"400\" \/>\n\t<meta property=\"og:image:type\" content=\"image\/jpeg\" \/>\n<meta name=\"twitter:card\" content=\"summary_large_image\" \/>\n<meta name=\"twitter:label1\" content=\"Estimation du temps de lecture\" \/>\n\t<meta name=\"twitter:data1\" content=\"1 minute\" \/>\n<script type=\"application\/ld+json\" class=\"yoast-schema-graph\">{\"@context\":\"https:\/\/schema.org\",\"@graph\":[{\"@type\":\"WebPage\",\"@id\":\"https:\/\/www.braintumour.ca\/fr\/professionnels-de-la-sante\/prix-et-bourses-pour-professionnels-de-la-sante\/\",\"url\":\"https:\/\/www.braintumour.ca\/fr\/professionnels-de-la-sante\/prix-et-bourses-pour-professionnels-de-la-sante\/\",\"name\":\"Prix et bourses pour professionnels de la sant\u00e9 - Fondation canadienne des tumeurs c\u00e9r\u00e9brales\",\"isPartOf\":{\"@id\":\"https:\/\/www.braintumour.ca\/fr\/#website\"},\"primaryImageOfPage\":{\"@id\":\"https:\/\/www.braintumour.ca\/fr\/professionnels-de-la-sante\/prix-et-bourses-pour-professionnels-de-la-sante\/#primaryimage\"},\"image\":{\"@id\":\"https:\/\/www.braintumour.ca\/fr\/professionnels-de-la-sante\/prix-et-bourses-pour-professionnels-de-la-sante\/#primaryimage\"},\"thumbnailUrl\":\"https:\/\/www.braintumour.ca\/wp-content\/uploads\/2021\/03\/Stokoe-Mehak.jpg\",\"datePublished\":\"2022-12-06T22:23:18+00:00\",\"dateModified\":\"2023-07-14T14:26:42+00:00\",\"description\":\"Afin d'honorer La Fondation canadienne des tumeurs c\u00e9r\u00e9brales a cr\u00e9\u00e9 un prix d'excellence pour reconna\u00eetre le travail exemplaire des professionnels de l'oncologie psychosociale, en collaboration avec l'ACOP.\",\"breadcrumb\":{\"@id\":\"https:\/\/www.braintumour.ca\/fr\/professionnels-de-la-sante\/prix-et-bourses-pour-professionnels-de-la-sante\/#breadcrumb\"},\"inLanguage\":\"fr-CA\",\"potentialAction\":[{\"@type\":\"ReadAction\",\"target\":[\"https:\/\/www.braintumour.ca\/fr\/professionnels-de-la-sante\/prix-et-bourses-pour-professionnels-de-la-sante\/\"]}]},{\"@type\":\"ImageObject\",\"inLanguage\":\"fr-CA\",\"@id\":\"https:\/\/www.braintumour.ca\/fr\/professionnels-de-la-sante\/prix-et-bourses-pour-professionnels-de-la-sante\/#primaryimage\",\"url\":\"https:\/\/www.braintumour.ca\/wp-content\/uploads\/2021\/03\/Stokoe-Mehak.jpg\",\"contentUrl\":\"https:\/\/www.braintumour.ca\/wp-content\/uploads\/2021\/03\/Stokoe-Mehak.jpg\",\"width\":400,\"height\":400},{\"@type\":\"BreadcrumbList\",\"@id\":\"https:\/\/www.braintumour.ca\/fr\/professionnels-de-la-sante\/prix-et-bourses-pour-professionnels-de-la-sante\/#breadcrumb\",\"itemListElement\":[{\"@type\":\"ListItem\",\"position\":1,\"name\":\"Home\",\"item\":\"https:\/\/www.braintumour.ca\/fr\/\"},{\"@type\":\"ListItem\",\"position\":2,\"name\":\"Professionnels de la sant\u00e9\",\"item\":\"https:\/\/www.braintumour.ca\/fr\/professionnels-de-la-sante\/\"},{\"@type\":\"ListItem\",\"position\":3,\"name\":\"Prix et bourses pour professionnels de la sant\u00e9\"}]},{\"@type\":\"WebSite\",\"@id\":\"https:\/\/www.braintumour.ca\/fr\/#website\",\"url\":\"https:\/\/www.braintumour.ca\/fr\/\",\"name\":\"Fondation canadienne des tumeurs c\u00e9r\u00e9brales\",\"description\":\"Notre mission est de venir en aide \u00e0 toutes les personnes touch\u00e9es par une tumeur c\u00e9r\u00e9brale au Canada par le biais de nos programmes d\u2019information, de soutien, d\u2019\u00e9ducation et de recherche.\",\"potentialAction\":[{\"@type\":\"SearchAction\",\"target\":{\"@type\":\"EntryPoint\",\"urlTemplate\":\"https:\/\/www.braintumour.ca\/fr\/?s={search_term_string}\"},\"query-input\":{\"@type\":\"PropertyValueSpecification\",\"valueRequired\":true,\"valueName\":\"search_term_string\"}}],\"inLanguage\":\"fr-CA\"}]}<\/script>\n<!-- \/ Yoast SEO Premium plugin. -->","yoast_head_json":{"title":"Prix et bourses pour professionnels de la sant\u00e9 - Fondation canadienne des tumeurs c\u00e9r\u00e9brales","description":"Afin d'honorer La Fondation canadienne des tumeurs c\u00e9r\u00e9brales a cr\u00e9\u00e9 un prix d'excellence pour reconna\u00eetre le travail exemplaire des professionnels de l'oncologie psychosociale, en collaboration avec l'ACOP.","robots":{"index":"index","follow":"follow","max-snippet":"max-snippet:-1","max-image-preview":"max-image-preview:large","max-video-preview":"max-video-preview:-1"},"canonical":"https:\/\/www.braintumour.ca\/fr\/professionnels-de-la-sante\/prix-et-bourses-pour-professionnels-de-la-sante\/","og_locale":"fr_CA","og_type":"article","og_title":"Prix et bourses pour professionnels de la sant\u00e9","og_description":"Afin d'honorer La Fondation canadienne des tumeurs c\u00e9r\u00e9brales a cr\u00e9\u00e9 un prix d'excellence pour reconna\u00eetre le travail exemplaire des professionnels de l'oncologie psychosociale, en collaboration avec l'ACOP.","og_url":"https:\/\/www.braintumour.ca\/fr\/professionnels-de-la-sante\/prix-et-bourses-pour-professionnels-de-la-sante\/","og_site_name":"Fondation canadienne des tumeurs c\u00e9r\u00e9brales","article_modified_time":"2023-07-14T14:26:42+00:00","og_image":[{"width":400,"height":400,"url":"https:\/\/www.braintumour.ca\/wp-content\/uploads\/2021\/03\/Stokoe-Mehak.jpg","type":"image\/jpeg"}],"twitter_card":"summary_large_image","twitter_misc":{"Estimation du temps de lecture":"1 minute"},"schema":{"@context":"https:\/\/schema.org","@graph":[{"@type":"WebPage","@id":"https:\/\/www.braintumour.ca\/fr\/professionnels-de-la-sante\/prix-et-bourses-pour-professionnels-de-la-sante\/","url":"https:\/\/www.braintumour.ca\/fr\/professionnels-de-la-sante\/prix-et-bourses-pour-professionnels-de-la-sante\/","name":"Prix et bourses pour professionnels de la sant\u00e9 - Fondation canadienne des tumeurs c\u00e9r\u00e9brales","isPartOf":{"@id":"https:\/\/www.braintumour.ca\/fr\/#website"},"primaryImageOfPage":{"@id":"https:\/\/www.braintumour.ca\/fr\/professionnels-de-la-sante\/prix-et-bourses-pour-professionnels-de-la-sante\/#primaryimage"},"image":{"@id":"https:\/\/www.braintumour.ca\/fr\/professionnels-de-la-sante\/prix-et-bourses-pour-professionnels-de-la-sante\/#primaryimage"},"thumbnailUrl":"https:\/\/www.braintumour.ca\/wp-content\/uploads\/2021\/03\/Stokoe-Mehak.jpg","datePublished":"2022-12-06T22:23:18+00:00","dateModified":"2023-07-14T14:26:42+00:00","description":"Afin d'honorer La Fondation canadienne des tumeurs c\u00e9r\u00e9brales a cr\u00e9\u00e9 un prix d'excellence pour reconna\u00eetre le travail exemplaire des professionnels de l'oncologie psychosociale, en collaboration avec l'ACOP.","breadcrumb":{"@id":"https:\/\/www.braintumour.ca\/fr\/professionnels-de-la-sante\/prix-et-bourses-pour-professionnels-de-la-sante\/#breadcrumb"},"inLanguage":"fr-CA","potentialAction":[{"@type":"ReadAction","target":["https:\/\/www.braintumour.ca\/fr\/professionnels-de-la-sante\/prix-et-bourses-pour-professionnels-de-la-sante\/"]}]},{"@type":"ImageObject","inLanguage":"fr-CA","@id":"https:\/\/www.braintumour.ca\/fr\/professionnels-de-la-sante\/prix-et-bourses-pour-professionnels-de-la-sante\/#primaryimage","url":"https:\/\/www.braintumour.ca\/wp-content\/uploads\/2021\/03\/Stokoe-Mehak.jpg","contentUrl":"https:\/\/www.braintumour.ca\/wp-content\/uploads\/2021\/03\/Stokoe-Mehak.jpg","width":400,"height":400},{"@type":"BreadcrumbList","@id":"https:\/\/www.braintumour.ca\/fr\/professionnels-de-la-sante\/prix-et-bourses-pour-professionnels-de-la-sante\/#breadcrumb","itemListElement":[{"@type":"ListItem","position":1,"name":"Home","item":"https:\/\/www.braintumour.ca\/fr\/"},{"@type":"ListItem","position":2,"name":"Professionnels de la sant\u00e9","item":"https:\/\/www.braintumour.ca\/fr\/professionnels-de-la-sante\/"},{"@type":"ListItem","position":3,"name":"Prix et bourses pour professionnels de la sant\u00e9"}]},{"@type":"WebSite","@id":"https:\/\/www.braintumour.ca\/fr\/#website","url":"https:\/\/www.braintumour.ca\/fr\/","name":"Fondation canadienne des tumeurs c\u00e9r\u00e9brales","description":"Notre mission est de venir en aide \u00e0 toutes les personnes touch\u00e9es par une tumeur c\u00e9r\u00e9brale au Canada par le biais de nos programmes d\u2019information, de soutien, d\u2019\u00e9ducation et de recherche.","potentialAction":[{"@type":"SearchAction","target":{"@type":"EntryPoint","urlTemplate":"https:\/\/www.braintumour.ca\/fr\/?s={search_term_string}"},"query-input":{"@type":"PropertyValueSpecification","valueRequired":true,"valueName":"search_term_string"}}],"inLanguage":"fr-CA"}]}},"_links":{"self":[{"href":"https:\/\/www.braintumour.ca\/fr\/wp-json\/wp\/v2\/pages\/2651","targetHints":{"allow":["GET"]}}],"collection":[{"href":"https:\/\/www.braintumour.ca\/fr\/wp-json\/wp\/v2\/pages"}],"about":[{"href":"https:\/\/www.braintumour.ca\/fr\/wp-json\/wp\/v2\/types\/page"}],"author":[{"embeddable":true,"href":"https:\/\/www.braintumour.ca\/fr\/wp-json\/wp\/v2\/users\/4"}],"replies":[{"embeddable":true,"href":"https:\/\/www.braintumour.ca\/fr\/wp-json\/wp\/v2\/comments?post=2651"}],"version-history":[{"count":0,"href":"https:\/\/www.braintumour.ca\/fr\/wp-json\/wp\/v2\/pages\/2651\/revisions"}],"up":[{"embeddable":true,"href":"https:\/\/www.braintumour.ca\/fr\/wp-json\/wp\/v2\/pages\/2645"}],"wp:featuredmedia":[{"embeddable":true,"href":"https:\/\/www.braintumour.ca\/fr\/wp-json\/wp\/v2\/media\/6761"}],"wp:attachment":[{"href":"https:\/\/www.braintumour.ca\/fr\/wp-json\/wp\/v2\/media?parent=2651"}],"wp:term":[{"taxonomy":"user_type","embeddable":true,"href":"https:\/\/www.braintumour.ca\/fr\/wp-json\/wp\/v2\/user_type?post=2651"}],"curies":[{"name":"wp","href":"https:\/\/api.w.org\/{rel}","templated":true}]}}