{"id":2655,"date":"2019-08-26T17:23:44","date_gmt":"2019-08-26T21:23:44","guid":{"rendered":"https:\/\/braintumour.ca\/professionnels-de-la-sante\/grants\/"},"modified":"2023-03-06T07:45:03","modified_gmt":"2023-03-06T12:45:03","slug":"bourses-de-developpement","status":"publish","type":"page","link":"https:\/\/www.braintumour.ca\/fr\/professionnels-de-la-sante\/bourses-de-developpement\/","title":{"rendered":"Bourses de d\u00e9veloppement"},"content":{"rendered":"<h5>Am\u00e9liorez votre travail aupr\u00e8s des personnes touch\u00e9es par une tumeur c\u00e9r\u00e9brale gr\u00e2ce \u00e0 nos Bourses de d\u00e9veloppement pour les professionnels de la sant\u00e9.<\/h5>\n","protected":false},"excerpt":{"rendered":"<p>Am\u00e9liorez votre travail aupr\u00e8s des personnes touch\u00e9es par une tumeur c\u00e9r\u00e9brale gr\u00e2ce \u00e0 nos Bourses de d\u00e9veloppement pour les professionnels [&hellip;]<\/p>\n","protected":false},"author":4,"featured_media":1528,"parent":2645,"menu_order":3,"comment_status":"closed","ping_status":"closed","template":"","meta":{"_acf_changed":false,"footnotes":""},"user_type":[135],"class_list":["post-2655","page","type-page","status-publish","has-post-thumbnail","hentry","user_type-professionnel-de-la-sante"],"acf":[],"yoast_head":"<!-- This site is optimized with the Yoast SEO Premium plugin v27.0 (Yoast SEO v27.0) - https:\/\/yoast.com\/product\/yoast-seo-premium-wordpress\/ -->\n<title>Bourses de d\u00e9veloppement - Fondation canadienne des tumeurs c\u00e9r\u00e9brales<\/title>\n<meta name=\"description\" content=\"Am\u00e9liorez votre travail aupr\u00e8s des personnes touch\u00e9es par une tumeur c\u00e9r\u00e9brale gr\u00e2ce \u00e0 nos Bourses de d\u00e9veloppement pour les professionnels de la sant\u00e9.\" \/>\n<meta name=\"robots\" content=\"index, follow, max-snippet:-1, max-image-preview:large, max-video-preview:-1\" \/>\n<link rel=\"canonical\" href=\"https:\/\/www.braintumour.ca\/fr\/professionnels-de-la-sante\/bourses-de-developpement\/\" \/>\n<meta property=\"og:locale\" content=\"fr_CA\" \/>\n<meta property=\"og:type\" content=\"article\" \/>\n<meta property=\"og:title\" content=\"Bourses de d\u00e9veloppement\" \/>\n<meta property=\"og:description\" content=\"Am\u00e9liorez votre travail aupr\u00e8s des personnes touch\u00e9es par une tumeur c\u00e9r\u00e9brale gr\u00e2ce \u00e0 nos Bourses de d\u00e9veloppement pour les professionnels de la sant\u00e9.\" \/>\n<meta property=\"og:url\" content=\"https:\/\/www.braintumour.ca\/fr\/professionnels-de-la-sante\/bourses-de-developpement\/\" \/>\n<meta property=\"og:site_name\" content=\"Fondation canadienne des tumeurs c\u00e9r\u00e9brales\" \/>\n<meta property=\"article:modified_time\" content=\"2023-03-06T12:45:03+00:00\" \/>\n<meta property=\"og:image\" content=\"https:\/\/www.braintumour.ca\/wp-content\/uploads\/2019\/10\/DSC_3965.jpg\" \/>\n\t<meta property=\"og:image:width\" content=\"2120\" \/>\n\t<meta property=\"og:image:height\" content=\"1415\" \/>\n\t<meta property=\"og:image:type\" content=\"image\/jpeg\" \/>\n<meta name=\"twitter:card\" content=\"summary_large_image\" \/>\n<meta name=\"twitter:label1\" content=\"Estimation du temps de lecture\" \/>\n\t<meta name=\"twitter:data1\" content=\"1 minute\" \/>\n<script type=\"application\/ld+json\" class=\"yoast-schema-graph\">{\"@context\":\"https:\/\/schema.org\",\"@graph\":[{\"@type\":\"WebPage\",\"@id\":\"https:\/\/www.braintumour.ca\/fr\/professionnels-de-la-sante\/bourses-de-developpement\/\",\"url\":\"https:\/\/www.braintumour.ca\/fr\/professionnels-de-la-sante\/bourses-de-developpement\/\",\"name\":\"Bourses de d\u00e9veloppement - Fondation canadienne des tumeurs c\u00e9r\u00e9brales\",\"isPartOf\":{\"@id\":\"https:\/\/www.braintumour.ca\/fr\/#website\"},\"primaryImageOfPage\":{\"@id\":\"https:\/\/www.braintumour.ca\/fr\/professionnels-de-la-sante\/bourses-de-developpement\/#primaryimage\"},\"image\":{\"@id\":\"https:\/\/www.braintumour.ca\/fr\/professionnels-de-la-sante\/bourses-de-developpement\/#primaryimage\"},\"thumbnailUrl\":\"https:\/\/www.braintumour.ca\/wp-content\/uploads\/2019\/10\/DSC_3965.jpg\",\"datePublished\":\"2019-08-26T21:23:44+00:00\",\"dateModified\":\"2023-03-06T12:45:03+00:00\",\"description\":\"Am\u00e9liorez votre travail aupr\u00e8s des personnes touch\u00e9es par une tumeur c\u00e9r\u00e9brale gr\u00e2ce \u00e0 nos Bourses de d\u00e9veloppement pour les professionnels de la sant\u00e9.\",\"breadcrumb\":{\"@id\":\"https:\/\/www.braintumour.ca\/fr\/professionnels-de-la-sante\/bourses-de-developpement\/#breadcrumb\"},\"inLanguage\":\"fr-CA\",\"potentialAction\":[{\"@type\":\"ReadAction\",\"target\":[\"https:\/\/www.braintumour.ca\/fr\/professionnels-de-la-sante\/bourses-de-developpement\/\"]}]},{\"@type\":\"ImageObject\",\"inLanguage\":\"fr-CA\",\"@id\":\"https:\/\/www.braintumour.ca\/fr\/professionnels-de-la-sante\/bourses-de-developpement\/#primaryimage\",\"url\":\"https:\/\/www.braintumour.ca\/wp-content\/uploads\/2019\/10\/DSC_3965.jpg\",\"contentUrl\":\"https:\/\/www.braintumour.ca\/wp-content\/uploads\/2019\/10\/DSC_3965.jpg\",\"width\":2120,\"height\":1415},{\"@type\":\"BreadcrumbList\",\"@id\":\"https:\/\/www.braintumour.ca\/fr\/professionnels-de-la-sante\/bourses-de-developpement\/#breadcrumb\",\"itemListElement\":[{\"@type\":\"ListItem\",\"position\":1,\"name\":\"Home\",\"item\":\"https:\/\/www.braintumour.ca\/fr\/\"},{\"@type\":\"ListItem\",\"position\":2,\"name\":\"Professionnels de la sant\u00e9\",\"item\":\"https:\/\/www.braintumour.ca\/fr\/professionnels-de-la-sante\/\"},{\"@type\":\"ListItem\",\"position\":3,\"name\":\"Bourses de d\u00e9veloppement\"}]},{\"@type\":\"WebSite\",\"@id\":\"https:\/\/www.braintumour.ca\/fr\/#website\",\"url\":\"https:\/\/www.braintumour.ca\/fr\/\",\"name\":\"Fondation canadienne des tumeurs c\u00e9r\u00e9brales\",\"description\":\"Notre mission est de venir en aide \u00e0 toutes les personnes touch\u00e9es par une tumeur c\u00e9r\u00e9brale au Canada par le biais de nos programmes d\u2019information, de soutien, d\u2019\u00e9ducation et de recherche.\",\"potentialAction\":[{\"@type\":\"SearchAction\",\"target\":{\"@type\":\"EntryPoint\",\"urlTemplate\":\"https:\/\/www.braintumour.ca\/fr\/?s={search_term_string}\"},\"query-input\":{\"@type\":\"PropertyValueSpecification\",\"valueRequired\":true,\"valueName\":\"search_term_string\"}}],\"inLanguage\":\"fr-CA\"}]}<\/script>\n<!-- \/ Yoast SEO Premium plugin. -->","yoast_head_json":{"title":"Bourses de d\u00e9veloppement - Fondation canadienne des tumeurs c\u00e9r\u00e9brales","description":"Am\u00e9liorez votre travail aupr\u00e8s des personnes touch\u00e9es par une tumeur c\u00e9r\u00e9brale gr\u00e2ce \u00e0 nos Bourses de d\u00e9veloppement pour les professionnels de la sant\u00e9.","robots":{"index":"index","follow":"follow","max-snippet":"max-snippet:-1","max-image-preview":"max-image-preview:large","max-video-preview":"max-video-preview:-1"},"canonical":"https:\/\/www.braintumour.ca\/fr\/professionnels-de-la-sante\/bourses-de-developpement\/","og_locale":"fr_CA","og_type":"article","og_title":"Bourses de d\u00e9veloppement","og_description":"Am\u00e9liorez votre travail aupr\u00e8s des personnes touch\u00e9es par une tumeur c\u00e9r\u00e9brale gr\u00e2ce \u00e0 nos Bourses de d\u00e9veloppement pour les professionnels de la sant\u00e9.","og_url":"https:\/\/www.braintumour.ca\/fr\/professionnels-de-la-sante\/bourses-de-developpement\/","og_site_name":"Fondation canadienne des tumeurs c\u00e9r\u00e9brales","article_modified_time":"2023-03-06T12:45:03+00:00","og_image":[{"width":2120,"height":1415,"url":"https:\/\/www.braintumour.ca\/wp-content\/uploads\/2019\/10\/DSC_3965.jpg","type":"image\/jpeg"}],"twitter_card":"summary_large_image","twitter_misc":{"Estimation du temps de lecture":"1 minute"},"schema":{"@context":"https:\/\/schema.org","@graph":[{"@type":"WebPage","@id":"https:\/\/www.braintumour.ca\/fr\/professionnels-de-la-sante\/bourses-de-developpement\/","url":"https:\/\/www.braintumour.ca\/fr\/professionnels-de-la-sante\/bourses-de-developpement\/","name":"Bourses de d\u00e9veloppement - Fondation canadienne des tumeurs c\u00e9r\u00e9brales","isPartOf":{"@id":"https:\/\/www.braintumour.ca\/fr\/#website"},"primaryImageOfPage":{"@id":"https:\/\/www.braintumour.ca\/fr\/professionnels-de-la-sante\/bourses-de-developpement\/#primaryimage"},"image":{"@id":"https:\/\/www.braintumour.ca\/fr\/professionnels-de-la-sante\/bourses-de-developpement\/#primaryimage"},"thumbnailUrl":"https:\/\/www.braintumour.ca\/wp-content\/uploads\/2019\/10\/DSC_3965.jpg","datePublished":"2019-08-26T21:23:44+00:00","dateModified":"2023-03-06T12:45:03+00:00","description":"Am\u00e9liorez votre travail aupr\u00e8s des personnes touch\u00e9es par une tumeur c\u00e9r\u00e9brale gr\u00e2ce \u00e0 nos Bourses de d\u00e9veloppement pour les professionnels de la sant\u00e9.","breadcrumb":{"@id":"https:\/\/www.braintumour.ca\/fr\/professionnels-de-la-sante\/bourses-de-developpement\/#breadcrumb"},"inLanguage":"fr-CA","potentialAction":[{"@type":"ReadAction","target":["https:\/\/www.braintumour.ca\/fr\/professionnels-de-la-sante\/bourses-de-developpement\/"]}]},{"@type":"ImageObject","inLanguage":"fr-CA","@id":"https:\/\/www.braintumour.ca\/fr\/professionnels-de-la-sante\/bourses-de-developpement\/#primaryimage","url":"https:\/\/www.braintumour.ca\/wp-content\/uploads\/2019\/10\/DSC_3965.jpg","contentUrl":"https:\/\/www.braintumour.ca\/wp-content\/uploads\/2019\/10\/DSC_3965.jpg","width":2120,"height":1415},{"@type":"BreadcrumbList","@id":"https:\/\/www.braintumour.ca\/fr\/professionnels-de-la-sante\/bourses-de-developpement\/#breadcrumb","itemListElement":[{"@type":"ListItem","position":1,"name":"Home","item":"https:\/\/www.braintumour.ca\/fr\/"},{"@type":"ListItem","position":2,"name":"Professionnels de la sant\u00e9","item":"https:\/\/www.braintumour.ca\/fr\/professionnels-de-la-sante\/"},{"@type":"ListItem","position":3,"name":"Bourses de d\u00e9veloppement"}]},{"@type":"WebSite","@id":"https:\/\/www.braintumour.ca\/fr\/#website","url":"https:\/\/www.braintumour.ca\/fr\/","name":"Fondation canadienne des tumeurs c\u00e9r\u00e9brales","description":"Notre mission est de venir en aide \u00e0 toutes les personnes touch\u00e9es par une tumeur c\u00e9r\u00e9brale au Canada par le biais de nos programmes d\u2019information, de soutien, d\u2019\u00e9ducation et de recherche.","potentialAction":[{"@type":"SearchAction","target":{"@type":"EntryPoint","urlTemplate":"https:\/\/www.braintumour.ca\/fr\/?s={search_term_string}"},"query-input":{"@type":"PropertyValueSpecification","valueRequired":true,"valueName":"search_term_string"}}],"inLanguage":"fr-CA"}]}},"_links":{"self":[{"href":"https:\/\/www.braintumour.ca\/fr\/wp-json\/wp\/v2\/pages\/2655","targetHints":{"allow":["GET"]}}],"collection":[{"href":"https:\/\/www.braintumour.ca\/fr\/wp-json\/wp\/v2\/pages"}],"about":[{"href":"https:\/\/www.braintumour.ca\/fr\/wp-json\/wp\/v2\/types\/page"}],"author":[{"embeddable":true,"href":"https:\/\/www.braintumour.ca\/fr\/wp-json\/wp\/v2\/users\/4"}],"replies":[{"embeddable":true,"href":"https:\/\/www.braintumour.ca\/fr\/wp-json\/wp\/v2\/comments?post=2655"}],"version-history":[{"count":0,"href":"https:\/\/www.braintumour.ca\/fr\/wp-json\/wp\/v2\/pages\/2655\/revisions"}],"up":[{"embeddable":true,"href":"https:\/\/www.braintumour.ca\/fr\/wp-json\/wp\/v2\/pages\/2645"}],"wp:featuredmedia":[{"embeddable":true,"href":"https:\/\/www.braintumour.ca\/fr\/wp-json\/wp\/v2\/media\/1528"}],"wp:attachment":[{"href":"https:\/\/www.braintumour.ca\/fr\/wp-json\/wp\/v2\/media?parent=2655"}],"wp:term":[{"taxonomy":"user_type","embeddable":true,"href":"https:\/\/www.braintumour.ca\/fr\/wp-json\/wp\/v2\/user_type?post=2655"}],"curies":[{"name":"wp","href":"https:\/\/api.w.org\/{rel}","templated":true}]}}