{"id":2716,"date":"2019-08-26T17:29:31","date_gmt":"2019-08-26T21:29:31","guid":{"rendered":"https:\/\/braintumour.ca\/information-utile\/webinar-series\/"},"modified":"2023-10-30T09:57:33","modified_gmt":"2023-10-30T13:57:33","slug":"series-de-webinaires","status":"publish","type":"page","link":"https:\/\/www.braintumour.ca\/fr\/information-utile\/series-de-webinaires\/","title":{"rendered":"S\u00e9ries de webinaires"},"content":{"rendered":"<h5>Notre s\u00e9rie de webinaires aborde une vari\u00e9t\u00e9 de sujets li\u00e9s aux tumeurs c\u00e9r\u00e9brales et sont pr\u00e9sent\u00e9s tout au cours de l&rsquo;ann\u00e9e.<\/h5>\n","protected":false},"excerpt":{"rendered":"<p>Notre s\u00e9rie de webinaires aborde une vari\u00e9t\u00e9 de sujets li\u00e9s aux tumeurs c\u00e9r\u00e9brales et sont pr\u00e9sent\u00e9s tout au cours de [&hellip;]<\/p>\n","protected":false},"author":4,"featured_media":970,"parent":2687,"menu_order":2,"comment_status":"closed","ping_status":"closed","template":"","meta":{"_acf_changed":false,"footnotes":""},"user_type":[133,132,137,136,134,135],"class_list":["post-2716","page","type-page","status-publish","has-post-thumbnail","hentry","user_type-patient-fr","user_type-proche-aidant","user_type-benevole","user_type-donateur","user_type-chercheur","user_type-professionnel-de-la-sante"],"acf":[],"yoast_head":"<!-- This site is optimized with the Yoast SEO Premium plugin v27.0 (Yoast SEO v27.0) - https:\/\/yoast.com\/product\/yoast-seo-premium-wordpress\/ -->\n<title>S\u00e9ries de webinaires -<\/title>\n<meta name=\"description\" content=\"Notre s\u00e9rie de webinaires aborde une vari\u00e9t\u00e9 de sujets li\u00e9s aux tumeurs c\u00e9r\u00e9brales incluant la recherche, les traitements, la planification pr\u00e9alable des soins, des t\u00e9moignages de patients et de proches aidants, et beaucoup plus.\" \/>\n<meta name=\"robots\" content=\"index, follow, max-snippet:-1, max-image-preview:large, max-video-preview:-1\" \/>\n<link rel=\"canonical\" href=\"https:\/\/www.braintumour.ca\/fr\/information-utile\/series-de-webinaires\/\" \/>\n<meta property=\"og:locale\" content=\"fr_CA\" \/>\n<meta property=\"og:type\" content=\"article\" \/>\n<meta property=\"og:title\" content=\"S\u00e9ries de webinaires\" \/>\n<meta property=\"og:description\" content=\"Notre s\u00e9rie de webinaires aborde une vari\u00e9t\u00e9 de sujets li\u00e9s aux tumeurs c\u00e9r\u00e9brales incluant la recherche, les traitements, la planification pr\u00e9alable des soins, des t\u00e9moignages de patients et de proches aidants, et beaucoup plus.\" \/>\n<meta property=\"og:url\" content=\"https:\/\/www.braintumour.ca\/fr\/information-utile\/series-de-webinaires\/\" \/>\n<meta property=\"og:site_name\" content=\"Fondation canadienne des tumeurs c\u00e9r\u00e9brales\" \/>\n<meta property=\"article:modified_time\" content=\"2023-10-30T13:57:33+00:00\" \/>\n<meta property=\"og:image\" content=\"https:\/\/www.braintumour.ca\/wp-content\/uploads\/2019\/09\/technology-791029_1920.jpg\" \/>\n\t<meta property=\"og:image:width\" content=\"1920\" \/>\n\t<meta property=\"og:image:height\" content=\"1280\" \/>\n\t<meta property=\"og:image:type\" content=\"image\/jpeg\" \/>\n<meta name=\"twitter:card\" content=\"summary_large_image\" \/>\n<meta name=\"twitter:label1\" content=\"Estimation du temps de lecture\" \/>\n\t<meta name=\"twitter:data1\" content=\"1 minute\" \/>\n<script type=\"application\/ld+json\" class=\"yoast-schema-graph\">{\"@context\":\"https:\/\/schema.org\",\"@graph\":[{\"@type\":\"WebPage\",\"@id\":\"https:\/\/www.braintumour.ca\/fr\/information-utile\/series-de-webinaires\/\",\"url\":\"https:\/\/www.braintumour.ca\/fr\/information-utile\/series-de-webinaires\/\",\"name\":\"S\u00e9ries de webinaires -\",\"isPartOf\":{\"@id\":\"https:\/\/www.braintumour.ca\/fr\/#website\"},\"primaryImageOfPage\":{\"@id\":\"https:\/\/www.braintumour.ca\/fr\/information-utile\/series-de-webinaires\/#primaryimage\"},\"image\":{\"@id\":\"https:\/\/www.braintumour.ca\/fr\/information-utile\/series-de-webinaires\/#primaryimage\"},\"thumbnailUrl\":\"https:\/\/www.braintumour.ca\/wp-content\/uploads\/2019\/09\/technology-791029_1920.jpg\",\"datePublished\":\"2019-08-26T21:29:31+00:00\",\"dateModified\":\"2023-10-30T13:57:33+00:00\",\"description\":\"Notre s\u00e9rie de webinaires aborde une vari\u00e9t\u00e9 de sujets li\u00e9s aux tumeurs c\u00e9r\u00e9brales incluant la recherche, les traitements, la planification pr\u00e9alable des soins, des t\u00e9moignages de patients et de proches aidants, et beaucoup plus.\",\"breadcrumb\":{\"@id\":\"https:\/\/www.braintumour.ca\/fr\/information-utile\/series-de-webinaires\/#breadcrumb\"},\"inLanguage\":\"fr-CA\",\"potentialAction\":[{\"@type\":\"ReadAction\",\"target\":[\"https:\/\/www.braintumour.ca\/fr\/information-utile\/series-de-webinaires\/\"]}]},{\"@type\":\"ImageObject\",\"inLanguage\":\"fr-CA\",\"@id\":\"https:\/\/www.braintumour.ca\/fr\/information-utile\/series-de-webinaires\/#primaryimage\",\"url\":\"https:\/\/www.braintumour.ca\/wp-content\/uploads\/2019\/09\/technology-791029_1920.jpg\",\"contentUrl\":\"https:\/\/www.braintumour.ca\/wp-content\/uploads\/2019\/09\/technology-791029_1920.jpg\",\"width\":1920,\"height\":1280,\"caption\":\"Laptop online learning\"},{\"@type\":\"BreadcrumbList\",\"@id\":\"https:\/\/www.braintumour.ca\/fr\/information-utile\/series-de-webinaires\/#breadcrumb\",\"itemListElement\":[{\"@type\":\"ListItem\",\"position\":1,\"name\":\"Home\",\"item\":\"https:\/\/www.braintumour.ca\/fr\/\"},{\"@type\":\"ListItem\",\"position\":2,\"name\":\"Information utile\",\"item\":\"https:\/\/www.braintumour.ca\/fr\/information-utile\/\"},{\"@type\":\"ListItem\",\"position\":3,\"name\":\"S\u00e9ries de webinaires\"}]},{\"@type\":\"WebSite\",\"@id\":\"https:\/\/www.braintumour.ca\/fr\/#website\",\"url\":\"https:\/\/www.braintumour.ca\/fr\/\",\"name\":\"Fondation canadienne des tumeurs c\u00e9r\u00e9brales\",\"description\":\"Notre mission est de venir en aide \u00e0 toutes les personnes touch\u00e9es par une tumeur c\u00e9r\u00e9brale au Canada par le biais de nos programmes d\u2019information, de soutien, d\u2019\u00e9ducation et de recherche.\",\"potentialAction\":[{\"@type\":\"SearchAction\",\"target\":{\"@type\":\"EntryPoint\",\"urlTemplate\":\"https:\/\/www.braintumour.ca\/fr\/?s={search_term_string}\"},\"query-input\":{\"@type\":\"PropertyValueSpecification\",\"valueRequired\":true,\"valueName\":\"search_term_string\"}}],\"inLanguage\":\"fr-CA\"}]}<\/script>\n<!-- \/ Yoast SEO Premium plugin. -->","yoast_head_json":{"title":"S\u00e9ries de webinaires -","description":"Notre s\u00e9rie de webinaires aborde une vari\u00e9t\u00e9 de sujets li\u00e9s aux tumeurs c\u00e9r\u00e9brales incluant la recherche, les traitements, la planification pr\u00e9alable des soins, des t\u00e9moignages de patients et de proches aidants, et beaucoup plus.","robots":{"index":"index","follow":"follow","max-snippet":"max-snippet:-1","max-image-preview":"max-image-preview:large","max-video-preview":"max-video-preview:-1"},"canonical":"https:\/\/www.braintumour.ca\/fr\/information-utile\/series-de-webinaires\/","og_locale":"fr_CA","og_type":"article","og_title":"S\u00e9ries de webinaires","og_description":"Notre s\u00e9rie de webinaires aborde une vari\u00e9t\u00e9 de sujets li\u00e9s aux tumeurs c\u00e9r\u00e9brales incluant la recherche, les traitements, la planification pr\u00e9alable des soins, des t\u00e9moignages de patients et de proches aidants, et beaucoup plus.","og_url":"https:\/\/www.braintumour.ca\/fr\/information-utile\/series-de-webinaires\/","og_site_name":"Fondation canadienne des tumeurs c\u00e9r\u00e9brales","article_modified_time":"2023-10-30T13:57:33+00:00","og_image":[{"width":1920,"height":1280,"url":"https:\/\/www.braintumour.ca\/wp-content\/uploads\/2019\/09\/technology-791029_1920.jpg","type":"image\/jpeg"}],"twitter_card":"summary_large_image","twitter_misc":{"Estimation du temps de lecture":"1 minute"},"schema":{"@context":"https:\/\/schema.org","@graph":[{"@type":"WebPage","@id":"https:\/\/www.braintumour.ca\/fr\/information-utile\/series-de-webinaires\/","url":"https:\/\/www.braintumour.ca\/fr\/information-utile\/series-de-webinaires\/","name":"S\u00e9ries de webinaires -","isPartOf":{"@id":"https:\/\/www.braintumour.ca\/fr\/#website"},"primaryImageOfPage":{"@id":"https:\/\/www.braintumour.ca\/fr\/information-utile\/series-de-webinaires\/#primaryimage"},"image":{"@id":"https:\/\/www.braintumour.ca\/fr\/information-utile\/series-de-webinaires\/#primaryimage"},"thumbnailUrl":"https:\/\/www.braintumour.ca\/wp-content\/uploads\/2019\/09\/technology-791029_1920.jpg","datePublished":"2019-08-26T21:29:31+00:00","dateModified":"2023-10-30T13:57:33+00:00","description":"Notre s\u00e9rie de webinaires aborde une vari\u00e9t\u00e9 de sujets li\u00e9s aux tumeurs c\u00e9r\u00e9brales incluant la recherche, les traitements, la planification pr\u00e9alable des soins, des t\u00e9moignages de patients et de proches aidants, et beaucoup plus.","breadcrumb":{"@id":"https:\/\/www.braintumour.ca\/fr\/information-utile\/series-de-webinaires\/#breadcrumb"},"inLanguage":"fr-CA","potentialAction":[{"@type":"ReadAction","target":["https:\/\/www.braintumour.ca\/fr\/information-utile\/series-de-webinaires\/"]}]},{"@type":"ImageObject","inLanguage":"fr-CA","@id":"https:\/\/www.braintumour.ca\/fr\/information-utile\/series-de-webinaires\/#primaryimage","url":"https:\/\/www.braintumour.ca\/wp-content\/uploads\/2019\/09\/technology-791029_1920.jpg","contentUrl":"https:\/\/www.braintumour.ca\/wp-content\/uploads\/2019\/09\/technology-791029_1920.jpg","width":1920,"height":1280,"caption":"Laptop online learning"},{"@type":"BreadcrumbList","@id":"https:\/\/www.braintumour.ca\/fr\/information-utile\/series-de-webinaires\/#breadcrumb","itemListElement":[{"@type":"ListItem","position":1,"name":"Home","item":"https:\/\/www.braintumour.ca\/fr\/"},{"@type":"ListItem","position":2,"name":"Information utile","item":"https:\/\/www.braintumour.ca\/fr\/information-utile\/"},{"@type":"ListItem","position":3,"name":"S\u00e9ries de webinaires"}]},{"@type":"WebSite","@id":"https:\/\/www.braintumour.ca\/fr\/#website","url":"https:\/\/www.braintumour.ca\/fr\/","name":"Fondation canadienne des tumeurs c\u00e9r\u00e9brales","description":"Notre mission est de venir en aide \u00e0 toutes les personnes touch\u00e9es par une tumeur c\u00e9r\u00e9brale au Canada par le biais de nos programmes d\u2019information, de soutien, d\u2019\u00e9ducation et de recherche.","potentialAction":[{"@type":"SearchAction","target":{"@type":"EntryPoint","urlTemplate":"https:\/\/www.braintumour.ca\/fr\/?s={search_term_string}"},"query-input":{"@type":"PropertyValueSpecification","valueRequired":true,"valueName":"search_term_string"}}],"inLanguage":"fr-CA"}]}},"_links":{"self":[{"href":"https:\/\/www.braintumour.ca\/fr\/wp-json\/wp\/v2\/pages\/2716","targetHints":{"allow":["GET"]}}],"collection":[{"href":"https:\/\/www.braintumour.ca\/fr\/wp-json\/wp\/v2\/pages"}],"about":[{"href":"https:\/\/www.braintumour.ca\/fr\/wp-json\/wp\/v2\/types\/page"}],"author":[{"embeddable":true,"href":"https:\/\/www.braintumour.ca\/fr\/wp-json\/wp\/v2\/users\/4"}],"replies":[{"embeddable":true,"href":"https:\/\/www.braintumour.ca\/fr\/wp-json\/wp\/v2\/comments?post=2716"}],"version-history":[{"count":0,"href":"https:\/\/www.braintumour.ca\/fr\/wp-json\/wp\/v2\/pages\/2716\/revisions"}],"up":[{"embeddable":true,"href":"https:\/\/www.braintumour.ca\/fr\/wp-json\/wp\/v2\/pages\/2687"}],"wp:featuredmedia":[{"embeddable":true,"href":"https:\/\/www.braintumour.ca\/fr\/wp-json\/wp\/v2\/media\/970"}],"wp:attachment":[{"href":"https:\/\/www.braintumour.ca\/fr\/wp-json\/wp\/v2\/media?parent=2716"}],"wp:term":[{"taxonomy":"user_type","embeddable":true,"href":"https:\/\/www.braintumour.ca\/fr\/wp-json\/wp\/v2\/user_type?post=2716"}],"curies":[{"name":"wp","href":"https:\/\/api.w.org\/{rel}","templated":true}]}}