{"id":2720,"date":"2019-08-26T17:29:58","date_gmt":"2019-08-26T21:29:58","guid":{"rendered":"https:\/\/braintumour.ca\/information-utile\/online-learning\/"},"modified":"2019-12-18T13:07:36","modified_gmt":"2019-12-18T18:07:36","slug":"ressources-en-ligne","status":"publish","type":"page","link":"https:\/\/www.braintumour.ca\/fr\/information-utile\/ressources-en-ligne\/","title":{"rendered":"Ressources en ligne"},"content":{"rendered":"<h5>Que vous pr\u00e9f\u00e9riez lire ou regarder des vid\u00e9os, apprenez-en davantage sur les tumeurs c\u00e9r\u00e9brales. Trouvez \u00e9galement des liens vers d&rsquo;autres sites Web utiles.<\/h5>\n","protected":false},"excerpt":{"rendered":"<p>Que vous pr\u00e9f\u00e9riez lire ou regarder des vid\u00e9os, apprenez-en davantage sur les tumeurs c\u00e9r\u00e9brales. Trouvez \u00e9galement des liens vers d&rsquo;autres [&hellip;]<\/p>\n","protected":false},"author":4,"featured_media":978,"parent":2687,"menu_order":3,"comment_status":"closed","ping_status":"closed","template":"page-templates\/parent--list.php","meta":{"_acf_changed":false,"footnotes":""},"user_type":[133,132,137,136,134,135],"class_list":["post-2720","page","type-page","status-publish","has-post-thumbnail","hentry","user_type-patient-fr","user_type-proche-aidant","user_type-benevole","user_type-donateur","user_type-chercheur","user_type-professionnel-de-la-sante"],"acf":[],"yoast_head":"<!-- This site is optimized with the Yoast SEO Premium plugin v27.0 (Yoast SEO v27.0) - https:\/\/yoast.com\/product\/yoast-seo-premium-wordpress\/ -->\n<title>Ressources en ligne - Fondation canadienne des tumeurs c\u00e9r\u00e9brales<\/title>\n<meta name=\"description\" content=\"Que vous pr\u00e9f\u00e9riez lire ou regarder des vid\u00e9os, vous pouvez en apprendre davantage sur les tumeurs c\u00e9r\u00e9brales. Trouvez \u00e9galement des liens vers d&#039;autres sites Web utiles.\" \/>\n<meta name=\"robots\" content=\"index, follow, max-snippet:-1, max-image-preview:large, max-video-preview:-1\" \/>\n<link rel=\"canonical\" href=\"https:\/\/www.braintumour.ca\/fr\/information-utile\/ressources-en-ligne\/\" \/>\n<meta property=\"og:locale\" content=\"fr_CA\" \/>\n<meta property=\"og:type\" content=\"article\" \/>\n<meta property=\"og:title\" content=\"Ressources en ligne\" \/>\n<meta property=\"og:description\" content=\"Que vous pr\u00e9f\u00e9riez lire ou regarder des vid\u00e9os, vous pouvez en apprendre davantage sur les tumeurs c\u00e9r\u00e9brales. Trouvez \u00e9galement des liens vers d&#039;autres sites Web utiles.\" \/>\n<meta property=\"og:url\" content=\"https:\/\/www.braintumour.ca\/fr\/information-utile\/ressources-en-ligne\/\" \/>\n<meta property=\"og:site_name\" content=\"Fondation canadienne des tumeurs c\u00e9r\u00e9brales\" \/>\n<meta property=\"article:modified_time\" content=\"2019-12-18T18:07:36+00:00\" \/>\n<meta property=\"og:image\" content=\"https:\/\/www.braintumour.ca\/wp-content\/uploads\/2019\/09\/planning-250091_1920.jpg\" \/>\n\t<meta property=\"og:image:width\" content=\"1920\" \/>\n\t<meta property=\"og:image:height\" content=\"1280\" \/>\n\t<meta property=\"og:image:type\" content=\"image\/jpeg\" \/>\n<meta name=\"twitter:card\" content=\"summary_large_image\" \/>\n<script type=\"application\/ld+json\" class=\"yoast-schema-graph\">{\"@context\":\"https:\/\/schema.org\",\"@graph\":[{\"@type\":\"WebPage\",\"@id\":\"https:\/\/www.braintumour.ca\/fr\/information-utile\/ressources-en-ligne\/\",\"url\":\"https:\/\/www.braintumour.ca\/fr\/information-utile\/ressources-en-ligne\/\",\"name\":\"Ressources en ligne - Fondation canadienne des tumeurs c\u00e9r\u00e9brales\",\"isPartOf\":{\"@id\":\"https:\/\/www.braintumour.ca\/fr\/#website\"},\"primaryImageOfPage\":{\"@id\":\"https:\/\/www.braintumour.ca\/fr\/information-utile\/ressources-en-ligne\/#primaryimage\"},\"image\":{\"@id\":\"https:\/\/www.braintumour.ca\/fr\/information-utile\/ressources-en-ligne\/#primaryimage\"},\"thumbnailUrl\":\"https:\/\/www.braintumour.ca\/wp-content\/uploads\/2019\/09\/planning-250091_1920.jpg\",\"datePublished\":\"2019-08-26T21:29:58+00:00\",\"dateModified\":\"2019-12-18T18:07:36+00:00\",\"description\":\"Que vous pr\u00e9f\u00e9riez lire ou regarder des vid\u00e9os, vous pouvez en apprendre davantage sur les tumeurs c\u00e9r\u00e9brales. Trouvez \u00e9galement des liens vers d'autres sites Web utiles.\",\"breadcrumb\":{\"@id\":\"https:\/\/www.braintumour.ca\/fr\/information-utile\/ressources-en-ligne\/#breadcrumb\"},\"inLanguage\":\"fr-CA\",\"potentialAction\":[{\"@type\":\"ReadAction\",\"target\":[\"https:\/\/www.braintumour.ca\/fr\/information-utile\/ressources-en-ligne\/\"]}]},{\"@type\":\"ImageObject\",\"inLanguage\":\"fr-CA\",\"@id\":\"https:\/\/www.braintumour.ca\/fr\/information-utile\/ressources-en-ligne\/#primaryimage\",\"url\":\"https:\/\/www.braintumour.ca\/wp-content\/uploads\/2019\/09\/planning-250091_1920.jpg\",\"contentUrl\":\"https:\/\/www.braintumour.ca\/wp-content\/uploads\/2019\/09\/planning-250091_1920.jpg\",\"width\":1920,\"height\":1280,\"caption\":\"Planning\"},{\"@type\":\"BreadcrumbList\",\"@id\":\"https:\/\/www.braintumour.ca\/fr\/information-utile\/ressources-en-ligne\/#breadcrumb\",\"itemListElement\":[{\"@type\":\"ListItem\",\"position\":1,\"name\":\"Home\",\"item\":\"https:\/\/www.braintumour.ca\/fr\/\"},{\"@type\":\"ListItem\",\"position\":2,\"name\":\"Information utile\",\"item\":\"https:\/\/www.braintumour.ca\/fr\/information-utile\/\"},{\"@type\":\"ListItem\",\"position\":3,\"name\":\"Ressources en ligne\"}]},{\"@type\":\"WebSite\",\"@id\":\"https:\/\/www.braintumour.ca\/fr\/#website\",\"url\":\"https:\/\/www.braintumour.ca\/fr\/\",\"name\":\"Fondation canadienne des tumeurs c\u00e9r\u00e9brales\",\"description\":\"Notre mission est de venir en aide \u00e0 toutes les personnes touch\u00e9es par une tumeur c\u00e9r\u00e9brale au Canada par le biais de nos programmes d\u2019information, de soutien, d\u2019\u00e9ducation et de recherche.\",\"potentialAction\":[{\"@type\":\"SearchAction\",\"target\":{\"@type\":\"EntryPoint\",\"urlTemplate\":\"https:\/\/www.braintumour.ca\/fr\/?s={search_term_string}\"},\"query-input\":{\"@type\":\"PropertyValueSpecification\",\"valueRequired\":true,\"valueName\":\"search_term_string\"}}],\"inLanguage\":\"fr-CA\"}]}<\/script>\n<!-- \/ Yoast SEO Premium plugin. -->","yoast_head_json":{"title":"Ressources en ligne - Fondation canadienne des tumeurs c\u00e9r\u00e9brales","description":"Que vous pr\u00e9f\u00e9riez lire ou regarder des vid\u00e9os, vous pouvez en apprendre davantage sur les tumeurs c\u00e9r\u00e9brales. Trouvez \u00e9galement des liens vers d'autres sites Web utiles.","robots":{"index":"index","follow":"follow","max-snippet":"max-snippet:-1","max-image-preview":"max-image-preview:large","max-video-preview":"max-video-preview:-1"},"canonical":"https:\/\/www.braintumour.ca\/fr\/information-utile\/ressources-en-ligne\/","og_locale":"fr_CA","og_type":"article","og_title":"Ressources en ligne","og_description":"Que vous pr\u00e9f\u00e9riez lire ou regarder des vid\u00e9os, vous pouvez en apprendre davantage sur les tumeurs c\u00e9r\u00e9brales. Trouvez \u00e9galement des liens vers d'autres sites Web utiles.","og_url":"https:\/\/www.braintumour.ca\/fr\/information-utile\/ressources-en-ligne\/","og_site_name":"Fondation canadienne des tumeurs c\u00e9r\u00e9brales","article_modified_time":"2019-12-18T18:07:36+00:00","og_image":[{"width":1920,"height":1280,"url":"https:\/\/www.braintumour.ca\/wp-content\/uploads\/2019\/09\/planning-250091_1920.jpg","type":"image\/jpeg"}],"twitter_card":"summary_large_image","schema":{"@context":"https:\/\/schema.org","@graph":[{"@type":"WebPage","@id":"https:\/\/www.braintumour.ca\/fr\/information-utile\/ressources-en-ligne\/","url":"https:\/\/www.braintumour.ca\/fr\/information-utile\/ressources-en-ligne\/","name":"Ressources en ligne - Fondation canadienne des tumeurs c\u00e9r\u00e9brales","isPartOf":{"@id":"https:\/\/www.braintumour.ca\/fr\/#website"},"primaryImageOfPage":{"@id":"https:\/\/www.braintumour.ca\/fr\/information-utile\/ressources-en-ligne\/#primaryimage"},"image":{"@id":"https:\/\/www.braintumour.ca\/fr\/information-utile\/ressources-en-ligne\/#primaryimage"},"thumbnailUrl":"https:\/\/www.braintumour.ca\/wp-content\/uploads\/2019\/09\/planning-250091_1920.jpg","datePublished":"2019-08-26T21:29:58+00:00","dateModified":"2019-12-18T18:07:36+00:00","description":"Que vous pr\u00e9f\u00e9riez lire ou regarder des vid\u00e9os, vous pouvez en apprendre davantage sur les tumeurs c\u00e9r\u00e9brales. Trouvez \u00e9galement des liens vers d'autres sites Web utiles.","breadcrumb":{"@id":"https:\/\/www.braintumour.ca\/fr\/information-utile\/ressources-en-ligne\/#breadcrumb"},"inLanguage":"fr-CA","potentialAction":[{"@type":"ReadAction","target":["https:\/\/www.braintumour.ca\/fr\/information-utile\/ressources-en-ligne\/"]}]},{"@type":"ImageObject","inLanguage":"fr-CA","@id":"https:\/\/www.braintumour.ca\/fr\/information-utile\/ressources-en-ligne\/#primaryimage","url":"https:\/\/www.braintumour.ca\/wp-content\/uploads\/2019\/09\/planning-250091_1920.jpg","contentUrl":"https:\/\/www.braintumour.ca\/wp-content\/uploads\/2019\/09\/planning-250091_1920.jpg","width":1920,"height":1280,"caption":"Planning"},{"@type":"BreadcrumbList","@id":"https:\/\/www.braintumour.ca\/fr\/information-utile\/ressources-en-ligne\/#breadcrumb","itemListElement":[{"@type":"ListItem","position":1,"name":"Home","item":"https:\/\/www.braintumour.ca\/fr\/"},{"@type":"ListItem","position":2,"name":"Information utile","item":"https:\/\/www.braintumour.ca\/fr\/information-utile\/"},{"@type":"ListItem","position":3,"name":"Ressources en ligne"}]},{"@type":"WebSite","@id":"https:\/\/www.braintumour.ca\/fr\/#website","url":"https:\/\/www.braintumour.ca\/fr\/","name":"Fondation canadienne des tumeurs c\u00e9r\u00e9brales","description":"Notre mission est de venir en aide \u00e0 toutes les personnes touch\u00e9es par une tumeur c\u00e9r\u00e9brale au Canada par le biais de nos programmes d\u2019information, de soutien, d\u2019\u00e9ducation et de recherche.","potentialAction":[{"@type":"SearchAction","target":{"@type":"EntryPoint","urlTemplate":"https:\/\/www.braintumour.ca\/fr\/?s={search_term_string}"},"query-input":{"@type":"PropertyValueSpecification","valueRequired":true,"valueName":"search_term_string"}}],"inLanguage":"fr-CA"}]}},"_links":{"self":[{"href":"https:\/\/www.braintumour.ca\/fr\/wp-json\/wp\/v2\/pages\/2720","targetHints":{"allow":["GET"]}}],"collection":[{"href":"https:\/\/www.braintumour.ca\/fr\/wp-json\/wp\/v2\/pages"}],"about":[{"href":"https:\/\/www.braintumour.ca\/fr\/wp-json\/wp\/v2\/types\/page"}],"author":[{"embeddable":true,"href":"https:\/\/www.braintumour.ca\/fr\/wp-json\/wp\/v2\/users\/4"}],"replies":[{"embeddable":true,"href":"https:\/\/www.braintumour.ca\/fr\/wp-json\/wp\/v2\/comments?post=2720"}],"version-history":[{"count":0,"href":"https:\/\/www.braintumour.ca\/fr\/wp-json\/wp\/v2\/pages\/2720\/revisions"}],"up":[{"embeddable":true,"href":"https:\/\/www.braintumour.ca\/fr\/wp-json\/wp\/v2\/pages\/2687"}],"wp:featuredmedia":[{"embeddable":true,"href":"https:\/\/www.braintumour.ca\/fr\/wp-json\/wp\/v2\/media\/978"}],"wp:attachment":[{"href":"https:\/\/www.braintumour.ca\/fr\/wp-json\/wp\/v2\/media?parent=2720"}],"wp:term":[{"taxonomy":"user_type","embeddable":true,"href":"https:\/\/www.braintumour.ca\/fr\/wp-json\/wp\/v2\/user_type?post=2720"}],"curies":[{"name":"wp","href":"https:\/\/api.w.org\/{rel}","templated":true}]}}